{"id":6706,"date":"2025-07-24T19:46:40","date_gmt":"2025-07-24T17:46:40","guid":{"rendered":"https:\/\/fengchashop.com\/fi\/product\/creole125-g\/"},"modified":"2025-12-12T21:16:06","modified_gmt":"2025-12-12T20:16:06","slug":"creole125-g","status":"publish","type":"product","link":"https:\/\/fengchashop.com\/fi\/product\/creole125-g\/","title":{"rendered":"kreoli 125 g"},"content":{"rendered":"<h2><span style=\"color: #000000;\">Kreoli<\/span><\/h2>\n<p><span style=\"color: #000000;\">Creole on korkealaatuinen saarimausteseos. Se on eritt\u00e4in <strong>aromaattinen <\/strong>ja hieman <strong>tulinen<\/strong>.<\/span><\/p>\n<p><span style=\"color: #000000;\">Creole-mausteseos on jotain poikkeuksellista. Se perustuu Reunionin saarelta per\u00e4isin olevaan reseptiin, jossa ravintolat ovat jo pitk\u00e4\u00e4n kokeilleet mausteita ja tuottavat jatkuvasti uusia ja yll\u00e4tt\u00e4vi\u00e4 mausteseoksia. T\u00e4m\u00e4 resepti on syntynyt paitsi intohimosta my\u00f6s ennen kaikkea <strong>rakkaudesta mausteita kohtaan<\/strong>.<\/span><\/p>\n<h2><span style=\"color: #000000;\">K\u00e4ytt\u00e4m\u00e4ll\u00e4<\/span><\/h2>\n<p><span style=\"color: #000000;\">T\u00e4m\u00e4 erikoissekoitus parantaa erilaisten salaattien, tomaattien, kurkkujen, artisokkien ja munakoisojen makua. Se sopii hyvin my\u00f6s fetajuuston kanssa, ja sit\u00e4 voidaan k\u00e4ytt\u00e4\u00e4 marinadina naudanlihalle tai grilliruoalle sek\u00e4 kalojen, kuten orcan maustamiseen.<\/span><\/p>\n<p><span style=\"color: #000000;\">Kun maustat lihaa, voit <strong>ripotella<\/strong> mausteseosta naudan- tai porsaankyljysten p\u00e4\u00e4lle paistamisen aikana tai k\u00e4ytt\u00e4\u00e4 sit\u00e4 <strong>marinadin<\/strong> valmistukseen. Creole Spice Blend on viiden mausteen herkk\u00e4 ja tasapainoinen yhdistelm\u00e4, jolla voit yll\u00e4tt\u00e4\u00e4 perheesi ja vieraasi.<\/span><\/p>\n<h2><span style=\"color: #000000;\">Ainesosat<\/span><\/h2>\n<p><span style=\"color: #000000;\">Kreikkalainen hein\u00e4, valkosipuli, inkiv\u00e4\u00e4ri, timjami, vaaleanpunainen pippuri.<\/span><\/p>\n<p><span style=\"color: #000000;\">Saattaa sis\u00e4lt\u00e4\u00e4 pieni\u00e4 m\u00e4\u00e4ri\u00e4 <strong>selleri\u00e4<\/strong> ja <strong>sinappia<\/strong>.<\/span><\/p>\n<h2><span style=\"color: #000000;\">S\u00e4ilytys<\/span><\/h2>\n<p><span style=\"color: #000000;\">S\u00e4ilyt\u00e4 kuivassa, pime\u00e4ss\u00e4 ja viile\u00e4ss\u00e4 paikassa. Varmista, ett\u00e4 pussi tai laatikko on tiiviisti suljettu.<\/span><\/p>\n<h2><span style=\"color: #000000;\">Pakkaus<\/span><\/h2>\n<p><span style=\"color: #000000;\">L\u00e4p\u00e4isem\u00e4t\u00f6n vetoketjullinen pussi, jossa tuote s\u00e4ilytt\u00e4\u00e4 kaiken tuoreutensa ja arominsa. Pakkaus suojaa valolta ja ilmalta, sill\u00e4 se koostuu useista suojakerroksista, jotka s\u00e4ilytt\u00e4v\u00e4t sis\u00e4ll\u00f6n ominaisuudet.<\/span><\/p>\n<p><span style=\"color: #000000;\">Pakkaus on eritt\u00e4in k\u00e4yt\u00e4nn\u00f6llinen ja kierr\u00e4tett\u00e4v\u00e4.<\/span><\/p>\n<h2><span style=\"color: #000000;\">Alkuper\u00e4<\/span><\/h2>\n<p><span style=\"color: #000000;\">EU<\/span><\/p>\n","protected":false},"excerpt":{"rendered":"<p>Kreoli on eritt\u00e4in aromaattista ja hieman tulista. Se on erikoissekoitus, joka parantaa erilaisten salaattien, tomaattien, kurkkujen, artisokkien ja munakoisojen makua. Se sopii hyvin my\u00f6s fetajuuston kanssa, ja sit\u00e4 voidaan k\u00e4ytt\u00e4\u00e4 marinadina naudanlihalle tai grilliruoalle sek\u00e4 kalojen, kuten orcan maustamiseen.<\/p>\n<p>  Ensiluokkaista laatua.<\/p>\n","protected":false},"featured_media":6707,"comment_status":"open","ping_status":"open","template":"","meta":{"_acf_changed":false},"product_brand":[],"product_cat":[15,225,224,235],"product_tag":[],"class_list":{"0":"post-6706","1":"product","2":"type-product","3":"status-publish","4":"has-post-thumbnail","6":"product_cat-uncategorized","7":"product_cat-kaikki-tuotteet","8":"product_cat-tarjous","9":"product_cat-teeta-ruokaa-ja-mausteita","11":"first","12":"outofstock","13":"taxable","14":"shipping-taxable","15":"purchasable","16":"product-type-simple"},"acf":[],"_links":{"self":[{"href":"https:\/\/fengchashop.com\/fi\/wp-json\/wp\/v2\/product\/6706","targetHints":{"allow":["GET"]}}],"collection":[{"href":"https:\/\/fengchashop.com\/fi\/wp-json\/wp\/v2\/product"}],"about":[{"href":"https:\/\/fengchashop.com\/fi\/wp-json\/wp\/v2\/types\/product"}],"replies":[{"embeddable":true,"href":"https:\/\/fengchashop.com\/fi\/wp-json\/wp\/v2\/comments?post=6706"}],"wp:featuredmedia":[{"embeddable":true,"href":"https:\/\/fengchashop.com\/fi\/wp-json\/wp\/v2\/media\/6707"}],"wp:attachment":[{"href":"https:\/\/fengchashop.com\/fi\/wp-json\/wp\/v2\/media?parent=6706"}],"wp:term":[{"taxonomy":"product_brand","embeddable":true,"href":"https:\/\/fengchashop.com\/fi\/wp-json\/wp\/v2\/product_brand?post=6706"},{"taxonomy":"product_cat","embeddable":true,"href":"https:\/\/fengchashop.com\/fi\/wp-json\/wp\/v2\/product_cat?post=6706"},{"taxonomy":"product_tag","embeddable":true,"href":"https:\/\/fengchashop.com\/fi\/wp-json\/wp\/v2\/product_tag?post=6706"}],"curies":[{"name":"wp","href":"https:\/\/api.w.org\/{rel}","templated":true}]}}