{"id":6700,"date":"2025-07-24T19:46:40","date_gmt":"2025-07-24T17:46:40","guid":{"rendered":"https:\/\/fengchashop.com\/fi\/product\/garam-masala-125-g\/"},"modified":"2025-12-12T21:16:05","modified_gmt":"2025-12-12T20:16:05","slug":"garam-masala-125-g","status":"publish","type":"product","link":"https:\/\/fengchashop.com\/fi\/product\/garam-masala-125-g\/","title":{"rendered":"Garam masala 125 g"},"content":{"rendered":"<h2 style=\"text-align: justify;\"><span style=\"color: #000000;\">Garam masala<\/span><\/h2>\n<p style=\"text-align: justify;\"><span style=\"color: #000000;\">Garam Masala on eritt\u00e4in aromaattinen seos, jota k\u00e4ytet\u00e4\u00e4n my\u00f6s <strong>intialaisen leiv\u00e4n valmistukseen<\/strong>. Se on aromaattinen, mausteinen ja l\u00e4mmitt\u00e4v\u00e4. Hindiksi sit\u00e4 kutsutaan &#8221;tuliseksi mausteseokseksi&#8221;. Se on mauste, joka on per\u00e4isin ayurvedisesta l\u00e4\u00e4ketieteest\u00e4. Mausteseoksen perustana olevalla mausteiden p\u00e4\u00e4aineksella on l\u00e4mmitt\u00e4v\u00e4 vaikutus ihmiskehoon. Sit\u00e4 k\u00e4ytet\u00e4\u00e4n usein my\u00f6s Bangladeshin, Pakistanin ja Intian keitti\u00f6iss\u00e4 yleissekoituksena. Pohjois-Intiassa sill\u00e4 on samanlainen arvo kuin currylla. Masala tarkoittaa yksinkertaisesti mausteseosta, kun taas garam tarkoittaa yht\u00e4 useista erilaisista seoksista.<\/span><\/p>\n<p style=\"text-align: justify;\"><span style=\"color: #000000;\">Maailmankuulu sekoitus sis\u00e4lt\u00e4\u00e4 hieman tavallista enemm\u00e4n mausteita ja on laadultaan hienoin mausteseos.<\/span><\/p>\n<h2 style=\"text-align: justify;\"><span style=\"color: #000000;\">K\u00e4ytt\u00f6<\/span><\/h2>\n<p style=\"text-align: justify;\"><span style=\"color: #000000;\">Maistuu <strong>lampaanlihan<\/strong>, riistan, kalan, <strong>perunoiden<\/strong> tai <strong>kasvisruokien<\/strong> kanssa.<\/span><\/p>\n<p style=\"text-align: justify;\"><span style=\"color: #000000;\">Garam masala on eritt\u00e4in aromaattinen mausteseos, ja sit\u00e4 k\u00e4ytet\u00e4\u00e4n usein sellaisten ruokien kuin dahl, korma ja samosat valmistuksessa. Jotta voit nauttia garam masalan t\u00e4ydest\u00e4 aromista, lis\u00e4\u00e4 se ruoanlaiton lopussa. <\/span><\/p>\n<h2 style=\"text-align: justify;\"><span style=\"color: #000000;\">Ainesosat<\/span><\/h2>\n<p style=\"text-align: justify;\"><span style=\"color: #000000;\">Korianteri, kumina, kaneli, pippuri, neilikka, kardemumma, t\u00e4htianis, laakerinmarja.<\/span><\/p>\n<p style=\"text-align: justify;\"><span style=\"color: #000000;\">Saattaa sis\u00e4lt\u00e4\u00e4 pieni\u00e4 m\u00e4\u00e4ri\u00e4<strong> selleri\u00e4 <\/strong>ja<strong> sinappia<\/strong>.<\/span><\/p>\n<h2 style=\"text-align: justify;\"><span style=\"color: #000000;\">S\u00e4ilytys<\/span><\/h2>\n<p style=\"text-align: justify;\"><span style=\"color: #000000;\">S\u00e4ilyt\u00e4 viile\u00e4ss\u00e4, kuivassa ja pime\u00e4ss\u00e4 paikassa. Varmista, ett\u00e4 pussi tai laatikko on tiiviisti suljettu. <\/span><\/p>\n<h2 style=\"text-align: justify;\"><span style=\"color: #000000;\">Pakkaus<\/span><\/h2>\n<p style=\"text-align: justify;\"><span style=\"color: #000000;\">L\u00e4p\u00e4isem\u00e4t\u00f6n vetoketjullinen pussi, jossa tuote s\u00e4ilytt\u00e4\u00e4 kaiken tuoreutensa ja arominsa. Pakkaus suojaa valolta ja ilmalta, sill\u00e4 se koostuu useista suojakerroksista, jotka s\u00e4ilytt\u00e4v\u00e4t sis\u00e4ll\u00f6n ominaisuudet.<\/span><\/p>\n<p style=\"text-align: justify;\"><span style=\"color: #000000;\">Pakkaus on eritt\u00e4in k\u00e4yt\u00e4nn\u00f6llinen ja kierr\u00e4tett\u00e4v\u00e4.<\/span><\/p>\n<h2 style=\"text-align: justify;\"><span style=\"color: #000000;\">Alkuper\u00e4<\/span><\/h2>\n<p style=\"text-align: justify;\"><span style=\"color: #000000;\">EU<\/span><\/p>\n","protected":false},"excerpt":{"rendered":"<p>Garam Masala on eritt\u00e4in aromaattinen seos, jota k\u00e4ytet\u00e4\u00e4n my\u00f6s intialaisen leiv\u00e4n valmistukseen. Se on aromaattinen, mausteinen ja l\u00e4mmitt\u00e4v\u00e4. Se on per\u00e4isin ayurvedisesta l\u00e4\u00e4ketieteest\u00e4. Mausteiden p\u00e4\u00e4ainesosalla, joka muodostaa seoksen pohjan, on l\u00e4mmitt\u00e4v\u00e4 vaikutus ihmiskehoon.<\/p>\n<p>  Ensiluokkaista laatua.<br \/>\n  Lis\u00e4\u00e4 sit\u00e4 lammas-, vuohen-, kala-, peruna- tai kasvisruokiin.<\/p>\n","protected":false},"featured_media":6701,"comment_status":"open","ping_status":"open","template":"","meta":{"_acf_changed":false},"product_brand":[],"product_cat":[15,225,224,235],"product_tag":[],"class_list":{"0":"post-6700","1":"product","2":"type-product","3":"status-publish","4":"has-post-thumbnail","6":"product_cat-uncategorized","7":"product_cat-kaikki-tuotteet","8":"product_cat-tarjous","9":"product_cat-teeta-ruokaa-ja-mausteita","11":"first","12":"outofstock","13":"taxable","14":"shipping-taxable","15":"purchasable","16":"product-type-simple"},"acf":[],"_links":{"self":[{"href":"https:\/\/fengchashop.com\/fi\/wp-json\/wp\/v2\/product\/6700","targetHints":{"allow":["GET"]}}],"collection":[{"href":"https:\/\/fengchashop.com\/fi\/wp-json\/wp\/v2\/product"}],"about":[{"href":"https:\/\/fengchashop.com\/fi\/wp-json\/wp\/v2\/types\/product"}],"replies":[{"embeddable":true,"href":"https:\/\/fengchashop.com\/fi\/wp-json\/wp\/v2\/comments?post=6700"}],"wp:featuredmedia":[{"embeddable":true,"href":"https:\/\/fengchashop.com\/fi\/wp-json\/wp\/v2\/media\/6701"}],"wp:attachment":[{"href":"https:\/\/fengchashop.com\/fi\/wp-json\/wp\/v2\/media?parent=6700"}],"wp:term":[{"taxonomy":"product_brand","embeddable":true,"href":"https:\/\/fengchashop.com\/fi\/wp-json\/wp\/v2\/product_brand?post=6700"},{"taxonomy":"product_cat","embeddable":true,"href":"https:\/\/fengchashop.com\/fi\/wp-json\/wp\/v2\/product_cat?post=6700"},{"taxonomy":"product_tag","embeddable":true,"href":"https:\/\/fengchashop.com\/fi\/wp-json\/wp\/v2\/product_tag?post=6700"}],"curies":[{"name":"wp","href":"https:\/\/api.w.org\/{rel}","templated":true}]}}