{"id":6688,"date":"2025-07-24T19:46:12","date_gmt":"2025-07-24T17:46:12","guid":{"rendered":"https:\/\/fengchashop.com\/fi\/product\/cajun-125-g\/"},"modified":"2025-12-12T21:16:06","modified_gmt":"2025-12-12T20:16:06","slug":"cajun-125-g","status":"publish","type":"product","link":"https:\/\/fengchashop.com\/fi\/product\/cajun-125-g\/","title":{"rendered":"Cajun 125 g"},"content":{"rendered":"<h2 style=\"text-align: justify;\"><span style=\"color: #000000;\">Cajun<\/span><\/h2>\n<p style=\"text-align: justify;\"><span style=\"color: #000000;\">Cajun on amerikkalainen mausteseos, joka on korkealaatuinen ja tyypillinen etel\u00e4amerikkalaisen Louisianan osavaltion keitti\u00f6lle. Mauste on saanut nimens\u00e4 <strong>etniselt\u00e4<\/strong> <strong>ryhm\u00e4lt\u00e4<\/strong>, joka on vaikuttanut Louisianan kulttuuriin ja siten my\u00f6s sen keitti\u00f6\u00f6n aikojen alusta l\u00e4htien. Tyypillisi\u00e4 Cajun-ruokia ovat dirty rice (kananmaksalla keitetty riisi), <em>gumbo<\/em>, <em>jambalaya<\/em>, paistettu monni, maissileip\u00e4.<\/span><\/p>\n<p style=\"text-align: justify;\"><span style=\"color: #000000;\">Cajun-mausteseos on yksinkertainen ja maukas piristys l\u00e4hes mihin tahansa ruokaan. Maukkaat ja <strong>yksinkertaiset ainesosat<\/strong>, joista useimmat ovat tyypillisi\u00e4 my\u00f6s eurooppalaiselle keitti\u00f6lle, pirist\u00e4v\u00e4t ruokia ja tuovat keitti\u00f6\u00f6n jotain uutta.<\/span><\/p>\n<p style=\"text-align: justify;\"><span style=\"color: #000000;\">Hyvin maustetun ruoan yst\u00e4ville voit lis\u00e4t\u00e4 chili\u00e4 mausteisen potkun saamiseksi. Jos mausteisuus ei ole sinun juttusi, voit tehd\u00e4 oman Cajun-sekoituksesi valikoimamme aineksista.<\/span><\/p>\n<p style=\"text-align: justify;\"><span style=\"color: #000000;\">Sekoitukseemme ei ole lis\u00e4tty suolaa.<\/span><\/p>\n<h2 style=\"text-align: justify;\"><span style=\"color: #000000;\"><b>K\u00e4yt\u00e4<\/b><\/span><\/h2>\n<p style=\"text-align: justify;\"><span style=\"color: #000000;\">Sopii hyvin grilli- ja BBQ-ruokiin, erityisesti mausteisuutensa vuoksi. Hieman mausteinen maku ja h\u00e4iv\u00e4hdys timjamia, se parantaa my\u00f6s kaikkia kasvisruokia, pataruokia ja gulasseja. Sit\u00e4 voi lis\u00e4t\u00e4 my\u00f6s perunoihin ja papuihin pekonin kanssa, joissa se toimii todella hyvin.<\/span><\/p>\n<h2 style=\"text-align: justify;\"><span style=\"color: #000000;\">Ainesosat<\/span><\/h2>\n<p style=\"text-align: justify;\"><span style=\"color: #000000;\">Mustapippuri, valkopippuri, cayennepippuri, chili, oregano, timjami, sipuli, valkosipuli.<\/span><\/p>\n<p style=\"text-align: justify;\"><span style=\"color: #000000;\">Saattaa sis\u00e4lt\u00e4\u00e4 pieni\u00e4 m\u00e4\u00e4ri\u00e4 <b>selleri\u00e4<\/b> ja <b>sinappia<\/b>.<\/span><\/p>\n<h2 style=\"text-align: justify;\"><span style=\"color: #000000;\"><b>S\u00e4ilytys<\/b><\/span><\/h2>\n<p style=\"text-align: justify;\"><span style=\"color: #000000;\">S\u00e4ilyt\u00e4 viile\u00e4ss\u00e4, kuivassa ja pime\u00e4ss\u00e4 paikassa. Varmista, ett\u00e4 pussi tai laatikko on tiiviisti suljettu.<\/span><\/p>\n<h2 style=\"text-align: justify;\"><span style=\"color: #000000;\"><b>Pakkaus<\/b><\/span><\/h2>\n<p style=\"text-align: justify;\"><span style=\"color: #000000;\">L\u00e4p\u00e4isem\u00e4t\u00f6n vetoketjullinen pussi, jossa tuote s\u00e4ilytt\u00e4\u00e4 kaiken tuoreutensa ja arominsa. Pakkaus suojaa valolta ja ilmalta, sill\u00e4 se koostuu useista suojakerroksista, jotka s\u00e4ilytt\u00e4v\u00e4t sis\u00e4ll\u00f6n ominaisuudet.<\/span><\/p>\n<p style=\"text-align: justify;\"><span style=\"color: #000000;\">Pakkaus on eritt\u00e4in k\u00e4yt\u00e4nn\u00f6llinen ja kierr\u00e4tett\u00e4v\u00e4.<\/span><\/p>\n<p style=\"text-align: justify;\"><span style=\"color: #000000;\"><b>Alkuper\u00e4<\/b><\/span><\/p>\n<p style=\"text-align: justify;\"><span style=\"color: #000000;\">EU<\/span><\/p>\n","protected":false},"excerpt":{"rendered":"<p>Cajun on amerikkalainen maustesekoitus, joka on korkealaatuinen ja tyypillinen etel\u00e4amerikkalaisen Louisianan osavaltion keitti\u00f6lle. Mauste on saanut nimens\u00e4 etniselt\u00e4 ryhm\u00e4lt\u00e4, joka on vaikuttanut Louisianan kulttuuriin ja siten my\u00f6s sen keitti\u00f6\u00f6n alusta alkaen. Tyypillisi\u00e4 Cajun-ruokia ovat dirty rice (kananmaksalla keitetty riisi), <em>gumbo<\/em>, <em>jambalaya<\/em>, paistettu monni, maissileip\u00e4.<\/p>\n<p>  Suolaa ei ole lis\u00e4tty.<br \/>\n  Sopii grillattujen ja BBQ-ruokien kanssa.<br \/>\n  K\u00e4yt\u00e4 kasvisruokien, pataruokien ja gulassin kanssa.<\/p>\n","protected":false},"featured_media":6689,"comment_status":"open","ping_status":"open","template":"","meta":{"_acf_changed":false},"product_brand":[],"product_cat":[15,225,224,235],"product_tag":[],"class_list":{"0":"post-6688","1":"product","2":"type-product","3":"status-publish","4":"has-post-thumbnail","6":"product_cat-uncategorized","7":"product_cat-kaikki-tuotteet","8":"product_cat-tarjous","9":"product_cat-teeta-ruokaa-ja-mausteita","11":"first","12":"outofstock","13":"taxable","14":"shipping-taxable","15":"purchasable","16":"product-type-simple"},"acf":[],"_links":{"self":[{"href":"https:\/\/fengchashop.com\/fi\/wp-json\/wp\/v2\/product\/6688","targetHints":{"allow":["GET"]}}],"collection":[{"href":"https:\/\/fengchashop.com\/fi\/wp-json\/wp\/v2\/product"}],"about":[{"href":"https:\/\/fengchashop.com\/fi\/wp-json\/wp\/v2\/types\/product"}],"replies":[{"embeddable":true,"href":"https:\/\/fengchashop.com\/fi\/wp-json\/wp\/v2\/comments?post=6688"}],"wp:featuredmedia":[{"embeddable":true,"href":"https:\/\/fengchashop.com\/fi\/wp-json\/wp\/v2\/media\/6689"}],"wp:attachment":[{"href":"https:\/\/fengchashop.com\/fi\/wp-json\/wp\/v2\/media?parent=6688"}],"wp:term":[{"taxonomy":"product_brand","embeddable":true,"href":"https:\/\/fengchashop.com\/fi\/wp-json\/wp\/v2\/product_brand?post=6688"},{"taxonomy":"product_cat","embeddable":true,"href":"https:\/\/fengchashop.com\/fi\/wp-json\/wp\/v2\/product_cat?post=6688"},{"taxonomy":"product_tag","embeddable":true,"href":"https:\/\/fengchashop.com\/fi\/wp-json\/wp\/v2\/product_tag?post=6688"}],"curies":[{"name":"wp","href":"https:\/\/api.w.org\/{rel}","templated":true}]}}