{"id":6665,"date":"2025-07-24T19:45:12","date_gmt":"2025-07-24T17:45:12","guid":{"rendered":"https:\/\/fengchashop.com\/fi\/product\/zafran-1a-1-g\/"},"modified":"2025-12-12T21:16:08","modified_gmt":"2025-12-12T20:16:08","slug":"zafran-1a","status":"publish","type":"product","link":"https:\/\/fengchashop.com\/fi\/product\/zafran-1a\/","title":{"rendered":"Sahrami 1A 1 g"},"content":{"rendered":"<div class=\"wpb-content-wrapper\"><p>[vc_row][vc_column][vc_column_text css=&#8221;&#8221;]<\/p>\n<h2 style=\"text-align: justify;\"><span style=\"color: #000000;\">Sahrami <\/span><\/h2>\n<p style=\"text-align: justify;\"><span style=\"color: #000000;\">Sahrami, joka tunnetaan my\u00f6s nimell\u00e4 sahrami tai sahrami, on ollut <strong>arvostettu mauste<\/strong> L\u00e4hi-id\u00e4ss\u00e4 jo <strong>yli 4000<\/strong> vuoden ajan. Arabian kielen sanan za&#8217;f\u00e2n merkitys on &#8221;olla keltainen&#8221;, sill\u00e4 sahramia k\u00e4ytettiin aiemmin usein my\u00f6s kankaiden v\u00e4riaineena.<\/span><\/p>\n<p style=\"text-align: justify;\"><span style=\"color: #000000;\">Se poimitaan k\u00e4sin, ja sen j\u00e4lkeen kukasta erotetaan varovasti nystyr\u00e4t, jotka kuivataan. Kuivuessaan sahramille kehittyy ominainen ja erottamaton tuoksu.<\/span><\/p>\n<p style=\"text-align: justify;\"><span style=\"color: #000000;\">Mausteena k\u00e4ytett\u00e4v\u00e4 kasvin osa on itse asiassa <strong>vain kukan t\u00e4hk\u00e4t<\/strong>. T\u00e4m\u00e4n vuoksi se on yh\u00e4 nyky\u00e4\u00e4nkin <strong>kallein<\/strong> <strong>mauste<\/strong>, sill\u00e4 yhden kilon kuivatun sahramin tuottamiseen tarvitaan jopa 80 000 kukkaa.<\/span><\/p>\n<p style=\"text-align: justify;\"><span style=\"color: #000000;\">Sahrami antaa ruokiin erottuvan kullankeltaisen v\u00e4rin, ja se on v\u00e4ltt\u00e4m\u00e4t\u00f6n joissakin tyypillisiss\u00e4 it\u00e4maisissa ruokalajeissa, mutta se ei saisi puuttua my\u00f6sk\u00e4\u00e4n joistakin V\u00e4limeren alueen ruokalajeista, kuten <em>milanolaisesta risotosta<\/em>, <em>ranskalaisesta bouillabaisse-ruoasta<\/em> tai<em> paellasta<\/em>.<\/span><\/p>\n<h2 style=\"text-align: justify;\"><span style=\"color: #000000;\">S\u00e4ilytys<\/span><\/h2>\n<p style=\"text-align: justify;\"><span style=\"color: #000000;\">S\u00e4ilyt\u00e4 viile\u00e4ss\u00e4, kuivassa paikassa. Varmista, ett\u00e4 pakkaus on tiiviisti suljettu. Koska sahrami on eritt\u00e4in herkk\u00e4 valolle, varmista, ett\u00e4 se s\u00e4ilytet\u00e4\u00e4n pime\u00e4ss\u00e4 pakkauksessa ja pime\u00e4ss\u00e4 paikassa.<\/span><\/p>\n<h2 style=\"text-align: justify;\"><span style=\"color: #000000;\">Pakkaus<\/span><\/h2>\n<p style=\"text-align: justify;\"><span style=\"color: #000000;\">Lasipurkissa tai vetoketjullisessa pussissa, jossa tuote s\u00e4ilytt\u00e4\u00e4 kaiken tuoreutensa ja arominsa.<\/span><br \/>\n<span style=\"color: #000000;\">Pakkaus suojaa valolta ja ilmalta, sill\u00e4 se koostuu useista suojakerroksista, jotka s\u00e4ilytt\u00e4v\u00e4t sis\u00e4ll\u00f6n ominaisuudet.<\/span><br \/>\n<span style=\"color: #000000;\">Pakkaus on eritt\u00e4in k\u00e4yt\u00e4nn\u00f6llinen ja kierr\u00e4tett\u00e4v\u00e4.<\/span><\/p>\n<h2><span style=\"color: #000000;\">Alkuper\u00e4<\/span><\/h2>\n<p><span style=\"color: #000000;\">Iran<\/span>[\/vc_column_text][\/vc_column][\/vc_row]<\/p>\n<\/div>","protected":false},"excerpt":{"rendered":"<p>Sahrami v\u00e4ritt\u00e4\u00e4 ruokia tyypillisell\u00e4 kullankeltaisella v\u00e4rill\u00e4 ja on v\u00e4ltt\u00e4m\u00e4t\u00f6n joissakin tyypillisiss\u00e4 it\u00e4maisissa ruoissa, mutta sen ei pit\u00e4isi my\u00f6sk\u00e4\u00e4n puuttua joistakin V\u00e4limeren keitti\u00f6n ruoista, kuten <em>milanolainen risotto<\/em>, <em>ranskalainen bouillabaisse&lt;. \/em&gt; tai paella.<\/em><\/p>\n<p>\ud83d\udc9a Sahramilangamme kuuluvat laatuluokkaan 1A.<br \/>\n\ud83d\udc9a Kallein mauste<\/p>\n","protected":false},"featured_media":6666,"comment_status":"open","ping_status":"closed","template":"","meta":{"_acf_changed":false},"product_brand":[],"product_cat":[15,225,224,235],"product_tag":[],"class_list":{"0":"post-6665","1":"product","2":"type-product","3":"status-publish","4":"has-post-thumbnail","6":"product_cat-uncategorized","7":"product_cat-kaikki-tuotteet","8":"product_cat-tarjous","9":"product_cat-teeta-ruokaa-ja-mausteita","11":"first","12":"outofstock","13":"sale","14":"taxable","15":"shipping-taxable","16":"purchasable","17":"product-type-simple"},"acf":[],"_links":{"self":[{"href":"https:\/\/fengchashop.com\/fi\/wp-json\/wp\/v2\/product\/6665","targetHints":{"allow":["GET"]}}],"collection":[{"href":"https:\/\/fengchashop.com\/fi\/wp-json\/wp\/v2\/product"}],"about":[{"href":"https:\/\/fengchashop.com\/fi\/wp-json\/wp\/v2\/types\/product"}],"replies":[{"embeddable":true,"href":"https:\/\/fengchashop.com\/fi\/wp-json\/wp\/v2\/comments?post=6665"}],"wp:featuredmedia":[{"embeddable":true,"href":"https:\/\/fengchashop.com\/fi\/wp-json\/wp\/v2\/media\/6666"}],"wp:attachment":[{"href":"https:\/\/fengchashop.com\/fi\/wp-json\/wp\/v2\/media?parent=6665"}],"wp:term":[{"taxonomy":"product_brand","embeddable":true,"href":"https:\/\/fengchashop.com\/fi\/wp-json\/wp\/v2\/product_brand?post=6665"},{"taxonomy":"product_cat","embeddable":true,"href":"https:\/\/fengchashop.com\/fi\/wp-json\/wp\/v2\/product_cat?post=6665"},{"taxonomy":"product_tag","embeddable":true,"href":"https:\/\/fengchashop.com\/fi\/wp-json\/wp\/v2\/product_tag?post=6665"}],"curies":[{"name":"wp","href":"https:\/\/api.w.org\/{rel}","templated":true}]}}