{"id":6658,"date":"2025-07-24T19:45:12","date_gmt":"2025-07-24T17:45:12","guid":{"rendered":"https:\/\/fengchashop.com\/fi\/product\/crna-havajska-sol-500-g\/"},"modified":"2025-12-12T21:16:08","modified_gmt":"2025-12-12T20:16:08","slug":"crna-havajska-sol-500-g","status":"publish","type":"product","link":"https:\/\/fengchashop.com\/fi\/product\/crna-havajska-sol-500-g\/","title":{"rendered":"Mustaa Havaijin suolaa 500 g"},"content":{"rendered":"<h2 style=\"text-align: justify;\"><span style=\"color: #000000;\">Havaijin musta suola<\/span><\/h2>\n<p style=\"text-align: justify;\"><span style=\"color: #000000;\">Havaijin musta suola<\/span><\/p>\n<h2 style=\"text-align: justify;\"><span style=\"color: #000000;\">Kuvaus<\/span><\/h2>\n<p style=\"text-align: justify;\"><span style=\"color: #000000;\">T\u00e4ss\u00e4 on toinen gourmet-suola, jonka ei pit\u00e4isi puuttua maustekaapistasi. Havaijin musta suola on <strong>merisuolaa<\/strong>, joka on per\u00e4isin meren puhtaimmista osista Havaijin saariston koskemattomilta rannikoilta. Se maistuu <strong>suolaisemmalta kuin tavallinen ruokasuola<\/strong>. Se saa tunnusomaisen mustan v\u00e4rins\u00e4, kun siihen lis\u00e4t\u00e4\u00e4n (laavasta per\u00e4isin olevaa) <strong>aktiivihiilt\u00e4 <\/strong> ennen kuivausta, jotta se s\u00e4ilytt\u00e4\u00e4 mahdollisimman paljon mineraaleja ja hivenaineita, joita t\u00e4m\u00e4 merisuola tarjoaa, erityisen kuivausprosessin aikana.<\/span><\/p>\n<p style=\"text-align: justify;\"><span style=\"color: #000000;\">Suola on itse asiassa monipuolinen ja yleisesti k\u00e4ytetty mauste; sit\u00e4 k\u00e4ytet\u00e4\u00e4n yleens\u00e4 yhdess\u00e4 pippurin kanssa lihan, kalan, salaattien, vihannesten, pastan ja riisin, keittojen, kastikkeiden ja j\u00e4lkiruokien maustamiseen. Sen erottuva musta v\u00e4ri tekee siit\u00e4 visuaalisesti miellytt\u00e4v\u00e4n lis\u00e4kkeen vaaleille ruokalajeille, kuten kananmuna- tai kukkakaalikermakeitolle. Mustaa havaijinsuolaa k\u00e4ytet\u00e4\u00e4n yleisemmin <strong>valmisruokien maustamiseen<\/strong>, mutta sit\u00e4 voidaan toki k\u00e4ytt\u00e4\u00e4 my\u00f6s ruoanlaittoon. <strong>Yhdistettyn\u00e4 valkoiseen pippuriin<\/strong> se muodostaa visuaalisesti mielenkiintoisen yhdistelm\u00e4n, joka on samalla melko tulinen ja suolainen. Mustan havaijinsuolan sy\u00f6minen antaa elimist\u00f6lle monia mineraaleja, ja aktiivihiilen lis\u00e4\u00e4misen ansiosta sill\u00e4 voi olla <strong>puhdistava<\/strong> vaikutus, joka auttaa elimist\u00f6\u00e4 poistamaan myrkkyj\u00e4 ja parantaa ruoansulatusta.<\/span><\/p>\n<p style=\"text-align: justify;\"><span style=\"color: #000000;\">Aktiivihiilen syv\u00e4puhdistavan vaikutuksen ansiosta sit\u00e4 voidaan k\u00e4ytt\u00e4\u00e4 my\u00f6s <strong>ihonhoito- tai puhdistustuotteissa<\/strong>. <\/span><\/p>\n<p style=\"text-align: justify;\"><span style=\"color: #000000;\">Suola on my\u00f6s luonnollinen arominvahvente ja s\u00e4il\u00f6nt\u00e4aine, joten sen s\u00e4ilyvyysaika on hyvin pitk\u00e4.<\/span><\/p>\n<p style=\"text-align: justify;\"><span style=\"color: #000000;\">Se ei sis\u00e4ll\u00e4 jodia.<\/span><\/p>\n<p style=\"text-align: justify;\"><span style=\"color: #000000;\">Tarjoamme my\u00f6s <em>punaista Havaijin suolaa<\/em>.<\/span><\/p>\n<h2 style=\"text-align: justify;\"><span style=\"color: #000000;\">S\u00e4ilytys<\/span><\/h2>\n<p style=\"text-align: justify;\"><span style=\"color: #000000;\">S\u00e4ilyt\u00e4 kuivassa paikassa huoneenl\u00e4mm\u00f6ss\u00e4.<\/span><\/p>\n<h2 style=\"text-align: justify;\"><span style=\"color: #000000;\">Pakkaus<\/span><\/h2>\n<p style=\"text-align: justify;\"><span style=\"color: #000000;\">L\u00e4p\u00e4isem\u00e4tt\u00f6m\u00e4ss\u00e4 vetoketjullisessa pussissa, jossa tuote s\u00e4ilytt\u00e4\u00e4 kaiken tuoreutensa ja arominsa. Pakkaus suojaa valolta ja ilmalta, sill\u00e4 se koostuu useista suojakerroksista, jotka s\u00e4ilytt\u00e4v\u00e4t sis\u00e4ll\u00f6n ominaisuudet.<\/span><\/p>\n<p style=\"text-align: justify;\"><span style=\"color: #000000;\">Pakkaus on eritt\u00e4in k\u00e4yt\u00e4nn\u00f6llinen ja kierr\u00e4tett\u00e4v\u00e4.<\/span><\/p>\n<h2><span style=\"color: #000000;\">Alkuper\u00e4<\/span><\/h2>\n<p><span style=\"color: #000000;\">YHDYSVALLAT<\/span><\/p>\n","protected":false},"excerpt":{"rendered":"<p style=\"text-align: justify;\">Havaijin musta suola on merisuolaa, joka on per\u00e4isin puhtaimmista merialueista Havaijin saariston koskemattomilta rannikoilta. Mustaa Havaijin suolaa k\u00e4ytet\u00e4\u00e4n yleisemmin valmisruokien maustamiseen, mutta sit\u00e4 voidaan toki k\u00e4ytt\u00e4\u00e4 my\u00f6s ruoanlaittoon. Yhdistettyn\u00e4 valkopippuriin se muodostaa visuaalisesti mielenkiintoisen yhdistelm\u00e4n, joka on samalla melko tulinen ja suolainen.<\/p>\n<p>  Sis\u00e4lt\u00e4\u00e4 aktiivihiilt\u00e4.<br \/>\nSe antaa elimist\u00f6lle monia mineraaleja.<br \/>\n  Suolaisempi kuin tavallinen p\u00f6yt\u00e4suola.<\/p>\n","protected":false},"featured_media":6659,"comment_status":"open","ping_status":"open","template":"","meta":{"_acf_changed":false},"product_brand":[],"product_cat":[15,225,224,235],"product_tag":[],"class_list":{"0":"post-6658","1":"product","2":"type-product","3":"status-publish","4":"has-post-thumbnail","6":"product_cat-uncategorized","7":"product_cat-kaikki-tuotteet","8":"product_cat-tarjous","9":"product_cat-teeta-ruokaa-ja-mausteita","11":"first","12":"outofstock","13":"taxable","14":"shipping-taxable","15":"purchasable","16":"product-type-simple"},"acf":[],"_links":{"self":[{"href":"https:\/\/fengchashop.com\/fi\/wp-json\/wp\/v2\/product\/6658","targetHints":{"allow":["GET"]}}],"collection":[{"href":"https:\/\/fengchashop.com\/fi\/wp-json\/wp\/v2\/product"}],"about":[{"href":"https:\/\/fengchashop.com\/fi\/wp-json\/wp\/v2\/types\/product"}],"replies":[{"embeddable":true,"href":"https:\/\/fengchashop.com\/fi\/wp-json\/wp\/v2\/comments?post=6658"}],"wp:featuredmedia":[{"embeddable":true,"href":"https:\/\/fengchashop.com\/fi\/wp-json\/wp\/v2\/media\/6659"}],"wp:attachment":[{"href":"https:\/\/fengchashop.com\/fi\/wp-json\/wp\/v2\/media?parent=6658"}],"wp:term":[{"taxonomy":"product_brand","embeddable":true,"href":"https:\/\/fengchashop.com\/fi\/wp-json\/wp\/v2\/product_brand?post=6658"},{"taxonomy":"product_cat","embeddable":true,"href":"https:\/\/fengchashop.com\/fi\/wp-json\/wp\/v2\/product_cat?post=6658"},{"taxonomy":"product_tag","embeddable":true,"href":"https:\/\/fengchashop.com\/fi\/wp-json\/wp\/v2\/product_tag?post=6658"}],"curies":[{"name":"wp","href":"https:\/\/api.w.org\/{rel}","templated":true}]}}