{"id":6646,"date":"2025-07-24T19:45:12","date_gmt":"2025-07-24T17:45:12","guid":{"rendered":"https:\/\/fengchashop.com\/fi\/product\/kubeba-poper-125-g\/"},"modified":"2025-12-12T21:16:07","modified_gmt":"2025-12-12T20:16:07","slug":"kubeba-poper-125-g","status":"publish","type":"product","link":"https:\/\/fengchashop.com\/fi\/product\/kubeba-poper-125-g\/","title":{"rendered":"Kubeba-pippuri 125 g"},"content":{"rendered":"<h2><span style=\"color: #000000;\">Kubeba-paprika<\/span><\/h2>\n<p style=\"text-align: justify;\"><span style=\"color: #000000;\">Kubeba-paprikat ovat <strong>hieman suurempia kuin tavalliset paprikat<\/strong>, ja ne eroavat toisistaan siten, ett\u00e4 varret ovat kiinni paprikoissa. Niit\u00e4 k\u00e4ytet\u00e4\u00e4n yleisimmin <strong>yhdess\u00e4 muiden mausteiden<\/strong> kanssa it\u00e4maisten ruokien valmistuksessa k\u00e4ytett\u00e4viss\u00e4 sekoituksissa. <strong>Maultaan<\/strong> pippurit ovat eritt\u00e4in <strong>makeita<\/strong>, neilikkaa ja kardemummaa muistuttavia, ja niiss\u00e4 on tunnusomainen mentolin j\u00e4lkimaku.<\/span><\/p>\n<p style=\"text-align: justify;\"><span style=\"color: #000000;\">Kubeba-pippurissa on runsaasti pippurille ominaista eteerist\u00e4 \u00f6ljy\u00e4, joka antaa sille poikkeuksellisen <strong>voimakkaan aromin<\/strong>. Kubeba-pippurille on kuitenkin ominaista v\u00e4h\u00e4inen piperiinipitoisuus, mik\u00e4 tarkoittaa, ett\u00e4 pippuri <strong>ei ole yht\u00e4 pist\u00e4v\u00e4 tai mausteinen<\/strong>.<\/span><\/p>\n<p style=\"text-align: justify;\"><span style=\"color: #000000;\">Sit\u00e4 k\u00e4ytet\u00e4\u00e4n kaikissa ruokalajeissa, ja sen antiseptisten ominaisuuksien vuoksi sit\u00e4 k\u00e4ytet\u00e4\u00e4n my\u00f6s l\u00e4\u00e4kkeiss\u00e4 hengitystieongelmien lievitt\u00e4miseen.<\/span><\/p>\n<p style=\"text-align: justify;\"><span style=\"color: #000000;\">Pippurit kannattaa jauhaa juuri ennen k\u00e4ytt\u00f6\u00e4, sill\u00e4 muuten pippuri menett\u00e4\u00e4 nopeasti makunsa. Oikein s\u00e4ilytettyn\u00e4 pippurit voivat kuitenkin s\u00e4ilytt\u00e4\u00e4 makunsa ja arominsa vuosia.<\/span><\/p>\n<h2 style=\"text-align: justify;\"><span style=\"color: #000000;\">Pakkaus<\/span><\/h2>\n<p><span style=\"color: #000000;\">L\u00e4p\u00e4isem\u00e4tt\u00f6m\u00e4ss\u00e4 vetoketjullisessa pussissa, jossa tuote s\u00e4ilytt\u00e4\u00e4 kaiken tuoreutensa ja arominsa. Pakkaus suojaa valolta ja ilmalta, sill\u00e4 se koostuu useista suojakerroksista, jotka s\u00e4ilytt\u00e4v\u00e4t sis\u00e4ll\u00f6n ominaisuudet.<\/span><\/p>\n<p><span style=\"color: #000000;\">Pakkaus on eritt\u00e4in k\u00e4yt\u00e4nn\u00f6llinen ja kierr\u00e4tett\u00e4v\u00e4.<\/span><\/p>\n<h2><span style=\"color: #000000;\">Alkuper\u00e4<\/span><\/h2>\n<p><span style=\"color: #000000;\">Indonesia<\/span><\/p>\n","protected":false},"excerpt":{"rendered":"<p>Kubeba-pippuria k\u00e4ytet\u00e4\u00e4n kaikissa ruokalajeissa, ja sen antiseptisten ominaisuuksien vuoksi sit\u00e4 k\u00e4ytet\u00e4\u00e4n my\u00f6s l\u00e4\u00e4kevalmisteissa hengitystieongelmien lievitt\u00e4miseen.<\/p>\n<p>  Eritt\u00e4in aromaattinen.<br \/>\n  V\u00e4hemm\u00e4n mausteinen.<\/p>\n","protected":false},"featured_media":6647,"comment_status":"open","ping_status":"open","template":"","meta":{"_acf_changed":false},"product_brand":[],"product_cat":[15,225,224,235],"product_tag":[],"class_list":{"0":"post-6646","1":"product","2":"type-product","3":"status-publish","4":"has-post-thumbnail","6":"product_cat-uncategorized","7":"product_cat-kaikki-tuotteet","8":"product_cat-tarjous","9":"product_cat-teeta-ruokaa-ja-mausteita","11":"first","12":"outofstock","13":"taxable","14":"shipping-taxable","15":"purchasable","16":"product-type-simple"},"acf":[],"_links":{"self":[{"href":"https:\/\/fengchashop.com\/fi\/wp-json\/wp\/v2\/product\/6646","targetHints":{"allow":["GET"]}}],"collection":[{"href":"https:\/\/fengchashop.com\/fi\/wp-json\/wp\/v2\/product"}],"about":[{"href":"https:\/\/fengchashop.com\/fi\/wp-json\/wp\/v2\/types\/product"}],"replies":[{"embeddable":true,"href":"https:\/\/fengchashop.com\/fi\/wp-json\/wp\/v2\/comments?post=6646"}],"wp:featuredmedia":[{"embeddable":true,"href":"https:\/\/fengchashop.com\/fi\/wp-json\/wp\/v2\/media\/6647"}],"wp:attachment":[{"href":"https:\/\/fengchashop.com\/fi\/wp-json\/wp\/v2\/media?parent=6646"}],"wp:term":[{"taxonomy":"product_brand","embeddable":true,"href":"https:\/\/fengchashop.com\/fi\/wp-json\/wp\/v2\/product_brand?post=6646"},{"taxonomy":"product_cat","embeddable":true,"href":"https:\/\/fengchashop.com\/fi\/wp-json\/wp\/v2\/product_cat?post=6646"},{"taxonomy":"product_tag","embeddable":true,"href":"https:\/\/fengchashop.com\/fi\/wp-json\/wp\/v2\/product_tag?post=6646"}],"curies":[{"name":"wp","href":"https:\/\/api.w.org\/{rel}","templated":true}]}}