{"id":6635,"date":"2025-07-24T19:44:44","date_gmt":"2025-07-24T17:44:44","guid":{"rendered":"https:\/\/fengchashop.com\/fi\/product\/kava-arabica-prazena-bio-250-g-mleta\/"},"modified":"2025-12-12T21:16:09","modified_gmt":"2025-12-12T20:16:09","slug":"kava-arabica-prazena-bio-250-g-mleta","status":"publish","type":"product","link":"https:\/\/fengchashop.com\/fi\/product\/kava-arabica-prazena-bio-250-g-mleta\/","title":{"rendered":"Arabica-kahvi paahdettu BIO 250 g jauhettua kahvia"},"content":{"rendered":"<h2 style=\"text-align: justify;\"><span style=\"color: #000000;\">Arabica-kahvi paahdettuna ja jauhettuna<\/span><\/h2>\n<p style=\"text-align: justify;\"><span style=\"color: #000000;\">Olemme tehneet yhteisty\u00f6t\u00e4 italialaisen paahtimon kanssa paahdetun arabica-kahvin tuottamiseksi. Tarjoamme sek\u00e4 jauhettua ett\u00e4 papukahvia. Arabica-kahvi on arvostetuin kahvityyppi, jolla on <strong>rikas maku <\/strong><strong>,<\/strong><strong> pitk\u00e4 j\u00e4lkimaku <\/strong>ja <strong>huumaava aromi<\/strong>. Kahvipavut valitaan erityisesti <strong>luonnonmukaisilta viljelmilt\u00e4<\/strong> ja paahdetaan erityisell\u00e4 tavalla, jotta saavutetaan optimaalinen tulos ja tietenkin paras maku.<\/span><\/p>\n<p style=\"text-align: justify;\"><span style=\"color: #000000;\">Karkeaksi jauhettu kahvi on tarkoitettu ensisijaisesti <strong>mokkakahvissa<\/strong> valmistettavaksi. Se voidaan tietenkin valmistaa my\u00f6s turkkilaiseksi kahviksi kahvipannussa tai muiden kahvin valmistukseen tarkoitettujen laitteiden\/laitteiden avulla.<\/span><\/p>\n<p style=\"text-align: justify;\"><span style=\"color: #000000;\">Voimakkaamman aromin ja maun saamiseksi on olemassa kahvipapuja, joiden avulla <strong>kahvi voidaan jauhaa juuri ennen k\u00e4ytt\u00f6\u00e4<\/strong>. Se sopii my\u00f6s kaikenlaisiin kahvinkeittimiin, joissa on sis\u00e4\u00e4nrakennettu mylly. <\/span><\/p>\n<p style=\"text-align: justify;\"><span style=\"color: #000000;\">Kahvipavut ovat per\u00e4isin<strong> luomuviljelmilt\u00e4<\/strong> ja ovat <strong>korkealaatuisia<\/strong>.<\/span><\/p>\n<h2 style=\"text-align: justify;\"><span style=\"color: #000000;\">Ainesosat<\/span><\/h2>\n<p style=\"text-align: justify;\"><span style=\"color: #000000;\">Ainesosat: Arabica* paahdettu.<\/span><\/p>\n<p style=\"text-align: justify;\"><span style=\"color: #000000;\">* luomutuotannosta<\/span><\/p>\n<h2 style=\"text-align: justify;\"><span style=\"color: #000000;\">S\u00e4ilytys<\/span><\/h2>\n<p style=\"text-align: justify;\"><span style=\"color: #000000;\">S\u00e4ilyt\u00e4 kuivassa, pime\u00e4ss\u00e4 ja viile\u00e4ss\u00e4 paikassa. Varmista, ett\u00e4 pussi on tiiviisti suljettu.<\/span><\/p>\n<h2 style=\"text-align: justify;\"><span style=\"color: #000000;\">Pakkaus<\/span><\/h2>\n<p style=\"text-align: justify;\"><span style=\"color: #000000;\">L\u00e4p\u00e4isem\u00e4t\u00f6n vetoketjullinen pussi, jossa tuote s\u00e4ilytt\u00e4\u00e4 kaiken tuoreutensa ja arominsa. Pakkaus suojaa valolta ja ilmalta, sill\u00e4 se koostuu useista suojakerroksista, jotka s\u00e4ilytt\u00e4v\u00e4t sis\u00e4ll\u00f6n ominaisuudet.<\/span><\/p>\n<p style=\"text-align: justify;\"><span style=\"color: #000000;\">Pakkaus on eritt\u00e4in k\u00e4yt\u00e4nn\u00f6llinen ja kierr\u00e4tett\u00e4v\u00e4.<\/span><\/p>\n<h2 style=\"text-align: justify;\"><span style=\"color: #000000;\">Alkuper\u00e4<\/span><\/h2>\n<p style=\"text-align: justify;\"><span style=\"color: #000000;\">Italia<\/span><\/p>\n","protected":false},"excerpt":{"rendered":"<p style=\"text-align: justify;\">Olemme tehneet yhteisty\u00f6t\u00e4 italialaisen boutique-paahtimon kanssa Arabica-paahtoa varten. Tarjoamme jauhettua kahvia ja kahvipapuja. Arabica on arvostetuin kahvityyppi, jolla on <strong>rikas maku <\/strong><strong>,<\/strong><strong> pitk\u00e4 j\u00e4lkimaku <\/strong>ja <strong>huumaava aromi<\/strong>.<\/p>\n<p>  Luomu.<br \/>\n  Ensiluokkaista laatua.<\/p>\n","protected":false},"featured_media":6633,"comment_status":"open","ping_status":"open","template":"","meta":{"_acf_changed":false},"product_brand":[],"product_cat":[15,225,224,235],"product_tag":[],"class_list":{"0":"post-6635","1":"product","2":"type-product","3":"status-publish","4":"has-post-thumbnail","6":"product_cat-uncategorized","7":"product_cat-kaikki-tuotteet","8":"product_cat-tarjous","9":"product_cat-teeta-ruokaa-ja-mausteita","11":"first","12":"outofstock","13":"taxable","14":"shipping-taxable","15":"purchasable","16":"product-type-simple"},"acf":[],"_links":{"self":[{"href":"https:\/\/fengchashop.com\/fi\/wp-json\/wp\/v2\/product\/6635","targetHints":{"allow":["GET"]}}],"collection":[{"href":"https:\/\/fengchashop.com\/fi\/wp-json\/wp\/v2\/product"}],"about":[{"href":"https:\/\/fengchashop.com\/fi\/wp-json\/wp\/v2\/types\/product"}],"replies":[{"embeddable":true,"href":"https:\/\/fengchashop.com\/fi\/wp-json\/wp\/v2\/comments?post=6635"}],"wp:featuredmedia":[{"embeddable":true,"href":"https:\/\/fengchashop.com\/fi\/wp-json\/wp\/v2\/media\/6633"}],"wp:attachment":[{"href":"https:\/\/fengchashop.com\/fi\/wp-json\/wp\/v2\/media?parent=6635"}],"wp:term":[{"taxonomy":"product_brand","embeddable":true,"href":"https:\/\/fengchashop.com\/fi\/wp-json\/wp\/v2\/product_brand?post=6635"},{"taxonomy":"product_cat","embeddable":true,"href":"https:\/\/fengchashop.com\/fi\/wp-json\/wp\/v2\/product_cat?post=6635"},{"taxonomy":"product_tag","embeddable":true,"href":"https:\/\/fengchashop.com\/fi\/wp-json\/wp\/v2\/product_tag?post=6635"}],"curies":[{"name":"wp","href":"https:\/\/api.w.org\/{rel}","templated":true}]}}