{"id":6597,"date":"2025-07-24T19:43:57","date_gmt":"2025-07-24T17:43:57","guid":{"rendered":"https:\/\/fengchashop.com\/fi\/product\/ajovan-125-g\/"},"modified":"2025-12-12T21:16:09","modified_gmt":"2025-12-12T20:16:09","slug":"ajovan-125-g","status":"publish","type":"product","link":"https:\/\/fengchashop.com\/fi\/product\/ajovan-125-g\/","title":{"rendered":"Ajovan 125 g"},"content":{"rendered":"<h2 style=\"text-align: justify;\"><span style=\"color: #000000;\">Ajovan<\/span><\/h2>\n<p style=\"text-align: justify;\"><span style=\"color: #000000;\">Ajovan tai ajowan, joka slovenian kielell\u00e4 tunnetaan my\u00f6s nimell\u00e4 <strong>kuninkaallinen<\/strong> <strong>kumina<\/strong>, on v\u00e4hemm\u00e4n tunnettu mauste, joka yhdistet\u00e4\u00e4n l\u00e4hinn\u00e4<strong> intialaiseen keitti\u00f6\u00f6n<\/strong>. Sit\u00e4 k\u00e4ytet\u00e4\u00e4n my\u00f6s currysekoituksessa. Samannimisen kasvin hedelmi\u00e4 k\u00e4ytet\u00e4\u00e4n mausteena, mutta ne jauhetaan yleens\u00e4 ennen k\u00e4ytt\u00f6\u00e4. Hedelmi\u00e4, jotka itse asiassa muistuttavat siemeni\u00e4, voidaan k\u00e4ytt\u00e4\u00e4 my\u00f6s kokonaisina, mutta ne on paahdettava etuk\u00e4teen paremman maun saamiseksi. Ajowanilla on kuminan tavoin melko voimakas maku, joten annostelun kanssa on syyt\u00e4 olla varovainen, sill\u00e4 se voi muuttua nopeasti ylivoimaiseksi. Ajowanin tuoksu muistuttaa timjamia, sill\u00e4 se sis\u00e4lt\u00e4\u00e4 eteerist\u00e4 \u00f6ljy\u00e4 tymolia. Maku on hieman karvas ja pist\u00e4v\u00e4. <\/span><\/p>\n<p style=\"text-align: justify;\"><span style=\"color: #000000;\">Ajovan on ayurvedisen keitti\u00f6n perinteinen mauste. Se ehk\u00e4isee ilmavaivoja ja helpottaa ruoan sulatusta.<\/span><\/p>\n<h2 style=\"text-align: justify;\"><span style=\"color: #000000;\">K\u00e4ytt\u00f6<\/span><\/h2>\n<p style=\"text-align: justify;\"><span style=\"color: #000000;\">Ajovania k\u00e4ytet\u00e4\u00e4n laajalti perinteisiss\u00e4 intialaisissa resepteiss\u00e4, ja se on erinomainen mauste erilaisille keitoille, kanalle, vasikan- ja sianlihalle sek\u00e4 kalalle ja lehtivihanneksille. Sit\u00e4 voidaan k\u00e4ytt\u00e4\u00e4 my\u00f6s perunaruokien ja levitteiden maustamiseen. Se on v\u00e4ltt\u00e4m\u00e4t\u00f6n yhdess\u00e4 palkokasvien kanssa, ja sit\u00e4 k\u00e4ytet\u00e4\u00e4n my\u00f6s leiv\u00e4ss\u00e4 ja leivonnaisissa.<\/span><\/p>\n<h2 style=\"text-align: justify;\"><span style=\"color: #000000;\">S\u00e4ilytys<\/span><\/h2>\n<p style=\"text-align: justify;\"><span style=\"color: #000000;\">S\u00e4ilyt\u00e4 kuivassa, pime\u00e4ss\u00e4 ja viile\u00e4ss\u00e4 paikassa. Varmista, ett\u00e4 pussi on tiiviisti suljettu.<\/span><\/p>\n<h2 style=\"text-align: justify;\"><span style=\"color: #000000;\">Pakkaus<\/span><\/h2>\n<p style=\"text-align: justify;\"><span style=\"color: #000000;\">L\u00e4p\u00e4isem\u00e4tt\u00f6m\u00e4\u00e4n vetoketjulliseen pussiin tai laatikkoon, jossa tuote s\u00e4ilytt\u00e4\u00e4 kaiken tuoreutensa ja arominsa. Pakkaus suojaa valolta ja ilmalta, sill\u00e4 se koostuu useista suojakerroksista, jotka s\u00e4ilytt\u00e4v\u00e4t sis\u00e4ll\u00f6n ominaisuudet.<\/span><\/p>\n<p style=\"text-align: justify;\"><span style=\"color: #000000;\">Pakkaus on eritt\u00e4in k\u00e4yt\u00e4nn\u00f6llinen ja kierr\u00e4tett\u00e4v\u00e4.<\/span><\/p>\n<h2 style=\"text-align: justify;\"><span style=\"color: #000000;\">Pakkaus<\/span><\/h2>\n<p style=\"text-align: justify;\"><span style=\"color: #000000;\">L\u00e4p\u00e4isem\u00e4t\u00f6n vetoketjullinen pussi, jossa tuote s\u00e4ilytt\u00e4\u00e4 kaiken tuoreutensa ja arominsa. Pakkaus suojaa valolta ja ilmalta. Koostuu useista suojakerroksista tuotteen ominaisuuksien s\u00e4ilytt\u00e4miseksi.<\/span><\/p>\n<p><span style=\"color: #000000;\">Pakkaus on eritt\u00e4in k\u00e4yt\u00e4nn\u00f6llinen ja kierr\u00e4tett\u00e4v\u00e4.<\/span><\/p>\n<h2><span style=\"color: #000000;\">Alkuper\u00e4<\/span><\/h2>\n<p><span style=\"color: #000000;\">Intia<\/span><\/p>\n","protected":false},"excerpt":{"rendered":"<p>Ajovania k\u00e4ytet\u00e4\u00e4n laajalti perinteisiss\u00e4 intialaisissa resepteiss\u00e4, ja se on erinomainen mauste erilaisille keitoille, kanalle, vasikan- ja sianlihalle sek\u00e4 kalalle ja lehtivihanneksille. Sit\u00e4 voidaan k\u00e4ytt\u00e4\u00e4 my\u00f6s perunaruokien ja levitteiden maustamiseen. Se on v\u00e4ltt\u00e4m\u00e4t\u00f6n yhdess\u00e4 palkokasvien kanssa, ja sit\u00e4 k\u00e4ytet\u00e4\u00e4n my\u00f6s leiv\u00e4ss\u00e4 ja leivonnaisissa.<\/p>\n<p>  Ehk\u00e4isee ilmavaivoja.<br \/>\nSe helpottaa ruokien sulavuutta.<\/p>\n","protected":false},"featured_media":6598,"comment_status":"open","ping_status":"open","template":"","meta":{"_acf_changed":false},"product_brand":[],"product_cat":[15,225,224,235],"product_tag":[],"class_list":{"0":"post-6597","1":"product","2":"type-product","3":"status-publish","4":"has-post-thumbnail","6":"product_cat-uncategorized","7":"product_cat-kaikki-tuotteet","8":"product_cat-tarjous","9":"product_cat-teeta-ruokaa-ja-mausteita","11":"first","12":"outofstock","13":"taxable","14":"shipping-taxable","15":"purchasable","16":"product-type-simple"},"acf":[],"_links":{"self":[{"href":"https:\/\/fengchashop.com\/fi\/wp-json\/wp\/v2\/product\/6597","targetHints":{"allow":["GET"]}}],"collection":[{"href":"https:\/\/fengchashop.com\/fi\/wp-json\/wp\/v2\/product"}],"about":[{"href":"https:\/\/fengchashop.com\/fi\/wp-json\/wp\/v2\/types\/product"}],"replies":[{"embeddable":true,"href":"https:\/\/fengchashop.com\/fi\/wp-json\/wp\/v2\/comments?post=6597"}],"wp:featuredmedia":[{"embeddable":true,"href":"https:\/\/fengchashop.com\/fi\/wp-json\/wp\/v2\/media\/6598"}],"wp:attachment":[{"href":"https:\/\/fengchashop.com\/fi\/wp-json\/wp\/v2\/media?parent=6597"}],"wp:term":[{"taxonomy":"product_brand","embeddable":true,"href":"https:\/\/fengchashop.com\/fi\/wp-json\/wp\/v2\/product_brand?post=6597"},{"taxonomy":"product_cat","embeddable":true,"href":"https:\/\/fengchashop.com\/fi\/wp-json\/wp\/v2\/product_cat?post=6597"},{"taxonomy":"product_tag","embeddable":true,"href":"https:\/\/fengchashop.com\/fi\/wp-json\/wp\/v2\/product_tag?post=6597"}],"curies":[{"name":"wp","href":"https:\/\/api.w.org\/{rel}","templated":true}]}}