{"id":6578,"date":"2022-05-23T15:45:25","date_gmt":"2022-05-23T13:45:25","guid":{"rendered":"https:\/\/fengchashop.com\/fi\/product\/luomu-ceylon-kanelijauhe-250-g\/"},"modified":"2026-05-13T17:32:45","modified_gmt":"2026-05-13T15:32:45","slug":"luomu-ceylon-kanelijauhe","status":"publish","type":"product","link":"https:\/\/fengchashop.com\/fi\/product\/luomu-ceylon-kanelijauhe\/","title":{"rendered":"Luomu Ceylon-kanelijauhe 250 g"},"content":{"rendered":"<div class=\"wpb-content-wrapper\"><p>[vc_row][vc_column][vc_column_text css=&#8221;&#8221;]<\/p>\n<h2 style=\"text-align: justify\"><span style=\"color: #000000\">Ceylon-kanelijauhe BIO<\/span><\/h2>\n<p style=\"text-align: justify\"><span style=\"color: #000000\">Ceylon-kaneli on kotoisin Sri Lankasta (entinen Ceylon, jonka mukaan kaneli on saanut nimens\u00e4). Verrattuna <strong>kiinalaiseen kaneliin<\/strong> tai cassiaan, joka on useimmille meist\u00e4 tutumpi ja jota on saatavilla useimmissa kaupoissa, t\u00e4m\u00e4 <strong>aito kaneli<\/strong> on harvinaisempi ja siksi paljon arvokkaampi. Sri Lankassa tuotetaan eri kanelilaatuja, ja valitsemamme Ceylon-kaneli on tuoksultaan hienovaraista ja herkk\u00e4\u00e4. Sen maku on miedosti makea, ja sit\u00e4 k\u00e4ytet\u00e4\u00e4n j\u00e4lkiruokien, kompottien, kakkujen, piirakoiden ja keksien, boolien ja gl\u00f6gin lisukkeena. Sit\u00e4 k\u00e4ytet\u00e4\u00e4n hunajan, suklaan, p\u00e4hkin\u00f6iden, chilin, maitotuotteiden, karpaloiden, uuniomenoiden ja banaanien maustamiseen. Kanelia voidaan ripotella hedelmiin (hedelm\u00e4salaatit, muhennokset) ja viljoihin, lis\u00e4t\u00e4 jogurttiin, maitoriisiin, raejuustoon ja erilaisiin maito- ja hedelm\u00e4juomiin. Se sopii hyvin my\u00f6s teen ja kahvin sek\u00e4 kaakaon ja kuuman kaakaon kanssa. Kaneli on my\u00f6s suosituin joulumauste. Kaneli on itse asiassa yksi<strong> monipuolisimmista mausteista<\/strong>, sill\u00e4 sit\u00e4 k\u00e4ytet\u00e4\u00e4n monissa erilaisissa ja joskus ep\u00e4tavallisissakin yhdistelmiss\u00e4, erityisesti it\u00e4maisessa ja meksikolaisessa keitti\u00f6ss\u00e4 (esimerkiksi curryiss\u00e4). Sit\u00e4 k\u00e4ytet\u00e4\u00e4n perinteisesti <strong>ruokien mausteena<\/strong>. <\/span><\/p>\n<p style=\"text-align: justify\"><span style=\"color: #000000\">Kanelimme on luonnonmukaisesti tuotettua.<\/span><\/p>\n<h2 style=\"text-align: justify\"><span style=\"color: #000000\">S\u00e4ilytys<\/span><\/h2>\n<p style=\"text-align: justify\"><span style=\"color: #000000\">S\u00e4ilyt\u00e4 kuivassa, pime\u00e4ss\u00e4 ja viile\u00e4ss\u00e4 paikassa. Varmista, ett\u00e4 pussi tai rasia on tiiviisti suljettu.<\/span><\/p>\n<h2 style=\"text-align: justify\"><span style=\"color: #000000\">Pakkaus<\/span><\/h2>\n<p style=\"text-align: justify\"><span style=\"color: #000000\">L\u00e4p\u00e4isem\u00e4t\u00f6n vetoketjullinen pussi, jossa tuote s\u00e4ilytt\u00e4\u00e4 kaiken tuoreutensa ja arominsa. Pakkaus suojaa valolta ja ilmalta, sill\u00e4 se koostuu useista suojakerroksista, jotka s\u00e4ilytt\u00e4v\u00e4t sis\u00e4ll\u00f6n ominaisuudet.<\/span><\/p>\n<p style=\"text-align: justify\"><span style=\"color: #000000\">Pakkaus on eritt\u00e4in k\u00e4yt\u00e4nn\u00f6llinen ja kierr\u00e4tett\u00e4v\u00e4.<\/span><\/p>\n<h2><span style=\"color: #000000\">Alkuper\u00e4<\/span><\/h2>\n<p><span style=\"color: #000000\">Sri Lanka<\/span>[\/vc_column_text][\/vc_column][\/vc_row]<\/p>\n<\/div>","protected":false},"excerpt":{"rendered":"<p>Kaneli voidaan yhdist\u00e4\u00e4 vaniljan, korianterin ja muskottip\u00e4hkin\u00e4n kanssa, ja se on erityisen maukasta ja terveydelle edullista, kun se yhdistet\u00e4\u00e4n neilikan tai kurkuman kanssa. Sit\u00e4 voidaan k\u00e4ytt\u00e4\u00e4 my\u00f6s kotikosmetiikassa ja ravintolis\u00e4n\u00e4, sill\u00e4 se sis\u00e4lt\u00e4\u00e4 monia ihmiselle t\u00e4rkeit\u00e4 ja hy\u00f6dyllisi\u00e4 ainesosia, ja sit\u00e4 voidaan k\u00e4ytt\u00e4\u00e4 my\u00f6s aromaterapiassa ja huoneiden tuoksuttamiseen. Koska Ceylon-kaneli sis\u00e4lt\u00e4\u00e4 v\u00e4hiten kumariinia, jonka uskotaan vaikuttavan huonosti maksaan ja ohentavan verta, se sopii paljon paremmin s\u00e4\u00e4nn\u00f6lliseen k\u00e4ytt\u00f6\u00f6n.<\/p>\n<p>\ud83d\udc9a Voimakas antioksidantti.<br \/>\n\ud83d\udc9a Verensokerin hallinta.<br \/>\n\ud83d\udc9a On sieni- ja mikrobil\u00e4\u00e4kkeit\u00e4 ehk\u00e4isevi\u00e4 ominaisuuksia.<br \/>\n\ud83d\udc9a Luonnonmukaisesti tuotettu.<\/p>\n","protected":false},"featured_media":6579,"comment_status":"open","ping_status":"closed","template":"","meta":{"_acf_changed":false},"product_brand":[],"product_cat":[15,246,225,224,235],"product_tag":[],"class_list":{"0":"post-6578","1":"product","2":"type-product","3":"status-publish","4":"has-post-thumbnail","6":"product_cat-uncategorized","7":"product_cat-hyvat-tarjoukset","8":"product_cat-kaikki-tuotteet","9":"product_cat-tarjous","10":"product_cat-teeta-ruokaa-ja-mausteita","12":"first","13":"instock","14":"sale","15":"taxable","16":"shipping-taxable","17":"purchasable","18":"product-type-simple"},"acf":[],"_links":{"self":[{"href":"https:\/\/fengchashop.com\/fi\/wp-json\/wp\/v2\/product\/6578","targetHints":{"allow":["GET"]}}],"collection":[{"href":"https:\/\/fengchashop.com\/fi\/wp-json\/wp\/v2\/product"}],"about":[{"href":"https:\/\/fengchashop.com\/fi\/wp-json\/wp\/v2\/types\/product"}],"replies":[{"embeddable":true,"href":"https:\/\/fengchashop.com\/fi\/wp-json\/wp\/v2\/comments?post=6578"}],"wp:featuredmedia":[{"embeddable":true,"href":"https:\/\/fengchashop.com\/fi\/wp-json\/wp\/v2\/media\/6579"}],"wp:attachment":[{"href":"https:\/\/fengchashop.com\/fi\/wp-json\/wp\/v2\/media?parent=6578"}],"wp:term":[{"taxonomy":"product_brand","embeddable":true,"href":"https:\/\/fengchashop.com\/fi\/wp-json\/wp\/v2\/product_brand?post=6578"},{"taxonomy":"product_cat","embeddable":true,"href":"https:\/\/fengchashop.com\/fi\/wp-json\/wp\/v2\/product_cat?post=6578"},{"taxonomy":"product_tag","embeddable":true,"href":"https:\/\/fengchashop.com\/fi\/wp-json\/wp\/v2\/product_tag?post=6578"}],"curies":[{"name":"wp","href":"https:\/\/api.w.org\/{rel}","templated":true}]}}