{"id":6570,"date":"2022-05-23T14:56:49","date_gmt":"2022-05-23T12:56:49","guid":{"rendered":"https:\/\/fengchashop.com\/fi\/product\/luomu-kurkumajauhe-500-g\/"},"modified":"2026-04-30T16:47:38","modified_gmt":"2026-04-30T14:47:38","slug":"luomu-kurkumajauhe","status":"publish","type":"product","link":"https:\/\/fengchashop.com\/fi\/product\/luomu-kurkumajauhe\/","title":{"rendered":"Luomu kurkumajauhe 500 g"},"content":{"rendered":"<h2 style=\"text-align: justify\"><span style=\"color: #000000\">Orgaaninen kurkuma<\/span><\/h2>\n<p style=\"text-align: justify\"><span style=\"color: #000000\">Kurkuma on kasvi, joka on tunnettu Euroopassa antiikin ajoista l\u00e4htien ja kotimaassaan ainakin 4000 vuotta. Alun perin sit\u00e4 k\u00e4ytettiin l\u00e4\u00e4kekasvina ja v\u00e4riaineena, mutta my\u00f6hemmin se vakiintui mausteeksi. Inkiv\u00e4\u00e4rin tavoin kurkuma on mauste, joka uutetaan aasialaisen monivuotisen kasvin <strong>maanalaisesta paksuuntuneesta varresta<\/strong>. Ayurvedassa kurkumaa k\u00e4ytet\u00e4\u00e4n perinteisesti sy\u00f6v\u00e4n ja psoriaasin hoitoon. Se tunnetaan my\u00f6s kosmetiikkavalmisteiden ainesosana. Vaikka jotkut ihmiset l\u00e4nsimaissa tuntevat sen mausteena, sen takana on paljon muutakin. Mineraalien, B6- ja B3-vitamiinien, foolihapon, kaliumin, raudan, mangaanin ja omega-3-rasvahappojen lis\u00e4ksi kurkuma sis\u00e4lt\u00e4\u00e4 my\u00f6s <strong>polyfenoli kurkumiinia<\/strong>, joka on eritt\u00e4in <strong>voimakas antioksidantti<\/strong> ja tehokas <strong>tulehdusta ehk\u00e4isev\u00e4 yhdiste<\/strong>. Kurkumiinin on osoitettu vaikuttavan my\u00f6nteisesti maksaan ja verenkiertoelimist\u00f6\u00f6n, v\u00e4hent\u00e4v\u00e4n tulehdusta niveltulehduksessa ja v\u00e4hent\u00e4v\u00e4n diabeteksen riskitekij\u00f6it\u00e4. Sill\u00e4 on my\u00f6s my\u00f6nteisi\u00e4 vaikutuksia aivojen terveyteen ja se v\u00e4hent\u00e4\u00e4 sy\u00f6p\u00e4riski\u00e4. Kurkumiini ehk\u00e4isee menestyksekk\u00e4\u00e4sti kaikkia kroonisia tulehduksia kehossamme &#8211; ja kaikki sairaudet alkavat itse asiassa tulehduksesta. Se <strong>est\u00e4\u00e4<\/strong> my\u00f6s <strong>huonojen bakteerien kasvua<\/strong> ruoansulatuskanavassamme, kuten esim. <strong><em>heliobacter pylori<\/em><\/strong> vatsassa ja <em><strong>Candida<\/strong><\/em> suussa ja suolistossa. <\/span><\/p>\n<p style=\"text-align: justify\"><span style=\"color: #000000\">Kurkumassa olevalla kurkumalla on my\u00f6s my\u00f6nteinen vaikutus ik\u00e4\u00e4ntymiseen liittyvien sairauksien (Alzheimerin tauti) kehittymisen est\u00e4miseen.<\/span><\/p>\n<p style=\"text-align: justify\"><span style=\"color: #000000\">Kurkuman maku on hieman kirpe\u00e4, mausteinen, mutta makea ja muistuttaa inkiv\u00e4\u00e4ri\u00e4, appelsiinia ja pippuria.<\/span><\/p>\n<p style=\"text-align: justify\"><span style=\"color: #000000\">Tyypillisesti kurkuman ajatellaan:<\/span><\/p>\n<ul style=\"text-align: justify\">\n<li><span style=\"color: #000000\">Se on <strong>tulehdusta<\/strong>, sieni\u00e4 ja mikrobeja ehk\u00e4isev\u00e4, mik\u00e4 v\u00e4hent\u00e4\u00e4 tulehdusta;<\/span><\/li>\n<li><span style=\"color: #000000\">puhdistaa maksaa, sill\u00e4 sill\u00e4 on puhdistava vaikutus ja se <strong>est\u00e4\u00e4 rasvahappojen kertymist\u00e4 maksaan<\/strong>;<\/span><\/li>\n<li><span style=\"color: #000000\">lievitt\u00e4\u00e4<strong> kuukautis-<\/strong> ja ruoansulatusongelmia;<\/span><\/li>\n<li><span style=\"color: #000000\">s\u00e4\u00e4nn\u00f6llinen k\u00e4ytt\u00f6 ehk\u00e4isee tyypin 2 diabeteksen kehittymist\u00e4 niin sanotuilla esidiabeetikoilla;<\/span><\/li>\n<li><span style=\"color: #000000\">pastamuodossa <strong>lievitt\u00e4\u00e4 tulehduksia<\/strong> ja <strong>iho\u00e4rsytyst\u00e4<\/strong>;<\/span><\/li>\n<li><span style=\"color: #000000\">edist\u00e4\u00e4 rasvojen nopeampaa ruoansulatusta, mik\u00e4 voi auttaa <strong>painonpudotuksessa<\/strong>;<\/span><\/li>\n<li><span style=\"color: #000000\">auttaa lis\u00e4\u00e4m\u00e4\u00e4n <strong>aivojen tehokkuutta<\/strong> ja ehk\u00e4isem\u00e4\u00e4n siihen liittyvi\u00e4 sairauksia, kuten Alzheimerin tautia;<\/span><\/li>\n<li><span style=\"color: #000000\"><strong>parantaa mielialaa<\/strong>;<\/span><\/li>\n<li><span style=\"color: #000000\">lievitt\u00e4\u00e4 lihas- ja nivelkipuja;<\/span><\/li>\n<li><span style=\"color: #000000\">torjuu pahanhajuista hengityst\u00e4 ja on hy\u00f6dyllinen parodontiitin hoidossa;<\/span><\/li>\n<li><span style=\"color: #000000\">sen uskotaan olevan my\u00f6s sy\u00f6p\u00e4\u00e4 ehk\u00e4isev\u00e4 aine.<\/span><\/li>\n<\/ul>\n<h2 style=\"text-align: justify\"><span style=\"color: #000000\">Pakkaus<\/span><\/h2>\n<p style=\"text-align: justify\"><span style=\"color: #000000\">L\u00e4p\u00e4isem\u00e4t\u00f6n vetoketjullinen pussi, jossa tuote s\u00e4ilytt\u00e4\u00e4 kaiken tuoreutensa ja arominsa. Pakkaus suojaa valolta ja ilmalta, sill\u00e4 se koostuu useista suojakerroksista, jotka s\u00e4ilytt\u00e4v\u00e4t sis\u00e4ll\u00f6n ominaisuudet.<\/span><\/p>\n<p style=\"text-align: justify\"><span style=\"color: #000000\">Pakkaus on eritt\u00e4in k\u00e4yt\u00e4nn\u00f6llinen ja kierr\u00e4tett\u00e4v\u00e4.<\/span><\/p>\n<h2><span style=\"color: #000000\">Alkuper\u00e4<\/span><\/h2>\n<p><span style=\"color: #000000\">Intia<\/span><\/p>\n","protected":false},"excerpt":{"rendered":"<p>Kivenn\u00e4isaineiden, B6- ja B3-vitamiinien, foolihapon, kaliumin, raudan ja mangaanin sek\u00e4 omega-3-rasvahappojen lis\u00e4ksi kurkuma sis\u00e4lt\u00e4\u00e4 my\u00f6s polyfenoli kurkumiinia, joka on eritt\u00e4in voimakas antioksidantti ja tehokas tulehdusta ehk\u00e4isev\u00e4 yhdiste. Kurkumiinin on osoitettu vaikuttavan my\u00f6nteisesti maksaan ja verenkiertoelimist\u00f6\u00f6n, v\u00e4hent\u00e4v\u00e4n tulehdusta niveltulehduksessa ja v\u00e4hent\u00e4v\u00e4n diabeteksen riskitekij\u00f6it\u00e4. Sill\u00e4 on my\u00f6s my\u00f6nteisi\u00e4 vaikutuksia aivojen terveyteen ja se v\u00e4hent\u00e4\u00e4 sy\u00f6p\u00e4riski\u00e4. Kurkumiini ehk\u00e4isee menestyksekk\u00e4\u00e4sti kaikkia kroonisia tulehduksia kehossamme &#8211; ja kaikki sairaudet alkavat itse asiassa tulehduksesta. Antibakteerisen vaikutuksensa ansiosta se est\u00e4\u00e4 my\u00f6s huonojen bakteerien kasvua ruoansulatuskanavassamme, kuten <em>heliobacter pylori<\/em> vatsassa ja <em>candida<\/em> suussa ja suolistossa. Kurkumassa olevalla kurkumalla on my\u00f6s my\u00f6nteinen vaikutus ik\u00e4\u00e4ntymiseen liittyvien sairauksien (Alzheimerin tauti) kehittymisen est\u00e4miseen.<\/p>\n<p>\ud83d\udc9a Anti-inflammatorinen.<br \/>\n\ud83d\udc9a Puhdistaa maksaa.<br \/>\n\ud83d\udc9a Helpottaa kuukautisongelmia.<br \/>\n\ud83d\udc9a Voimakas antioksidantti.<\/p>\n","protected":false},"featured_media":6571,"comment_status":"open","ping_status":"closed","template":"","meta":{"_acf_changed":false},"product_brand":[],"product_cat":[15,246,225,224,235],"product_tag":[],"class_list":{"0":"post-6570","1":"product","2":"type-product","3":"status-publish","4":"has-post-thumbnail","6":"product_cat-uncategorized","7":"product_cat-hyvat-tarjoukset","8":"product_cat-kaikki-tuotteet","9":"product_cat-tarjous","10":"product_cat-teeta-ruokaa-ja-mausteita","12":"first","13":"instock","14":"sale","15":"taxable","16":"shipping-taxable","17":"purchasable","18":"product-type-simple"},"acf":[],"_links":{"self":[{"href":"https:\/\/fengchashop.com\/fi\/wp-json\/wp\/v2\/product\/6570","targetHints":{"allow":["GET"]}}],"collection":[{"href":"https:\/\/fengchashop.com\/fi\/wp-json\/wp\/v2\/product"}],"about":[{"href":"https:\/\/fengchashop.com\/fi\/wp-json\/wp\/v2\/types\/product"}],"replies":[{"embeddable":true,"href":"https:\/\/fengchashop.com\/fi\/wp-json\/wp\/v2\/comments?post=6570"}],"wp:featuredmedia":[{"embeddable":true,"href":"https:\/\/fengchashop.com\/fi\/wp-json\/wp\/v2\/media\/6571"}],"wp:attachment":[{"href":"https:\/\/fengchashop.com\/fi\/wp-json\/wp\/v2\/media?parent=6570"}],"wp:term":[{"taxonomy":"product_brand","embeddable":true,"href":"https:\/\/fengchashop.com\/fi\/wp-json\/wp\/v2\/product_brand?post=6570"},{"taxonomy":"product_cat","embeddable":true,"href":"https:\/\/fengchashop.com\/fi\/wp-json\/wp\/v2\/product_cat?post=6570"},{"taxonomy":"product_tag","embeddable":true,"href":"https:\/\/fengchashop.com\/fi\/wp-json\/wp\/v2\/product_tag?post=6570"}],"curies":[{"name":"wp","href":"https:\/\/api.w.org\/{rel}","templated":true}]}}