{"id":6564,"date":"2022-05-23T14:49:05","date_gmt":"2022-05-23T12:49:05","guid":{"rendered":"https:\/\/fengchashop.com\/fi\/product\/luomu-hibiskus-250-g\/"},"modified":"2026-04-30T12:51:08","modified_gmt":"2026-04-30T10:51:08","slug":"luomu-hibiskus","status":"publish","type":"product","link":"https:\/\/fengchashop.com\/fi\/product\/luomu-hibiskus\/","title":{"rendered":"Luomu hibiskus 250 g"},"content":{"rendered":"<h2 style=\"text-align: justify\"><span style=\"color: #000000\">Hibiscus bio<\/span><\/h2>\n<p style=\"text-align: justify\"><span style=\"color: #000000\">Hibiscus on kasvi, jolla on suuret punaiset kukat. Hibiscus <strong>on eritt\u00e4in hy\u00f6dyllinen terveydelle<\/strong>. Se sis\u00e4lt\u00e4\u00e4 A-vitamiinia, C-vitamiinia, sinkki\u00e4, B-vitamiinia, kuitua, kuparia, proteiinia ja B2-vitamiinia. Se on eritt\u00e4in suosittu <strong>koristekasvi<\/strong>, ja hibiskuksen kukat ovat useimpien ruokakauppojen hyllyill\u00e4 myyt\u00e4vien hedelm\u00e4teiden <strong>t\u00e4rkein ainesosa<\/strong>.<\/span><\/p>\n<p style=\"text-align: justify\"><span style=\"color: #000000\">Vaikka ajattelemme useimmiten teet\u00e4, hibiskuksen kukilla voi tehd\u00e4 keitti\u00f6ss\u00e4 monia muitakin asioita.<\/span><\/p>\n<h2 style=\"text-align: justify\"><span style=\"color: #000000\">K\u00e4yt\u00e4<\/span><\/h2>\n<p style=\"text-align: justify\"><span style=\"color: #000000\">Kuivatut hibiskuksen kukat ovat<strong> maultaan<\/strong> hieman<strong> happamia <\/strong>ja<strong> kirpe\u00e4n makuisia<\/strong>, ja niist\u00e4 voi valmistaa virkist\u00e4v\u00e4\u00e4 ja suosittua teet\u00e4 &#8211; my\u00f6s j\u00e4isen\u00e4. Maku paranee entisest\u00e4\u00e4n sitruunamehulla ja -kuorella sek\u00e4 inkiv\u00e4\u00e4rinpalalla. T\u00e4m\u00e4 on erityisen hy\u00f6dyllist\u00e4 talvella, sill\u00e4 se sis\u00e4lt\u00e4\u00e4 tarvittavia vitamiineja ja aineita, jotka vahvistavat immuunij\u00e4rjestelm\u00e4\u00e4 ja siten torjuvat vilustumista ja yl\u00e4hengitystieinfektioita.<\/span><\/p>\n<p style=\"text-align: justify\"><span style=\"color: #000000\">Hibiskuksen kukkia voidaan lis\u00e4t\u00e4 my\u00f6s erilaisiin alkoholijuomiin ja alkoholittomiin juomiin. Hibiskuksesta voidaan valmistaa <strong>gini\u00e4<\/strong>, joka v\u00e4rj\u00e4ytyy hibiskuksen ansiosta kauniin vaaleanpunaiseksi ja jolla on omaleimainen maku. Gini\u00e4 voidaan valmistaa my\u00f6s kuivattujen hibiskuskukintojen ja ruusun ter\u00e4lehtien yhdistelm\u00e4st\u00e4.<\/span><\/p>\n<p style=\"text-align: justify\"><span style=\"color: #000000\">Hibiskusta voidaan k\u00e4ytt\u00e4\u00e4 my\u00f6s<strong> mausteseoksissa<\/strong>, salaateissa, kasvis- ja liharuoissa, <strong>j\u00e4lkiruoissa<\/strong> ja kermoissa.<\/span><\/p>\n<p style=\"text-align: justify\"><span style=\"color: #000000\">Niit\u00e4 voidaan k\u00e4ytt\u00e4\u00e4 my\u00f6s kotitekoisissa <strong>kosmetiikkatuotteissa<\/strong>, kuten luonnollisessa saippuassa tai ravitsevassa voiteessa.<\/span><\/p>\n<p style=\"text-align: justify\"><span style=\"color: #000000\">Raskaana olevia naisia ja imett\u00e4vi\u00e4 \u00e4itej\u00e4 ei suositella k\u00e4ytett\u00e4v\u00e4ksi.<\/span><\/p>\n<h2 style=\"text-align: justify\"><span style=\"color: #000000\">S\u00e4ilytys<\/span><\/h2>\n<p style=\"text-align: justify\"><span style=\"color: #000000\">S\u00e4ilyt\u00e4 kuivassa, pime\u00e4ss\u00e4 ja viile\u00e4ss\u00e4 paikassa. Varmista, ett\u00e4 pussi tai rasia on tiiviisti suljettu.<\/span><\/p>\n<h2 style=\"text-align: justify\"><span style=\"color: #000000\">Pakkaus<\/span><\/h2>\n<p><span style=\"color: #000000\">L\u00e4p\u00e4isem\u00e4t\u00f6n vetoketjullinen pussi, jossa tuote s\u00e4ilytt\u00e4\u00e4 kaiken tuoreuden ja aromin. Pakkaus suojaa valolta ja ilmalta, sill\u00e4 se koostuu useista suojakerroksista, jotka s\u00e4ilytt\u00e4v\u00e4t sis\u00e4ll\u00f6n ominaisuudet.<\/span><\/p>\n<p><span style=\"color: #000000\">Pakkaus on eritt\u00e4in k\u00e4yt\u00e4nn\u00f6llinen ja kierr\u00e4tett\u00e4v\u00e4.<\/span><\/p>\n<h2><span style=\"color: #000000\">Alkuper\u00e4<\/span><\/h2>\n<p><span style=\"color: #000000\">Niger<\/span><\/p>\n","protected":false},"excerpt":{"rendered":"<p style=\"text-align: justify\">Hibiskuksen kukat ovat useimpien hedelm\u00e4teiden t\u00e4rkein ainesosa. Hibiskuksen kukkia voidaan lis\u00e4t\u00e4 my\u00f6s erilaisiin alkoholijuomiin ja alkoholittomiin juomiin. Hibiskuksesta voidaan valmistaa gini\u00e4, joka v\u00e4rj\u00e4ytyy hibiskuksen ansiosta kauniin vaaleanpunaiseksi ja jolla on omaleimainen maku. Hibiskusta voidaan k\u00e4ytt\u00e4\u00e4 my\u00f6s mausteseoksissa, salaateissa, kasvis- ja liharuoissa, j\u00e4lkiruoissa ja kermoissa.<\/p>\n<p>\ud83d\udc9a Hibiskus on erinomainen korkean verenpaineen alentaja.<\/p>\n<p>\ud83d\udc9a Auttaa lievitt\u00e4m\u00e4\u00e4n masennuksen ja hermostuneisuuden oireita.<\/p>\n<p>\ud83d\udc9a C- ja A-vitamiini tekev\u00e4t siit\u00e4 hyv\u00e4n iholle.<\/p>\n<p>\ud83d\udc9a Sill\u00e4 on antioksidanttisia ominaisuuksia.<\/p>\n","protected":false},"featured_media":6565,"comment_status":"open","ping_status":"closed","template":"","meta":{"_acf_changed":false},"product_brand":[],"product_cat":[15,225,224,242,235],"product_tag":[],"class_list":{"0":"post-6564","1":"product","2":"type-product","3":"status-publish","4":"has-post-thumbnail","6":"product_cat-uncategorized","7":"product_cat-kaikki-tuotteet","8":"product_cat-tarjous","9":"product_cat-teeta","10":"product_cat-teeta-ruokaa-ja-mausteita","12":"first","13":"instock","14":"sale","15":"taxable","16":"shipping-taxable","17":"purchasable","18":"product-type-simple"},"acf":[],"_links":{"self":[{"href":"https:\/\/fengchashop.com\/fi\/wp-json\/wp\/v2\/product\/6564","targetHints":{"allow":["GET"]}}],"collection":[{"href":"https:\/\/fengchashop.com\/fi\/wp-json\/wp\/v2\/product"}],"about":[{"href":"https:\/\/fengchashop.com\/fi\/wp-json\/wp\/v2\/types\/product"}],"replies":[{"embeddable":true,"href":"https:\/\/fengchashop.com\/fi\/wp-json\/wp\/v2\/comments?post=6564"}],"wp:featuredmedia":[{"embeddable":true,"href":"https:\/\/fengchashop.com\/fi\/wp-json\/wp\/v2\/media\/6565"}],"wp:attachment":[{"href":"https:\/\/fengchashop.com\/fi\/wp-json\/wp\/v2\/media?parent=6564"}],"wp:term":[{"taxonomy":"product_brand","embeddable":true,"href":"https:\/\/fengchashop.com\/fi\/wp-json\/wp\/v2\/product_brand?post=6564"},{"taxonomy":"product_cat","embeddable":true,"href":"https:\/\/fengchashop.com\/fi\/wp-json\/wp\/v2\/product_cat?post=6564"},{"taxonomy":"product_tag","embeddable":true,"href":"https:\/\/fengchashop.com\/fi\/wp-json\/wp\/v2\/product_tag?post=6564"}],"curies":[{"name":"wp","href":"https:\/\/api.w.org\/{rel}","templated":true}]}}