{"id":6546,"date":"2022-05-23T13:50:42","date_gmt":"2022-05-23T11:50:42","guid":{"rendered":"https:\/\/fengchashop.com\/fi\/product\/jiaogulan-tee-100-g\/"},"modified":"2026-04-30T20:23:49","modified_gmt":"2026-04-30T18:23:49","slug":"jiaogulan-tee","status":"publish","type":"product","link":"https:\/\/fengchashop.com\/fi\/product\/jiaogulan-tee\/","title":{"rendered":"Jiaogulan tee 100 g"},"content":{"rendered":"<h2 style=\"text-align: justify\"><span style=\"color: #000000\">Jiaogulan (yrttitee)<\/span><\/h2>\n<p style=\"text-align: justify\"><span style=\"color: #000000\">Jiaogulan on l\u00e4\u00e4ketieteellinen yrttitee, joka tunnetaan my\u00f6s nimell\u00e4 Jiao Gu Lan tai <strong>Gynostemma<\/strong>. T\u00e4m\u00e4 yrttitee tunnetaan <strong>kuolemattomuuden tai pitk\u00e4ik\u00e4isyyden teen\u00e4<\/strong>, sill\u00e4 se sis\u00e4lt\u00e4\u00e4 monia pitk\u00e4n el\u00e4m\u00e4n kannalta t\u00e4rkeit\u00e4 aktiivisia ainesosia. Ensimm\u00e4iset tiedossa olevat tiedot teest\u00e4 ovat per\u00e4isin 1300-luvulta eaa. ja ne l\u00f6ydettiin Kiinasta, jossa yrtti on yh\u00e4 nyky\u00e4\u00e4nkin korvaamaton osa perinteist\u00e4 l\u00e4\u00e4ketiedett\u00e4.<\/span><\/p>\n<p style=\"text-align: justify\"><span style=\"color: #000000\">Jiaogulan on my\u00f6s yrtti, jota on tutkittu laajasti tieteellisesti ja jolle on osoitettu monia my\u00f6nteisi\u00e4 vaikutuksia. Se on erityisesti <strong>tulehdusta ehk\u00e4isev\u00e4<\/strong>, <strong>myrkkyj\u00e4 poistava<\/strong> ja <strong>ik\u00e4\u00e4ntymist\u00e4 ehk\u00e4isev\u00e4<\/strong>. Lis\u00e4ksi jiaogulan on my\u00f6s <strong>voimakas antioksidantti<\/strong>. Ginsengin tavoin se <strong>lis\u00e4\u00e4 energiaa<\/strong>, <strong>tasapainottaa<\/strong> kehoa ja <strong>parantaa yleist\u00e4 hyvinvointia<\/strong>. Perinteisen kiinalaisen l\u00e4\u00e4ketieteen mukaan sill\u00e4 on suotuisa vaikutus krooniseen v\u00e4symysoireyhtym\u00e4\u00e4n ja syd\u00e4mentykytykseen (rintakeh\u00e4n jyskytt\u00e4v\u00e4 tunne). Sit\u00e4 k\u00e4ytet\u00e4\u00e4n usein my\u00f6s terveysongelmiin, kuten <strong>diabeteksen<\/strong> ja <strong>korkean kolesterolin<\/strong> ehk\u00e4isyyn ja lievitt\u00e4miseen sek\u00e4 <strong>ahdistusta<\/strong> aiheuttavien stressivaikutusten ehk\u00e4isyyn. S\u00e4\u00e4nn\u00f6llisell\u00e4 k\u00e4yt\u00f6ll\u00e4 sen vaikutukset voidaan siis hy\u00f6dynt\u00e4\u00e4 t\u00e4ysim\u00e4\u00e4r\u00e4isesti, ja maltillisuus tuo my\u00f6s turvallisen kulutuksen ilman sivu- ja ei-toivottuja vaikutuksia.<\/span><\/p>\n<h2 style=\"text-align: justify\"><span style=\"color: #000000\">Se auttaa kehoamme saattamaan itsens\u00e4 tasapainoon<\/span><\/h2>\n<p style=\"text-align: justify\"><span style=\"color: #000000\">Jiaogulan on my\u00f6s <strong>adaptogeeni<\/strong>. Adaptogeeniset kasvit auttavat kehoa sopeutumaan erilaisiin negatiivisiin ymp\u00e4rist\u00f6tekij\u00f6ihin. Niill\u00e4 on kyky s\u00e4\u00e4dell\u00e4 ja hallita rauhas- ja hormonij\u00e4rjestelm\u00e4\u00e4, hermo- ja syd\u00e4n- ja verisuonij\u00e4rjestelm\u00e4\u00e4 sek\u00e4 lihaksia.<\/span><\/p>\n<p><span style=\"color: #000000\">Adaptogeenit tukevat elint\u00e4rkeiden elinten terveytt\u00e4 ja auttavat s\u00e4\u00e4telem\u00e4\u00e4n verensokeria, parantamaan maksan, ruoansulatuskanavan ja ihon toimintaa. Ne vahvistavat ja virkist\u00e4v\u00e4t kehoa. Ne my\u00f6s stimuloivat lis\u00e4munuaisia ja auttavat kehoa selviytym\u00e4\u00e4n tehokkaasti fyysisten tekij\u00f6iden (infektiot, vammat, riitt\u00e4m\u00e4t\u00f6n uni) tai psykologisten tekij\u00f6iden (ahdistus) aiheuttamasta stressist\u00e4.<\/span><\/p>\n<h2 style=\"text-align: justify\"><span style=\"color: #000000\">Muut nimet<\/span><\/h2>\n<p style=\"text-align: justify\"><span style=\"color: #000000\"><em>Gynostemma pentalhyllum<\/em>. Joskus sit\u00e4 kutsutaan <em>etel\u00e4iseksi ginsengiksi<\/em>, koska sen vaikutukset ja maku muistuttavat ginsengi\u00e4, ja se tunnetaan my\u00f6s nimell\u00e4 <em>etel\u00e4inen ginseng<\/em>, koska se on per\u00e4isin Kiinan etel\u00e4osista.<\/span><\/p>\n<h2><span style=\"color: #000000\">Ulkon\u00e4k\u00f6<\/span><\/h2>\n<p style=\"text-align: justify\"><span style=\"color: #000000\">Tiiviisti kiertyneet tummanvihre\u00e4t lehdet ja pienet, hienot oksat.<\/span><\/p>\n<h2 style=\"text-align: justify\"><span style=\"color: #000000\">Maku ja aromi<\/span><\/h2>\n<p style=\"text-align: justify\"><span style=\"color: #000000\">Meid\u00e4n jiaogulanimme on korjattu luonnonvaraisesta, koskemattomasta luonnosta. Sill\u00e4 on mielenkiintoinen <strong>makeahko maku<\/strong>, joka muistuttaa hyvin paljon ginsengi\u00e4. Jiaogulan on ehdottomasti maukas, mutta ennen kaikkea terveellinen valinta yrttiteiden yst\u00e4ville.<\/span><\/p>\n<h2 style=\"text-align: justify\"><span style=\"color: #000000\">S\u00e4ilytys<\/span><\/h2>\n<p style=\"text-align: justify\"><span style=\"color: #000000\">Jiaogulan s\u00e4ilytet\u00e4\u00e4n kuivassa, pime\u00e4ss\u00e4 ja viile\u00e4ss\u00e4 paikassa. Pid\u00e4 astia tiiviisti suljettuna.<\/span><\/p>\n<h2 style=\"text-align: justify\"><span style=\"color: #000000\">Pakkaus<\/span><\/h2>\n<p style=\"text-align: justify\"><span style=\"color: #000000\">L\u00e4p\u00e4isem\u00e4tt\u00f6m\u00e4ss\u00e4 vetoketjullisessa pussissa, jossa tuote s\u00e4ilytt\u00e4\u00e4 kaiken tuoreutensa ja arominsa. Pakkaus suojaa valolta ja ilmalta, sill\u00e4 se koostuu useista suojakerroksista, jotka s\u00e4ilytt\u00e4v\u00e4t sis\u00e4ll\u00f6n ominaisuudet.<\/span><\/p>\n<p style=\"text-align: justify\"><span style=\"color: #000000\">Pakkaus on eritt\u00e4in k\u00e4yt\u00e4nn\u00f6llinen ja kierr\u00e4tett\u00e4v\u00e4.<\/span><\/p>\n<h2 style=\"text-align: justify\"><span style=\"color: #000000\">Alkuper\u00e4<\/span><\/h2>\n<p style=\"text-align: justify\"><span style=\"color: #000000\">Kiina. Meill\u00e4 on eritt\u00e4in luotettavia tavarantoimittajia, jotka l\u00e4hett\u00e4v\u00e4t meille yksityiskohtaisen kemiallisen analyysin elintarvikkeista jokaisesta er\u00e4st\u00e4. Yli kymmenen vuoden aikana meill\u00e4 ei ole ollut yht\u00e4\u00e4n palautusmenettely\u00e4 tai muuta ongelmaa t\u00e4m\u00e4n tuotteen kanssa, eik\u00e4 my\u00f6sk\u00e4\u00e4n muiden saman toimittajan tuotteiden kanssa.<\/span><\/p>\n","protected":false},"excerpt":{"rendered":"<p>Yrtti, jota on tutkittu laajasti tieteellisesti ja jolla on monia my\u00f6nteisi\u00e4 vaikutuksia. Se on erityisesti <strong>tulehdusta ehk\u00e4isev\u00e4<\/strong>, <strong>myrkkyj\u00e4 poistava<\/strong> ja <strong>ik\u00e4\u00e4ntymist\u00e4 ehk\u00e4isev\u00e4<\/strong>. Perinteisen kiinalaisen l\u00e4\u00e4ketieteen mukaan sill\u00e4 on suotuisa vaikutus krooniseen v\u00e4symysoireyhtym\u00e4\u00e4n ja syd\u00e4mentykytykseen (rintakeh\u00e4n jyskytt\u00e4v\u00e4 tunne). Sit\u00e4 k\u00e4ytet\u00e4\u00e4n my\u00f6s usein terveysongelmiin, kuten <strong>diabeteksen<\/strong> ja <strong>korkean kolesterolin<\/strong> ehk\u00e4isyyn ja lievitt\u00e4miseen sek\u00e4 <strong>ahdistusta<\/strong> aiheuttavan stressin vaikutusten ehk\u00e4isyyn. .<\/p>\n<p>\ud83d\udc9a Se on parantava yrttitee.<br \/>\n\ud83d\udc9a Kuolemattomuuden tai pitk\u00e4ik\u00e4isyyden tee.<br \/>\n\ud83d\udc9a Se on adaptogeeni.<br \/>\n\ud83d\udc9a Voimakas antioksidantti.<\/p>\n","protected":false},"featured_media":6547,"comment_status":"open","ping_status":"closed","template":"","meta":{"_acf_changed":false},"product_brand":[],"product_cat":[15,225,224,242,235],"product_tag":[],"class_list":{"0":"post-6546","1":"product","2":"type-product","3":"status-publish","4":"has-post-thumbnail","6":"product_cat-uncategorized","7":"product_cat-kaikki-tuotteet","8":"product_cat-tarjous","9":"product_cat-teeta","10":"product_cat-teeta-ruokaa-ja-mausteita","12":"first","13":"instock","14":"sale","15":"taxable","16":"shipping-taxable","17":"purchasable","18":"product-type-simple"},"acf":[],"_links":{"self":[{"href":"https:\/\/fengchashop.com\/fi\/wp-json\/wp\/v2\/product\/6546","targetHints":{"allow":["GET"]}}],"collection":[{"href":"https:\/\/fengchashop.com\/fi\/wp-json\/wp\/v2\/product"}],"about":[{"href":"https:\/\/fengchashop.com\/fi\/wp-json\/wp\/v2\/types\/product"}],"replies":[{"embeddable":true,"href":"https:\/\/fengchashop.com\/fi\/wp-json\/wp\/v2\/comments?post=6546"}],"wp:featuredmedia":[{"embeddable":true,"href":"https:\/\/fengchashop.com\/fi\/wp-json\/wp\/v2\/media\/6547"}],"wp:attachment":[{"href":"https:\/\/fengchashop.com\/fi\/wp-json\/wp\/v2\/media?parent=6546"}],"wp:term":[{"taxonomy":"product_brand","embeddable":true,"href":"https:\/\/fengchashop.com\/fi\/wp-json\/wp\/v2\/product_brand?post=6546"},{"taxonomy":"product_cat","embeddable":true,"href":"https:\/\/fengchashop.com\/fi\/wp-json\/wp\/v2\/product_cat?post=6546"},{"taxonomy":"product_tag","embeddable":true,"href":"https:\/\/fengchashop.com\/fi\/wp-json\/wp\/v2\/product_tag?post=6546"}],"curies":[{"name":"wp","href":"https:\/\/api.w.org\/{rel}","templated":true}]}}