{"id":6532,"date":"2022-05-23T11:04:10","date_gmt":"2022-05-23T09:04:10","guid":{"rendered":"https:\/\/fengchashop.com\/fi\/product\/luomu-jasmiinitee-50-g\/"},"modified":"2025-12-12T21:16:16","modified_gmt":"2025-12-12T20:16:16","slug":"luomu-jasmiinitee","status":"publish","type":"product","link":"https:\/\/fengchashop.com\/fi\/product\/luomu-jasmiinitee\/","title":{"rendered":"Luomu jasmiinitee 50 g"},"content":{"rendered":"<h2><span style=\"color: #000000\">Luomu jasmiinitee<\/span><\/h2>\n<p style=\"text-align: justify\"><span style=\"color: #000000\">Jasmiininkukkia sis\u00e4lt\u00e4v\u00e4 vihre\u00e4 tee valmistetaan perinteisen kiinalaisen reseptin mukaan, ja sit\u00e4 pidet\u00e4\u00e4n yhten\u00e4 Kiinan tunnetuimmista mausteteist\u00e4. Tee tuoksuu luonnollisesti jasmiininkukilla, jotka lis\u00e4t\u00e4\u00e4n k\u00e4sittelyn aikana. Kyseess\u00e4 on luonnollinen prosessi, joka kest\u00e4\u00e4 useita p\u00e4ivi\u00e4. Jasmiininkukat ovat my\u00f6s erityisen t\u00e4rkeit\u00e4, sill\u00e4 ne on poimittava oikeaan aikaan, kun ne ovat t\u00e4ydess\u00e4 kukassa, sill\u00e4 vain n\u00e4in saadaan aikaan mahdollisimman hyv\u00e4 aromi, joka tuo vihre\u00e4\u00e4n teehen hennon, miellytt\u00e4v\u00e4n kitker\u00e4n ja makean jasmiinin maun.<\/span><\/p>\n<h2><span style=\"color: #000000\">Ulkon\u00e4k\u00f6<\/span><\/h2>\n<p style=\"text-align: justify\"><span style=\"color: #000000\">Tummanvihre\u00e4t lehdet, joissa on kirkkaan keltaisia jasmiininkukkia<\/span><\/p>\n<h2><span style=\"color: #000000\">Maku ja aromi<\/span><\/h2>\n<p style=\"text-align: justify\"><span style=\"color: #000000\">Keltainen v\u00e4ri ja hento jasmiinin maku.<\/span><\/p>\n<h2><span style=\"color: #000000\">S\u00e4ilytys<\/span><\/h2>\n<p style=\"text-align: justify\"><span style=\"color: #000000\">Jasmiinitee on s\u00e4ilytett\u00e4v\u00e4 kuivassa, pime\u00e4ss\u00e4 ja viile\u00e4ss\u00e4 paikassa.<\/span><\/p>\n<h2><span style=\"color: #000000\">Pakkaus<\/span><\/h2>\n<p style=\"text-align: justify\"><span style=\"color: #000000\">L\u00e4p\u00e4isem\u00e4tt\u00f6m\u00e4ss\u00e4 vetoketjullisessa pussissa, jossa tuote s\u00e4ilytt\u00e4\u00e4 kaiken tuoreutensa ja arominsa. Pakkaus suojaa sit\u00e4 valolta ja ilmalta. Se koostuu useista suojakerroksista tuotteen ominaisuuksien s\u00e4ilytt\u00e4miseksi.<\/span><\/p>\n<p><span style=\"color: #000000\">Pakkaus on eritt\u00e4in k\u00e4yt\u00e4nn\u00f6llinen ja kierr\u00e4tett\u00e4v\u00e4.<\/span><\/p>\n<h2><span style=\"color: #000000\">Alkuper\u00e4<\/span><\/h2>\n<p><span style=\"color: #000000\">Kiina. <\/span>Meill\u00e4 on eritt\u00e4in luotettavia toimittajia, jotka l\u00e4hett\u00e4v\u00e4t meille tarkan kemiallisen analyysin elintarvikkeista jokaisesta er\u00e4st\u00e4. Meill\u00e4 ei ole ollut takaisinvetoja tai muita ongelmia t\u00e4m\u00e4n tuotteen tai muiden saman toimittajan tuotteiden kanssa yli kymmeneen vuoteen.<\/p>\n<p>Artikkelilla on 100 % luomusertifikaatti.<\/p>\n","protected":false},"excerpt":{"rendered":"<p>Teet\u00e4 tuoksutetaan luonnollisesti jasmiininkukilla, jotka lis\u00e4t\u00e4\u00e4n k\u00e4sittelyn aikana. Se on luonnollinen prosessi, joka kest\u00e4\u00e4 useita p\u00e4ivi\u00e4. Jasmiininkukat ovat my\u00f6s erityisen t\u00e4rkeit\u00e4, sill\u00e4 ne on poimittava oikeaan aikaan, kun ne ovat t\u00e4ydess\u00e4 kukassa, sill\u00e4 vain siten saadaan aikaan mahdollisimman suuri m\u00e4\u00e4r\u00e4 aromia, joka tuo vihre\u00e4\u00e4n teehen hennon, miellytt\u00e4v\u00e4n kitker\u00e4n ja makean jasmiinin maun.<\/p>\n<p>\ud83d\udc9a Se on luonnonmukaisesti viljelty.<\/p>\n","protected":false},"featured_media":6533,"comment_status":"open","ping_status":"closed","template":"","meta":{"_acf_changed":false},"product_brand":[],"product_cat":[15,225,224,242,235],"product_tag":[],"class_list":{"0":"post-6532","1":"product","2":"type-product","3":"status-publish","4":"has-post-thumbnail","6":"product_cat-uncategorized","7":"product_cat-kaikki-tuotteet","8":"product_cat-tarjous","9":"product_cat-teeta","10":"product_cat-teeta-ruokaa-ja-mausteita","12":"first","13":"outofstock","14":"taxable","15":"shipping-taxable","16":"purchasable","17":"product-type-simple"},"acf":[],"_links":{"self":[{"href":"https:\/\/fengchashop.com\/fi\/wp-json\/wp\/v2\/product\/6532","targetHints":{"allow":["GET"]}}],"collection":[{"href":"https:\/\/fengchashop.com\/fi\/wp-json\/wp\/v2\/product"}],"about":[{"href":"https:\/\/fengchashop.com\/fi\/wp-json\/wp\/v2\/types\/product"}],"replies":[{"embeddable":true,"href":"https:\/\/fengchashop.com\/fi\/wp-json\/wp\/v2\/comments?post=6532"}],"wp:featuredmedia":[{"embeddable":true,"href":"https:\/\/fengchashop.com\/fi\/wp-json\/wp\/v2\/media\/6533"}],"wp:attachment":[{"href":"https:\/\/fengchashop.com\/fi\/wp-json\/wp\/v2\/media?parent=6532"}],"wp:term":[{"taxonomy":"product_brand","embeddable":true,"href":"https:\/\/fengchashop.com\/fi\/wp-json\/wp\/v2\/product_brand?post=6532"},{"taxonomy":"product_cat","embeddable":true,"href":"https:\/\/fengchashop.com\/fi\/wp-json\/wp\/v2\/product_cat?post=6532"},{"taxonomy":"product_tag","embeddable":true,"href":"https:\/\/fengchashop.com\/fi\/wp-json\/wp\/v2\/product_tag?post=6532"}],"curies":[{"name":"wp","href":"https:\/\/api.w.org\/{rel}","templated":true}]}}