{"id":6529,"date":"2025-07-24T19:43:09","date_gmt":"2025-07-24T17:43:09","guid":{"rendered":"https:\/\/fengchashop.com\/fi\/product\/gyokuro-bio-25-g\/"},"modified":"2025-12-12T21:16:09","modified_gmt":"2025-12-12T20:16:09","slug":"gyokuro-bio","status":"publish","type":"product","link":"https:\/\/fengchashop.com\/fi\/product\/gyokuro-bio\/","title":{"rendered":"Gyokuro BIO 25 g"},"content":{"rendered":"<h2><span style=\"color: #000000;\">Gyokuro BIO (vihre\u00e4 tee)<\/span><\/h2>\n<p><span style=\"color: #000000;\">Gyokuro on Japanin arvostetuin tee. Tavallisesti teepensaat peitet\u00e4\u00e4n pellavakankaalla 20-30 p\u00e4iv\u00e4\u00e4 ennen sadonkorjuuta. N\u00e4in saavutetaan vihre\u00e4n teen erityinen maku. T\u00e4m\u00e4 johtuu siit\u00e4, ett\u00e4 se on hienovaraista, makeaa ja sill\u00e4 on pitk\u00e4 j\u00e4lkimaku. Sanalla sanoen umami.<\/span><\/p>\n<p><span style=\"color: #000000;\">T\u00e4m\u00e4 versio on per\u00e4isin luomutuotannosta.<\/span><\/p>\n<h2><span style=\"color: #000000;\">S\u00e4ilytys<\/span><\/h2>\n<p><span style=\"color: #000000;\">S\u00e4ilyt\u00e4 teet\u00e4 kuivassa, pime\u00e4ss\u00e4 ja viile\u00e4ss\u00e4 paikassa.<\/span><\/p>\n<h2><span style=\"color: #000000;\">Pakkaus<\/span><\/h2>\n<p><span style=\"color: #000000;\">L\u00e4p\u00e4isem\u00e4tt\u00f6m\u00e4ss\u00e4 vetoketjullisessa pussissa, jossa tuote s\u00e4ilytt\u00e4\u00e4 kaiken tuoreutensa ja arominsa. Pakkaus suojaa valolta ja ilmalta. Se koostuu useista suojakerroksista tuotteen ominaisuuksien s\u00e4ilytt\u00e4miseksi.<\/span><\/p>\n<p><span style=\"color: #000000;\">Pakkaus on eritt\u00e4in k\u00e4yt\u00e4nn\u00f6llinen ja kierr\u00e4tett\u00e4v\u00e4.<\/span><\/p>\n<h2><span style=\"color: #000000;\">Alkuper\u00e4<\/span><\/h2>\n<p><span style=\"color: #000000;\">Kagoshima (Japani)<\/span><\/p>\n","protected":false},"excerpt":{"rendered":"<p>Yleens\u00e4 teepensaat peitet\u00e4\u00e4n pellavalla 20-30 p\u00e4iv\u00e4\u00e4 ennen sadonkorjuuta. N\u00e4in saavutetaan vihre\u00e4n teen erityinen maku. T\u00e4m\u00e4 johtuu siit\u00e4, ett\u00e4 se on hienovaraista, makeaa ja sill\u00e4 on pitk\u00e4 j\u00e4lkimaku.<\/p>\n<p>\ud83d\udc9a Se on luonnonmukaisesti tuotettua.<\/p>\n","protected":false},"featured_media":6530,"comment_status":"open","ping_status":"closed","template":"","meta":{"_acf_changed":false},"product_brand":[],"product_cat":[15,225,224,242,235],"product_tag":[],"class_list":{"0":"post-6529","1":"product","2":"type-product","3":"status-publish","4":"has-post-thumbnail","6":"product_cat-uncategorized","7":"product_cat-kaikki-tuotteet","8":"product_cat-tarjous","9":"product_cat-teeta","10":"product_cat-teeta-ruokaa-ja-mausteita","12":"first","13":"outofstock","14":"taxable","15":"shipping-taxable","16":"purchasable","17":"product-type-simple"},"acf":[],"_links":{"self":[{"href":"https:\/\/fengchashop.com\/fi\/wp-json\/wp\/v2\/product\/6529","targetHints":{"allow":["GET"]}}],"collection":[{"href":"https:\/\/fengchashop.com\/fi\/wp-json\/wp\/v2\/product"}],"about":[{"href":"https:\/\/fengchashop.com\/fi\/wp-json\/wp\/v2\/types\/product"}],"replies":[{"embeddable":true,"href":"https:\/\/fengchashop.com\/fi\/wp-json\/wp\/v2\/comments?post=6529"}],"wp:featuredmedia":[{"embeddable":true,"href":"https:\/\/fengchashop.com\/fi\/wp-json\/wp\/v2\/media\/6530"}],"wp:attachment":[{"href":"https:\/\/fengchashop.com\/fi\/wp-json\/wp\/v2\/media?parent=6529"}],"wp:term":[{"taxonomy":"product_brand","embeddable":true,"href":"https:\/\/fengchashop.com\/fi\/wp-json\/wp\/v2\/product_brand?post=6529"},{"taxonomy":"product_cat","embeddable":true,"href":"https:\/\/fengchashop.com\/fi\/wp-json\/wp\/v2\/product_cat?post=6529"},{"taxonomy":"product_tag","embeddable":true,"href":"https:\/\/fengchashop.com\/fi\/wp-json\/wp\/v2\/product_tag?post=6529"}],"curies":[{"name":"wp","href":"https:\/\/api.w.org\/{rel}","templated":true}]}}