{"id":6459,"date":"2025-07-24T19:41:21","date_gmt":"2025-07-24T17:41:21","guid":{"rendered":"https:\/\/fengchashop.com\/fi\/product\/english-breakfast-bio-100-g\/"},"modified":"2025-12-12T21:16:11","modified_gmt":"2025-12-12T20:16:11","slug":"english-breakfast-bio","status":"publish","type":"product","link":"https:\/\/fengchashop.com\/fi\/product\/english-breakfast-bio\/","title":{"rendered":"Englantilainen aamiainen BIO 100 g"},"content":{"rendered":"<h2><span style=\"color: #000000;\">English Breakfast (musta tee)<\/span><\/h2>\n<p><span style=\"color: #000000;\">English Breafkast on suosittu englantilainen sekoitus erilaisia mustia teelaatuja, joissa on voimakas ja aromaattinen vivahde. Meid\u00e4n juomamme on per\u00e4isin luomutuotannosta.<\/span><\/p>\n<h2><span style=\"color: #000000;\">S\u00e4ilytys<\/span><\/h2>\n<p><span style=\"color: #000000;\">S\u00e4ilyt\u00e4 luomuteet\u00e4 kuivassa, pime\u00e4ss\u00e4 ja viile\u00e4ss\u00e4 paikassa.<\/span><\/p>\n<h2><span style=\"color: #000000;\">Pakkaus<\/span><\/h2>\n<p><span style=\"color: #000000;\">L\u00e4p\u00e4isem\u00e4tt\u00f6m\u00e4ss\u00e4 vetoketjullisessa pussissa, jossa tuote s\u00e4ilytt\u00e4\u00e4 kaiken tuoreutensa ja arominsa. Pakkaus suojaa valolta ja ilmalta. Se koostuu useista suojakerroksista tuotteen ominaisuuksien s\u00e4ilytt\u00e4miseksi.<\/span><\/p>\n<p><span style=\"color: #000000;\">Pakkaus on eritt\u00e4in k\u00e4yt\u00e4nn\u00f6llinen ja kierr\u00e4tett\u00e4v\u00e4.<\/span><\/p>\n<h2><span style=\"color: #000000;\">Alkuper\u00e4<\/span><\/h2>\n<p><span style=\"color: #000000;\">Sri Lanka<\/span><\/p>\n","protected":false},"excerpt":{"rendered":"<p>English Breafkast on suosittu englantilainen sekoitus erilaisia mustia teelaatuja, joissa on voimakas ja aromaattinen vivahde.<\/p>\n<p>\ud83d\udc9a Se on luonnonmukaisesti viljelty.<\/p>\n","protected":false},"featured_media":6460,"comment_status":"open","ping_status":"closed","template":"","meta":{"_acf_changed":false},"product_brand":[],"product_cat":[15,225,224,242,235],"product_tag":[],"class_list":{"0":"post-6459","1":"product","2":"type-product","3":"status-publish","4":"has-post-thumbnail","6":"product_cat-uncategorized","7":"product_cat-kaikki-tuotteet","8":"product_cat-tarjous","9":"product_cat-teeta","10":"product_cat-teeta-ruokaa-ja-mausteita","12":"first","13":"outofstock","14":"taxable","15":"shipping-taxable","16":"purchasable","17":"product-type-simple"},"acf":[],"_links":{"self":[{"href":"https:\/\/fengchashop.com\/fi\/wp-json\/wp\/v2\/product\/6459","targetHints":{"allow":["GET"]}}],"collection":[{"href":"https:\/\/fengchashop.com\/fi\/wp-json\/wp\/v2\/product"}],"about":[{"href":"https:\/\/fengchashop.com\/fi\/wp-json\/wp\/v2\/types\/product"}],"replies":[{"embeddable":true,"href":"https:\/\/fengchashop.com\/fi\/wp-json\/wp\/v2\/comments?post=6459"}],"wp:featuredmedia":[{"embeddable":true,"href":"https:\/\/fengchashop.com\/fi\/wp-json\/wp\/v2\/media\/6460"}],"wp:attachment":[{"href":"https:\/\/fengchashop.com\/fi\/wp-json\/wp\/v2\/media?parent=6459"}],"wp:term":[{"taxonomy":"product_brand","embeddable":true,"href":"https:\/\/fengchashop.com\/fi\/wp-json\/wp\/v2\/product_brand?post=6459"},{"taxonomy":"product_cat","embeddable":true,"href":"https:\/\/fengchashop.com\/fi\/wp-json\/wp\/v2\/product_cat?post=6459"},{"taxonomy":"product_tag","embeddable":true,"href":"https:\/\/fengchashop.com\/fi\/wp-json\/wp\/v2\/product_tag?post=6459"}],"curies":[{"name":"wp","href":"https:\/\/api.w.org\/{rel}","templated":true}]}}