{"id":6412,"date":"2025-07-24T19:40:36","date_gmt":"2025-07-24T17:40:36","guid":{"rendered":"https:\/\/fengchashop.com\/fi\/product\/ananas-paloiteltuna-bio-500-g\/"},"modified":"2025-12-12T21:16:11","modified_gmt":"2025-12-12T20:16:11","slug":"ananas-paloiteltuna-bio","status":"publish","type":"product","link":"https:\/\/fengchashop.com\/fi\/product\/ananas-paloiteltuna-bio\/","title":{"rendered":"Ananas paloiteltuna BIO 500 g"},"content":{"rendered":"<h2>Ananas paloina BIO<\/h2>\n<p style=\"text-align: justify;\">Ananas on <strong>makea trooppinen hedelm\u00e4<\/strong>, jossa on runsaasti vitamiineja ja kivenn\u00e4isaineita. Se sis\u00e4lt\u00e4\u00e4 my\u00f6s monia erityisi\u00e4 hivenaineita, kuten mangaania, jolla on my\u00f6nteinen vaikutus luustoon ja sidekudokseen. Se on erinomainen C-, E- ja B12-vitamiinien l\u00e4hde, sit\u00e4 pidet\u00e4\u00e4n <strong>v\u00e4h\u00e4kalorisena hedelm\u00e4n\u00e4<\/strong>, siin\u00e4 on runsaasti biotiinia, se on tunnettu diureetti ja se on viime aikoina her\u00e4tt\u00e4nyt huomiota bromelaiini-nimisen entsyymin pitoisuutensa vuoksi. T\u00e4ll\u00e4 entsyymill\u00e4 on t\u00e4rke\u00e4 rooli ruoansulatuksessamme, mink\u00e4 vuoksi ananaksen sy\u00f6misell\u00e4 voi olla my\u00f6s suotuisa vaikutus painoon. <strong>Bromelaiini-entsyymi<\/strong> itse asiassa hajottaa proteiineja, mik\u00e4 voi auttaa meit\u00e4 sulattamaan ruokaa ja v\u00e4hent\u00e4\u00e4 turvotusta. Sen vaikutus tuntuu yleens\u00e4 suussa (polttava tunne kieless\u00e4), ja sill\u00e4 on my\u00f6s suotuisa vaikutus ikeniin. Bromelaiini yhdess\u00e4 C-vitamiinin kanssa on my\u00f6s erinomainen flunssan torjuntaan.<\/p>\n<p style=\"text-align: justify;\">Ananas on my\u00f6s runsaasti <strong>antioksidantteja<\/strong> sis\u00e4lt\u00e4v\u00e4 ruoka-aine. Niill\u00e4 on t\u00e4rke\u00e4 rooli taistelussa vapaita radikaaleja vastaan, jotka vaikuttavat erityisesti ik\u00e4\u00e4ntymiseen ja nykyaikaisten sairauksien syntyyn.<\/p>\n<p style=\"text-align: justify;\">Sit\u00e4 voi sy\u00f6d\u00e4 <strong>terveellisen\u00e4 v\u00e4lipalana<\/strong>, sill\u00e4 sen korkea liukenemattoman ravintokuidun pitoisuus tekee siit\u00e4 nopeasti t\u00e4ytt\u00e4v\u00e4n (kaurapuuroa muistuttavan) ja tyydytt\u00e4\u00e4 makeanhimon. Sit\u00e4 voi lis\u00e4t\u00e4 suosikkiruokiin, jogurttiin, j\u00e4\u00e4tel\u00f6\u00f6n, p\u00e4hkin\u00e4sekoituksiin, muroihin, j\u00e4lkiruokiin ja suosikkismoothie-kulhoihisi.<\/p>\n<p style=\"text-align: justify;\">Kuivatut ananaspalat ovat luonnonmukaisesti tuotettuja ja vailla tarpeettomia lis\u00e4aineita, s\u00e4il\u00f6nt\u00e4aineita ja emulgointiaineita.<\/p>\n<h2 style=\"text-align: justify;\">Pakkaus<\/h2>\n<p style=\"text-align: justify;\">L\u00e4p\u00e4isem\u00e4t\u00f6n vetoketjullinen pussi tai laatikko, jossa tuote s\u00e4ilytt\u00e4\u00e4 kaiken tuoreutensa ja arominsa. Pakkaus suojaa valolta ja ilmalta, sill\u00e4 se koostuu useista suojakerroksista, jotka s\u00e4ilytt\u00e4v\u00e4t sis\u00e4ll\u00f6n ominaisuudet.<\/p>\n<p style=\"text-align: justify;\">Pakkaus on eritt\u00e4in k\u00e4yt\u00e4nn\u00f6llinen ja kierr\u00e4tett\u00e4v\u00e4.<\/p>\n<h2 style=\"text-align: justify;\">Alkuper\u00e4<\/h2>\n<p style=\"text-align: justify;\">Tansania<\/p>\n","protected":false},"excerpt":{"rendered":"<p>Ananas on makea trooppinen hedelm\u00e4, joka sis\u00e4lt\u00e4\u00e4 runsaasti vitamiineja ja kivenn\u00e4isaineita. Se sis\u00e4lt\u00e4\u00e4 my\u00f6s monia erityisi\u00e4 mikroravinteita, kuten mangaania, jolla on my\u00f6nteinen vaikutus luustoon ja sidekudokseen. Se on erinomainen C-, E- ja B12-vitamiinien l\u00e4hde, sit\u00e4 pidet\u00e4\u00e4n v\u00e4h\u00e4kalorisena hedelm\u00e4n\u00e4, siin\u00e4 on runsaasti biotiinia, se on tunnettu diureetti ja se on viime aikoina her\u00e4tt\u00e4nyt huomiota bromelaini-nimisen entsyymin pitoisuutensa vuoksi. T\u00e4ll\u00e4 entsyymill\u00e4 on t\u00e4rke\u00e4 rooli ruoansulatuksessamme, mink\u00e4 vuoksi ananaksen sy\u00f6misell\u00e4 voi olla my\u00f6s suotuisa vaikutus painoon. Bromelaiini-entsyymi itse asiassa hajottaa proteiineja, mik\u00e4 voi auttaa meit\u00e4 sulattamaan ruokaa ja v\u00e4hent\u00e4\u00e4 turvotusta. Sen vaikutus tuntuu yleens\u00e4 suussa (polttava tunne kieless\u00e4), ja sill\u00e4 on my\u00f6s suotuisa vaikutus ikeniin. Bromelaiini yhdess\u00e4 C-vitamiinin kanssa on my\u00f6s erinomainen flunssan torjuntaan.<\/p>\n<p>\ud83d\udc9a Runsaasti antioksidantteja sis\u00e4lt\u00e4v\u00e4 ruoka-aine.<br \/>\n\ud83d\udc9a Se on luonnonmukaisesti tuotettua.<br \/>\n\ud83d\udc9a Vapaa lis\u00e4aineista, s\u00e4il\u00f6nt\u00e4aineista ja emulgointiaineista.<\/p>\n","protected":false},"featured_media":6413,"comment_status":"open","ping_status":"closed","template":"","meta":{"_acf_changed":false},"product_brand":[],"product_cat":[15,225,224,235],"product_tag":[],"class_list":{"0":"post-6412","1":"product","2":"type-product","3":"status-publish","4":"has-post-thumbnail","6":"product_cat-uncategorized","7":"product_cat-kaikki-tuotteet","8":"product_cat-tarjous","9":"product_cat-teeta-ruokaa-ja-mausteita","11":"first","12":"outofstock","13":"taxable","14":"shipping-taxable","15":"purchasable","16":"product-type-simple"},"acf":[],"_links":{"self":[{"href":"https:\/\/fengchashop.com\/fi\/wp-json\/wp\/v2\/product\/6412","targetHints":{"allow":["GET"]}}],"collection":[{"href":"https:\/\/fengchashop.com\/fi\/wp-json\/wp\/v2\/product"}],"about":[{"href":"https:\/\/fengchashop.com\/fi\/wp-json\/wp\/v2\/types\/product"}],"replies":[{"embeddable":true,"href":"https:\/\/fengchashop.com\/fi\/wp-json\/wp\/v2\/comments?post=6412"}],"wp:featuredmedia":[{"embeddable":true,"href":"https:\/\/fengchashop.com\/fi\/wp-json\/wp\/v2\/media\/6413"}],"wp:attachment":[{"href":"https:\/\/fengchashop.com\/fi\/wp-json\/wp\/v2\/media?parent=6412"}],"wp:term":[{"taxonomy":"product_brand","embeddable":true,"href":"https:\/\/fengchashop.com\/fi\/wp-json\/wp\/v2\/product_brand?post=6412"},{"taxonomy":"product_cat","embeddable":true,"href":"https:\/\/fengchashop.com\/fi\/wp-json\/wp\/v2\/product_cat?post=6412"},{"taxonomy":"product_tag","embeddable":true,"href":"https:\/\/fengchashop.com\/fi\/wp-json\/wp\/v2\/product_tag?post=6412"}],"curies":[{"name":"wp","href":"https:\/\/api.w.org\/{rel}","templated":true}]}}