{"id":6392,"date":"2025-07-24T19:39:57","date_gmt":"2025-07-24T17:39:57","guid":{"rendered":"https:\/\/fengchashop.com\/fi\/product\/luomukaakaovoi-250-g\/"},"modified":"2025-12-12T21:16:13","modified_gmt":"2025-12-12T20:16:13","slug":"luomukaakaovoi","status":"publish","type":"product","link":"https:\/\/fengchashop.com\/fi\/product\/luomukaakaovoi\/","title":{"rendered":"Luomukaakaovoi 250 g"},"content":{"rendered":"<h2 style=\"text-align: justify;\"><span style=\"color: #000000;\">Orgaaninen kaakaovoi<\/span><\/h2>\n<p style=\"text-align: justify;\"><span style=\"color: #000000;\">Kaakaovoi on <strong>kaakaon siemenist\u00e4 tai pavuista<\/strong> uutettu <strong>luonnollinen \u00f6ljy<\/strong>. Se sis\u00e4lt\u00e4\u00e4 runsaasti hy\u00f6dyllisi\u00e4 tyydyttyneit\u00e4 rasvoja ja E-vitamiinia. Se sis\u00e4lt\u00e4\u00e4 my\u00f6s steariini-, palmitiini-, miristi-, arakidi- ja lauriinihappoa. Kaakaovoin ruokavaliossa uskotaan vahvistavan syd\u00e4nt\u00e4, sill\u00e4 se sis\u00e4lt\u00e4\u00e4 tyydyttyneit\u00e4 kasvirasvoja, jotka v\u00e4hent\u00e4v\u00e4t syd\u00e4n- ja verisuonitautien riski\u00e4. Se on my\u00f6s tulehdusta ehk\u00e4isev\u00e4\u00e4, vahvistaa immuunij\u00e4rjestelm\u00e4\u00e4, s\u00e4\u00e4telee hormonitasapainoa ja vaikuttaa edullisesti aivoihin polyfenoliensa ansiosta. Kaakaovoi on <strong>suklaan t\u00e4rkein ainesosa<\/strong> kaakaojauheen ohella. Sen maku ja tuoksu muistuttavatkin suklaata, ja siksi se on suosittu my\u00f6s <strong>aromaterapiassa<\/strong>.<\/span><\/p>\n<p style=\"text-align: justify;\"><span style=\"color: #000000;\">Useimpien luonnollisten voien tavoin kaakaovoi on <strong>huoneenl\u00e4mm\u00f6ss\u00e4 kiinte\u00e4\u00e4<\/strong>. Se sulaa, kun se koskettaa ihoa. Kosmeettisissa tuotteissa voista on paljon hy\u00f6ty\u00e4 ihonhoidossa, sill\u00e4 ne kosteuttavat ja suojaavat ihoa ulkoisilta vaikutuksilta. Kotitekoisissa kosmetiikkatuotteissa voi antaa voiteltavuutta ja sile\u00e4n, paksun rakenteen. Voita voidaan k\u00e4ytt\u00e4\u00e4 my\u00f6s sellaisenaan. Kaakaovoi sopii <strong>kuivalle, psoriaasille ja ekseemalle alttiille iholle, jolta puuttuu kosteutta ja kimmoisuutta<\/strong>. Siksi se on erinomaista torjumaan <strong>raskausarpia<\/strong> ja est\u00e4m\u00e4\u00e4n <strong>arpien<\/strong> muodostumista leikkauksen tai trauman j\u00e4lkeen. Se on my\u00f6s erinomainen <strong>auringonoton j\u00e4lkeiseen<\/strong> hoitoon, sill\u00e4 se ravitsee, hoitaa ja kosteuttaa ihoa. Se my\u00f6s stimuloi melaniinin tuotantoa, joka on luonnollinen suojamme aurinkoa vastaan, ja antaa iholle terveen ruskettuneen ulkon\u00e4\u00f6n (kaakaovoi ei kuitenkaan korvaa aurinkovoidetta, koska siin\u00e4 ei ole korkeaa suojakerrointa).Kaakaovoi on suosittu kosmetiikassa houkuttelevan suklaantuoksunsa, herk\u00e4n koostumuksensa ja korkean antioksidanttisen E-vitamiinin pitoisuutensa vuoksi. Antioksidantti- ja polyfenolipitoisuuksiensa ansiosta se pehment\u00e4\u00e4 ja kosteuttaa ihoa s\u00e4\u00e4nn\u00f6llisess\u00e4 k\u00e4yt\u00f6ss\u00e4 ja hidastaa ihon ik\u00e4\u00e4ntymisprosessia.<\/span><\/p>\n<p style=\"text-align: justify;\"><span style=\"color: #000000;\">Kaakaovoittemme on <strong>luonnonmukaisesti tuotettua<\/strong>. Se on valmistettu pisaramuodossa, jotta sit\u00e4 on helppo annostella ja punnita ja jotta se sulaa helpommin ja nopeammin.<\/span><\/p>\n<h2 style=\"text-align: justify;\"><span style=\"color: #000000;\">S\u00e4ilytet\u00e4\u00e4n<\/span><\/h2>\n<p style=\"text-align: justify;\"><span style=\"color: #000000;\">S\u00e4ilyt\u00e4 kuivassa, pime\u00e4ss\u00e4 ja viile\u00e4ss\u00e4 paikassa. Varmista, ett\u00e4 pussi on tiiviisti suljettu.<\/span><\/p>\n<h2 style=\"text-align: justify;\"><span style=\"color: #000000;\">Pakkaus<\/span><\/h2>\n<p style=\"text-align: justify;\"><span style=\"color: #000000;\">L\u00e4p\u00e4isem\u00e4t\u00f6n vetoketjullinen pussi, jossa tuote s\u00e4ilytt\u00e4\u00e4 kaiken tuoreutensa ja arominsa. Pakkaus suojaa valolta ja ilmalta, sill\u00e4 se koostuu useista suojakerroksista, jotka s\u00e4ilytt\u00e4v\u00e4t sis\u00e4ll\u00f6n ominaisuudet.<\/span><\/p>\n<p style=\"text-align: justify;\"><span style=\"color: #000000;\">Pakkaus on eritt\u00e4in k\u00e4yt\u00e4nn\u00f6llinen ja kierr\u00e4tett\u00e4v\u00e4.<\/span><\/p>\n<h2 style=\"text-align: justify;\"><span style=\"color: #000000;\">Alkuper\u00e4<\/span><\/h2>\n<p style=\"text-align: justify;\"><span style=\"color: #000000;\">Peru<\/span><\/p>\n","protected":false},"excerpt":{"rendered":"<p>Kaakaovoi on kaakaon siemenist\u00e4 tai pavuista uutettu luonnollinen \u00f6ljy. Se sis\u00e4lt\u00e4\u00e4 runsaasti hy\u00f6dyllisi\u00e4 tyydyttyneit\u00e4 rasvoja ja E-vitamiinia. Se sis\u00e4lt\u00e4\u00e4 my\u00f6s steariini-, palmitiini-, miristi-, arakidi- ja lauriinihappoa. Kaakaovoin ruokavaliossa uskotaan vahvistavan syd\u00e4nt\u00e4, sill\u00e4 se sis\u00e4lt\u00e4\u00e4 tyydyttyneit\u00e4 kasvirasvoja, jotka v\u00e4hent\u00e4v\u00e4t syd\u00e4n- ja verisuonitautien riski\u00e4. Se on my\u00f6s tulehdusta ehk\u00e4isev\u00e4\u00e4, vahvistaa immuunij\u00e4rjestelm\u00e4\u00e4, s\u00e4\u00e4telee hormonitasapainoa ja vaikuttaa edullisesti aivoihin polyfenoliensa ansiosta. Kaakaovoi on suklaan t\u00e4rkein ainesosa kaakaojauheen ohella.<\/p>\n<p>\ud83d\udc9a Se on per\u00e4isin valvotusta luomutuotannosta.<br \/>\n\ud83d\udc9a Sen maku ja tuoksu muistuttavatkin suklaata, ja siksi se on suosittu my\u00f6s aromaterapiassa.<br \/>\n\ud83d\udc9a Sit\u00e4 valmistetaan pisaramuodossa, jotta se on helpompi annostella ja punnita sek\u00e4 sulattaa helpommin ja nopeammin.<\/p>\n","protected":false},"featured_media":6393,"comment_status":"open","ping_status":"closed","template":"","meta":{"_acf_changed":false},"product_brand":[],"product_cat":[15,225,224],"product_tag":[],"class_list":{"0":"post-6392","1":"product","2":"type-product","3":"status-publish","4":"has-post-thumbnail","6":"product_cat-uncategorized","7":"product_cat-kaikki-tuotteet","8":"product_cat-tarjous","10":"first","11":"outofstock","12":"taxable","13":"shipping-taxable","14":"purchasable","15":"product-type-simple"},"acf":[],"_links":{"self":[{"href":"https:\/\/fengchashop.com\/fi\/wp-json\/wp\/v2\/product\/6392","targetHints":{"allow":["GET"]}}],"collection":[{"href":"https:\/\/fengchashop.com\/fi\/wp-json\/wp\/v2\/product"}],"about":[{"href":"https:\/\/fengchashop.com\/fi\/wp-json\/wp\/v2\/types\/product"}],"replies":[{"embeddable":true,"href":"https:\/\/fengchashop.com\/fi\/wp-json\/wp\/v2\/comments?post=6392"}],"wp:featuredmedia":[{"embeddable":true,"href":"https:\/\/fengchashop.com\/fi\/wp-json\/wp\/v2\/media\/6393"}],"wp:attachment":[{"href":"https:\/\/fengchashop.com\/fi\/wp-json\/wp\/v2\/media?parent=6392"}],"wp:term":[{"taxonomy":"product_brand","embeddable":true,"href":"https:\/\/fengchashop.com\/fi\/wp-json\/wp\/v2\/product_brand?post=6392"},{"taxonomy":"product_cat","embeddable":true,"href":"https:\/\/fengchashop.com\/fi\/wp-json\/wp\/v2\/product_cat?post=6392"},{"taxonomy":"product_tag","embeddable":true,"href":"https:\/\/fengchashop.com\/fi\/wp-json\/wp\/v2\/product_tag?post=6392"}],"curies":[{"name":"wp","href":"https:\/\/api.w.org\/{rel}","templated":true}]}}