{"id":6385,"date":"2022-05-20T15:37:07","date_gmt":"2022-05-20T13:37:07","guid":{"rendered":"https:\/\/fengchashop.com\/fi\/product\/kaakaojauhe-bio-250-g\/"},"modified":"2026-04-17T20:45:55","modified_gmt":"2026-04-17T18:45:55","slug":"kaakaojauhe-bio","status":"publish","type":"product","link":"https:\/\/fengchashop.com\/fi\/product\/kaakaojauhe-bio\/","title":{"rendered":"Kaakaojauhe BIO 250 g"},"content":{"rendered":"<h2 style=\"text-align: justify\"><span style=\"color: #000000\">Kaakaojauhe BIO<\/span><\/h2>\n<p style=\"text-align: justify\"><span style=\"color: #000000\">Kaakaopavut eli siemenet, joista kaakao uutetaan, kasvavat <b>kaakaopuuksi<\/b> kutsutun puun siemeniss\u00e4. <b><i>Theobroma cacao<\/i><\/b>. Kaakao on ollut suosittu elintarvike vuosituhansien ajan. Se on kotoisin Etel\u00e4- ja Keski-Amerikasta. Se on kaikenlaisten suklaiden valmistuksen perusraaka-aine.<\/span><\/p>\n<p style=\"text-align: justify\"><span style=\"color: #000000\">Kaakao sis\u00e4lt\u00e4\u00e4 ylivoimaisesti <b>enemm\u00e4n antioksidantteja<\/b> kuin mik\u00e4\u00e4n muu elintarvike. Se sis\u00e4lt\u00e4\u00e4 kolme kertaa enemm\u00e4n kuin vihre\u00e4 tee. Lis\u00e4ksi se sis\u00e4lt\u00e4\u00e4 monia <b>kivenn\u00e4isaineita<\/b>, kuten kaliumia, sinkki\u00e4, magnesiumia, rautaa ja kalsiumia. Se on my\u00f6s <b>proteiinin<\/b> ja <b>kuitujen<\/b> l\u00e4hde. Kaikki n\u00e4m\u00e4 ovat t\u00e4rkeit\u00e4 terveydentilamme yll\u00e4pit\u00e4miseksi. Se sis\u00e4lt\u00e4\u00e4 my\u00f6s ravintoaineita, jotka vaikuttavat my\u00f6nteisesti verenkiertoj\u00e4rjestelm\u00e4\u00e4mme ohentamalla verta ja est\u00e4m\u00e4ll\u00e4 hyytymi\u00e4. Se parantaa mielialaa lis\u00e4\u00e4m\u00e4ll\u00e4 serotoniinitasoja aivoissa. Itse asiassa se sis\u00e4lt\u00e4\u00e4 jopa <b>300 erilaista yhdistett\u00e4<\/b>, joilla voi olla mielialaa kohottava vaikutus.<\/span><\/p>\n<p style=\"text-align: justify\"><span style=\"color: #000000\">T\u00e4m\u00e4n kaakaon kaakaopavut poimitaan k\u00e4sin. Valitut pavut fermentoidaan ensin, jotta niille ominainen katkeruus v\u00e4henee hieman. N\u00e4in kaakaopavut s\u00e4ilytt\u00e4v\u00e4t ravintoarvonsa ilman tarpeettomia lis\u00e4aineita. Jo 25-30 grammaa kaakaota p\u00e4iv\u00e4ss\u00e4 riitt\u00e4\u00e4 nauttimaan kaikki sen hy\u00f6dyt.<\/span><\/p>\n<h2><span style=\"color: #000000\">Miksi ostaa t\u00e4t\u00e4 kaakaojauhesekoitusta?<\/span><\/h2>\n<p style=\"text-align: justify\"><span style=\"color: #000000\">Yksinkertaisesti siksi, ett\u00e4:<\/span><\/p>\n<p style=\"text-align: justify\"><span style=\"color: #000000\">1. Se on per\u00e4isin valvotusta <b>luomutuotannosta<\/b> ja siksi parasta, mit\u00e4 voimme tarjota.<\/span><\/p>\n<p style=\"text-align: justify\"><span style=\"color: #000000\">2. <b>Palkittu tuote<\/b>, koska sen erikoissekoitus koostuu kolmesta eri alkuper\u00e4st\u00e4 &#8211; kolmesta Afrikan maasta &#8211; per\u00e4isin olevista jauhetuista kaakaopavuista.<\/span><\/p>\n<p style=\"text-align: justify\"><span style=\"color: #000000\">3. Se <b>ei sis\u00e4ll\u00e4 lis\u00e4aineita<\/b> eik\u00e4 muita tarpeettomia ainesosia, kuten sokeria tai muita makeutusaineita.<\/span><\/p>\n<p style=\"text-align: justify\"><span style=\"color: #000000\">Voittoisa yhdistelm\u00e4, joka tyydytt\u00e4\u00e4 vaativimmankin makunystyr\u00e4n. Ei liian makea eik\u00e4 liian kitker\u00e4 versio kaakaosta, joka on v\u00e4ltt\u00e4m\u00e4t\u00f6n j\u00e4lkiruokien leivonnassa, mutta my\u00f6s ruoanlaitossa. Hedelm\u00e4ist\u00e4 makua t\u00e4ydent\u00e4\u00e4 <b>paahdettujen kaakaopapujen maku<\/b>. Sopii erinomaisesti kaakaojuoman valmistukseen tavallisen maidon tai kasvisjuomien kanssa. <\/span><\/p>\n<h2><span style=\"color: #000000\">S\u00e4ilytys<\/span><\/h2>\n<p style=\"text-align: justify\"><span style=\"color: #000000\">S\u00e4ilyt\u00e4 kuivassa, pime\u00e4ss\u00e4 ja viile\u00e4ss\u00e4 paikassa. Varmista, ett\u00e4 pussi on tiiviisti suljettu.<\/span><\/p>\n<h2><span style=\"color: #000000\">Pakkaus<\/span><\/h2>\n<p style=\"text-align: justify\"><span style=\"color: #000000\">L\u00e4p\u00e4isem\u00e4t\u00f6n vetoketjullinen pussi, jossa tuote s\u00e4ilytt\u00e4\u00e4 kaiken tuoreutensa ja arominsa. Pakkaus suojaa valolta ja ilmalta, sill\u00e4 se koostuu useista suojakerroksista, jotka s\u00e4ilytt\u00e4v\u00e4t sis\u00e4ll\u00f6n ominaisuudet.<\/span><\/p>\n<p style=\"text-align: justify\"><span style=\"color: #000000\">Pakkaus on eritt\u00e4in k\u00e4yt\u00e4nn\u00f6llinen ja kierr\u00e4tett\u00e4v\u00e4.<\/span><\/p>\n<h2><span style=\"color: #000000\">Alkuper\u00e4<\/span><\/h2>\n<p style=\"text-align: justify\"><span style=\"color: #000000\">Sierra Leone, Ghana ja Norsunluurannikko.<\/span><\/p>\n","protected":false},"excerpt":{"rendered":"<p>Kaakao sis\u00e4lt\u00e4\u00e4 ylivoimaisesti enemm\u00e4n antioksidantteja kuin mik\u00e4\u00e4n muu elintarvike. Se sis\u00e4lt\u00e4\u00e4 kolme kertaa enemm\u00e4n kuin vihre\u00e4 tee. Lis\u00e4ksi se sis\u00e4lt\u00e4\u00e4 monia kivenn\u00e4isaineita, kuten kaliumia, sinkki\u00e4, magnesiumia, rautaa ja kalsiumia. Se on my\u00f6s proteiinin ja kuitujen l\u00e4hde. Kaikki n\u00e4m\u00e4 ovat t\u00e4rkeit\u00e4 terveydentilamme yll\u00e4pit\u00e4miseksi. Se sis\u00e4lt\u00e4\u00e4 my\u00f6s ravintoaineita, jotka vaikuttavat my\u00f6nteisesti verenkiertoj\u00e4rjestelm\u00e4\u00e4mme ohentamalla verta ja est\u00e4m\u00e4ll\u00e4 hyytymi\u00e4. Se parantaa mielialaa lis\u00e4\u00e4m\u00e4ll\u00e4 serotoniinitasoja aivoissa. Itse asiassa se sis\u00e4lt\u00e4\u00e4 jopa 300 erilaista yhdistett\u00e4, joilla voi olla mielialaa kohottava vaikutus.<\/p>\n<p>\ud83d\udc9a Se on per\u00e4isin valvotusta luomutuotannosta.<br \/>\n\ud83d\udc9a Palkittu tuote sen erityissekoituksen ansiosta, joka koostuu eri alkuper\u00e4\u00e4 olevista jauhetuista kaakaopavuista &#8211; kolmesta Afrikan maasta.<br \/>\n\ud83d\udc9a Ei sis\u00e4ll\u00e4 lis\u00e4aineita eik\u00e4 muita tarpeettomia ainesosia, kuten sokeria tai muita makeutusaineita.<\/p>\n","protected":false},"featured_media":6386,"comment_status":"open","ping_status":"closed","template":"","meta":{"_acf_changed":false},"product_brand":[],"product_cat":[15,246,225,224],"product_tag":[],"class_list":{"0":"post-6385","1":"product","2":"type-product","3":"status-publish","4":"has-post-thumbnail","6":"product_cat-uncategorized","7":"product_cat-hyvat-tarjoukset","8":"product_cat-kaikki-tuotteet","9":"product_cat-tarjous","11":"first","12":"instock","13":"sale","14":"taxable","15":"shipping-taxable","16":"purchasable","17":"product-type-simple"},"acf":[],"_links":{"self":[{"href":"https:\/\/fengchashop.com\/fi\/wp-json\/wp\/v2\/product\/6385","targetHints":{"allow":["GET"]}}],"collection":[{"href":"https:\/\/fengchashop.com\/fi\/wp-json\/wp\/v2\/product"}],"about":[{"href":"https:\/\/fengchashop.com\/fi\/wp-json\/wp\/v2\/types\/product"}],"replies":[{"embeddable":true,"href":"https:\/\/fengchashop.com\/fi\/wp-json\/wp\/v2\/comments?post=6385"}],"wp:featuredmedia":[{"embeddable":true,"href":"https:\/\/fengchashop.com\/fi\/wp-json\/wp\/v2\/media\/6386"}],"wp:attachment":[{"href":"https:\/\/fengchashop.com\/fi\/wp-json\/wp\/v2\/media?parent=6385"}],"wp:term":[{"taxonomy":"product_brand","embeddable":true,"href":"https:\/\/fengchashop.com\/fi\/wp-json\/wp\/v2\/product_brand?post=6385"},{"taxonomy":"product_cat","embeddable":true,"href":"https:\/\/fengchashop.com\/fi\/wp-json\/wp\/v2\/product_cat?post=6385"},{"taxonomy":"product_tag","embeddable":true,"href":"https:\/\/fengchashop.com\/fi\/wp-json\/wp\/v2\/product_tag?post=6385"}],"curies":[{"name":"wp","href":"https:\/\/api.w.org\/{rel}","templated":true}]}}