{"id":6327,"date":"2022-03-11T19:29:12","date_gmt":"2022-03-11T18:29:12","guid":{"rendered":"https:\/\/fengchashop.com\/fi\/product\/omega-3-rasvahapot-kapseleissa-180-kapselia\/"},"modified":"2026-04-20T12:26:29","modified_gmt":"2026-04-20T10:26:29","slug":"omega-3-rasvahapot-kapseleissa","status":"publish","type":"product","link":"https:\/\/fengchashop.com\/fi\/product\/omega-3-rasvahapot-kapseleissa\/","title":{"rendered":"Omega 3 -rasvahapot kapseleissa 180 kapselia"},"content":{"rendered":"<div class=\"wpb-content-wrapper\"><p>[vc_row][vc_column][vc_column_text css=&#8221;&#8221;]<\/p>\n<h2><span style=\"color: #000000\">Omega-3-rasvahapot<\/span><\/h2>\n<p><span style=\"color: #000000\">Omega-3-rasvahapot ovat ihmiselle<strong> v\u00e4ltt\u00e4m\u00e4tt\u00f6mi\u00e4<\/strong>, mutta elimist\u00f6 ei pysty tuottamaan niit\u00e4 itse. Koska ne ovat v\u00e4ltt\u00e4m\u00e4tt\u00f6mi\u00e4<strong> useiden elimist\u00f6n prosessien moitteettoman toiminnan kannalta<\/strong>, niit\u00e4 on nautittava ruokavaliossa, jossa on runsaasti n\u00e4it\u00e4 arvokkaita rasvoja. Jos ruokavalio ei kuitenkaan tarjoa riitt\u00e4v\u00e4sti omega-3-rasvahappoja, yksi tehokkaimmista ja yksinkertaisimmista tavoista on ottaa ravintolis\u00e4\u00e4. Meid\u00e4n on syyt\u00e4 olla tietoisia siit\u00e4, ett\u00e4 markkinoilla on valtava valikoima ravintolisi\u00e4, mutta kaikki kala\u00f6ljy\u00e4 (tai kasviper\u00e4isi\u00e4 l\u00e4hteit\u00e4) sis\u00e4lt\u00e4v\u00e4t ravintolis\u00e4t eiv\u00e4t ole riitt\u00e4v\u00e4n hyvi\u00e4. Erityisesti meid\u00e4n on oltava varovaisia, jos aiomme ottaa ravintolis\u00e4\u00e4 pitk\u00e4n aikaa. Ep\u00e4puhtaudet ja tarpeettomat, jopa haitalliset lis\u00e4aineet voivat aiheuttaa enemm\u00e4n haittaa kuin hy\u00f6ty\u00e4.<\/span><\/p>\n<p><span style=\"color: #000000\">Omega-3-rasvahappokapselimme on <strong>valmistettu puhtaimmasta kala\u00f6ljyst\u00e4<\/strong>. Luonnosta pyydetyst\u00e4 kalasta, joka on asianmukaisesti k\u00e4sitelty ja vangittu pehmeisiin kapseleihin, jotka ovat kooltaan pienempi\u00e4, mutta muotoiltu nielemisen helpottamiseksi. Ne ovat ylivoimainen ravintolis\u00e4, joka on valmistettu hienoimmista ainesosista. <strong>Ne eiv\u00e4t aiheuta ilmavaivoja eik\u00e4 niiss\u00e4 ole h\u00e4iritsev\u00e4\u00e4 kalamaista makua<\/strong>.<\/span><\/p>\n<h2><span style=\"color: #000000\">Mit\u00e4 hy\u00f6ty\u00e4 omega-3-rasvahappojen ottamisesta on?<\/span><\/h2>\n<p><span style=\"color: #000000\">Omega-3-rasvahapoilla on ainakin kaksi t\u00e4rke\u00e4\u00e4 teht\u00e4v\u00e4\u00e4 elimist\u00f6ss\u00e4mme. Tutkimukset ovat osoittaneet, ett\u00e4 ne vaikuttavat<strong> syd\u00e4n- ja verisuonij\u00e4rjestelm\u00e4n moitteettomaan toimintaan<\/strong> ja <strong>v\u00e4hent\u00e4v\u00e4t tulehduksia<\/strong>. Yhteenvetona voidaan siis todeta, ett\u00e4 omega-3-rasvahappojen nauttimisen vaikutukset ovat seuraavat:<\/span><\/p>\n<p><span style=\"color: #000000\"> \ud83d\udc9a Ne edist\u00e4v\u00e4t <em>syd\u00e4men ja syd\u00e4n- ja verisuonij\u00e4rjestelm\u00e4n normaalia toimintaa<\/em>, mukaan lukien syd\u00e4men sykkeen s\u00e4\u00e4teleminen sek\u00e4<strong> verenpaineen ja kolesterolin s\u00e4\u00e4tely.<\/strong><\/span><br \/>\n<span style=\"color: #000000\"> \ud83d\udc9a Edist\u00e4v\u00e4t <strong>normaalin n\u00e4k\u00f6kyvyn yll\u00e4pit\u00e4mist\u00e4.<\/strong><\/span><br \/>\n<span style=\"color: #000000\"> \ud83d\udc9a Edist\u00e4v\u00e4t<strong> aivojen normaalin toiminnan yll\u00e4pit\u00e4mist\u00e4,<\/strong> mukaan lukien muistitoiminnot sek\u00e4 mielialan ja tunnetasapainon s\u00e4\u00e4tely.<\/span><br \/>\n<span style=\"color: #000000\"> \ud83d\udc9a Edist\u00e4v\u00e4t<strong> veren normaalien triglyseridipitoisuuksien<\/strong> yll\u00e4pit\u00e4mist\u00e4.<\/span><br \/>\n<span style=\"color: #000000\"> \ud83d\udc9a Edist\u00e4v\u00e4t <strong>immuunij\u00e4rjestelm\u00e4n asianmukaista toimintaa.<\/strong><\/span><br \/>\n<span style=\"color: #000000\"> \ud83d\udc9a S\u00e4\u00e4telee mielialaa ja kognitiivisia (k\u00e4ytt\u00e4ytymis)toimintoja.<\/span><br \/>\n<span style=\"color: #000000\">\ud83d\udc9a Ne ovat eritt\u00e4in<strong> t\u00e4rkeit\u00e4 terveelle raskaudelle ja syntym\u00e4tt\u00f6m\u00e4n ja imetett\u00e4v\u00e4n vauvan terveelle kehitykselle.<\/strong> Edist\u00e4v\u00e4t lapsen vahvempia \u00e4lyllisi\u00e4, motorisia ja visuaalisia taitoja, parantavat muistia ja tarkkaavaisuutta sek\u00e4 ehk\u00e4isev\u00e4t k\u00e4yt\u00f6sh\u00e4iri\u00f6it\u00e4 ja ruoka-aineallergioiden kehittymist\u00e4.<\/span><br \/>\n<span style=\"color: #000000\"> \ud83d\udc9a A <strong>uttaa parantamaan<\/strong> lasten <strong>autoimmuunisairauksien<\/strong> ja ADHD:n <strong>oireita<\/strong>.<\/span><br \/>\n<span style=\"color: #000000\"> \ud83d\udc9a Ne kosteuttavat ihoamme ja hiuksiamme luonnollisesti ja antavat niille terveen ulkon\u00e4\u00f6n.<\/span><br \/>\n<span style=\"color: #000000\"> <strong>\ud83d\udc9a Ne v\u00e4hent\u00e4v\u00e4t tulehduksia; ne<\/strong> my\u00f6s lievitt\u00e4v\u00e4t iho-ongelmia, kuten ekseemaa, aknea, ruusufinni\u00e4 ja psoriaasia.<\/span><br \/>\n<span style=\"color: #000000\"> <strong> \ud83d\udc9a Ne mahdollistavat lihasten nopeamman palautumisen<\/strong> raskaan urheiluharjoittelun tai muun fyysisen toiminnan j\u00e4lkeen; ne my\u00f6s ehk\u00e4isev\u00e4t lihasten tuhoutumista ja samalla lis\u00e4\u00e4v\u00e4t rasvavarastojen h\u00e4vi\u00e4mist\u00e4.<\/span><\/p>\n<h2><span style=\"color: #000000\">Miksi valita meid\u00e4n Omega 3 -kapseleemme?<\/span><\/h2>\n<p><span style=\"color: #000000\">Omega 3 -rasvahappojen nauttiminen on jo itsess\u00e4\u00e4n hyv\u00e4 sijoitus fyysiselle ja henkiselle terveydellemme. Mutta valitsemalla puhtaan ja mahdollisimman luonnollisen lis\u00e4ravinteen, kuten omamme, voimme hy\u00f6ty\u00e4 my\u00f6s muista eduista, esimerkiksi<\/span><\/p>\n<p><span style=\"color: #000000\"> \ud83d\udc9a Ravintolis\u00e4\u00e4 <strong>ei valmisteta tiivist\u00e4m\u00e4ll\u00e4 kala\u00f6ljy\u00e4<\/strong> ja lis\u00e4\u00e4m\u00e4ll\u00e4 keinotekoisia ainesosia. Meid\u00e4n ravintolis\u00e4mme on minimaalisesti k\u00e4sitelty, paljon luonnollisempi, ja kehomme hy\u00f6tyy helpommin sen hy\u00f6dyist\u00e4.<\/span><br \/>\n<span style=\"color: #000000\"> <strong> \ud83d\udc9a Ne ovat kapseleita ilman tyypillist\u00e4 makua ja hajua<\/strong>. Eiv\u00e4tk\u00e4 ne saa meit\u00e4 tuntemaan oloamme heikoksi.<\/span><br \/>\n<span style=\"color: #000000\"> \ud83d\udc9a Pienemm\u00e4t<strong>softgel-kapselit<\/strong> helpottavat nielemist\u00e4.<\/span><br \/>\n<span style=\"color: #000000\"> \ud83d\udc9a Ne sis\u00e4lt\u00e4v\u00e4t v\u00e4hint\u00e4\u00e4n <strong>90 % luonnollisia triglyseridej\u00e4<\/strong> ilman etyyliestereit\u00e4, joita muuten k\u00e4ytet\u00e4\u00e4n kala\u00f6ljyvahvisteiden valmistuksessa &#8211; n\u00e4in varmistetaan korkeammat DHA- ja EPA-pitoisuudet kuin tavanomaisessa kala\u00f6ljyss\u00e4. T\u00e4llainen ravintolis\u00e4 on keinotekoisesti parannettu ja siksi vaikeammin sulava, v\u00e4hemm\u00e4n luonnollinen ja pitk\u00e4n ajan kuluessa nautittuna jopa elimist\u00f6\u00e4 kuormittava.<\/span><br \/>\n<span style=\"color: #000000\"> \ud83d\udc9a \u00d6ljy on eritt\u00e4in<strong> puhdasta,<\/strong> valmistettu erityisell\u00e4 suodatus-, tislaus- ja jalostusprosessilla.<\/span><br \/>\n<span style=\"color: #000000\"> \ud83d\udc9a Sis\u00e4lt\u00e4\u00e4 v\u00e4hint\u00e4\u00e4n<strong> 65 % dokosaheksaeenihappoa (DHA) ja eikosapentaeenihappoa (EPA<\/strong>).<\/span><br \/>\n<span style=\"color: #000000\"> \ud83d\udc9a Tuotteeseen on lis\u00e4tty luonnollista antioksidanttia tokoferolin (E-vitamiini) muodossa kest\u00e4vyyden parantamiseksi.<\/span><br \/>\n<span style=\"color: #000000\"> \ud83d\udc9a\u00a0 Lis\u00e4ksi kala on pyydetty kest\u00e4v\u00e4n kalastuksen periaatteiden mukaisesti. Jokaisen toimittajan pakkaukseen on my\u00f6s merkitty j\u00e4ljitett\u00e4vyysnumero. My\u00f6s korkealaatuisten \u00f6ljyjen jatkuva saanti on taattu. Ne ovat jatkuvasti puhtaita, turvallisia ja h\u00e4iri\u00f6tt\u00f6mi\u00e4. Sitoutuminen tuotteiden puhtauteen, laatuun ja innovaatioihin takaa, ett\u00e4 tuotteet t\u00e4ytt\u00e4v\u00e4t alan korkeimmat turvallisuus-, j\u00e4ljitett\u00e4vyys- ja kest\u00e4vyysstandardit. V\u00e4himm\u00e4ism\u00e4\u00e4ritysrajat varmistavat, ett\u00e4 tuotteet t\u00e4ytt\u00e4v\u00e4t tai ylitt\u00e4v\u00e4t kaikki tunnetut maailmanlaajuiset puhtausnormit. Takaamme ehdoitta jokaisen tuotteen johdonmukaisuuden, turvallisuuden ja puhtauden.<\/span><\/p>\n<h2><span style=\"color: #000000\">S\u00e4ilytys ja varoitukset<\/span><\/h2>\n<p><span style=\"color: #000000\">S\u00e4ilyt\u00e4 viile\u00e4ss\u00e4 ja kuivassa paikassa enint\u00e4\u00e4n 25 \u00b0C. S\u00e4ilyt\u00e4 ravintolis\u00e4 lasten ulottumattomissa!<\/span><\/p>\n<p><span style=\"color: #000000\">Muista monipuolisen ruokavalion ja terveellisten el\u00e4m\u00e4ntapojen merkitys, ravintolis\u00e4 ei siis korvaa tasapainoista ja monipuolista ruokavaliota. Suositeltua p\u00e4ivitt\u00e4ist\u00e4 m\u00e4\u00e4r\u00e4\u00e4 tai annosta ei saa ylitt\u00e4\u00e4.<\/span><\/p>\n<h2>Pakkaus<\/h2>\n<p>L\u00e4p\u00e4isem\u00e4t\u00f6n vetoketjullinen pussi, jossa tuote s\u00e4ilytt\u00e4\u00e4 kaiken tuoreutensa ja arominsa. Pakkaus suojaa tuotetta valolta ja ilmalta, sill\u00e4 se koostuu useista suojakerroksista, jotka s\u00e4ilytt\u00e4v\u00e4t sis\u00e4ll\u00f6n ominaisuudet.<\/p>\n<p>Pakkaus on eritt\u00e4in k\u00e4yt\u00e4nn\u00f6llinen ja kierr\u00e4tett\u00e4v\u00e4.<\/p>\n<h2><span style=\"color: #000000\">Alkuper\u00e4<\/span><\/h2>\n<p><span style=\"color: #000000\">Norja<\/span>[\/vc_column_text][\/vc_column][\/vc_row]<\/p>\n<\/div>","protected":false},"excerpt":{"rendered":"<p>Omega-3-rasvahapoilla on ainakin kaksi t\u00e4rke\u00e4\u00e4 teht\u00e4v\u00e4\u00e4 kehossamme. Tutkimukset ovat osoittaneet, ett\u00e4 ne vaikuttavat syd\u00e4n- ja verisuonij\u00e4rjestelm\u00e4n moitteettomaan toimintaan ja v\u00e4hent\u00e4v\u00e4t tulehduksia. Omega-3-rasvahapot:<\/p>\n<p><span style=\"color: #000000\">\ud83d\udc9a <\/span>edist\u00e4v\u00e4t syd\u00e4men ja syd\u00e4n- ja verisuonij\u00e4rjestelm\u00e4n normaalia toimintaa, mukaan lukien syd\u00e4men sykkeen s\u00e4\u00e4teleminen sek\u00e4 verenpaineen ja kolesterolin s\u00e4\u00e4tely,<br \/>\n<span style=\"color: #000000\">\ud83d\udc9a <\/span>edist\u00e4v\u00e4t aivojen normaalin toiminnan yll\u00e4pit\u00e4mist\u00e4, mukaan lukien muistin toimintaa sek\u00e4 mielialan ja tunnetasapainon s\u00e4\u00e4tely\u00e4,<br \/>\n<span style=\"color: #000000\">\ud83d\udc9a <\/span>edist\u00e4v\u00e4t veren normaalin triglyseridipitoisuuden yll\u00e4pit\u00e4mist\u00e4,<br \/>\n<span style=\"color: #000000\">\ud83d\udc9a <\/span>edist\u00e4v\u00e4t immuunij\u00e4rjestelm\u00e4n asianmukaista toimintaa,<br \/>\n<span style=\"color: #000000\">\ud83d\udc9a <\/span>v\u00e4hent\u00e4\u00e4 tulehdusta.<\/p>\n","protected":false},"featured_media":6328,"comment_status":"open","ping_status":"closed","template":"","meta":{"_acf_changed":false},"product_brand":[],"product_cat":[15,225,229,224],"product_tag":[],"class_list":{"0":"post-6327","1":"product","2":"type-product","3":"status-publish","4":"has-post-thumbnail","6":"product_cat-uncategorized","7":"product_cat-kaikki-tuotteet","8":"product_cat-mineraalit-ja-vitamiinit","9":"product_cat-tarjous","11":"first","12":"instock","13":"taxable","14":"shipping-taxable","15":"purchasable","16":"product-type-simple"},"acf":[],"_links":{"self":[{"href":"https:\/\/fengchashop.com\/fi\/wp-json\/wp\/v2\/product\/6327","targetHints":{"allow":["GET"]}}],"collection":[{"href":"https:\/\/fengchashop.com\/fi\/wp-json\/wp\/v2\/product"}],"about":[{"href":"https:\/\/fengchashop.com\/fi\/wp-json\/wp\/v2\/types\/product"}],"replies":[{"embeddable":true,"href":"https:\/\/fengchashop.com\/fi\/wp-json\/wp\/v2\/comments?post=6327"}],"wp:featuredmedia":[{"embeddable":true,"href":"https:\/\/fengchashop.com\/fi\/wp-json\/wp\/v2\/media\/6328"}],"wp:attachment":[{"href":"https:\/\/fengchashop.com\/fi\/wp-json\/wp\/v2\/media?parent=6327"}],"wp:term":[{"taxonomy":"product_brand","embeddable":true,"href":"https:\/\/fengchashop.com\/fi\/wp-json\/wp\/v2\/product_brand?post=6327"},{"taxonomy":"product_cat","embeddable":true,"href":"https:\/\/fengchashop.com\/fi\/wp-json\/wp\/v2\/product_cat?post=6327"},{"taxonomy":"product_tag","embeddable":true,"href":"https:\/\/fengchashop.com\/fi\/wp-json\/wp\/v2\/product_tag?post=6327"}],"curies":[{"name":"wp","href":"https:\/\/api.w.org\/{rel}","templated":true}]}}