{"id":6307,"date":"2022-03-10T18:57:47","date_gmt":"2022-03-10T17:57:47","guid":{"rendered":"https:\/\/fengchashop.com\/fi\/product\/kookosmaitojauhe-bio-250-g\/"},"modified":"2026-04-30T12:34:25","modified_gmt":"2026-04-30T10:34:25","slug":"kookosmaitojauhe-bio","status":"publish","type":"product","link":"https:\/\/fengchashop.com\/fi\/product\/kookosmaitojauhe-bio\/","title":{"rendered":"Kookosmaitojauhe BIO 250 g"},"content":{"rendered":"<h2><span style=\"color: #000000\">Orgaaninen kookosmaitojauhe<\/span><\/h2>\n<p><span style=\"color: #000000\">Kookosmaitojauhe on yksi aasialaisen ruokavalion t\u00e4rkeimmist\u00e4 ruoka-aineista ja <strong>erinomainen korvike laktoosia sis\u00e4lt\u00e4v\u00e4lle maidolle<\/strong>, jolle yh\u00e4 useammat ihmiset ovat allergisia.<\/span><\/p>\n<p><span style=\"color: #000000\"><strong>Kookosmaitojauhe sis\u00e4lt\u00e4\u00e4 noin 60 % kookosrasvaa ja useita ihmiskeholle hy\u00f6dyllisi\u00e4 vaikuttavia aineita:<\/strong><\/span><\/p>\n<p><span style=\"color: #000000\"> \ud83d\udc9a <strong>runsaasti rautaa<\/strong>, joka on punasolujen p\u00e4\u00e4komponentti,<\/span><br \/>\n<span style=\"color: #000000\"> <strong>\ud83d\udc9a hy\u00f6dyllisi\u00e4 tyydyttym\u00e4tt\u00f6mi\u00e4 omega-3-rasvoja<\/strong>, jotka auttavat s\u00e4\u00e4telem\u00e4\u00e4n veren kolesterolia,<\/span><br \/>\n<span style=\"color: #000000\"> <strong>\ud83d\udc9a lauriini-, kapryyli- ja kapriinirasvahappoja<\/strong>, jotka tunnetaan sieni-, bakteeri- ja virusl\u00e4\u00e4kkeist\u00e4\u00e4n.<\/span><\/p>\n<h2><span style=\"color: #000000\">Kookosmaitojauhe on erinomainen lis\u00e4 ruokiin tai luonnonkosmetiikan ainesosaksi.<\/span><\/h2>\n<p><span style=\"color: #000000\">Kookosmaitojauhe valmistetaan kuivaamalla kookosmaitoa, joka puolestaan valmistetaan kookosraasteesta. Koska kookosmaito sis\u00e4lt\u00e4\u00e4 runsaasti rasvaa, se sekoitetaan yleens\u00e4 t\u00e4rkkelykseen, jonka ymp\u00e4rille rasva tarttuu, jolloin muodostuu kookosmaitojauhe. Se on v\u00e4ltt\u00e4m\u00e4t\u00f6n kulinaarinen ainesosa aasialaisessa keitti\u00f6ss\u00e4 kastikkeissa, keitoissa ja j\u00e4lkiruoissa, ja sit\u00e4 k\u00e4ytet\u00e4\u00e4n my\u00f6s luonnonkosmetiikassa, sill\u00e4 siin\u00e4 on ihania ainesosia, joilla on suotuisa vaikutus ihoon. Jauhe sekoitetaan yksinkertaisesti veteen, jolloin saadaan kookosmaitoa tai kookoskermaa, tai sit\u00e4 voidaan lis\u00e4t\u00e4 suoraan ruokiin niiden maustamiseksi.<\/span><\/p>\n<h2><span style=\"color: #000000\">Pakkaus<\/span><\/h2>\n<p><span style=\"color: #000000\">L\u00e4p\u00e4isem\u00e4t\u00f6n vetoketjullinen pussi tai laatikko, jossa tuote s\u00e4ilytt\u00e4\u00e4 kaiken tuoreutensa ja arominsa. Pakkaus suojaa valolta ja ilmalta. Se koostuu useista suojakerroksista tuotteen ominaisuuksien s\u00e4ilytt\u00e4miseksi.<\/span><\/p>\n<p><span style=\"color: #000000\">Pakkaus on eritt\u00e4in k\u00e4yt\u00e4nn\u00f6llinen ja kierr\u00e4tett\u00e4v\u00e4.<\/span><\/p>\n<h2><span style=\"color: #000000\">Alkuper\u00e4<\/span><\/h2>\n<p><span style=\"color: #000000\">Vietnam<\/span><\/p>\n","protected":false},"excerpt":{"rendered":"<p>Kookosmaitojauhe on yksi aasialaisen ruokavalion t\u00e4rkeimmist\u00e4 ruoka-aineista ja erinomainen laktoosipitoisen maidon korvike. Kookosmaitojauhe sis\u00e4lt\u00e4\u00e4 noin 60 % kookosrasvaa ja useita ihmiskeholle hy\u00f6dyllisi\u00e4 aktiivisia aineita:<\/p>\n<p><span style=\"color: #000000\">\ud83d\udc9a <\/span>runsaasti rautaa, joka on punasolujen p\u00e4\u00e4komponentti,<br \/>\n<span style=\"color: #000000\">\ud83d\udc9a <\/span>hy\u00f6dyllisi\u00e4 tyydyttym\u00e4tt\u00f6mi\u00e4 omega-3-rasvoja, jotka auttavat s\u00e4\u00e4telem\u00e4\u00e4n veren kolesterolia,<br \/>\n<span style=\"color: #000000\">\ud83d\udc9a <\/span>lauriini-, kapryyli- ja kapriinirasvahappoja, jotka tunnetaan sieni-, bakteeri- ja virusl\u00e4\u00e4kkeist\u00e4\u00e4n.<\/p>\n","protected":false},"featured_media":6308,"comment_status":"open","ping_status":"closed","template":"","meta":{"_acf_changed":false},"product_brand":[],"product_cat":[15,235],"product_tag":[],"class_list":{"0":"post-6307","1":"product","2":"type-product","3":"status-publish","4":"has-post-thumbnail","6":"product_cat-uncategorized","7":"product_cat-teeta-ruokaa-ja-mausteita","9":"first","10":"instock","11":"taxable","12":"shipping-taxable","13":"purchasable","14":"product-type-simple"},"acf":[],"_links":{"self":[{"href":"https:\/\/fengchashop.com\/fi\/wp-json\/wp\/v2\/product\/6307","targetHints":{"allow":["GET"]}}],"collection":[{"href":"https:\/\/fengchashop.com\/fi\/wp-json\/wp\/v2\/product"}],"about":[{"href":"https:\/\/fengchashop.com\/fi\/wp-json\/wp\/v2\/types\/product"}],"replies":[{"embeddable":true,"href":"https:\/\/fengchashop.com\/fi\/wp-json\/wp\/v2\/comments?post=6307"}],"wp:featuredmedia":[{"embeddable":true,"href":"https:\/\/fengchashop.com\/fi\/wp-json\/wp\/v2\/media\/6308"}],"wp:attachment":[{"href":"https:\/\/fengchashop.com\/fi\/wp-json\/wp\/v2\/media?parent=6307"}],"wp:term":[{"taxonomy":"product_brand","embeddable":true,"href":"https:\/\/fengchashop.com\/fi\/wp-json\/wp\/v2\/product_brand?post=6307"},{"taxonomy":"product_cat","embeddable":true,"href":"https:\/\/fengchashop.com\/fi\/wp-json\/wp\/v2\/product_cat?post=6307"},{"taxonomy":"product_tag","embeddable":true,"href":"https:\/\/fengchashop.com\/fi\/wp-json\/wp\/v2\/product_tag?post=6307"}],"curies":[{"name":"wp","href":"https:\/\/api.w.org\/{rel}","templated":true}]}}