{"id":6303,"date":"2022-03-10T18:14:36","date_gmt":"2022-03-10T17:14:36","guid":{"rendered":"https:\/\/fengchashop.com\/fi\/product\/tulsi-jauhe-bio-250-g\/"},"modified":"2026-04-29T20:12:12","modified_gmt":"2026-04-29T18:12:12","slug":"tulsi-jauhe-bio","status":"publish","type":"product","link":"https:\/\/fengchashop.com\/fi\/product\/tulsi-jauhe-bio\/","title":{"rendered":"Tulsi jauhe BIO 250 g"},"content":{"rendered":"<div class=\"wpb-content-wrapper\"><p>[vc_row][vc_column][vc_column_text css=&#8221;&#8221;]<\/p>\n<h2><span style=\"color: #000000\">Tulsi jauhe BIO<\/span><\/h2>\n<p><span style=\"color: #000000\">Tulsi tunnetaan my\u00f6s nimell\u00e4 <strong>villi tai pyh\u00e4 basilika<\/strong>. Sen latinankielinen nimi on Ocimum Sanctum. Se on eritt\u00e4in kunnioitettu yrtti Ayurveda-opissa, jota hindut palvovat erityisseremonioissa ja jota on k\u00e4ytetty yli 5000 vuotta<strong> parantavana balsamina keholle, mielelle ja hengelle<\/strong>. Sit\u00e4 k\u00e4ytet\u00e4\u00e4n yleisimmin teen valmistukseen. Sit\u00e4 k\u00e4ytet\u00e4\u00e4n kuitenkin usein my\u00f6s mausteena (mausteena) erilaisissa ruokalajeissa. Sit\u00e4 k\u00e4ytet\u00e4\u00e4n my\u00f6s ihon ja hiusten kosmetiikkatuotteissa, sill\u00e4 se puhdistaa ihoa ja on luonnollinen antiseptinen aine, mik\u00e4 tarkoittaa, ett\u00e4 se tuhoaa ja est\u00e4\u00e4 mikro-organismien kehittymist\u00e4 iholla. N\u00e4in voidaan rajoittaa ja ehk\u00e4ist\u00e4 infektioita. Koska se on t\u00e4ysin luonnollinen, sit\u00e4 voidaan k\u00e4ytt\u00e4\u00e4 my\u00f6s iholla, jota vaivaa rengasmato, ekseema, n\u00e4ppyl\u00e4t, pinnalliset haavat jne.<\/span><\/p>\n<p><span style=\"color: #000000\">Tulsijauheella on eritt\u00e4in voimakas tuoksu, kirpe\u00e4 ja karvas maku sek\u00e4 vaaleanvihre\u00e4 v\u00e4ri.<\/span><\/p>\n<p><strong><span style=\"color: #000000\">Pyh\u00e4n basilikan t\u00e4rkeimm\u00e4t ainesosat toimivat tehokkaasti:<\/span><\/strong><\/p>\n<p><span style=\"color: #000000\"> \ud83d\udc9a Tulehduskipul\u00e4\u00e4kkein\u00e4,<\/span><br \/>\n<span style=\"color: #000000\"> \ud83d\udc9a kuumetta ehk\u00e4isev\u00e4 (antipyreettinen)<\/span><br \/>\n<span style=\"color: #000000\"> \ud83d\udc9a analgeettinen (kipua lievitt\u00e4v\u00e4),<\/span><br \/>\n<span style=\"color: #000000\"> \ud83d\udc9a antimikrobinen,<\/span><br \/>\n<span style=\"color: #000000\"> \ud83d\udc9a antifungaalinen,<\/span><br \/>\n<span style=\"color: #000000\"> \ud83d\udc9a diaforetisoiva (lis\u00e4\u00e4 hikoilua).<\/span><\/p>\n<h2><span style=\"color: #000000\">Mitk\u00e4 ovat Tulsi-kuningatar-kasvin t\u00e4rkeimm\u00e4t vaikutukset ihmisen terveyteen?<\/span><\/h2>\n<p><span style=\"color: #000000\">Tulsilla on<strong> adaptogeenisten ominaisuuksiensa<\/strong> ansiosta kyky <strong>lis\u00e4t\u00e4 elinvoimaa ja voimaa<\/strong>, sill\u00e4 se torjuu menestyksekk\u00e4\u00e4sti stressi\u00e4, traumoja, ahdistusta, masennusta ja fyysist\u00e4 v\u00e4symyst\u00e4. Se poistaa ylim\u00e4\u00e4r\u00e4ist\u00e4 ilmaa suolistosta, <strong>poistaa vatsavaivoja, parantaa ruoansulatusta<\/strong> ja aiheuttaa ravintoaineiden paremman imeytymisen. Se lis\u00e4\u00e4<strong> kest\u00e4vyytt\u00e4, elinvoimaa ja vahvistaa hermostoa<\/strong>. Erinomainen p\u00e4\u00e4ns\u00e4rkyyn, niveltulehdukseen ja reumaan.<\/span><\/p>\n<p><span style=\"color: #000000\">Tulsi on<strong> runsas antioksidanttien l\u00e4hde<\/strong>, joka suojaa kehoa vapailta radikaaleilta ja hapettumiselta. Se sis\u00e4lt\u00e4\u00e4 my\u00f6s kuparin orgaanisia muotoja, jotka ovat v\u00e4ltt\u00e4m\u00e4tt\u00f6mi\u00e4 elimist\u00f6lle raudan imeytymiselle. Tulsia pidet\u00e4\u00e4n yleisesti turvallisena yrttin\u00e4.<\/span><\/p>\n<p><span style=\"color: #000000\"><strong>&#8221;Kaikkien luonnon l\u00e4\u00e4kkeiden \u00e4iti<\/strong>&#8221;, kuten sit\u00e4 usein kutsutaan, vaikuttaa my\u00f6nteisesti my\u00f6s immuunij\u00e4rjestelm\u00e4\u00e4mme, auttaa hengitystieinfektioissa, puhdistaa verta ja nopeuttaa haavojen paranemista. Se auttaa laihtumaan ja yll\u00e4pit\u00e4m\u00e4\u00e4n painoa tehostamalla aineenvaihduntaa. Se parantaa muistia, keskittymiskyky\u00e4 ja aivojen terveytt\u00e4. Se my\u00f6s ehk\u00e4isee hiustenl\u00e4ht\u00f6\u00e4 ja pit\u00e4\u00e4 hiukset hyv\u00e4nn\u00e4k\u00f6isin\u00e4.<\/span><\/p>\n<h2><span style=\"color: #000000\">Varastointi ja varoitukset<\/span><\/h2>\n<p><span style=\"color: #000000\">S\u00e4ilyt\u00e4 viile\u00e4ss\u00e4, kuivassa paikassa enint\u00e4\u00e4n 25 \u00b0C. S\u00e4ilyt\u00e4 ravintolis\u00e4 lasten ulottumattomissa!<\/span><\/p>\n<p><span style=\"color: #000000\">Muista monipuolisen ruokavalion ja terveellisten el\u00e4m\u00e4ntapojen merkitys, ravintolis\u00e4 ei siis korvaa tasapainoista ja monipuolista ruokavaliota. Suositeltua p\u00e4ivitt\u00e4ist\u00e4 m\u00e4\u00e4r\u00e4\u00e4 tai annosta ei saa ylitt\u00e4\u00e4. Raskaana olevia ja imett\u00e4vi\u00e4 naisia kehotetaan aina neuvottelemaan l\u00e4\u00e4k\u00e4rin kanssa ennen k\u00e4ytt\u00f6\u00e4.<\/span><\/p>\n<h2><span style=\"color: #000000\">Pakkaus<\/span><\/h2>\n<p><span style=\"color: #000000\">L\u00e4p\u00e4isem\u00e4t\u00f6n vetoketjullinen pussi, jossa tuote s\u00e4ilytt\u00e4\u00e4 kaiken tuoreutensa ja arominsa. Pakkaus suojaa tuotetta valolta ja ilmalta, sill\u00e4 se koostuu useista suojakerroksista, jotka s\u00e4ilytt\u00e4v\u00e4t sis\u00e4ll\u00f6n ominaisuudet.<\/span><\/p>\n<p><span style=\"color: #000000\">Pakkaus on eritt\u00e4in k\u00e4yt\u00e4nn\u00f6llinen ja kierr\u00e4tett\u00e4v\u00e4.<\/span><\/p>\n<h2><span style=\"color: #000000\">Alkuper\u00e4<\/span><\/h2>\n<p><span style=\"color: #000000\">Intia<\/span>[\/vc_column_text][\/vc_column][\/vc_row]<\/p>\n<\/div>","protected":false},"excerpt":{"rendered":"<p>Tulsi tunnetaan my\u00f6s nimell\u00e4 villi tai pyh\u00e4 basilika. Sen latinankielinen nimi on Ocimum Sanctum. Se on eritt\u00e4in kunnioitettu yrtti ayurveda-opissa, jota hindut palvovat erityisseremonioissa ja jota on k\u00e4ytetty yli 5000 vuoden ajan parantavana balsamina keholle, mielelle ja hengelle. Pyh\u00e4n basilikan t\u00e4rkeimm\u00e4t ainesosat toimivat tehokkaasti:<\/p>\n<p>\ud83d\udc9a Tulehduskipul\u00e4\u00e4kkein\u00e4,<br \/>\n\ud83d\udc9a kuumetta ehk\u00e4isev\u00e4 (antipyretic)<br \/>\n\ud83d\udc9a analgeettisesti (kipul\u00e4\u00e4kkeet),<br \/>\n\ud83d\udc9a antimikrobinen,<br \/>\n\ud83d\udc9a sienil\u00e4\u00e4kkeet,<br \/>\n\ud83d\udc9a diaphoretic (lis\u00e4\u00e4v\u00e4t hikoilua).<\/p>\n","protected":false},"featured_media":6304,"comment_status":"open","ping_status":"closed","template":"","meta":{"_acf_changed":false},"product_brand":[],"product_cat":[15,225,230,224],"product_tag":[],"class_list":{"0":"post-6303","1":"product","2":"type-product","3":"status-publish","4":"has-post-thumbnail","6":"product_cat-uncategorized","7":"product_cat-kaikki-tuotteet","8":"product_cat-superruoka","9":"product_cat-tarjous","11":"first","12":"instock","13":"sale","14":"taxable","15":"shipping-taxable","16":"purchasable","17":"product-type-simple"},"acf":[],"_links":{"self":[{"href":"https:\/\/fengchashop.com\/fi\/wp-json\/wp\/v2\/product\/6303","targetHints":{"allow":["GET"]}}],"collection":[{"href":"https:\/\/fengchashop.com\/fi\/wp-json\/wp\/v2\/product"}],"about":[{"href":"https:\/\/fengchashop.com\/fi\/wp-json\/wp\/v2\/types\/product"}],"replies":[{"embeddable":true,"href":"https:\/\/fengchashop.com\/fi\/wp-json\/wp\/v2\/comments?post=6303"}],"wp:featuredmedia":[{"embeddable":true,"href":"https:\/\/fengchashop.com\/fi\/wp-json\/wp\/v2\/media\/6304"}],"wp:attachment":[{"href":"https:\/\/fengchashop.com\/fi\/wp-json\/wp\/v2\/media?parent=6303"}],"wp:term":[{"taxonomy":"product_brand","embeddable":true,"href":"https:\/\/fengchashop.com\/fi\/wp-json\/wp\/v2\/product_brand?post=6303"},{"taxonomy":"product_cat","embeddable":true,"href":"https:\/\/fengchashop.com\/fi\/wp-json\/wp\/v2\/product_cat?post=6303"},{"taxonomy":"product_tag","embeddable":true,"href":"https:\/\/fengchashop.com\/fi\/wp-json\/wp\/v2\/product_tag?post=6303"}],"curies":[{"name":"wp","href":"https:\/\/api.w.org\/{rel}","templated":true}]}}