{"id":6289,"date":"2022-03-10T10:15:47","date_gmt":"2022-03-10T09:15:47","guid":{"rendered":"https:\/\/fengchashop.com\/fi\/product\/goji-marjat-bio-500-g\/"},"modified":"2026-04-30T14:25:06","modified_gmt":"2026-04-30T12:25:06","slug":"goji-marjat-bio","status":"publish","type":"product","link":"https:\/\/fengchashop.com\/fi\/product\/goji-marjat-bio\/","title":{"rendered":"Goji marjat BIO 500 g"},"content":{"rendered":"<h2><span style=\"color: #000000\">Goji marjat BIO<\/span><\/h2>\n<p><span style=\"color: #000000\">Goji-marjat, joita joskus kutsutaan my\u00f6s sudenmarjoiksi, punaisiksi timanteiksi tai avioliittoviiniksi, ovat supermarjoja, jotka kasvavat korkeassa kiinalaisessa pensaassa. Ne muistuttavat muodoltaan eniten granaattiomenaa. Aikaisemmin niit\u00e4 pidettiin Kiinassa supervoimakkaana hedelm\u00e4n\u00e4, ja niit\u00e4 k\u00e4ytettiin kuninkaiden parantamiseen ja sotureiden ravitsemiseen ennen taisteluita.<strong> Perinteisess\u00e4 kiinalaisessa l\u00e4\u00e4ketieteess\u00e4, jossa niit\u00e4 on k\u00e4ytetty yli 2500 vuotta<\/strong>, niiden uskotaan parantavan diabetesta, korkeaa verenpainetta sek\u00e4 maksa- ja munuaissairauksia. Niit\u00e4 k\u00e4ytet\u00e4\u00e4n my\u00f6s lis\u00e4\u00e4m\u00e4\u00e4n energiaa ja libidoa. My\u00f6s muita kasvin osia, kuten siemeni\u00e4, kukkia, juuria ja lehti\u00e4, k\u00e4ytet\u00e4\u00e4n l\u00e4\u00e4kinn\u00e4llisiin tarkoituksiin.<\/span><\/p>\n<p><span style=\"color: #000000\"> <strong>Li Quing Yuenin<\/strong> kerrotaan k\u00e4ytt\u00e4neen goji-marjoja s\u00e4\u00e4nn\u00f6llisesti teen muodossa ginsengin ja reishi-sienien lis\u00e4ksi. Koko historian parhaiten dokumentoitu esimerkki pitk\u00e4ik\u00e4isyydest\u00e4 on kiinalainen mies, jonka kerrotaan el\u00e4neen 256 vuotta.<\/span><\/p>\n<p><span style=\"color: #000000\"><strong>Nykyaikaiset tutkimukset osoittavat, ett\u00e4 goji-marjat ovat todella hyvi\u00e4 vahvistamaan koko kehoa<\/strong>, ja ne ovat my\u00f6s hyv\u00e4ksi terveydellemme.<strong> Niiss\u00e4 on<\/strong> eritt\u00e4in<strong> runsaasti antioksidantteja<\/strong>, joilla on osoitettu olevan my\u00f6nteinen vaikutus meihin, sill\u00e4 ne suojaavat meit\u00e4 hapettumisstressilt\u00e4, joka on usein nykyajan sairauksien syyn\u00e4.<\/span><\/p>\n<p><span style=\"color: #000000\">Niiden sanotaan sis\u00e4lt\u00e4v\u00e4n huomattavasti enemm\u00e4n beetakaroteenia (A-vitamiinin provitamiini) kuin mik\u00e4\u00e4n muu kasvi, jota on viel\u00e4 l\u00f6ydetty tai tutkittu. Keho syntetisoi sit\u00e4 A-vitamiiniksi (rethionoliksi), joka on vastuussa normaalista kasvusta, normaalista n\u00e4k\u00f6kyvyst\u00e4, rauta-aineenvaihdunnasta ja normaalista immuunij\u00e4rjestelm\u00e4n toiminnasta. Se on t\u00e4rke\u00e4\u00e4 my\u00f6s raskauden aikana ja ennen raskautta, sill\u00e4 se tukee lis\u00e4\u00e4ntymist\u00e4 ja vaikuttaa solujen ja kudosten kehitykseen. Tutkimukset osoittavat, ett\u00e4 on hy\u00f6dyllisemp\u00e4\u00e4 ja elimist\u00f6lle edullisempaa ottaa beetakaroteeneja (erityisesti ravinnon kautta), jotka elimist\u00f6 muuntaa retinoliksi, kuin pelkk\u00e4\u00e4 retinolia, joka on el\u00e4inper\u00e4ist\u00e4 A-vitamiinia. Ne sis\u00e4lt\u00e4v\u00e4t my\u00f6s v\u00e4hint\u00e4\u00e4n kolme kertaa enemm\u00e4n antioksidantteja kuin mustikat.<\/span><\/p>\n<p><strong><span style=\"color: #000000\">Pienet punaiset hedelm\u00e4t sis\u00e4lt\u00e4v\u00e4t siis:<\/span><\/strong><\/p>\n<p><span style=\"color: #000000\"> \ud83d\udc9a\u00a0 uskomattomia luonnollisia aktiivisia ainesosia,<\/span><br \/>\n<span style=\"color: #000000\"> \ud83d\udc9a\u00a0 karotenoideja, polyfenoleja, proteiineja,<\/span><br \/>\n<span style=\"color: #000000\"> \ud83d\udc9a\u00a0 polysakkarideja, jotka vahvistavat immuunij\u00e4rjestelm\u00e4\u00e4, lis\u00e4\u00e4v\u00e4t mineraalien imeytymist\u00e4 ja lis\u00e4\u00e4v\u00e4t elinvoimaa,<\/span><br \/>\n<span style=\"color: #000000\"> \ud83d\udc9a\u00a0 C-, B- ja E-vitamiinit,<\/span><br \/>\n<span style=\"color: #000000\"> \ud83d\udc9a\u00a0 luteiinia ja zeaksantiinia, jotka vahvistavat n\u00e4k\u00f6kyky\u00e4 ja ehk\u00e4isev\u00e4t sen heikkenemist\u00e4,<\/span><br \/>\n<span style=\"color: #000000\"> \ud83d\udc9a\u00a0 antioksidantit hyv\u00e4n terveyden ja nuorekkaan ulkon\u00e4\u00f6n takaamiseksi,<\/span><br \/>\n<span style=\"color: #000000\"> \ud83d\udc9a\u00a0 muita vitamiineja, jotka torjuvat monia sairauksia.<\/span><\/p>\n<p><span style=\"color: #000000\">Goji-marjojen <strong>on osoitettu vahvistavan immuunij\u00e4rjestelm\u00e4\u00e4.<\/strong> Niill\u00e4 on my\u00f6s <strong>positiivinen vaikutus libidoon ja seksuaaliseen potenssiin<\/strong>. Yh\u00e4 useammin ne liitet\u00e4\u00e4n my\u00f6s <strong>nopeaan aineenvaihduntaan, parempaan hyvinvointiin, v\u00e4h\u00e4isemp\u00e4\u00e4n yleiseen v\u00e4symykseen ja lis\u00e4\u00e4ntyneeseen elinvoimaisuuteen.<\/strong><\/span><\/p>\n<p><span style=\"color: #000000\">Goji-marjamme ovat <strong>luonnonmukaisesti viljeltyj\u00e4<\/strong>. Kuivatut hedelm\u00e4t ovat rakenteeltaan hieman kosteita &#8211; pehmeit\u00e4 ja pureskeltavia, mik\u00e4 tekee niist\u00e4 ensiluokkaista ruokaa. Mansikat ovat eritt\u00e4in maukkaita. Ne ovat suurempia ja makeamman makuisia. Ne parantavat ruokien ravintoarvoa ja tuovat makean lis\u00e4n. Maku ei ole liian voimakas, mink\u00e4 vuoksi niit\u00e4 on helppo sis\u00e4llytt\u00e4\u00e4 jokap\u00e4iv\u00e4isiin aterioihin.<\/span><\/p>\n<h2><span style=\"color: #000000\">Kenelle ne sopivat?<\/span><\/h2>\n<p><span style=\"color: #000000\">Goji-marjoja voi nauttia v\u00e4lipalana tai osana monipuolista terveellist\u00e4 ruokavaliota. Monet my\u00f6nteiset vaikutukset ja aktiiviset ainesosat h\u00e4mm\u00e4stytt\u00e4v\u00e4t edelleen tutkijoita, jotka kiinnitt\u00e4v\u00e4t niihin jatkuvasti huomiota. Niinp\u00e4 mansikoiden viljelyyn:<\/span><\/p>\n<p><span style=\"color: #000000\"> \ud83d\udc9a\u00a0 s\u00e4\u00e4telev\u00e4t <strong>korkean verenpaineen ja huonon kolesterolin<\/strong> ongelmia;<\/span><br \/>\n<span style=\"color: #000000\"> \ud83d\udc9a s<strong>\u00e4\u00e4telev\u00e4t ruoansulatusta, vaikuttavat em\u00e4ksisesti<\/strong> ja vaikuttavat laihtumiseen;<\/span><br \/>\n<span style=\"color: #000000\"> <strong> \ud83d\udc9a\u00a0 kosteuttavat<\/strong> kehoa;<\/span><br \/>\n<span style=\"color: #000000\"> \ud83d\udc9a\u00a0 parantaa<strong> ihon kuntoa<\/strong>;<\/span><br \/>\n<span style=\"color: #000000\">\ud83d\udc9a\u00a0 Vahvistaa<strong> immuunij\u00e4rjestelm\u00e4\u00e4<\/strong>;<\/span><br \/>\n<span style=\"color: #000000\"> \ud83d\udc9a\u00a0 on<strong>adaptogeeninen<\/strong> vaikutus;<\/span><br \/>\n<span style=\"color: #000000\"><strong> \ud83d\udc9a s\u00e4\u00e4telev\u00e4t verensokeritasoja<\/strong>.<\/span><\/p>\n<h2><span style=\"color: #000000\">Varastointi<\/span><\/h2>\n<p><span style=\"color: #000000\">S\u00e4ilyt\u00e4 viile\u00e4ss\u00e4 ja kuivassa paikassa enint\u00e4\u00e4n 25 \u00b0C:n l\u00e4mp\u00f6tilassa. S\u00e4ilyt\u00e4 ravintolis\u00e4 lasten ulottumattomissa!<\/span><\/p>\n<p><span style=\"color: #000000\">Muista monipuolisen ruokavalion ja terveellisten el\u00e4m\u00e4ntapojen merkitys, ravintolis\u00e4 ei siis korvaa tasapainoista ja monipuolista ruokavaliota. Suositeltua p\u00e4ivitt\u00e4ist\u00e4 m\u00e4\u00e4r\u00e4\u00e4 tai annosta ei saa ylitt\u00e4\u00e4.<\/span><\/p>\n<h2><span style=\"color: #000000\">Pakkaus<\/span><\/h2>\n<p><span style=\"color: #000000\">L\u00e4p\u00e4isem\u00e4t\u00f6n vetoketjullinen pussi, jossa tuote s\u00e4ilytt\u00e4\u00e4 kaiken tuoreutensa ja arominsa. Pakkaus suojaa valolta ja ilmalta, sill\u00e4 se koostuu useista suojakerroksista, jotka s\u00e4ilytt\u00e4v\u00e4t sis\u00e4ll\u00f6n ominaisuudet.<\/span><\/p>\n<p><span style=\"color: #000000\">Pakkaus on eritt\u00e4in k\u00e4yt\u00e4nn\u00f6llinen ja kierr\u00e4tett\u00e4v\u00e4.<\/span><\/p>\n<h2><span style=\"color: #000000\">Alkuper\u00e4<\/span><\/h2>\n<p><span style=\"color: #000000\">Kiina. Meill\u00e4 on eritt\u00e4in luotettavia tavarantoimittajia, jotka l\u00e4hett\u00e4v\u00e4t meille yksityiskohtaisen kemiallisen analyysin elintarvikkeista jokaisesta er\u00e4st\u00e4. Yli kymmenen vuoden aikana meill\u00e4 ei ole ollut mink\u00e4\u00e4nlaisia palautuksia tai muita ongelmia t\u00e4m\u00e4n tuotteen tai muiden saman toimittajan tuotteiden kanssa. Tuote on 100-prosenttisesti sertifioitua luomua.<\/span><\/p>\n","protected":false},"excerpt":{"rendered":"<p>Goji-marjat, joita joskus kutsutaan sudenmarjoiksi, punaisiksi timanteiksi tai avioliittoviiniksi, ovat supermarjoja, jotka kasvavat korkeassa kiinalaisessa pensaassa. Aikaisemmin niit\u00e4 pidettiin Kiinassa supervoimakkaana hedelm\u00e4n\u00e4, ja niit\u00e4 k\u00e4ytettiin kuninkaiden parantamiseen ja sotureiden ravitsemiseen ennen taisteluita. Perinteisess\u00e4 kiinalaisessa l\u00e4\u00e4ketieteess\u00e4, jossa niit\u00e4 on k\u00e4ytetty yli 2500 vuotta, niiden uskotaan parantavan diabetesta, korkeaa verenpainetta sek\u00e4 maksa- ja munuaissairauksia. Niit\u00e4 k\u00e4ytet\u00e4\u00e4n my\u00f6s lis\u00e4\u00e4m\u00e4\u00e4n energiaa ja libidoa.<\/p>\n<p>\ud83d\udc9a Ne hallitsevat korkean verenpaineen ja huonon kolesterolin ongelmia.<br \/>\n\ud83d\udc9a Ne s\u00e4\u00e4telev\u00e4t ruoansulatusta, ovat em\u00e4ksisi\u00e4 ja vaikuttavat painonpudotukseen.<br \/>\n\ud83d\udc9a Ne kosteuttavat kehoa.<br \/>\n\ud83d\udc9a Ne parantavat ihon kuntoa.<br \/>\n\ud83d\udc9a Vahvistavat immuunij\u00e4rjestelm\u00e4\u00e4.<\/p>\n","protected":false},"featured_media":6290,"comment_status":"open","ping_status":"closed","template":"","meta":{"_acf_changed":false},"product_brand":[],"product_cat":[15,225,230,224],"product_tag":[],"class_list":{"0":"post-6289","1":"product","2":"type-product","3":"status-publish","4":"has-post-thumbnail","6":"product_cat-uncategorized","7":"product_cat-kaikki-tuotteet","8":"product_cat-superruoka","9":"product_cat-tarjous","11":"first","12":"instock","13":"taxable","14":"shipping-taxable","15":"purchasable","16":"product-type-simple"},"acf":[],"_links":{"self":[{"href":"https:\/\/fengchashop.com\/fi\/wp-json\/wp\/v2\/product\/6289","targetHints":{"allow":["GET"]}}],"collection":[{"href":"https:\/\/fengchashop.com\/fi\/wp-json\/wp\/v2\/product"}],"about":[{"href":"https:\/\/fengchashop.com\/fi\/wp-json\/wp\/v2\/types\/product"}],"replies":[{"embeddable":true,"href":"https:\/\/fengchashop.com\/fi\/wp-json\/wp\/v2\/comments?post=6289"}],"wp:featuredmedia":[{"embeddable":true,"href":"https:\/\/fengchashop.com\/fi\/wp-json\/wp\/v2\/media\/6290"}],"wp:attachment":[{"href":"https:\/\/fengchashop.com\/fi\/wp-json\/wp\/v2\/media?parent=6289"}],"wp:term":[{"taxonomy":"product_brand","embeddable":true,"href":"https:\/\/fengchashop.com\/fi\/wp-json\/wp\/v2\/product_brand?post=6289"},{"taxonomy":"product_cat","embeddable":true,"href":"https:\/\/fengchashop.com\/fi\/wp-json\/wp\/v2\/product_cat?post=6289"},{"taxonomy":"product_tag","embeddable":true,"href":"https:\/\/fengchashop.com\/fi\/wp-json\/wp\/v2\/product_tag?post=6289"}],"curies":[{"name":"wp","href":"https:\/\/api.w.org\/{rel}","templated":true}]}}