{"id":6264,"date":"2025-12-03T10:22:14","date_gmt":"2025-12-03T09:22:14","guid":{"rendered":"https:\/\/fengchashop.com\/fi\/product\/neem-jauhe-bio-250-g\/"},"modified":"2026-04-29T15:06:54","modified_gmt":"2026-04-29T13:06:54","slug":"neem-jauhe-bio","status":"publish","type":"product","link":"https:\/\/fengchashop.com\/fi\/product\/neem-jauhe-bio\/","title":{"rendered":"Neem-jauhe BIO 500 g"},"content":{"rendered":"<div class=\"wpb-content-wrapper\"><p>[vc_row][vc_column][vc_column_text css=&#8221;&#8221;]<\/p>\n<h2><span style=\"color: #000000\">Neem Orgaaninen jauhe<\/span><\/h2>\n<p><span style=\"color: #000000\">Neem on eritt\u00e4in ikivihre\u00e4, karvainen puu Intiasta (Azadirachta Indica). Slovenian kieless\u00e4 se tunnetaan nimell\u00e4<strong> intialainen laaksolilja<\/strong>. T\u00e4m\u00e4n ikivihre\u00e4n puun kaikki osat ovat k\u00e4ytt\u00f6kelpoisia; kuoresta, juurista, siemenist\u00e4, hedelmist\u00e4 lehtiin ja kukkiin. Se on ayurvedisessa kansanl\u00e4\u00e4kinn\u00e4ss\u00e4 yleisimmin k\u00e4ytetty yrtti, ja sit\u00e4 on k\u00e4ytetty l\u00e4\u00e4kinn\u00e4llisiin tarkoituksiin jo yli 2000 vuoden ajan.<\/span><\/p>\n<p><strong><span style=\"color: #000000\">Neemill\u00e4 sanotaan olevan suotuisa vaikutus yli 100 eri vaivaan, kuten:<\/span><\/strong><\/p>\n<p><span style=\"color: #000000\"> \ud83d\udc9a stimuloi kehon immuniteettia ja vaikuttaa my\u00f6nteisesti immuunij\u00e4rjestelm\u00e4\u00e4n,<\/span><br \/>\n<span style=\"color: #000000\"> \ud83d\udc9a puhdistaa verta ja detoksifioi kehoa,<\/span><br \/>\n<span style=\"color: #000000\">\ud83d\udc9a vaikuttaa suotuisasti ihoon, hiuksiin ja kynsiin,<\/span><br \/>\n<span style=\"color: #000000\">\ud83d\udc9a se lievitt\u00e4\u00e4 iho-ongelmia, kuten allergioita, psoriaasia, ekseemaa, aknea, avoimia haavoja,<\/span><br \/>\n<span style=\"color: #000000\">\ud83d\udc9a se on anti-inflammatorinen, antifungaalinen ja analgeettinen,<\/span><br \/>\n<span style=\"color: #000000\">\ud83d\udc9a lievitt\u00e4\u00e4 ja poistaa ruoansulatusongelmia,<\/span><br \/>\n<span style=\"color: #000000\">\ud83d\udc9a toimii luonnollisena desinfiointiaineena.<\/span><\/p>\n<p><span style=\"color: #000000\">Neem tunnetaan viime aikoina my\u00f6s <strong>luonnollisena karkotteena<\/strong> hy\u00f6nteisi\u00e4 ja muita tuholaisia vastaan.<\/span><\/p>\n<p><span style=\"color: #000000\">Neem-jauheemme on luonnonmukaisesti viljelty\u00e4, hienoksi jauhettua ja valmistettu vain hienoimmista ainesosista.<\/span><\/p>\n<h2><span style=\"color: #000000\">Miten neem toimii ja mihin ongelmiin se auttaa?<\/span><\/h2>\n<p><span style=\"color: #000000\">Ayurvediset parantajat ovat tunnistaneet, ett\u00e4 neem on tehokkaiden ainesosien aarreaitta monenlaisiin terveysongelmiin, mutta ei samalla aiheuta sivuvaikutuksia. Siksi se on yksi <strong>yleisimmin k\u00e4ytetyist\u00e4 intialaisista ayurvedisista yrteist\u00e4<\/strong>, ja se on yh\u00e4 useammin tieteellisen tutkimuksen kohteena. On osoitettu, ett\u00e4 sill\u00e4 voi olla suotuisa vaikutus moniin sairauksiin. Neem-\u00f6ljyst\u00e4 on l\u00f6ydetty erityisi\u00e4 yhdisteit\u00e4, joilla on suotuisa vaikutus erilaisiin terveysoireisiin. Se on <strong>anti-inflammatorinen<\/strong> kaikenlaisia mikrobeja vastaan ja auttaa siten my\u00f6s immuunij\u00e4rjestelm\u00e4\u00e4 <strong>puolustautumaan virus- ja bakteeri-infektioita vastaan<\/strong>. Koska se hillitsee onnistuneesti tulehdusta, se lievitt\u00e4\u00e4 my\u00f6s tulehdukseen liittyv\u00e4\u00e4 kipua (mukaan lukien krooniset sairaudet, kuten reuma tai niveltulehdus). Sill\u00e4 on hyvin laaja-alainen <strong>sienil\u00e4\u00e4kkeiden vaikutus<\/strong> ja se auttaa my\u00f6s torjumaan<strong> candidaa.<\/strong><\/span><\/p>\n<h2><span style=\"color: #000000\">Pakkaus<\/span><\/h2>\n<p><span style=\"color: #000000\">L\u00e4p\u00e4isem\u00e4t\u00f6n vetoketjullinen pussi, jossa tuote s\u00e4ilytt\u00e4\u00e4 kaiken tuoreutensa ja arominsa. Pakkaus suojaa valolta ja ilmalta, sill\u00e4 se koostuu useista suojakerroksista, jotka s\u00e4ilytt\u00e4v\u00e4t sis\u00e4ll\u00f6n ominaisuudet.<\/span><\/p>\n<p><span style=\"color: #000000\">Pakkaus on eritt\u00e4in k\u00e4yt\u00e4nn\u00f6llinen ja kierr\u00e4tett\u00e4v\u00e4.<\/span><\/p>\n<h2><span style=\"color: #000000\">Varastointi ja varoitukset<\/span><\/h2>\n<p><span style=\"color: #000000\">S\u00e4ilyt\u00e4 viile\u00e4ss\u00e4 ja kuivassa paikassa. S\u00e4ilytett\u00e4v\u00e4 lasten ulottumattomissa.<\/span><\/p>\n<p><span style=\"color: #000000\">Muista monipuolisen ruokavalion ja terveellisten el\u00e4m\u00e4ntapojen merkitys, ravintolis\u00e4 ei siis korvaa tasapainoista ja monipuolista ruokavaliota. Suositeltua p\u00e4ivitt\u00e4ist\u00e4 m\u00e4\u00e4r\u00e4\u00e4 tai annosta ei saa ylitt\u00e4\u00e4. Raskaana olevien ja imett\u00e4vien naisten ja miesten sek\u00e4 raskautta suunnittelevien naisten ei suositella k\u00e4ytt\u00e4v\u00e4n sit\u00e4, koska se toimii ehk\u00e4isyn\u00e4 sek\u00e4 naisille ett\u00e4 miehille.<\/span><\/p>\n<h2><span style=\"color: #000000\">Hyv\u00e4 tiet\u00e4\u00e4<\/span><\/h2>\n<p><span style=\"color: #000000\">Tuote sopii my\u00f6s el\u00e4imille. Kysy el\u00e4inl\u00e4\u00e4k\u00e4rilt\u00e4si ennen k\u00e4ytt\u00f6\u00e4, onko k\u00e4ytt\u00f6 suositeltavaa ja mik\u00e4 on suositeltu p\u00e4ivitt\u00e4inen m\u00e4\u00e4r\u00e4.<\/span><\/p>\n<h2><span style=\"color: #000000\">Alkuper\u00e4<\/span><\/h2>\n<p><span style=\"color: #000000\">Intia<\/span>[\/vc_column_text][\/vc_column][\/vc_row]<\/p>\n<\/div>","protected":false},"excerpt":{"rendered":"<p align=\"JUSTIFY\">Neem on eritt\u00e4in ikivihre\u00e4, n\u00e4ytt\u00e4v\u00e4 puu Intiasta (Azadirachta Indica). Slovenian kieless\u00e4 se tunnetaan nimell\u00e4 intialainen laaksonlilja T\u00e4m\u00e4n ikivihre\u00e4n puun kaikki osat ovat k\u00e4ytt\u00f6kelpoisia: kuori, juuret, siemenet, hedelm\u00e4t, lehdet ja kukat. Se on ayurvedisessa kansanl\u00e4\u00e4kinn\u00e4ss\u00e4 yleisimmin k\u00e4ytetty yrtti, ja sit\u00e4 on k\u00e4ytetty l\u00e4\u00e4kinn\u00e4llisiin tarkoituksiin jo yli 2000 vuotta.<\/p>\n<p align=\"JUSTIFY\">\ud83d\udc9a Se stimuloi elimist\u00f6n vastustuskyky\u00e4 ja vaikuttaa my\u00f6nteisesti immuunij\u00e4rjestelm\u00e4\u00e4n.<br \/>\n\ud83d\udc9a Puhdistaa verta ja detoksifioi kehoa.<br \/>\n\ud83d\udc9a Sill\u00e4 on suotuisa vaikutus ihoon, hiuksiin ja kynsiin.<br \/>\n\ud83d\udc9a Se on tulehdusta, sieni\u00e4 ja kipua lievitt\u00e4v\u00e4.<br \/>\n\ud83d\udc9a Se lievitt\u00e4\u00e4 ja poistaa ruoansulatusongelmia.<\/p>\n","protected":false},"featured_media":6265,"comment_status":"open","ping_status":"closed","template":"","meta":{"_acf_changed":false},"product_brand":[],"product_cat":[15,231,225,226,230,224],"product_tag":[],"class_list":{"0":"post-6264","1":"product","2":"type-product","3":"status-publish","4":"has-post-thumbnail","6":"product_cat-uncategorized","7":"product_cat-ayurveda","8":"product_cat-kaikki-tuotteet","9":"product_cat-myydyimmat","10":"product_cat-superruoka","11":"product_cat-tarjous","13":"first","14":"instock","15":"sale","16":"taxable","17":"shipping-taxable","18":"purchasable","19":"product-type-simple"},"acf":[],"_links":{"self":[{"href":"https:\/\/fengchashop.com\/fi\/wp-json\/wp\/v2\/product\/6264","targetHints":{"allow":["GET"]}}],"collection":[{"href":"https:\/\/fengchashop.com\/fi\/wp-json\/wp\/v2\/product"}],"about":[{"href":"https:\/\/fengchashop.com\/fi\/wp-json\/wp\/v2\/types\/product"}],"replies":[{"embeddable":true,"href":"https:\/\/fengchashop.com\/fi\/wp-json\/wp\/v2\/comments?post=6264"}],"wp:featuredmedia":[{"embeddable":true,"href":"https:\/\/fengchashop.com\/fi\/wp-json\/wp\/v2\/media\/6265"}],"wp:attachment":[{"href":"https:\/\/fengchashop.com\/fi\/wp-json\/wp\/v2\/media?parent=6264"}],"wp:term":[{"taxonomy":"product_brand","embeddable":true,"href":"https:\/\/fengchashop.com\/fi\/wp-json\/wp\/v2\/product_brand?post=6264"},{"taxonomy":"product_cat","embeddable":true,"href":"https:\/\/fengchashop.com\/fi\/wp-json\/wp\/v2\/product_cat?post=6264"},{"taxonomy":"product_tag","embeddable":true,"href":"https:\/\/fengchashop.com\/fi\/wp-json\/wp\/v2\/product_tag?post=6264"}],"curies":[{"name":"wp","href":"https:\/\/api.w.org\/{rel}","templated":true}]}}