{"id":6239,"date":"2022-03-03T20:45:27","date_gmt":"2022-03-03T19:45:27","guid":{"rendered":"https:\/\/fengchashop.com\/fi\/product\/chlorella-tabletit-bio-250-g\/"},"modified":"2026-04-13T11:35:36","modified_gmt":"2026-04-13T09:35:36","slug":"chlorella-tabletit-bio","status":"publish","type":"product","link":"https:\/\/fengchashop.com\/fi\/product\/chlorella-tabletit-bio\/","title":{"rendered":"Chlorella tabletit BIO 250 g"},"content":{"rendered":"<h2><span style=\"color: #000000\">Chlorella tabletit BIO<\/span><\/h2>\n<p><span style=\"color: #000000\">Klorellaksi kutsutaan klorofyllirikkainta kasvia, joka viihtyy makeissa vesiss\u00e4 ymp\u00e4ri maailmaa. Chlorellalla on monia terveyshy\u00f6tyj\u00e4. Sill\u00e4 on erottuva kirkkaan vihre\u00e4 v\u00e4ri ja monia terveyshy\u00f6tyj\u00e4. Se tunnetaan ennen kaikkea lev\u00e4n\u00e4, joka<strong> sis\u00e4lt\u00e4\u00e4 eritt\u00e4in paljon proteiinia<\/strong> ja jolla on rikas ja ennen kaikkea tasapainoinen ihanteellinen rakenne. Sit\u00e4 pidet\u00e4\u00e4n my\u00f6s <strong>erinomaisena detoksifioivana<\/strong> aineena beetakaroteenipitoisuutensa ansiosta. <strong>Se puhdistaa meid\u00e4t haitallisista aineista, jotka ovat per\u00e4isin saastuneesta ymp\u00e4rist\u00f6st\u00e4 ja<\/strong> sy\u00f6m\u00e4st\u00e4mme <strong>ruoasta<\/strong> (torjunta-aineet, rikkakasvien torjunta-aineet, raskasmetallit).<\/span><\/p>\n<p><span style=\"color: #000000\">Se on mikroskooppisen pieni viherlev\u00e4, jolla on tasapainoinen rakenne ja siksi useita etuja:<\/span><\/p>\n<p><span style=\"color: #000000\"> <strong> \ud83d\udc9a Klorofyllin suurella m\u00e4\u00e4r\u00e4ll\u00e4<\/strong> on t\u00e4rke\u00e4 rooli elimist\u00f6n puhdistamisessa,<\/span><br \/>\n<span style=\"color: #000000\"> \ud83d\udc9a se tuottaa<strong> proteiini-interferonia, joka on t\u00e4rke\u00e4\u00e4 immuunij\u00e4rjestelm\u00e4n optimaalisen toiminnan kannalta,<\/strong><\/span><br \/>\n<span style=\"color: #000000\"> \ud83d\udc9a s <strong>en proteiinipitoisuus on korkea,<\/strong> noin 55 %,<\/span><br \/>\n<span style=\"color: #000000\">\ud83d\udc9a ae sis\u00e4lt\u00e4\u00e4 v\u00e4ltt\u00e4m\u00e4tt\u00f6mi\u00e4 <strong>hiilihydraatteja, proteiineja, entsyymej\u00e4, kivenn\u00e4isaineita ja vitamiineja.<\/strong><\/span><\/p>\n<p><span style=\"color: #000000\">Chlorellaa ja muita merilevi\u00e4 nautitaan yleisimmin jauheena. Tarjoamme klorellaa kuitenkin my\u00f6s tablettimuodossa.<\/span><\/p>\n<p><span style=\"color: #000000\">Chlorellamme on luonnonmukaisesti kasvatettua.<\/span><\/p>\n<h2><span style=\"color: #000000\">Miksi klorella on niin hyv\u00e4 ihmiskeholle?<\/span><\/h2>\n<p><span style=\"color: #000000\">Chlorellassa on runsaasti<strong> antioksidantteja ja klorofylli\u00e4, jotka<\/strong> sitovat elimist\u00f6ss\u00e4 olevia myrkkyj\u00e4 ja joilla on ihmiskehossa eritt\u00e4in puhdistava ja detoksifioiva teht\u00e4v\u00e4. Se puhdistaa verta sek\u00e4 maksaa ja koko ruoansulatuskanavaa. T\u00e4m\u00e4 parantaa my\u00f6s ruoansulatusta, ja siin\u00e4 auttaa<strong> ruoansulatusentsyymi pepsiini<\/strong>, jota klorellassa tuotetaan ja joka osallistuu ruoansulatusj\u00e4rjestelm\u00e4\u00e4n. Chlorella sis\u00e4lt\u00e4\u00e4 18 aminohappoa, joista 8 on v\u00e4ltt\u00e4m\u00e4tt\u00f6mi\u00e4, mik\u00e4 tarkoittaa, ett\u00e4 sen proteiinikoostumus on ihanteellinen. Se on my\u00f6s t\u00e4ynn\u00e4 vitamiineja ja kivenn\u00e4isaineita, kuten B-vitamiineja, C-, E- ja K-vitamiineja sek\u00e4 rautaa, kalsiumia, magnesiumia, fosforia ja tietenkin jodia.<\/span><\/p>\n<p><span style=\"color: #000000\">Se tunnetaan my\u00f6s <strong>ruoansulatuskanavan<\/strong> lev\u00e4n\u00e4, sill\u00e4 se auttaa edist\u00e4m\u00e4\u00e4n hyvien bakteerien kasvua suolistossa ja hyv\u00e4\u00e4 suolistoflooraa. Korkean klorofyllipitoisuutensa ansiosta<strong> se puhdistaa suolistoa, maksaa ja verta<\/strong>. Se my\u00f6s detoksifioi koko kehoa ja auttaa ummetukseen. Puhdas veri ja hyv\u00e4 ruoansulatus vaikuttavat my\u00f6nteisesti my\u00f6s ihomme &#8211; suurimman elimist\u00f6mme &#8211; ulkon\u00e4k\u00f6\u00f6n ja terveyteen. Chlorella voi my\u00f6s auttaa torjumaan<strong> candidaa<\/strong>.<\/span><\/p>\n<p><span style=\"color: #000000\">Chlorella sis\u00e4lt\u00e4\u00e4 <strong>paljon rautaa, joka<\/strong> imeytyy nopeasti elimist\u00f6\u00f6n ja k\u00e4ytet\u00e4\u00e4n sen punasoluihin. N\u00e4in se vaikuttaa my\u00f6nteisesti anemiaan, v\u00e4symykseen, ylikuormitukseen ja huonovointisuuteen liittyviin ongelmiin. Sill\u00e4 on my\u00f6s suotuisa vaikutus pitk\u00e4aikaisista sairauksista toipuviin ihmisiin.<\/span><\/p>\n<p><span style=\"color: #000000\">Chlorellan kasvutekij\u00e4<strong> edist\u00e4\u00e4 solujen uusiutumista<\/strong>, joten haavat paranevat nopeammin, olet vastustuskykyisempi infektioita vastaan ja sinulla on enemm\u00e4n energiaa.<\/span><\/p>\n<h2><span style=\"color: #000000\">Kenelle chlorella on tarkoitettu?<\/span><\/h2>\n<p><span style=\"color: #000000\">Kuten spirulina, klorella on erinomainen ravintolis\u00e4 kaikille, mutta erityisen hy\u00f6dyllinen se on niille, jotka eiv\u00e4t sy\u00f6 lihaa tai lihavalmisteita, aliravittuina, vanhuksille ja sairaille. Se sopii my\u00f6s ihmisille, jotka eiv\u00e4t sy\u00f6 riitt\u00e4v\u00e4sti laadukkaita tuoreita vihreit\u00e4 vihanneksia. Se sopii my\u00f6s raskaana oleville naisille ja imett\u00e4ville \u00e4ideille, joilla on usein huono veri tai alhainen veren rautapitoisuus. Se sopii my\u00f6s urheilijoille, sill\u00e4 se helpottaa ravintoaineiden imeytymist\u00e4.<\/span><\/p>\n<p><span style=\"color: #000000\">Se sopii my\u00f6s ihmisille, jotka altistuvat liialliselle stressille ja joilla on siksi keskittymisvaikeuksia.<\/span><\/p>\n<p><span style=\"color: #000000\">Se sopii ihmisille, jotka haluavat s\u00e4ilytt\u00e4\u00e4 painonsa tai laihtua, ja chlorella on erinomainen kumppani erilaisille (laihdutus)dieeteille. Se s\u00e4\u00e4telee ruoansulatusta ja <strong>t\u00e4ytt\u00e4\u00e4<\/strong> meid\u00e4t <strong>t\u00e4rkeill\u00e4 ravintoaineilla<\/strong>.<\/span><\/p>\n<h2><span style=\"color: #000000\">Varastointi ja varoitukset<\/span><\/h2>\n<p><span style=\"color: #000000\">S\u00e4ilyt\u00e4 viile\u00e4ss\u00e4 ja kuivassa paikassa enint\u00e4\u00e4n 25 \u00b0C. S\u00e4ilyt\u00e4 ravintolis\u00e4 lasten ulottumattomissa!<\/span><\/p>\n<p><span style=\"color: #000000\">Muista monipuolisen ruokavalion ja terveellisten el\u00e4m\u00e4ntapojen merkitys, ravintolis\u00e4 ei siis korvaa tasapainoista ja monipuolista ruokavaliota. Suositeltua p\u00e4ivitt\u00e4ist\u00e4 m\u00e4\u00e4r\u00e4\u00e4 tai annosta ei saa ylitt\u00e4\u00e4. Raskaana olevia ja imett\u00e4vi\u00e4 naisia kehotetaan aina neuvottelemaan l\u00e4\u00e4k\u00e4rin kanssa ennen k\u00e4ytt\u00f6\u00e4.<\/span><\/p>\n<p><span style=\"color: #000000\">Chlorella saattaa sis\u00e4lt\u00e4\u00e4 sulfiitteja, joita esiintyy luonnostaan leviss\u00e4.<\/span><\/p>\n<h2><span style=\"color: #000000\">Pakkaus<\/span><\/h2>\n<p><span style=\"color: #000000\">L\u00e4p\u00e4isem\u00e4t\u00f6n vetoketjullinen pussi, jossa tuote s\u00e4ilytt\u00e4\u00e4 kaiken tuoreutensa ja arominsa. Pakkaus suojaa valolta ja ilmalta, sill\u00e4 se koostuu useista suojakerroksista, jotka s\u00e4ilytt\u00e4v\u00e4t sis\u00e4ll\u00f6n ominaisuudet.<\/span><\/p>\n<p><span style=\"color: #000000\">Pakkaus on eritt\u00e4in k\u00e4yt\u00e4nn\u00f6llinen ja kierr\u00e4tett\u00e4v\u00e4.<\/span><\/p>\n<h2><span style=\"color: #000000\">Alkuper\u00e4<\/span><\/h2>\n<p><span style=\"color: #000000\">Kiina.<\/span><\/p>\n<p><span style=\"color: #000000\">Meill\u00e4 on eritt\u00e4in luotettavia tavarantoimittajia, jotka l\u00e4hett\u00e4v\u00e4t meille yksityiskohtaisen kemiallisen analyysin elintarvikkeista jokaisesta er\u00e4st\u00e4. Yli kymmenen vuoden aikana meill\u00e4 ei ole ollut mink\u00e4\u00e4nlaisia palautuksia tai muita ongelmia t\u00e4m\u00e4n tuotteen tai muiden saman toimittajan tuotteiden kanssa.<\/span><\/p>\n<p><span style=\"color: #000000\">Tuote on 100-prosenttisesti sertifioitua luomua.<\/span><\/p>\n","protected":false},"excerpt":{"rendered":"<p align=\"JUSTIFY\">Maailman makeissa vesiss\u00e4 viihtyv\u00e4 klorofyllirikkain kasvi on klorella. Chlorellalla on monia terveyshy\u00f6tyj\u00e4. Se tunnetaan ensisijaisesti lev\u00e4n\u00e4, joka sis\u00e4lt\u00e4\u00e4 eritt\u00e4in paljon proteiinia ja jolla on rikas ja ennen kaikkea tasapainoinen ihanteellinen rakenne. Sit\u00e4 pidet\u00e4\u00e4n my\u00f6s erinomaisena myrkkyjenpoistajana sen beetakaroteenipitoisuuden ansiosta. Se puhdistaa meid\u00e4t haitallisista aineista, jotka ovat per\u00e4isin saastuneesta ymp\u00e4rist\u00f6st\u00e4 ja sy\u00f6m\u00e4st\u00e4mme ruoasta (torjunta-aineet, rikkakasvien torjunta-aineet, raskasmetallit).<\/p>\n<p align=\"JUSTIFY\"><span style=\"color: #000000\">\ud83d\udc9a Se auttaa puhdistamaan kehoa.<\/span><br \/>\n<span style=\"color: #000000\">\ud83d\udc9a Sen antioksidantti- ja klorofyllipitoisuus on korkea.<\/span><br \/>\n<span style=\"color: #000000\"> \ud83d\udc9a Puhdistaa suolistoa, maksaa ja verta.<\/span><br \/>\n<span style=\"color: #000000\">\ud83d\udc9a Se on runsas kasviproteiinin l\u00e4hde.<\/span><\/p>\n<p align=\"JUSTIFY\">\n","protected":false},"featured_media":6240,"comment_status":"open","ping_status":"closed","template":"","meta":{"_acf_changed":false},"product_brand":[],"product_cat":[15,246,225,222,230,224],"product_tag":[],"class_list":{"0":"post-6239","1":"product","2":"type-product","3":"status-publish","4":"has-post-thumbnail","6":"product_cat-uncategorized","7":"product_cat-hyvat-tarjoukset","8":"product_cat-kaikki-tuotteet","9":"product_cat-levat-yrtit","10":"product_cat-superruoka","11":"product_cat-tarjous","13":"first","14":"instock","15":"sale","16":"taxable","17":"shipping-taxable","18":"purchasable","19":"product-type-simple"},"acf":[],"_links":{"self":[{"href":"https:\/\/fengchashop.com\/fi\/wp-json\/wp\/v2\/product\/6239","targetHints":{"allow":["GET"]}}],"collection":[{"href":"https:\/\/fengchashop.com\/fi\/wp-json\/wp\/v2\/product"}],"about":[{"href":"https:\/\/fengchashop.com\/fi\/wp-json\/wp\/v2\/types\/product"}],"replies":[{"embeddable":true,"href":"https:\/\/fengchashop.com\/fi\/wp-json\/wp\/v2\/comments?post=6239"}],"wp:featuredmedia":[{"embeddable":true,"href":"https:\/\/fengchashop.com\/fi\/wp-json\/wp\/v2\/media\/6240"}],"wp:attachment":[{"href":"https:\/\/fengchashop.com\/fi\/wp-json\/wp\/v2\/media?parent=6239"}],"wp:term":[{"taxonomy":"product_brand","embeddable":true,"href":"https:\/\/fengchashop.com\/fi\/wp-json\/wp\/v2\/product_brand?post=6239"},{"taxonomy":"product_cat","embeddable":true,"href":"https:\/\/fengchashop.com\/fi\/wp-json\/wp\/v2\/product_cat?post=6239"},{"taxonomy":"product_tag","embeddable":true,"href":"https:\/\/fengchashop.com\/fi\/wp-json\/wp\/v2\/product_tag?post=6239"}],"curies":[{"name":"wp","href":"https:\/\/api.w.org\/{rel}","templated":true}]}}