{"id":6227,"date":"2022-03-03T19:31:11","date_gmt":"2022-03-03T18:31:11","guid":{"rendered":"https:\/\/fengchashop.com\/fi\/product\/spirulinajauhe-bio-250-g\/"},"modified":"2026-05-13T18:35:51","modified_gmt":"2026-05-13T16:35:51","slug":"spirulinajauhe-bio","status":"publish","type":"product","link":"https:\/\/fengchashop.com\/fi\/product\/spirulinajauhe-bio\/","title":{"rendered":"Spirulinajauhe BIO 250 g"},"content":{"rendered":"<div class=\"wpb-content-wrapper\"><p>[vc_row][vc_column][vc_column_text css=&#8221;&#8221;]<\/p>\n<h2><span style=\"color: #000000\">Spirulina jauhe BIO<\/span><\/h2>\n<p><span style=\"color: #000000\">Spirulina, joka tunnetaan luonnollisena superfoodina, viihtyy parhaiten l\u00e4mpim\u00e4n trooppisen meren mineraalipitoisissa vesiss\u00e4. Se on saanut nimens\u00e4 spiraalimaisen muotonsa mukaan, ja sit\u00e4 pidet\u00e4\u00e4n yhten\u00e4 maapallon ensimm\u00e4isist\u00e4 el\u00e4m\u00e4nmuodoista. Se<strong> oli jo atsteekkien keskuudessa<\/strong> eritt\u00e4in suosittu ja<strong> arvostettu<\/strong>. Perinteisesti sit\u00e4 k\u00e4ytettiin muhennosten ja erilaisten kakkujen valmistukseen, ja sit\u00e4 k\u00e4ytettiin voiman ja kest\u00e4vyyden lis\u00e4\u00e4miseksi. Spirulina on kuitenkin saavuttanut uudelleen suosiota viime vuosina. Se on ollut yksi parhaista ja suosituimmista superfoodeista jo muutaman vuoden ajan. My\u00f6s FDA ja WHO ovat hyv\u00e4ksyneet sen, ja astronauttien kerrotaan k\u00e4ytt\u00e4v\u00e4n sit\u00e4 lennoillaan. Spirulina on t\u00e4ynn\u00e4 mineraaleja ja suoloja merest\u00e4, valtamerist\u00e4. Ne sis\u00e4lt\u00e4v\u00e4t samoja mineraaleja kuin ihmisen veri. Lev\u00e4t sis\u00e4lt\u00e4v\u00e4t siis luonnollisia <strong>vitamiineja ja kivenn\u00e4isaineita<\/strong>, joten elimist\u00f6<strong> sulattaa<\/strong> ne<strong> helposti.<\/strong><\/span><\/p>\n<p><span style=\"color: #000000\">Spirulinaa ja muita levi\u00e4 nautitaan yleisimmin jauheena. Tarjoamme kuitenkin spirulinaa my\u00f6s tabletteina.<\/span><\/p>\n<p><span style=\"color: #000000\">Spirulinamme on luonnonmukaisesti tuotettua.<\/span><\/p>\n<h2><span style=\"color: #000000\">Mit\u00e4 hy\u00f6ty\u00e4 spirulinasta on?<\/span><\/h2>\n<p><span style=\"color: #000000\">Se sis\u00e4lt\u00e4\u00e4 <strong>klorofylli\u00e4,<\/strong> runsaasti proteiinia, kaikkia <strong>v\u00e4ltt\u00e4m\u00e4tt\u00f6mi\u00e4 aminohappoja<\/strong> ja vain muutamia prosentteja p\u00e4\u00e4asiassa tyydyttym\u00e4tt\u00f6mi\u00e4 rasvoja. Klorofylli\u00e4 kutsutaan joskus &#8221;vihre\u00e4ksi vereksi&#8221;, koska sen molekyylirakenne on eritt\u00e4in samankaltainen kuin hemoglobiini, joten se sopii meille &#8211; se parantaa verenkuvaa. Spirulina on my\u00f6s hyvin sulavaa, koska sen solusein\u00e4m\u00e4 koostuu sulavista mukopolysakkarideista (eik\u00e4 selluloosasta, kuten muissa kasveissa). Aminohapoista t\u00e4rkein on <strong>gammalinoleenihappo<\/strong> (GLA), jota on vain \u00e4idinmaidossa, saflori\u00f6ljyss\u00e4, hampunsiemeniss\u00e4 ja joissakin muissa leviss\u00e4. Se on tulehdusta ehk\u00e4isev\u00e4, auttaa alentamaan verenpainetta ja parantamaan hermojen toimintaa sek\u00e4 torjuu allergioita edist\u00e4m\u00e4ll\u00e4 tervett\u00e4 vastetta allergeeneille. Se sis\u00e4lt\u00e4\u00e4 my\u00f6s<strong> fykosyaniinia, joka<\/strong> stimuloi kantasolujen tuotantoa.<\/span><\/p>\n<p><span style=\"color: #000000\">Sill\u00e4 on my\u00f6s suotuisa vaikutus ruoansulatukseen, sill\u00e4 se stimuloi hyvien bakteerien kasvua suolistossa ja parantaa suolistoflooraa. Spirulina on erinomainen tuki terveelliselle ruokavaliolle ja erilaisille (laihdutus)dieeteille.<\/span><\/p>\n<p><span style=\"color: #000000\">Spirulina on rikas luonnollinen kaliumin sek\u00e4 raudan, kalsiumin, sinkin, natriumin, mangaanin, magnesiumin, seleenin, jodin, kromin ja jopa rikin l\u00e4hde. Se sis\u00e4lt\u00e4\u00e4 my\u00f6s beetakaroteenia ja elektrolyyttej\u00e4. T\u00e4rkeimm\u00e4t vitamiinit ovat A1, B1, B2, B3, B6, B9, B12, C, D ja E.<\/span><\/p>\n<p><span style=\"color: #000000\">Edell\u00e4 mainittujen lis\u00e4ksi spirulina on hyv\u00e4 my\u00f6s hiuksille ja iholle. Se ehk\u00e4isee liiallista hiustenl\u00e4ht\u00f6\u00e4, vahvistaa hiuksia ja poistaa hilsett\u00e4. Se rauhoittaa ihoa, palauttaa sen kimmoisuuden ja hidastaa ik\u00e4\u00e4ntymist\u00e4. Nelj\u00e4nnes teelusikallisesta spirulinaa ja muutamasta pisarasta vett\u00e4 voit valmistaa kasvonaamion, jonka voit levitt\u00e4\u00e4 puhdistetulle kasvojen iholle ja antaa vaikuttaa 20 minuuttia. Huuhtele sitten hyvin ja kosteuta voiteella. Voit toistaa prosessin 2-3 kertaa viikossa.<\/span><\/p>\n<h2><span style=\"color: #000000\">Miksi spirulinaa kutsutaan superfoodiksi ja miksi sit\u00e4 on hyv\u00e4 sy\u00f6d\u00e4?<\/span><\/h2>\n<p><span style=\"color: #000000\">Spirulinalla on ainutlaatuinen koostumus, joka sis\u00e4lt\u00e4\u00e4 runsaasti kasviproteiineja (mukaan lukien v\u00e4ltt\u00e4m\u00e4tt\u00f6m\u00e4t proteiinit ja aminohapot), vitamiineja, kivenn\u00e4isaineita ja muita t\u00e4rkeit\u00e4 aktiivisia ainesosia. Sen ainutlaatuinen koostumus ravitsee t\u00e4ysin ihmisen elimist\u00f6n soluja. Lis\u00e4ksi se edist\u00e4\u00e4 immuunij\u00e4rjestelm\u00e4n vahvistumista, lievitt\u00e4\u00e4 allergiaoireita v\u00e4hent\u00e4m\u00e4ll\u00e4 histamiinin erityst\u00e4, suojaa monenlaisten mikrobien aiheuttamilta infektioilta ja sill\u00e4 on probioottisia ominaisuuksia. Se poistaa raskasmetalleja elimist\u00f6st\u00e4 ja siten detoksifioi.<\/span><\/p>\n<p><span style=\"color: #000000\">Se on my\u00f6s leimattu superfoodiksi, koska sen proteiinien hy\u00f6tysuhde on korkea, sill\u00e4 spirulinan proteiinit ovat helposti sulavia ja elimist\u00f6 voi k\u00e4ytt\u00e4\u00e4 ne tehokkaasti omissa prosesseissaan.<\/span><\/p>\n<p><span style=\"color: #000000\">Spirulina on sinivihre\u00e4 mikroskooppisen pieni kasvi, jota on hyv\u00e4 nauttia, koska:<\/span><\/p>\n<p><span style=\"color: #000000\"> \ud83d\udc9a sis\u00e4lt\u00e4\u00e4 koko kirjon mikroravinteita, jotka ravitsevat kehoa ja mielt\u00e4,<\/span><br \/>\n<span style=\"color: #000000\"><strong> \ud83d\udc9a vahvistaa immuunij\u00e4rjestelm\u00e4\u00e4<\/strong>, sill\u00e4 se on voimakas antioksidantti,<\/span><br \/>\n<span style=\"color: #000000\">\ud83d\udc9a Se <strong>puhdistaa kehoa<\/strong> sitomalla myrkkyj\u00e4,<\/span><br \/>\n<span style=\"color: #000000\">\ud83d\udc9a hillitsee ruokahalua ja auttaa painonhallinnassa,<\/span><br \/>\n<span style=\"color: #000000\">\ud83d\udc9a Se on<strong> runsas kasviproteiinin l\u00e4hde<\/strong>, jonka osuus ruokavalion proteiinista on 60-70 %.<\/span><\/p>\n<h2><span style=\"color: #000000\">Varastointi ja varoitukset<\/span><\/h2>\n<p><span style=\"color: #000000\">S\u00e4ilyt\u00e4 viile\u00e4ss\u00e4 ja kuivassa paikassa enint\u00e4\u00e4n 25 \u00b0C. S\u00e4ilyt\u00e4 ravintolis\u00e4 lasten ulottumattomissa!<\/span><\/p>\n<p><span style=\"color: #000000\">Muista monipuolisen ruokavalion ja terveellisten el\u00e4m\u00e4ntapojen merkitys, ravintolis\u00e4 ei siis korvaa tasapainoista ja monipuolista ruokavaliota. Suositeltua p\u00e4ivitt\u00e4ist\u00e4 m\u00e4\u00e4r\u00e4\u00e4 tai annosta ei saa ylitt\u00e4\u00e4. Raskaana olevia ja imett\u00e4vi\u00e4 naisia kehotetaan aina neuvottelemaan l\u00e4\u00e4k\u00e4rin kanssa ennen k\u00e4ytt\u00f6\u00e4.<\/span><\/p>\n<p><span style=\"color: #000000\">Spirulina saattaa sis\u00e4lt\u00e4\u00e4 sulfiitteja, joita esiintyy luonnostaan leviss\u00e4.<\/span><\/p>\n<h2><span style=\"color: #000000\">Pakkaus<\/span><\/h2>\n<p><span style=\"color: #000000\">L\u00e4p\u00e4isem\u00e4t\u00f6n vetoketjullinen pussi, jossa tuote s\u00e4ilytt\u00e4\u00e4 kaiken tuoreuden ja aromin. Pakkaus suojaa valolta ja ilmalta, sill\u00e4 se koostuu useista suojakerroksista, jotka s\u00e4ilytt\u00e4v\u00e4t sis\u00e4ll\u00f6n ominaisuudet.<\/span><\/p>\n<p><span style=\"color: #000000\">Pakkaus on eritt\u00e4in k\u00e4yt\u00e4nn\u00f6llinen ja kierr\u00e4tett\u00e4v\u00e4.<\/span><\/p>\n<h2><span style=\"color: #000000\">Alkuper\u00e4<\/span><\/h2>\n<p><span style=\"color: #000000\">Kiina. <\/span><span style=\"color: #000000\">Meill\u00e4 on eritt\u00e4in luotettavia tavarantoimittajia, jotka l\u00e4hett\u00e4v\u00e4t meille yksityiskohtaisen kemiallisen analyysin elintarvikkeista jokaisesta er\u00e4st\u00e4. Yli kymmenen vuoden aikana meill\u00e4 ei ole ollut mink\u00e4\u00e4nlaisia takaisinvetoja tai muita ongelmia t\u00e4m\u00e4n tuotteen tai muiden saman toimittajan tuotteiden kanssa.<\/span><\/p>\n<p><span style=\"color: #000000\">Tuote on 100-prosenttisesti sertifioitua luomua.<\/span>[\/vc_column_text][\/vc_column][\/vc_row]<\/p>\n<\/div>","protected":false},"excerpt":{"rendered":"<p align=\"JUSTIFY\">Spirulina, joka tunnetaan luonnollisena superfoodina, viihtyy parhaiten l\u00e4mpim\u00e4n trooppisen meren mineraalipitoisissa vesiss\u00e4. Spirulina on t\u00e4ynn\u00e4 mineraaleja ja suoloja merest\u00e4, valtamerest\u00e4. Ja ne sis\u00e4lt\u00e4v\u00e4t samoja mineraaleja kuin ihmisen veri. Lev\u00e4t sis\u00e4lt\u00e4v\u00e4t siis luonnollisia vitamiineja ja kivenn\u00e4isaineita, joten elimist\u00f6 sulattaa ne helposti.<\/p>\n<p align=\"JUSTIFY\"><span style=\"color: #000000\">\ud83d\udc9a Se vahvistaa immuunij\u00e4rjestelm\u00e4\u00e4, sill\u00e4 se on voimakas antioksidantti.<\/span><br \/>\n<span style=\"color: #000000\"> \ud83d\udc9a Detoksifioi kehoa sitomalla myrkkyj\u00e4.<\/span><br \/>\n<span style=\"color: #000000\">\ud83d\udc9a Hillitsee ruokahalua ja auttaa painonhallinnassa.<\/span><br \/>\n<span style=\"color: #000000\">\ud83d\udc9a Se on runsas kasviproteiinin l\u00e4hde.<\/span><\/p>\n<p align=\"JUSTIFY\">\n","protected":false},"featured_media":6228,"comment_status":"open","ping_status":"closed","template":"","meta":{"_acf_changed":false},"product_brand":[],"product_cat":[15,246,225,222,230,224],"product_tag":[],"class_list":{"0":"post-6227","1":"product","2":"type-product","3":"status-publish","4":"has-post-thumbnail","6":"product_cat-uncategorized","7":"product_cat-hyvat-tarjoukset","8":"product_cat-kaikki-tuotteet","9":"product_cat-levat-yrtit","10":"product_cat-superruoka","11":"product_cat-tarjous","13":"first","14":"instock","15":"sale","16":"taxable","17":"shipping-taxable","18":"purchasable","19":"product-type-simple"},"acf":[],"_links":{"self":[{"href":"https:\/\/fengchashop.com\/fi\/wp-json\/wp\/v2\/product\/6227","targetHints":{"allow":["GET"]}}],"collection":[{"href":"https:\/\/fengchashop.com\/fi\/wp-json\/wp\/v2\/product"}],"about":[{"href":"https:\/\/fengchashop.com\/fi\/wp-json\/wp\/v2\/types\/product"}],"replies":[{"embeddable":true,"href":"https:\/\/fengchashop.com\/fi\/wp-json\/wp\/v2\/comments?post=6227"}],"wp:featuredmedia":[{"embeddable":true,"href":"https:\/\/fengchashop.com\/fi\/wp-json\/wp\/v2\/media\/6228"}],"wp:attachment":[{"href":"https:\/\/fengchashop.com\/fi\/wp-json\/wp\/v2\/media?parent=6227"}],"wp:term":[{"taxonomy":"product_brand","embeddable":true,"href":"https:\/\/fengchashop.com\/fi\/wp-json\/wp\/v2\/product_brand?post=6227"},{"taxonomy":"product_cat","embeddable":true,"href":"https:\/\/fengchashop.com\/fi\/wp-json\/wp\/v2\/product_cat?post=6227"},{"taxonomy":"product_tag","embeddable":true,"href":"https:\/\/fengchashop.com\/fi\/wp-json\/wp\/v2\/product_tag?post=6227"}],"curies":[{"name":"wp","href":"https:\/\/api.w.org\/{rel}","templated":true}]}}