{"id":6220,"date":"2022-03-03T10:33:34","date_gmt":"2022-03-03T09:33:34","guid":{"rendered":"https:\/\/fengchashop.com\/fi\/product\/mucuna-pruriens-bio-250-g\/"},"modified":"2026-05-01T16:49:32","modified_gmt":"2026-05-01T14:49:32","slug":"mucuna-pruriens-bio","status":"publish","type":"product","link":"https:\/\/fengchashop.com\/fi\/product\/mucuna-pruriens-bio\/","title":{"rendered":"Mucuna pruriens BIO 250 g"},"content":{"rendered":"<div class=\"wpb-content-wrapper\"><p>[vc_row][vc_column][vc_column_text css=&#8221;&#8221;]<\/p>\n<h2><span style=\"color: #000000\">Mucuna pruriens BIO jauhe<\/span><\/h2>\n<p><span style=\"color: #000000\">Mucuna pruriens on trooppinen palkokasvi, joka on kotoisin Afrikasta ja trooppisesta Aasiasta. Se tunnetaan my\u00f6s nimell\u00e4 samettipapu. Kasvi on tunnettu<strong> korkeasta l-dopa- eli levodopapitoisuudestaan<\/strong>, joka on dopamiinin aineenvaihduntamuoto. Toisin sanoen se on dopamiiniksi kutsutun v\u00e4litt\u00e4j\u00e4aineen esiaste. Riitt\u00e4m\u00e4t\u00f6n dopamiinituotanto on syy Parkinsonin taudin oireisiin. Sit\u00e4 lievitet\u00e4\u00e4n usein dopamiinin esiastetta sis\u00e4lt\u00e4vill\u00e4 l\u00e4\u00e4kkeill\u00e4, sill\u00e4 toisin kuin dopamiini, dopamiini pystyy l\u00e4p\u00e4isem\u00e4\u00e4n veri-aivoesteen ja siten<strong> lievitt\u00e4m\u00e4\u00e4n Parkinsonin taudin oireita.<\/strong><\/span><\/p>\n<p><span style=\"color: #000000\">Palkokasvi on ollut suosittu Ayurveda-opissa jo yli 4500 vuoden ajan, jossa se tunnetaan kyvyst\u00e4\u00e4n lievitt\u00e4\u00e4 merkitt\u00e4v\u00e4sti Parkinsonin taudin aiheuttamaa neurotoksisuutta. Joissakin paikoissa sit\u00e4 k\u00e4ytet\u00e4\u00e4n perinteisesti my\u00f6s vastal\u00e4\u00e4kkeen\u00e4 tiettyjen myrkkyk\u00e4\u00e4rmeiden puremiin.<\/span><\/p>\n<p><span style=\"color: #000000\">Mucuna pruriensilla on toinenkin mielenkiintoinen vaikutus, nimitt\u00e4in <strong>siitti\u00f6iden laatuun muuten hedelm\u00e4tt\u00f6mill\u00e4 miehill\u00e4<\/strong>. T\u00e4h\u00e4nastiset todisteet viittaavat siihen, ett\u00e4 se voi vaikuttaa siitti\u00f6iden liikkuvuuteen ja siitti\u00f6iden pitoisuuteen ja siten parantaa hedelm\u00e4llisyytt\u00e4. Se auttaa my\u00f6s ratkaisemaan naisten seksuaalisia ongelmia.<\/span><\/p>\n<h2><span style=\"color: #000000\">Kenelle suositellaan mucuna pruriensia?<\/span><\/h2>\n<p><span style=\"color: #000000\">Koska mucuna pruriens on luonnollinen l-dopan l\u00e4hde, sit\u00e4 voidaan suositella kaikille<strong> Parkinsonin tautia<\/strong> sairastaville. T\u00e4m\u00e4n vaikean sairauden oireiden lis\u00e4- tai alkuvaiheen lievityksen\u00e4. Tietenkin n\u00e4iss\u00e4 tapauksissa aina l\u00e4\u00e4k\u00e4rin neuvojen ja valvonnan alaisena.<\/span><\/p>\n<p><span style=\"color: #000000\">Sit\u00e4 voidaan k\u00e4ytt\u00e4\u00e4 my\u00f6s <strong>miesten hedelm\u00e4tt\u00f6myyden<\/strong> hoitoon, sill\u00e4 se vaikuttaa siitti\u00f6iden m\u00e4\u00e4r\u00e4\u00e4n ja laatuun.<\/span><\/p>\n<p><span style=\"color: #000000\">Se on my\u00f6s erinomainen apu hormonitoiminnalle, sill\u00e4 se auttaa <strong>palauttamaan hormonitasapainon<\/strong>.<\/span><\/p>\n<p><span style=\"color: #000000\">Se parantaa<strong> henkist\u00e4 hyvinvointia ja mielialaa<\/strong>.<\/span><\/p>\n<p><span style=\"color: #000000\">Sill\u00e4 on voimakas<strong> antioksidanttinen vaikutus<\/strong>. Yhdess\u00e4 l-dopan kanssa se edist\u00e4\u00e4 aivojen terveytt\u00e4 ja auttaa lis\u00e4\u00e4m\u00e4\u00e4n aivojen dopamiinitasoja, jotka liittyv\u00e4t my\u00f6s mielialan s\u00e4\u00e4telyyn ja kognitioon. Samalla sill\u00e4 on aivotoimintaa parantava, keskittymiskyky\u00e4 ja \u00e4lyllist\u00e4 kapasiteettia lis\u00e4\u00e4v\u00e4 vaikutus.<\/span><\/p>\n<p><span style=\"color: #000000\">Ayurvedinen perinne k\u00e4ytt\u00e4\u00e4 samettipapuja my\u00f6s edist\u00e4m\u00e4\u00e4n positiivisesti <strong>mielenterveytt\u00e4 ja vastaamaan paremmin stressiin<\/strong>.<\/span><\/p>\n<p><span style=\"color: #000000\">Useissa tutkimuksissa on my\u00f6s tutkittu mucuna prurensiksen vaikutusta <strong>verensokerin alentamiseen<\/strong> ja siten diabeteksen ehk\u00e4isyyn.<\/span><\/p>\n<p><span style=\"color: #000000\">Serotoniinin ja levodopan l\u00e4sn\u00e4olo<strong> parantaa uni-valve-sykli\u00e4 ja edist\u00e4\u00e4 syv\u00e4\u00e4 unta ja rentoutumista.<\/strong><\/span><\/p>\n<h2><span style=\"color: #000000\">Varastointi ja varoitukset<\/span><\/h2>\n<p><span style=\"color: #000000\">S\u00e4ilyt\u00e4 viile\u00e4ss\u00e4, kuivassa paikassa. S\u00e4ilyt\u00e4 ravintolis\u00e4 lasten ulottumattomissa!<\/span><\/p>\n<p><span style=\"color: #000000\">Muista monipuolisen ruokavalion ja terveellisten el\u00e4m\u00e4ntapojen merkitys, ravintolis\u00e4 ei siis korvaa tasapainoista ja monipuolista ruokavaliota. Suositeltua p\u00e4ivitt\u00e4ist\u00e4 m\u00e4\u00e4r\u00e4\u00e4 tai annosta ei saa ylitt\u00e4\u00e4. Raskaana olevia ja imett\u00e4vi\u00e4 naisia ei suositella k\u00e4ytett\u00e4v\u00e4ksi, koska sill\u00e4 voi olla haitallisia vaikutuksia kohtuun ja siki\u00f6\u00f6n. Varovaisuutta suositellaan my\u00f6s Parkinsonin taudin l\u00e4\u00e4kityksen (esim. MAO:n est\u00e4j\u00e4t) yhteydess\u00e4 &#8211; t\u00e4ss\u00e4 tapauksessa k\u00e4ytt\u00f6 vain l\u00e4\u00e4k\u00e4rin valvonnassa.<\/span><\/p>\n<p><span style=\"color: #000000\">Harvinaisissa tapauksissa tuote voi aiheuttaa herkill\u00e4 henkil\u00f6ill\u00e4 pahoinvointia, oksentelua tai ripulia. T\u00e4ss\u00e4 tapauksessa k\u00e4ytt\u00f6\u00e4 ei suositella.<\/span><\/p>\n<h2><span style=\"color: #000000\">Pakkaus<\/span><\/h2>\n<p><span style=\"color: #000000\">L\u00e4p\u00e4isem\u00e4t\u00f6n vetoketjullinen pussi, jossa tuote s\u00e4ilytt\u00e4\u00e4 kaiken tuoreuden ja aromin. Pakkaus suojaa tuotetta valolta ja ilmalta, sill\u00e4 se koostuu useista suojakerroksista, jotka s\u00e4ilytt\u00e4v\u00e4t sis\u00e4ll\u00f6n ominaisuudet.<\/span><\/p>\n<p><span style=\"color: #000000\">Pakkaus on eritt\u00e4in k\u00e4yt\u00e4nn\u00f6llinen ja kierr\u00e4tett\u00e4v\u00e4.<\/span><\/p>\n<h2><span style=\"color: #000000\">Alkuper\u00e4<\/span><\/h2>\n<p><span style=\"color: #000000\">Intia<\/span>[\/vc_column_text][\/vc_column][\/vc_row]<\/p>\n<\/div>","protected":false},"excerpt":{"rendered":"<p align=\"JUSTIFY\">Mucuna pruriens on trooppinen palkokasvi, joka on kotoisin Afrikasta ja trooppisesta Aasiasta. Se tunnetaan my\u00f6s nimell\u00e4 samettipapu.<\/p>\n<p align=\"JUSTIFY\"><span style=\"color: #000000\">\ud83d\udc9a Se on luonnollinen l-dopan l\u00e4hde.<\/span><br \/>\n<span style=\"color: #000000\">\ud83d\udc9a Se auttaa palauttamaan hormonitasapainon.<\/span><br \/>\n<span style=\"color: #000000\">\ud83d\udc9a Se parantaa henkist\u00e4 hyvinvointia ja mielialaa.<\/span><br \/>\n<span style=\"color: #000000\">\ud83d\udc9a Sill\u00e4 on antioksidanttisia ominaisuuksia.<\/span><\/p>\n<p align=\"JUSTIFY\">\n","protected":false},"featured_media":6221,"comment_status":"open","ping_status":"closed","template":"","meta":{"_acf_changed":false},"product_brand":[],"product_cat":[15,231,225,226,230,224],"product_tag":[],"class_list":{"0":"post-6220","1":"product","2":"type-product","3":"status-publish","4":"has-post-thumbnail","6":"product_cat-uncategorized","7":"product_cat-ayurveda","8":"product_cat-kaikki-tuotteet","9":"product_cat-myydyimmat","10":"product_cat-superruoka","11":"product_cat-tarjous","13":"first","14":"instock","15":"sale","16":"taxable","17":"shipping-taxable","18":"purchasable","19":"product-type-simple"},"acf":[],"_links":{"self":[{"href":"https:\/\/fengchashop.com\/fi\/wp-json\/wp\/v2\/product\/6220","targetHints":{"allow":["GET"]}}],"collection":[{"href":"https:\/\/fengchashop.com\/fi\/wp-json\/wp\/v2\/product"}],"about":[{"href":"https:\/\/fengchashop.com\/fi\/wp-json\/wp\/v2\/types\/product"}],"replies":[{"embeddable":true,"href":"https:\/\/fengchashop.com\/fi\/wp-json\/wp\/v2\/comments?post=6220"}],"wp:featuredmedia":[{"embeddable":true,"href":"https:\/\/fengchashop.com\/fi\/wp-json\/wp\/v2\/media\/6221"}],"wp:attachment":[{"href":"https:\/\/fengchashop.com\/fi\/wp-json\/wp\/v2\/media?parent=6220"}],"wp:term":[{"taxonomy":"product_brand","embeddable":true,"href":"https:\/\/fengchashop.com\/fi\/wp-json\/wp\/v2\/product_brand?post=6220"},{"taxonomy":"product_cat","embeddable":true,"href":"https:\/\/fengchashop.com\/fi\/wp-json\/wp\/v2\/product_cat?post=6220"},{"taxonomy":"product_tag","embeddable":true,"href":"https:\/\/fengchashop.com\/fi\/wp-json\/wp\/v2\/product_tag?post=6220"}],"curies":[{"name":"wp","href":"https:\/\/api.w.org\/{rel}","templated":true}]}}