{"id":6218,"date":"2022-03-03T10:14:54","date_gmt":"2022-03-03T09:14:54","guid":{"rendered":"https:\/\/fengchashop.com\/fi\/product\/jauhettu-luomulaatuinen-taplikas-lehtikaali-250-g\/"},"modified":"2026-04-29T12:14:24","modified_gmt":"2026-04-29T10:14:24","slug":"jauhettu-luomulaatuinen-taplikas-lehtikaali","status":"publish","type":"product","link":"https:\/\/fengchashop.com\/fi\/product\/jauhettu-luomulaatuinen-taplikas-lehtikaali\/","title":{"rendered":"Jauhettu luomulaatuinen t\u00e4plik\u00e4s lehtikaali 250 g"},"content":{"rendered":"<div class=\"wpb-content-wrapper\"><p>[vc_row][vc_column][vc_column_text css=&#8221;&#8221;]<\/p>\n<h2><span style=\"color: #000000\">Jauhettu BIO T\u00e4plik\u00e4s lehtikaali<\/span><\/h2>\n<p><span style=\"color: #000000\">Jauhettu t\u00e4pl\u00e4kaali (Silybum marianum) on luonnonmukaisesti tuotettua ja korkealaatuista.<\/span><\/p>\n<p><span style=\"color: #000000\">Joskus my\u00f6s Pyh\u00e4n Marian ohdakkeeksi kutsuttu yrtti tunnetaan parhaiten<strong> maksasairauksien hoidossa<\/strong>. Sit\u00e4 on viljelty jo antiikin Kreikassa ja Roomassa. Se viihtyy monissa osissa Eurooppaa ja Aasiaa.<\/span><\/p>\n<p><span style=\"color: #000000\">T\u00e4pl\u00e4kastikkaa voivat k\u00e4ytt\u00e4\u00e4 kaikki, jotka haluavat suojella maksaansa, joilla on ep\u00e4terveellinen ruokavalio, n\u00e4r\u00e4styst\u00e4, muita ruoansulatusongelmia tai jotka ovat jatkuvasti stressaantuneita. Muistakaamme, ett\u00e4 kaikki, mit\u00e4 sy\u00f6mme ja juomme, kulkee my\u00f6s maksan l\u00e4pi. Suodattimena ne poistavat myrkyllisi\u00e4 aineita kehosta.<\/span><\/p>\n<p><span style=\"color: #000000\">Erityisesti t\u00e4pl\u00e4kukka suojaa maksaa myrkyilt\u00e4 ja <strong>auttaa detoksifikaatiossa.<\/strong> Se auttaa my\u00f6s sy\u00f6p\u00e4hoitojen aiheuttamiin maksavaurioihin. Keskeinen aine on <strong>silymariini<\/strong>. Se suojaa solusein\u00e4\u00e4 suojaamalla haitallisten aineiden p\u00e4\u00e4sy\u00e4 sis\u00e4\u00e4n. Silymariini my\u00f6s uudistaa ja stimuloi maksasoluja. Se vaikuttaa maksavaurioihin ja maksatulehduksiin ja auttaa my\u00f6s maksakirroosissa ja hepatiitissa.<\/span><\/p>\n<p><span style=\"color: #000000\">Se auttaa my\u00f6s <strong>ruoansulatush\u00e4iri\u00f6ihin, sis\u00e4elinten kouristuksiin, ehk\u00e4isee sappikivi\u00e4 ja edist\u00e4\u00e4 sapen virtausta.<\/strong><\/span><\/p>\n<h2><span style=\"color: #000000\">Miten maitohorsma toimii?<\/span><\/h2>\n<p><span style=\"color: #000000\">Maksa on t\u00e4rkein elimist\u00f6mme, kun on kyse kehon puhdistamisesta ja myrkytt\u00f6myydest\u00e4. Nykyaikaisessa maailmassa &#8211; joka on t\u00e4ynn\u00e4 prosessoitua ruokaa ja stressi\u00e4 &#8211; maksa on usein liiaksi tukossa, mik\u00e4 vaikuttaa muun muassa terveyteemme. Maksa ei pysty tai pystyy vain vaikeuksin hoitamaan teht\u00e4v\u00e4\u00e4ns\u00e4. Seurauksena on <strong>huonovointisuus, turvotus ja v\u00e4symys<\/strong>. Usein n\u00e4emme my\u00f6s liiallista rasvan kertymist\u00e4 vy\u00f6t\u00e4r\u00f6n ymp\u00e4rille ja ylipainoa. Muuten tila voi edet\u00e4 ilman selvi\u00e4 oireita, mutta voi johtaa vakaviin ongelmiin ja sairauksiin.<\/span><\/p>\n<p><span style=\"color: #000000\">T\u00e4pl\u00e4kukan on osoitettu auttavan suojaamaan maksaa ja puhdistamaan elimist\u00f6\u00e4.<\/span><\/p>\n<p><span style=\"color: #000000\">Keskeisen vaikuttavan aineosansa (silymariinin) ansiosta maitoskampanjan uskotaan <strong>vaikuttavan<\/strong> my\u00f6s <strong>hapettumisprosesseja v\u00e4hent\u00e4v\u00e4sti<\/strong> lis\u00e4\u00e4m\u00e4ll\u00e4 luonnollisia suoja-aineita ja haukkaamalla vapaita radikaaleja antioksidanttisen vaikutuksensa kautta.<\/span><\/p>\n<h2><span style=\"color: #000000\">Kenelle suositellaan maitohorsmajauhetta?<\/span><\/h2>\n<p><span style=\"color: #000000\">Maitohorsmaa suositellaan erityisesti niille, jotka k\u00e4rsiv\u00e4t maksavaivoista, rasvamaksasta, turvotuksesta ja pistelyst\u00e4 kylkiluiden alueella. Maitohorsman ottaminen on my\u00f6s erinomainen vieroituskuuri.<strong> Ymp\u00e4rist\u00f6n saastuminen, ylipaino<\/strong> tai lihavuus, <strong>prosessoitujen ja rasvaisten ruokien ja alkoholin k\u00e4ytt\u00f6 sek\u00e4 liiallinen istuminen<\/strong> voivat johtaa rasvamaksaan. Koska tila ilmenee harvoin oireilla tai tulee ilmi, kun tauti on jo pitk\u00e4lle edennyt, on t\u00e4rke\u00e4\u00e4 ryhty\u00e4<strong> ennaltaehk\u00e4iseviin toimenpiteisiin.<\/strong><\/span><\/p>\n<h2><span style=\"color: #000000\">Varastointi ja varoitukset<\/span><\/h2>\n<p><span style=\"color: #000000\">S\u00e4ilyt\u00e4 viile\u00e4ss\u00e4 ja kuivassa paikassa enint\u00e4\u00e4n 25 \u00b0C. S\u00e4ilyt\u00e4 ravintolis\u00e4 lasten ulottumattomissa!<\/span><\/p>\n<p><span style=\"color: #000000\">Muista monipuolisen ruokavalion ja terveellisten el\u00e4m\u00e4ntapojen merkitys, ravintolis\u00e4 ei siis korvaa tasapainoista ja monipuolista ruokavaliota. Suositeltua p\u00e4ivitt\u00e4ist\u00e4 m\u00e4\u00e4r\u00e4\u00e4 tai annosta ei saa ylitt\u00e4\u00e4. Raskaana olevia naisia ja imett\u00e4vi\u00e4 \u00e4itej\u00e4 ei suositella k\u00e4ytett\u00e4v\u00e4ksi. Varovaisuutta suositellaan my\u00f6s tiettyjen diabetesl\u00e4\u00e4kkeiden k\u00e4yt\u00f6n yhteydess\u00e4.<\/span><\/p>\n<h2><span style=\"color: #000000\">Pakkaus<\/span><\/h2>\n<p><span style=\"color: #000000\">L\u00e4p\u00e4isem\u00e4t\u00f6n vetoketjullinen pussi, jossa tuote s\u00e4ilytt\u00e4\u00e4 kaiken tuoreutensa ja arominsa. Pakkaus suojaa tuotetta valolta ja ilmalta, sill\u00e4 se koostuu useista suojakerroksista, jotka s\u00e4ilytt\u00e4v\u00e4t sis\u00e4ll\u00f6n ominaisuudet.<\/span><\/p>\n<p><span style=\"color: #000000\">Pakkaus on eritt\u00e4in k\u00e4yt\u00e4nn\u00f6llinen ja kierr\u00e4tett\u00e4v\u00e4.<\/span><\/p>\n<h2><span style=\"color: #000000\">Alkuper\u00e4<\/span><\/h2>\n<p><span style=\"color: #000000\">Intia<\/span>[\/vc_column_text][\/vc_column][\/vc_row]<\/p>\n<\/div>","protected":false},"excerpt":{"rendered":"<p align=\"JUSTIFY\">Joskus my\u00f6s Pyh\u00e4n Marian ohdakkeeksi kutsuttu t\u00e4plik\u00e4s ohdake on yrtti, joka tunnetaan parhaiten maksasairauksien hoidossa, sill\u00e4:<\/p>\n<p align=\"JUSTIFY\"><span style=\"color: #000000\"> \ud83d\udc9a suojaa maksaa myrkyilt\u00e4,<\/span><br \/>\n<span style=\"color: #000000\"> \ud83d\udc9a auttaa detoksifikaatiossa,<\/span><br \/>\n<span style=\"color: #000000\"> \ud83d\udc9a sill\u00e4 on antioksidanttisia ominaisuuksia,<\/span><br \/>\n<span style=\"color: #000000\">\ud83d\udc9a lievitt\u00e4\u00e4 maksasairautta.<\/span><\/p>\n<p align=\"JUSTIFY\">\n","protected":false},"featured_media":6219,"comment_status":"open","ping_status":"closed","template":"","meta":{"_acf_changed":false},"product_brand":[],"product_cat":[15,225,230,224],"product_tag":[],"class_list":{"0":"post-6218","1":"product","2":"type-product","3":"status-publish","4":"has-post-thumbnail","6":"product_cat-uncategorized","7":"product_cat-kaikki-tuotteet","8":"product_cat-superruoka","9":"product_cat-tarjous","11":"first","12":"instock","13":"taxable","14":"shipping-taxable","15":"purchasable","16":"product-type-simple"},"acf":[],"_links":{"self":[{"href":"https:\/\/fengchashop.com\/fi\/wp-json\/wp\/v2\/product\/6218","targetHints":{"allow":["GET"]}}],"collection":[{"href":"https:\/\/fengchashop.com\/fi\/wp-json\/wp\/v2\/product"}],"about":[{"href":"https:\/\/fengchashop.com\/fi\/wp-json\/wp\/v2\/types\/product"}],"replies":[{"embeddable":true,"href":"https:\/\/fengchashop.com\/fi\/wp-json\/wp\/v2\/comments?post=6218"}],"wp:featuredmedia":[{"embeddable":true,"href":"https:\/\/fengchashop.com\/fi\/wp-json\/wp\/v2\/media\/6219"}],"wp:attachment":[{"href":"https:\/\/fengchashop.com\/fi\/wp-json\/wp\/v2\/media?parent=6218"}],"wp:term":[{"taxonomy":"product_brand","embeddable":true,"href":"https:\/\/fengchashop.com\/fi\/wp-json\/wp\/v2\/product_brand?post=6218"},{"taxonomy":"product_cat","embeddable":true,"href":"https:\/\/fengchashop.com\/fi\/wp-json\/wp\/v2\/product_cat?post=6218"},{"taxonomy":"product_tag","embeddable":true,"href":"https:\/\/fengchashop.com\/fi\/wp-json\/wp\/v2\/product_tag?post=6218"}],"curies":[{"name":"wp","href":"https:\/\/api.w.org\/{rel}","templated":true}]}}