{"id":6198,"date":"2022-03-03T08:52:04","date_gmt":"2022-03-03T07:52:04","guid":{"rendered":"https:\/\/fengchashop.com\/fi\/product\/moringa-bio-250-g\/"},"modified":"2026-05-01T09:34:16","modified_gmt":"2026-05-01T07:34:16","slug":"moringa-bio","status":"publish","type":"product","link":"https:\/\/fengchashop.com\/fi\/product\/moringa-bio\/","title":{"rendered":"Moringa BIO 250 g"},"content":{"rendered":"<div class=\"wpb-content-wrapper\"><p>[vc_row][vc_column][vc_column_text css=&#8221;&#8221;]<\/p>\n<h2><span style=\"color: #000000\">Orgaaninen moringa jauhe<\/span><\/h2>\n<p><span style=\"color: #000000\">Moringa on ollut tunnettu kasvi tuhansien vuosien ajan, ja sit\u00e4 on k\u00e4ytetty perinteisess\u00e4 l\u00e4\u00e4ketieteess\u00e4. T\u00e4lle pienelle mutta nopeasti kasvavalle trooppiselle puulle, jonka lehti\u00e4 pidet\u00e4\u00e4n yhten\u00e4 <strong>ravinteikkaimmista vihanneksista<\/strong>, on ainakin 100 eri nime\u00e4.<\/span><\/p>\n<p><span style=\"color: #000000\">Moringa on luokiteltu vihannekseksi sen<strong> runsaan ravintokuidun ja korkean ravintoarvon<\/strong> vuoksi. 100 grammaa moringaa sis\u00e4lt\u00e4\u00e4:<\/span><\/p>\n<p><span style=\"color: #000000\"> \ud83d\udc9a saman verran proteiinia kuin yhdess\u00e4 kananmunassa,<\/span><br \/>\n<span style=\"color: #000000\"> \ud83d\udc9a saman verran rautaa kuin yhdess\u00e4 pihviss\u00e4,<\/span><br \/>\n<span style=\"color: #000000\"> \ud83d\udc9a saman verran C-vitamiinia kuin yksi appelsiini,<\/span><br \/>\n<span style=\"color: #000000\"> \ud83d\udc9a sama m\u00e4\u00e4r\u00e4 kalsiumia kuin yhdess\u00e4 lasillisessa maitoa.<\/span><\/p>\n<p><span style=\"color: #000000\">Se sis\u00e4lt\u00e4\u00e4 my\u00f6s B3-vitamiinia, A-vitamiinia, magnesiumia, antioksidantteja, v\u00e4ltt\u00e4m\u00e4tt\u00f6mi\u00e4 aminohappoja, flavonoideja, fenolihappoja ja muita ravintoaineita, jotka tekev\u00e4t moringasta luonnollisen monivitamiinin.<\/span><\/p>\n<p><span style=\"color: #000000\">Eritt\u00e4in laajan vaikutuskentt\u00e4ns\u00e4 vuoksi se nimettiin <strong>vuoden<\/strong> 2018 <strong>vuoden kasviksi<\/strong>. Se on my\u00f6s yksi maailman tutkituimmista kasveista, ja osa sen vaikutuksista ihmiskehoon on tieteellisesti todistettu. Niist\u00e4 seuraavat erottuvat varmasti edukseen:<\/span><\/p>\n<p><span style=\"color: #000000\"> \ud83d\udc9a antioksidanttinen ja anti-inflammatorinen vaikutus,<\/span><br \/>\n<span style=\"color: #000000\"> \ud83d\udc9a hormonien s\u00e4\u00e4tely,<\/span><br \/>\n<span style=\"color: #000000\">\ud83d\udc9a verensokerin, syljen toiminnan ja siten insuliinin erityksen s\u00e4\u00e4tely,<\/span><br \/>\n<span style=\"color: #000000\"> \ud83d\udc9a hormonitasapainon s\u00e4\u00e4tely,<\/span><br \/>\n<span style=\"color: #000000\">\ud83d\udc9a parantaa verenkuvaa (hemoglobiini), se suojaa my\u00f6s syd\u00e4nt\u00e4 ja aivoja,<\/span><br \/>\n<span style=\"color: #000000\"> \ud83d\udc9a stimuloi maksan toimintaa ja ruoansulatusta,<\/span><br \/>\n<span style=\"color: #000000\"> \ud83d\udc9a parantaa ihon kuntoa,<\/span><br \/>\n<span style=\"color: #000000\"> \ud83d\udc9a stimuloi onnellisuushormonin erityst\u00e4, mik\u00e4 nostaa mielialaa.<\/span><\/p>\n<h2><span style=\"color: #000000\">Miksi moringaa suositellaan niin paljon?<\/span><\/h2>\n<p><span style=\"color: #000000\">Kuivatut moringan lehdet ovat helppoja s\u00e4ilytt\u00e4\u00e4 ja k\u00e4ytt\u00e4\u00e4. Sy\u00f6m\u00e4ll\u00e4 30 grammaa moringaa p\u00e4iv\u00e4ss\u00e4 voit kattaa p\u00e4ivitt\u00e4isen A-vitamiinin tarpeen, 80 % p\u00e4ivitt\u00e4isest\u00e4 kalsiumin tarpeesta, 60 % p\u00e4ivitt\u00e4isest\u00e4 raudan tarpeesta ja l\u00e4hes 40 % p\u00e4ivitt\u00e4isest\u00e4 proteiinin tarpeesta. Moringa sis\u00e4lt\u00e4\u00e4 runsaasti proteiinia, mukaan lukien kaikki kahdeksan v\u00e4ltt\u00e4m\u00e4t\u00f6nt\u00e4 aminohappoa, laajan valikoiman vitamiineja ja kivenn\u00e4isaineita sek\u00e4 suuren m\u00e4\u00e4r\u00e4n fytoravintoaineita ja antioksidantteja.<\/span><\/p>\n<p><span style=\"color: #000000\">Moringan tiedet\u00e4\u00e4n torjuvan<strong> aliravitsemusta, v\u00e4hent\u00e4v\u00e4n tulehduksia, stimuloivan verenkiertoa ja ehk\u00e4isev\u00e4n infektioita<\/strong>. Koska se sis\u00e4lt\u00e4\u00e4 kaikkia 8 v\u00e4ltt\u00e4m\u00e4t\u00f6nt\u00e4 aminohappoa (10 muun aminohapon lis\u00e4ksi), se on<strong> t\u00e4ydellinen proteiini<\/strong>, mik\u00e4 on todellinen harvinaisuus kasvien joukossa ja sit\u00e4 voidaan helposti verrata el\u00e4inproteiineihin. Koska se on kasviper\u00e4ist\u00e4, se on erinomainen korvike kaikille niille, jotka eiv\u00e4t sy\u00f6 lihaa ja voivat korvata ruokavalionsa proteiinivajeen moringalla.<\/span><br \/>\n<span style=\"color: #000000\">Moringa pit\u00e4\u00e4 <strong>luut vahvoina ja tervein\u00e4<\/strong> (kalsiumin ja magnesiumin ansiosta),<strong> ravitsee ihoa, s\u00e4\u00e4telee verenpainetta, stimuloi ruoansulatusta ja immuunij\u00e4rjestelm\u00e4\u00e4<\/strong> sek\u00e4 auttaa pudottamaan ylim\u00e4\u00e4r\u00e4isi\u00e4 kiloja (se sis\u00e4lt\u00e4\u00e4 runsaasti kuitua mutta v\u00e4h\u00e4n rasvaa ja kaloreita).<\/span><\/p>\n<h2><span style=\"color: #000000\">Varastointi ja varoitukset<\/span><\/h2>\n<p><span style=\"color: #000000\">S\u00e4ilyt\u00e4 viile\u00e4ss\u00e4 ja kuivassa paikassa enint\u00e4\u00e4n 25 \u00b0C. S\u00e4ilyt\u00e4 ravintolis\u00e4 lasten ulottumattomissa!<\/span><\/p>\n<p><span style=\"color: #000000\">Muista monipuolisen ruokavalion ja terveellisten el\u00e4m\u00e4ntapojen merkitys, ravintolis\u00e4 ei siis korvaa tasapainoista ja monipuolista ruokavaliota. Suositeltua p\u00e4ivitt\u00e4ist\u00e4 m\u00e4\u00e4r\u00e4\u00e4 tai annosta ei saa ylitt\u00e4\u00e4. Raskaana olevia ja imett\u00e4vi\u00e4 naisia kehotetaan aina neuvottelemaan l\u00e4\u00e4k\u00e4rin kanssa ennen k\u00e4ytt\u00f6\u00e4. Muuten moringalla ei ole tunnettuja haittavaikutuksia ja sit\u00e4 on turvallista k\u00e4ytt\u00e4\u00e4 my\u00f6s raskauden ja imetyksen aikana.<\/span><\/p>\n<h2><span style=\"color: #000000\">Pakkaus<\/span><\/h2>\n<p><span style=\"color: #000000\">L\u00e4p\u00e4isem\u00e4t\u00f6n vetoketjullinen pussi, jossa tuote s\u00e4ilytt\u00e4\u00e4 kaiken tuoreutensa ja arominsa. Pakkaus suojaa tuotetta valolta ja ilmalta, sill\u00e4 se koostuu useista suojakerroksista, jotka s\u00e4ilytt\u00e4v\u00e4t sis\u00e4ll\u00f6n ominaisuudet.<\/span><\/p>\n<p><span style=\"color: #000000\">Pakkaus on eritt\u00e4in k\u00e4yt\u00e4nn\u00f6llinen ja kierr\u00e4tett\u00e4v\u00e4.<\/span><\/p>\n<h2><span style=\"color: #000000\">Alkuper\u00e4<\/span><\/h2>\n<p><span style=\"color: #000000\">Tansania<\/span>[\/vc_column_text][\/vc_column][\/vc_row]<\/p>\n<\/div>","protected":false},"excerpt":{"rendered":"<p align=\"JUSTIFY\"><span style=\"color: #000000\">Pieni, nopeasti kasvava moringa-puu, jonka lehdet kuuluvat ravinteikkaimpiin vihanneksiin, viihtyy tropiikissa.<\/span><br \/>\n<span style=\"color: #000000\">Moringa on luokiteltu vihannekseksi sen runsaan ravintokuidun ja korkean ravintoarvon vuoksi. 100 grammaa moringaa sis\u00e4lt\u00e4\u00e4:<\/span><\/p>\n<p align=\"JUSTIFY\"><span style=\"color: #000000\"> \ud83d\udc9a saman verran proteiinia kuin yhdess\u00e4 kananmunassa,<\/span><br \/>\n<span style=\"color: #000000\"> \ud83d\udc9a saman verran rautaa kuin yhdess\u00e4 pihviss\u00e4,<\/span><br \/>\n<span style=\"color: #000000\"> \ud83d\udc9a saman verran C-vitamiinia kuin yksi appelsiini, ja<\/span><br \/>\n<span style=\"color: #000000\"> \ud83d\udc9a sama m\u00e4\u00e4r\u00e4 kalsiumia kuin yhdess\u00e4 lasillisessa maitoa.<\/span><\/p>\n","protected":false},"featured_media":6199,"comment_status":"open","ping_status":"closed","template":"","meta":{"_acf_changed":false},"product_brand":[],"product_cat":[15,231,225,230,224],"product_tag":[],"class_list":{"0":"post-6198","1":"product","2":"type-product","3":"status-publish","4":"has-post-thumbnail","6":"product_cat-uncategorized","7":"product_cat-ayurveda","8":"product_cat-kaikki-tuotteet","9":"product_cat-superruoka","10":"product_cat-tarjous","12":"first","13":"instock","14":"taxable","15":"shipping-taxable","16":"purchasable","17":"product-type-simple"},"acf":[],"_links":{"self":[{"href":"https:\/\/fengchashop.com\/fi\/wp-json\/wp\/v2\/product\/6198","targetHints":{"allow":["GET"]}}],"collection":[{"href":"https:\/\/fengchashop.com\/fi\/wp-json\/wp\/v2\/product"}],"about":[{"href":"https:\/\/fengchashop.com\/fi\/wp-json\/wp\/v2\/types\/product"}],"replies":[{"embeddable":true,"href":"https:\/\/fengchashop.com\/fi\/wp-json\/wp\/v2\/comments?post=6198"}],"wp:featuredmedia":[{"embeddable":true,"href":"https:\/\/fengchashop.com\/fi\/wp-json\/wp\/v2\/media\/6199"}],"wp:attachment":[{"href":"https:\/\/fengchashop.com\/fi\/wp-json\/wp\/v2\/media?parent=6198"}],"wp:term":[{"taxonomy":"product_brand","embeddable":true,"href":"https:\/\/fengchashop.com\/fi\/wp-json\/wp\/v2\/product_brand?post=6198"},{"taxonomy":"product_cat","embeddable":true,"href":"https:\/\/fengchashop.com\/fi\/wp-json\/wp\/v2\/product_cat?post=6198"},{"taxonomy":"product_tag","embeddable":true,"href":"https:\/\/fengchashop.com\/fi\/wp-json\/wp\/v2\/product_tag?post=6198"}],"curies":[{"name":"wp","href":"https:\/\/api.w.org\/{rel}","templated":true}]}}