{"id":6181,"date":"2022-02-22T11:26:11","date_gmt":"2022-02-22T10:26:11","guid":{"rendered":"https:\/\/fengchashop.com\/fi\/product\/maca-musta-jauhe-bio-250-g\/"},"modified":"2026-04-29T01:28:55","modified_gmt":"2026-04-28T23:28:55","slug":"mac-musta-jauhe-bio","status":"publish","type":"product","link":"https:\/\/fengchashop.com\/fi\/product\/mac-musta-jauhe-bio\/","title":{"rendered":"Maca musta jauhe BIO 250 g"},"content":{"rendered":"<div class=\"wpb-content-wrapper\"><p>[vc_row][vc_column][vc_column_text css=&#8221;&#8221;]<\/p>\n<h2><span style=\"color: #000000\">Musta maca-jauhe BIO<\/span><\/h2>\n<p><span style=\"color: #000000\">Maca on juurikasvi, joka viihtyy Perun ja Andien yl\u00e4ng\u00f6ill\u00e4 \u00e4\u00e4rimm\u00e4isiss\u00e4 s\u00e4\u00e4olosuhteissa ja alttiina suurille l\u00e4mp\u00f6tilaeroille p\u00e4iv\u00e4n ja y\u00f6n v\u00e4lill\u00e4. Sit\u00e4 kutsutaan my\u00f6s <strong>perulaiseksi ginsengiksi<\/strong>. Koska se on l\u00e4hes voittamaton selviytymisen kannalta, muinaiset inkat ovat hy\u00f6dynt\u00e4neet sen aktiivisia ominaisuuksia, jotka ovat erityisen hyvi\u00e4 <strong>miesten seksuaalisen voiman<\/strong> kannalta ja vaikuttavat suotuisasti yleiseen terveyteen. Viimeksi mainitusta syyst\u00e4 sit\u00e4 pidet\u00e4\u00e4n eritt\u00e4in arvokkaana superfoodina.<\/span><\/p>\n<p><span style=\"color: #000000\">Maissin l\u00e4\u00e4kinn\u00e4llinen osa on mukula, joka sis\u00e4lt\u00e4\u00e4 monia <strong>vitamiineja, kivenn\u00e4isaineita ja aminohappoja<\/strong>. Hormonien kaltaisten ominaisuuksiensa ansiosta se s\u00e4\u00e4telee estrogeeni- ja progesteronitasoja eli testosteronitasoja, jotka vaikuttavat suotuisasti hyvinvointiimme ja antavat meille voimaa ja kest\u00e4vyytt\u00e4. Sen sis\u00e4lt\u00e4m\u00e4t t\u00e4rke\u00e4t vitamiinit, kuten B1-, B12-, C- ja E-vitamiini, sek\u00e4 rasvahapot, kivenn\u00e4isaineet ja aminohapot (mukaan lukien 7 v\u00e4ltt\u00e4m\u00e4tt\u00f6mi\u00e4 eli elimist\u00f6mme tarvitsemia) tekev\u00e4t macasta yhden tehokkaimmista, toivotuimmista ja suositeltavimmista luonnollisista superfoodeista, joilla on tuhansia vuosia vanhat perinteet.<\/span><\/p>\n<p><span style=\"color: #000000\">Se on<strong> adaptogeeninen yrtti, joka<\/strong> <strong>lis\u00e4\u00e4 energiaa, kest\u00e4vyytt\u00e4, elinvoimaa ja fyysist\u00e4 voimaa<\/strong>. Se auttaa meit\u00e4 reagoimaan stressiin ja sopeutumaan muutoksiin helpommin. Sit\u00e4 esiintyy runsaimmin Keski-Perun Andeilla, ankarissa olosuhteissa ja hyvin korkealla &#8211; yli 4000 metrin korkeudessa. Se on ristikukkainen vihannes, kuten parsakaali, kukkakaali, nauriit, kaali, lehtikaali ja retiisi. Kasvin sy\u00f6t\u00e4vin osa on juuri eli mukula. Juuria on useita eri v\u00e4rej\u00e4 valkoisesta mustaan. Suosituimmat v\u00e4rit ovat <strong>keltainen, punainen ja musta<\/strong>. Tavallista keltaista macaa k\u00e4ytet\u00e4\u00e4n jokap\u00e4iv\u00e4iseen ja pitk\u00e4aikaiseen kulutukseen. Punaista ja mustaa macaa pidet\u00e4\u00e4n pyhin\u00e4 lajikkeina, ja niit\u00e4 k\u00e4ytet\u00e4\u00e4n kroonisiin terapeuttisiin ongelmiin. Keltainen maca on neutraali. Punaista pidet\u00e4\u00e4n sis\u00e4isen naisellisen energian kannalta. Mustan katsotaan olevan <strong>ulkoista maskuliinista<\/strong> energiaa. Paikalliset shamaanit ovat tarkkoja siit\u00e4, mink\u00e4laista macaa ongelmista k\u00e4rsiv\u00e4n henkil\u00f6n tulisi kuluttaa tai miss\u00e4 suhteessa.<\/span><\/p>\n<p><span style=\"color: #000000\">Sill\u00e4 on hyvin makea maku ja monenlaisia k\u00e4ytt\u00f6tarkoituksia.<\/span><\/p>\n<p><span style=\"color: #000000\">Mustan macan osuus on vain noin 10 prosenttia maailman kaikkien macatyyppien tuotannosta. Sit\u00e4 arvostetaan my\u00f6s sen l\u00e4\u00e4kinn\u00e4llisten k\u00e4ytt\u00f6tarkoitusten vuoksi.<\/span><\/p>\n<h2><span style=\"color: #000000\">Miksi valita musta maca?<\/span><\/h2>\n<p><span style=\"color: #000000\">Mustaa macaa pidet\u00e4\u00e4n luonnollisena viagraa. Sill\u00e4 on merkitt\u00e4v\u00e4 vaikutus siitti\u00f6iden m\u00e4\u00e4r\u00e4\u00e4n ja liikkuvuuteen. Siksi sit\u00e4 arvostavat erityisesti pariskunnat, jotka eiv\u00e4t pysty tulemaan raskaaksi. Se antaa my\u00f6s voimaa, parantaa mielialaa, torjuu stressi\u00e4 ja ahdistusta, parantaa muistia ja keskittymiskyky\u00e4, toimii luonnollisena masennusl\u00e4\u00e4kkeen\u00e4 ja parantaa unta.<\/span><\/p>\n<p><span style=\"color: #000000\">Meid\u00e4n macamme on per\u00e4isin Perun korkeiden vuorten luomutiloilta, ja se on 100-prosenttisesti <strong>luonnonmukaista.<\/strong> Jokainen er\u00e4 analysoidaan ja sertifioidaan.<\/span><\/p>\n<h2><span style=\"color: #000000\">Miksi tilata macaa?<\/span><\/h2>\n<p><span style=\"color: #000000\">Macajauheemme on per\u00e4isin <strong>valvotusta luomutuotannosta,<\/strong> huolellisesti kuivattu ja jauhettu jauhon kaltaiseksi jauheeksi. Lis\u00e4ksi varmistamme s\u00e4\u00e4nn\u00f6llisesti, ett\u00e4 maca-varastomme ovat aina <strong>tuoreita<\/strong>! T\u00e4m\u00e4n vuoksi valmistamme seoksen huolellisesti itse, sill\u00e4 vain n\u00e4in voimme varmistaa sen eheyden tuoreilla ainesosilla oikeassa suhteessa.<\/span><\/p>\n<p><span style=\"color: #000000\">Maca on per\u00e4isin Perun korkeilla vuoristoalueilla sijaitsevilta luonnonmukaisilta tiloilta. Olemme analysoineet ja validoineet jokaisen er\u00e4n.<\/span><\/p>\n<h2><span style=\"color: #000000\">Varastointi ja varoitukset<\/span><\/h2>\n<p><span style=\"color: #000000\">S\u00e4ilyt\u00e4 viile\u00e4ss\u00e4 ja kuivassa paikassa enint\u00e4\u00e4n 25 \u00b0C. S\u00e4ilyt\u00e4 ravintolis\u00e4 lasten ulottumattomissa!<\/span><\/p>\n<p><span style=\"color: #000000\">Muista monipuolisen ruokavalion ja terveellisten el\u00e4m\u00e4ntapojen merkitys, ravintolis\u00e4 ei siis korvaa tasapainoista ja monipuolista ruokavaliota. Suositeltua p\u00e4ivitt\u00e4ist\u00e4 m\u00e4\u00e4r\u00e4\u00e4 tai annosta ei saa ylitt\u00e4\u00e4. Raskaana olevia ja imett\u00e4vi\u00e4 naisia kehotetaan aina neuvottelemaan l\u00e4\u00e4k\u00e4rin kanssa ennen k\u00e4ytt\u00f6\u00e4.<\/span><\/p>\n<h2><span style=\"color: #000000\">Pakkaus<\/span><\/h2>\n<p><span style=\"color: #000000\">L\u00e4p\u00e4isem\u00e4t\u00f6n vetoketjullinen pussi, jossa tuote s\u00e4ilytt\u00e4\u00e4 kaiken tuoreutensa ja arominsa. Pakkaus suojaa tuotetta valolta ja ilmalta, sill\u00e4 se koostuu useista suojakerroksista, jotka s\u00e4ilytt\u00e4v\u00e4t sis\u00e4ll\u00f6n ominaisuudet.<\/span><\/p>\n<p><span style=\"color: #000000\">Pakkaus on eritt\u00e4in k\u00e4yt\u00e4nn\u00f6llinen ja kierr\u00e4tett\u00e4v\u00e4.<\/span><\/p>\n<h2><span style=\"color: #000000\">Alkuper\u00e4<\/span><\/h2>\n<p><span style=\"color: #000000\">Peru<\/span>[\/vc_column_text][\/vc_column][\/vc_row]<\/p>\n<\/div>","protected":false},"excerpt":{"rendered":"<p align=\"JUSTIFY\">Maca on juurikasvi, joka viihtyy Perun Andien yl\u00e4ng\u00f6ill\u00e4, miss\u00e4 se on alttiina<strong> \u00e4\u00e4rimm\u00e4isille s\u00e4\u00e4olosuhteille<\/strong> ja suurille l\u00e4mp\u00f6tilaeroille p\u00e4iv\u00e4n ja y\u00f6n v\u00e4lill\u00e4. Macan l\u00e4\u00e4kkeellinen osa on mukula, joka sis\u00e4lt\u00e4\u00e4 monia<strong> vitamiineja, kivenn\u00e4isaineita ja aminohappoja<\/strong>. Maca sis\u00e4lt\u00e4\u00e4 t\u00e4rkeit\u00e4 vitamiineja, kuten B1-, B12-, C- ja E-vitamiinia, sek\u00e4 rasvahappoja, kivenn\u00e4isaineita ja aminohappoja, joten se on yksi tehokkaimmista, toivotuimmista ja suositeltavimmista luonnollisista superfoodeista, joilla on tuhansia vuosia vanhat perinteet.<\/p>\n<p align=\"JUSTIFY\">\ud83d\udc9a Ulkoiseen miehen energiaan.<br \/>\n\ud83d\udc9a Terveyden ja elinvoiman huippuunsa saamiseksi.<br \/>\n\ud83d\udc9a Parantaa mielialaa, torjuu stressi\u00e4 ja ahdistusta.<br \/>\n\ud83d\udc9a Lis\u00e4\u00e4 elinvoimaa ja voimaa.<\/p>\n","protected":false},"featured_media":6182,"comment_status":"open","ping_status":"closed","template":"","meta":{"_acf_changed":false},"product_brand":[],"product_cat":[15],"product_tag":[],"class_list":{"0":"post-6181","1":"product","2":"type-product","3":"status-publish","4":"has-post-thumbnail","6":"product_cat-uncategorized","8":"first","9":"instock","10":"sale","11":"taxable","12":"shipping-taxable","13":"purchasable","14":"product-type-simple"},"acf":[],"_links":{"self":[{"href":"https:\/\/fengchashop.com\/fi\/wp-json\/wp\/v2\/product\/6181","targetHints":{"allow":["GET"]}}],"collection":[{"href":"https:\/\/fengchashop.com\/fi\/wp-json\/wp\/v2\/product"}],"about":[{"href":"https:\/\/fengchashop.com\/fi\/wp-json\/wp\/v2\/types\/product"}],"replies":[{"embeddable":true,"href":"https:\/\/fengchashop.com\/fi\/wp-json\/wp\/v2\/comments?post=6181"}],"wp:featuredmedia":[{"embeddable":true,"href":"https:\/\/fengchashop.com\/fi\/wp-json\/wp\/v2\/media\/6182"}],"wp:attachment":[{"href":"https:\/\/fengchashop.com\/fi\/wp-json\/wp\/v2\/media?parent=6181"}],"wp:term":[{"taxonomy":"product_brand","embeddable":true,"href":"https:\/\/fengchashop.com\/fi\/wp-json\/wp\/v2\/product_brand?post=6181"},{"taxonomy":"product_cat","embeddable":true,"href":"https:\/\/fengchashop.com\/fi\/wp-json\/wp\/v2\/product_cat?post=6181"},{"taxonomy":"product_tag","embeddable":true,"href":"https:\/\/fengchashop.com\/fi\/wp-json\/wp\/v2\/product_tag?post=6181"}],"curies":[{"name":"wp","href":"https:\/\/api.w.org\/{rel}","templated":true}]}}