{"id":6174,"date":"2022-02-22T10:17:16","date_gmt":"2022-02-22T09:17:16","guid":{"rendered":"https:\/\/fengchashop.com\/fi\/product\/polyporus-umbellatus-villi-bio-125-g\/"},"modified":"2026-04-29T06:19:16","modified_gmt":"2026-04-29T04:19:16","slug":"polyporus-umbellatus-villi-bio","status":"publish","type":"product","link":"https:\/\/fengchashop.com\/fi\/product\/polyporus-umbellatus-villi-bio\/","title":{"rendered":"Polyporus umbellatus villi BIO 125 g"},"content":{"rendered":"<div class=\"wpb-content-wrapper\"><p>[vc_row][vc_column][vc_column_text css=&#8221;&#8221;]<\/p>\n<h2><span style=\"color: #000000\">Polyporus umbellatus BIO-jauhe<\/span><\/h2>\n<p><span style=\"color: #000000\">Polyporus umbellatus on sy\u00f6t\u00e4v\u00e4 mutta suojattu sieni, joka muistuttaa ulkon\u00e4\u00f6lt\u00e4\u00e4n kukkakaalia. Slovenian kieless\u00e4 sit\u00e4 kutsutaan<strong> haaroittuneeksi punajuureksi tai tammipunajuureksi<\/strong>. Maanp\u00e4\u00e4llinen osa (trosnjake) k\u00e4ytet\u00e4\u00e4n ruokakulttuurissa, mutta maanalainen osa (sclerotium) on l\u00e4\u00e4kinn\u00e4llinen. Se on eritt\u00e4in tutkittu l\u00e4\u00e4kesieni, sill\u00e4 se sis\u00e4lt\u00e4\u00e4 monia<strong> bioaktiivisia yhdisteit\u00e4<\/strong>, joilla on todistetusti kasvainten ja sy\u00f6v\u00e4n vastaista vaikutusta. T\u00e4m\u00e4n vuoksi sit\u00e4 k\u00e4ytet\u00e4\u00e4n usein erilaisten l\u00e4\u00e4kkeiden ja ravintolisien ainesosana. Haarakannus on my\u00f6s<strong> erinomainen antioksidanttien l\u00e4hde<\/strong>, joka ker\u00e4\u00e4 vapaita radikaaleja, <strong>parantaa immuunij\u00e4rjestelm\u00e4\u00e4<\/strong> ja sill\u00e4 on<strong> antimikrobisia ominaisuuksia<\/strong>. L\u00e4\u00e4kinn\u00e4llisiin tarkoituksiin sit\u00e4 k\u00e4ytet\u00e4\u00e4n p\u00e4\u00e4asiassa perinteisess\u00e4 kiinalaisessa l\u00e4\u00e4ketieteess\u00e4 diureettina munuaisten ja maksan vajaatoimintaan, veden kertymiseen ja turvotukseen liittyvien ongelmien ehk\u00e4isemiseksi tai hoitamiseksi sek\u00e4 ripulin, keltaisuuden ja em\u00e4tinvuodon ja kivuliaan virtsaamisen hoitoon. TCM:ss\u00e4 sit\u00e4 pidet\u00e4\u00e4n my\u00f6s luonnollisena antibioottina. Tutkijat ovat my\u00f6s vahvistaneet sen diureettisen vaikutuksen ja sen suotuisat vaikutukset munuaisiin ja maksaan. Se my\u00f6s stimuloi immuunij\u00e4rjestelm\u00e4\u00e4 ja on erinomainen tuki kemoterapialle sy\u00f6v\u00e4n hoidossa.<\/span><\/p>\n<p><span style=\"color: #000000\">Polyporus umbellatus -sienemme tuotanto on tiukasti valvottua, ilman kemikaaleja tai torjunta-aineita ja <strong>100-prosenttisesti luonnonmukaista<\/strong>.\u00a0<\/span><\/p>\n<h2><span style=\"color: #000000\">Mit\u00e4 se sis\u00e4lt\u00e4\u00e4 ja kenelle se on tarkoitettu?<\/span><\/h2>\n<p><span style=\"color: #000000\">Tyypillisten polysakkaridien, vitamiinien, mineraalisuolojen ja muiden antioksidanttien lis\u00e4ksi haarasieni sis\u00e4lt\u00e4\u00e4 my\u00f6s fytosteroleja, titerpenoideja, mannitolia ja vastaavia farmakologisesti aktiivisia aineita, jotka antavat sienelle sen poikkeukselliset parantavat vaikutukset ilman ei-toivottuja sivuvaikutuksia.<\/span><\/p>\n<p><span style=\"color: #000000\"><strong>Polyporus umbellatus voi:<\/strong><\/span><\/p>\n<p><span style=\"color: #000000\"> \ud83d\udc9a auttaa munuais- ja maksavaivoihin,<\/span><br \/>\n<span style=\"color: #000000\"> \ud83d\udc9a auttaa em\u00e4tinvuotoon,<\/span><br \/>\n<span style=\"color: #000000\"> \ud83d\udc9a kasvaimia vastaan,<\/span><br \/>\n<span style=\"color: #000000\"> \ud83d\udc9a stimuloi ja vahvistaa immuunij\u00e4rjestelm\u00e4\u00e4,<\/span><br \/>\n<span style=\"color: #000000\"> \ud83d\udc9a lievitt\u00e4\u00e4 kemoterapian vaikutuksia ja parantaa siten sy\u00f6p\u00e4potilaiden el\u00e4m\u00e4\u00e4.<\/span><\/p>\n<p><span style=\"color: #000000\">Kaikkia sienen sis\u00e4lt\u00e4mi\u00e4 elementtej\u00e4 on runsaasti ja niill\u00e4 on eritt\u00e4in positiivinen vaikutus kehoomme.<\/span><\/p>\n<p><span style=\"color: #000000\">Ja mik\u00e4 on \u00e4\u00e4rimm\u00e4isen t\u00e4rke\u00e4\u00e4, Polyporus umbellatus on<strong> 100-prosenttisesti luonnollinen tuote<\/strong>, joka voi auttaa meit\u00e4 luonnollisella tavalla. Se parantaa ongelmiemme oireita ja vaikuttaa my\u00f6nteisesti yleiseen hyvinvointiimme.<\/span><\/p>\n<h2><span style=\"color: #000000\">Miksi sieni\u00e4?<\/span><\/h2>\n<p><span style=\"color: #000000\">Sienet ovat hyvin mielenkiintoisia. Ne eiv\u00e4t ole kasveja eiv\u00e4tk\u00e4 el\u00e4imi\u00e4, mutta mit\u00e4 ne ovat, ne ovat varmasti h\u00e4mm\u00e4stytt\u00e4vi\u00e4 organismeja, jotka ovat onnistuneet selviytym\u00e4\u00e4n l\u00e4hes maailman alusta l\u00e4htien. Ne ovat kehitt\u00e4neet erityisen selviytymisstrategian, joka on yll\u00e4pit\u00e4nyt niit\u00e4 t\u00e4h\u00e4n p\u00e4iv\u00e4\u00e4n asti. Ja me ihmiset voimme my\u00f6s hy\u00f6ty\u00e4 n\u00e4ist\u00e4 eduista sy\u00f6m\u00e4ll\u00e4 l\u00e4\u00e4kinn\u00e4llisi\u00e4 sieni\u00e4. Ne tuovat meille tasapainoa fyysisell\u00e4 tasolla ja suojaavat meit\u00e4 monilta sairauksilta. Ne voivat olla<strong> ennaltaehk\u00e4isev\u00e4\u00e4<\/strong> tai<strong> tukevaa hoitoa<\/strong> moniin (nykyaikaisiin) sairauksiin, olivatpa ne sitten perinteisi\u00e4 tai muuten ep\u00e4tavanomaisia. Perinteisesti sienien vaikutusten on katsottu vaikuttavan sy\u00f6p\u00e4\u00e4n, autoimmuunisairauksiin ja allergioihin. Ne ovat my\u00f6s hyvi\u00e4 terveen ja vahvan immuunij\u00e4rjestelm\u00e4n vasteen kannalta. Viime vuosikymmenin\u00e4, jolloin sienet ovat her\u00e4tt\u00e4neet kiinnostusta l\u00e4nsimaissa, tehdyt l\u00e4\u00e4ketieteelliset tutkimukset ovat kuitenkin vahvistaneet monet niiden terapeuttisista vaikutuksista.<\/span><\/p>\n<p><span style=\"color: #000000\">Koska tietyt luonnolliset vaikuttavat aineet ovat meille sulamattomia tai vaikeasti sulavia, on eritt\u00e4in t\u00e4rke\u00e4\u00e4 kuluttaa vain parhaita sienijauheita. Sienet on kasvatettava, kuivattava ja valmistettava asianmukaisesti. Ne on jauhettava hienoksi jauheeksi, jossa ei ole palasia. Jauheen v\u00e4ri on vaaleampi, mutta muuten se riippuu my\u00f6s kulutettavasta sienityypist\u00e4. Koska sienet ovat niin tehokkaita <\/span><\/p>\n<h2><span style=\"color: #000000\">Pakkaus<\/span><\/h2>\n<p><span style=\"color: #000000\">L\u00e4p\u00e4isem\u00e4t\u00f6n vetoketjullinen pussi, jossa tuote s\u00e4ilytt\u00e4\u00e4 kaiken tuoreutensa ja arominsa. Pakkaus suojaa tuotetta valolta ja ilmalta, sill\u00e4 se koostuu useista suojakerroksista, jotka s\u00e4ilytt\u00e4v\u00e4t sis\u00e4ll\u00f6n ominaisuudet.<\/span><\/p>\n<p><span style=\"color: #000000\">Pakkaus on eritt\u00e4in k\u00e4yt\u00e4nn\u00f6llinen ja kierr\u00e4tett\u00e4v\u00e4.<\/span><\/p>\n<h2><span style=\"color: #000000\">Varastointi ja varoitukset<\/span><\/h2>\n<p><span style=\"color: #000000\">S\u00e4ilyt\u00e4 viile\u00e4ss\u00e4 ja kuivassa paikassa. S\u00e4ilyt\u00e4 ravintolis\u00e4 lasten ulottumattomissa!<\/span><\/p>\n<p><span style=\"color: #000000\">Muista monipuolisen ruokavalion ja terveellisten el\u00e4m\u00e4ntapojen merkitys, ravintolis\u00e4 ei siis korvaa tasapainoista ja monipuolista ruokavaliota. Suositeltua p\u00e4ivitt\u00e4ist\u00e4 m\u00e4\u00e4r\u00e4\u00e4 tai annosta ei saa ylitt\u00e4\u00e4. Raskaana olevia ja imett\u00e4vi\u00e4 naisia kehotetaan aina neuvottelemaan l\u00e4\u00e4k\u00e4rin kanssa ennen k\u00e4ytt\u00f6\u00e4.<\/span><\/p>\n<h2><span style=\"color: #000000\">Hyv\u00e4 tiet\u00e4\u00e4<\/span><\/h2>\n<p><span style=\"color: #000000\">Tuote sopii my\u00f6s el\u00e4imille. Useimmissa tapauksissa l\u00e4\u00e4kinn\u00e4lliset sienet osoittautuvat eritt\u00e4in tehokkaiksi immuunij\u00e4rjestelm\u00e4n vahvistamisessa, allergioiden ja ihosairauksien sek\u00e4 virus- ja bakteeri-infektioiden poistamisessa. Kysy el\u00e4inl\u00e4\u00e4k\u00e4rilt\u00e4si ennen k\u00e4ytt\u00f6\u00e4, onko k\u00e4ytt\u00f6 suositeltavaa ja mik\u00e4 on suositeltu p\u00e4ivitt\u00e4inen m\u00e4\u00e4r\u00e4.<\/span><\/p>\n<h2><span style=\"color: #000000\">Alkuper\u00e4<\/span><\/h2>\n<div id=\"wrapper\" class=\"open\">\n<div class=\"page-wrapper-inner\">\n<div class=\"custom-container-sirina-dodatno\">\n<p><span style=\"color: #000000\">Kiina.<\/span><\/p>\n<p><span style=\"color: #000000\">Meill\u00e4 on eritt\u00e4in luotettavia tavarantoimittajia, jotka l\u00e4hett\u00e4v\u00e4t meille yksityiskohtaisen kemiallisen analyysin elintarvikkeista jokaisesta er\u00e4st\u00e4. Yli kymmenen vuoden aikana meill\u00e4 ei ole ollut mink\u00e4\u00e4nlaisia takaisinvetoja tai muita ongelmia t\u00e4m\u00e4n tuotteen tai muiden saman toimittajan tuotteiden kanssa.<\/span><\/p>\n<p><span style=\"color: #000000\">Tuote on 100-prosenttisesti sertifioitua luomua.<\/span><\/p>\n<\/div>\n<\/div>\n<\/div>\n<p>[\/vc_column_text][\/vc_column][\/vc_row]<\/p>\n<\/div>","protected":false},"excerpt":{"rendered":"<p align=\"JUSTIFY\">Polyporus umbellatus on sy\u00f6t\u00e4v\u00e4 mutta suojattu sieni, joka muistuttaa ulkon\u00e4\u00f6lt\u00e4\u00e4n kukkakaalia. Slovenian kieless\u00e4 sit\u00e4 kutsutaan <strong>haaroittuneeksi punikkimadoksi <\/strong>tai <strong>tammenpunikkimadoksi<\/strong>. Maanp\u00e4\u00e4llinen osa (trosnjake) k\u00e4ytet\u00e4\u00e4n ruokakulttuurissa, mutta maanalainen osa (sclerotium) on l\u00e4\u00e4kinn\u00e4llinen. Se on eritt\u00e4in tutkittu l\u00e4\u00e4kesieni, sill\u00e4 se sis\u00e4lt\u00e4\u00e4 monia <strong>bioaktiivisia yhdisteit\u00e4<\/strong>, joilla on todistetusti kasvainten ja sy\u00f6v\u00e4n vastaista vaikutusta.<\/p>\n<p><span style=\"color: #000000\"> \ud83d\udc9a Erinomainen antioksidanttien l\u00e4hde.<br \/>\n\ud83d\udc9a Stimuloi ja vahvistaa immuunij\u00e4rjestelm\u00e4\u00e4.<br \/>\n\ud83d\udc9a Auttaa munuais- ja maksaongelmissa.<br \/>\n\ud83d\udc9a Sill\u00e4 on kasvainten vastaisia ominaisuuksia.<\/span><\/p>\n","protected":false},"featured_media":6175,"comment_status":"open","ping_status":"closed","template":"","meta":{"_acf_changed":false},"product_brand":[],"product_cat":[15,225,228,224],"product_tag":[],"class_list":{"0":"post-6174","1":"product","2":"type-product","3":"status-publish","4":"has-post-thumbnail","6":"product_cat-uncategorized","7":"product_cat-kaikki-tuotteet","8":"product_cat-laakinnalliset-sienet","9":"product_cat-tarjous","11":"first","12":"instock","13":"taxable","14":"shipping-taxable","15":"purchasable","16":"product-type-simple"},"acf":[],"_links":{"self":[{"href":"https:\/\/fengchashop.com\/fi\/wp-json\/wp\/v2\/product\/6174","targetHints":{"allow":["GET"]}}],"collection":[{"href":"https:\/\/fengchashop.com\/fi\/wp-json\/wp\/v2\/product"}],"about":[{"href":"https:\/\/fengchashop.com\/fi\/wp-json\/wp\/v2\/types\/product"}],"replies":[{"embeddable":true,"href":"https:\/\/fengchashop.com\/fi\/wp-json\/wp\/v2\/comments?post=6174"}],"wp:featuredmedia":[{"embeddable":true,"href":"https:\/\/fengchashop.com\/fi\/wp-json\/wp\/v2\/media\/6175"}],"wp:attachment":[{"href":"https:\/\/fengchashop.com\/fi\/wp-json\/wp\/v2\/media?parent=6174"}],"wp:term":[{"taxonomy":"product_brand","embeddable":true,"href":"https:\/\/fengchashop.com\/fi\/wp-json\/wp\/v2\/product_brand?post=6174"},{"taxonomy":"product_cat","embeddable":true,"href":"https:\/\/fengchashop.com\/fi\/wp-json\/wp\/v2\/product_cat?post=6174"},{"taxonomy":"product_tag","embeddable":true,"href":"https:\/\/fengchashop.com\/fi\/wp-json\/wp\/v2\/product_tag?post=6174"}],"curies":[{"name":"wp","href":"https:\/\/api.w.org\/{rel}","templated":true}]}}