{"id":6171,"date":"2022-02-22T09:57:12","date_gmt":"2022-02-22T08:57:12","guid":{"rendered":"https:\/\/fengchashop.com\/fi\/product\/agaricus-blazei-bio-125-g\/"},"modified":"2026-04-29T17:07:38","modified_gmt":"2026-04-29T15:07:38","slug":"agaricus-blazei-bio","status":"publish","type":"product","link":"https:\/\/fengchashop.com\/fi\/product\/agaricus-blazei-bio\/","title":{"rendered":"Agaricus blazei BIO 125 g"},"content":{"rendered":"<div class=\"wpb-content-wrapper\"><p>[vc_row][vc_column][vc_column_text css=&#8221;&#8221;]<\/p>\n<h2><span style=\"color: #000000\">Agaricus blazei BIO<\/span><\/h2>\n<p><span style=\"color: #000000\">Agaricus blazei on yksi <strong>uusimmista l\u00f6yd\u00f6ist\u00e4 l\u00e4\u00e4kinn\u00e4llisten sienten alalla, ja sen suosio kasvaa koko ajan maailmanlaajuisesti<\/strong>. Sieni on per\u00e4isin Brasiliasta, ja siksi sit\u00e4 kutsutaan usein brasilialaiseksi kukmakiksi. Sit\u00e4 k\u00e4ytet\u00e4\u00e4n my\u00f6s Japanissa ja muissa Aasian maissa, joissa l\u00e4\u00e4kinn\u00e4llisi\u00e4 sieni\u00e4 on k\u00e4ytetty terapeuttisiin tarkoituksiin jo tuhansien vuosien ajan. Slovenian kieless\u00e4 sit\u00e4 kutsutaan nimell\u00e4 <strong>mandljev kukmak<\/strong>.<\/span><\/p>\n<p><span style=\"color: #000000\">Jauhemuodossa Agaricus blazei sis\u00e4lt\u00e4\u00e4 monia ravintoaineita, ja sen my\u00f6nteiset vaikutukset on tieteellisesti todistettu. Eri maissa ymp\u00e4ri maailmaa tehdyiss\u00e4 tutkimuksissa on havaittu useita t\u00e4m\u00e4n sienen s\u00e4\u00e4nn\u00f6lliseen kulutukseen liittyvi\u00e4 my\u00f6nteisi\u00e4 vaikutuksia. Erityisesti <strong>se vahvistaa immuunij\u00e4rjestelm\u00e4\u00e4 ja sill\u00e4 on ennaltaehk\u00e4isevi\u00e4, tulehdusta ehk\u00e4isevi\u00e4 ja antiviraalisia ominaisuuksia<\/strong>.<\/span><\/p>\n<p><span style=\"color: #000000\">Se on hieman tuntemattomampi ja yksi uudemmista sienist\u00e4 l\u00e4\u00e4kinn\u00e4llisten sienten joukossa, mutta se kasvattaa nopeasti suosiotaan monien l\u00e4\u00e4kinn\u00e4llisten ominaisuuksiensa ansiosta.<\/span><\/p>\n<p><span style=\"color: #000000\">Agaricus blazei -sieniemme tuotanto on tiukasti valvottua, ilman kemikaaleja tai torjunta-aineita ja<strong> 100-prosenttisesti luonnonmukaista tuotant<\/strong> oa. Sloveniassa ja Yhdysvalloissa sijaitsevat riippumattomat laboratoriot valvovat s\u00e4\u00e4nn\u00f6llisesti sienten laatua.<\/span><\/p>\n<h2><span style=\"color: #000000\">Mit\u00e4 se sis\u00e4lt\u00e4\u00e4 ja kenelle se on tarkoitettu?<\/span><\/h2>\n<p><span style=\"color: #000000\">Agaricus blazei koostuu erilaisista <strong>polysakkarideista, vitamiineista, mineraalisuoloista ja muista antioksidanteista.<\/strong> Kaikkia sienen sis\u00e4lt\u00e4mi\u00e4 elementtej\u00e4 on runsaasti ja niill\u00e4 on eritt\u00e4in my\u00f6nteinen vaikutus elimist\u00f6\u00f6mme.<\/span><\/p>\n<p><span style=\"color: #000000\"><strong>Valitut positiiviset parantavat vaikutukset, jotka voidaan saavuttaa ottamalla Agaricus blazei -sienijauhetta, ovat seuraavat:<\/strong><\/span><\/p>\n<p><span style=\"color: #000000\"> \ud83d\udc9a se on kasvainvastainen ja immunostimuloiva ja sit\u00e4 k\u00e4ytet\u00e4\u00e4n siksi tukihoidossa tavanomaisessa sy\u00f6p\u00e4hoidossa,<\/span><br \/>\n<span style=\"color: #000000\"> \ud83d\udc9a sill\u00e4 on antiviraalisia ja anti-inflammatorisia ominaisuuksia,<\/span><br \/>\n<span style=\"color: #000000\"> \ud83d\udc9a sill\u00e4 on suotuisa vaikutus maksaan,<\/span><br \/>\n<span style=\"color: #000000\"> \ud83d\udc9a auttaa parantamaan iho-ongelmia,<\/span><br \/>\n<span style=\"color: #000000\"> \ud83d\udc9a parantaa suolen toimintaa,<\/span><br \/>\n<span style=\"color: #000000\"> \ud83d\udc9a se toimii diabetesta, valtimonkovettumatautia, korkeaa kolesterolia ja allergioita vastaan,<\/span><br \/>\n<span style=\"color: #000000\"> \ud83d\udc9a k\u00e4ytet\u00e4\u00e4n stressin v\u00e4hent\u00e4miseen,<\/span><br \/>\n<span style=\"color: #000000\"> \ud83d\udc9a hepatiitin, ihotulehduksen, osteoporoosin, syd\u00e4n- ja verisuonitautien, ruoansulatuskanavan sairauksien jne. hoitoon.<\/span><\/p>\n<p><span style=\"color: #000000\">Agaricus blazei sis\u00e4ltyy usein<strong> perinteisen sy\u00f6p\u00e4hoidon aikana<\/strong> nautittavaksi suositeltujen sienten luetteloon, sill\u00e4 se lievitt\u00e4\u00e4 kemo- ja s\u00e4dehoidon sivuvaikutuksia. Lis\u00e4ksi se voi itsess\u00e4\u00e4n olla sy\u00f6p\u00e4\u00e4 ja kasvaimia ehk\u00e4isev\u00e4. Se parantaa sy\u00f6p\u00e4potilaiden el\u00e4m\u00e4\u00e4.<\/span><\/p>\n<p><span style=\"color: #000000\">Ja eritt\u00e4in t\u00e4rke\u00e4\u00e4 t\u00e4ss\u00e4 on se, ett\u00e4 Agaricus blazei on <strong>100-prosenttisesti luonnollinen tuote<\/strong>, joka voi auttaa meit\u00e4 luonnollisella tavalla. Se parantaa ongelmiemme oireita ja vaikuttaa my\u00f6nteisesti yleiseen hyvinvointiimme.<\/span><\/p>\n<h2><span style=\"color: #000000\">Miksi sieni\u00e4?<\/span><\/h2>\n<p><span style=\"color: #000000\">Sienet ovat hyvin mielenkiintoisia. Ne eiv\u00e4t ole kasveja eiv\u00e4tk\u00e4 el\u00e4imi\u00e4, mutta mit\u00e4 ne ovat, ne ovat varmasti h\u00e4mm\u00e4stytt\u00e4vi\u00e4 organismeja, jotka ovat onnistuneet selviytym\u00e4\u00e4n l\u00e4hes maailman alusta l\u00e4htien. Ne ovat kehitt\u00e4neet erityisen selviytymisstrategian, joka on yll\u00e4pit\u00e4nyt niit\u00e4 t\u00e4h\u00e4n p\u00e4iv\u00e4\u00e4n asti. Ja me ihmiset voimme my\u00f6s hy\u00f6ty\u00e4 n\u00e4ist\u00e4 eduista kuluttamalla l\u00e4\u00e4kinn\u00e4llisi\u00e4 sieni\u00e4. Ne tuovat meille tasapainoa fyysisell\u00e4 tasolla ja suojaavat meit\u00e4 monilta sairauksilta. Ne voivat olla<strong> ennaltaehk\u00e4isev\u00e4\u00e4<\/strong> tai<strong> tukevaa hoitoa<\/strong> moniin (nykyaikaisiin) sairauksiin, olivatpa ne sitten perinteisi\u00e4 tai muuten ep\u00e4tavanomaisia. Perinteisesti sienien vaikutusten on katsottu vaikuttavan sy\u00f6p\u00e4\u00e4n, autoimmuunisairauksiin ja allergioihin. Ne ovat my\u00f6s hyvi\u00e4 terveen ja vahvan immuunij\u00e4rjestelm\u00e4n vasteen kannalta. Viime vuosikymmenin\u00e4, jolloin sienet ovat her\u00e4tt\u00e4neet kiinnostusta l\u00e4nsimaissa, tehdyt l\u00e4\u00e4ketieteelliset tutkimukset ovat kuitenkin vahvistaneet monet niiden terapeuttisista vaikutuksista.<\/span><\/p>\n<p><span style=\"color: #000000\">Koska tietyt luonnolliset vaikuttavat aineet ovat meille sulamattomia tai vaikeasti sulavia, on eritt\u00e4in t\u00e4rke\u00e4\u00e4 kuluttaa vain parhaita sienijauheita. Sienet on kasvatettava, kuivattava ja valmistettava asianmukaisesti. Ne on jauhettava hienoksi jauheeksi, jossa ei ole palasia. Jauheen v\u00e4ri on vaaleampi, mutta muuten se riippuu my\u00f6s kulutettavasta sienityypist\u00e4. Koska sienet ovat niin tehokkaita juuri siksi, ett\u00e4 niill\u00e4 on kyky ime\u00e4 kaikkea &#8211; hyv\u00e4\u00e4 ja pahaa &#8211; ymp\u00e4rist\u00f6st\u00e4, on t\u00e4rke\u00e4\u00e4 k\u00e4ytt\u00e4\u00e4 luonnonmukaisesti kasvatettuja sieni\u00e4.<\/span><\/p>\n<h2><span style=\"color: #000000\">Pakkaus<\/span><\/h2>\n<p><span style=\"color: #000000\">L\u00e4p\u00e4isem\u00e4t\u00f6n vetoketjullinen pussi, jossa tuote s\u00e4ilytt\u00e4\u00e4 kaiken tuoreutensa ja arominsa. Pakkaus suojaa valolta ja ilmalta, sill\u00e4 se koostuu useista suojakerroksista, jotka s\u00e4ilytt\u00e4v\u00e4t sis\u00e4ll\u00f6n ominaisuudet.<\/span><\/p>\n<p><span style=\"color: #000000\">Pakkaus on eritt\u00e4in k\u00e4yt\u00e4nn\u00f6llinen ja kierr\u00e4tett\u00e4v\u00e4.<\/span><\/p>\n<h2><span style=\"color: #000000\">Varastointi ja varoitukset<\/span><\/h2>\n<p><span style=\"color: #000000\">S\u00e4ilyt\u00e4 viile\u00e4ss\u00e4 ja kuivassa paikassa. S\u00e4ilyt\u00e4 ravintolis\u00e4 lasten ulottumattomissa!<\/span><\/p>\n<p><span style=\"color: #000000\">Muista monipuolisen ruokavalion ja terveellisten el\u00e4m\u00e4ntapojen merkitys, ravintolis\u00e4 ei siis korvaa tasapainoista ja monipuolista ruokavaliota. Suositeltua p\u00e4ivitt\u00e4ist\u00e4 m\u00e4\u00e4r\u00e4\u00e4 tai annosta ei saa ylitt\u00e4\u00e4. Raskaana olevia ja imett\u00e4vi\u00e4 naisia kehotetaan aina neuvottelemaan l\u00e4\u00e4k\u00e4rin kanssa ennen k\u00e4ytt\u00f6\u00e4.<\/span><\/p>\n<h2><span style=\"color: #000000\">Hyv\u00e4 tiet\u00e4\u00e4<\/span><\/h2>\n<p><span style=\"color: #000000\">Tuote sopii my\u00f6s el\u00e4imille. Useimmissa tapauksissa l\u00e4\u00e4kinn\u00e4lliset sienet osoittautuvat eritt\u00e4in tehokkaiksi immuunij\u00e4rjestelm\u00e4n vahvistamisessa, allergioiden ja ihosairauksien sek\u00e4 virus- ja bakteeri-infektioiden poistamisessa. Kysy el\u00e4inl\u00e4\u00e4k\u00e4rilt\u00e4si ennen k\u00e4ytt\u00f6\u00e4, onko k\u00e4ytt\u00f6 suositeltavaa ja mik\u00e4 on suositeltu p\u00e4ivitt\u00e4inen m\u00e4\u00e4r\u00e4.<\/span><\/p>\n<h2><span style=\"color: #000000\">Alkuper\u00e4<\/span><\/h2>\n<p><span style=\"color: #000000\">Slovenia<\/span>[\/vc_column_text][\/vc_column][\/vc_row]<\/p>\n<\/div>","protected":false},"excerpt":{"rendered":"<p align=\"JUSTIFY\">Agaricus blazei on yksi <strong>viimeisimmist\u00e4 l\u00e4\u00e4kinn\u00e4llisten sienten keksinn\u00f6ist\u00e4, ja sen merkitys kasvaa koko maailmassa<\/strong>. Sieni on per\u00e4isin Brasiliasta, ja siksi sit\u00e4 kutsutaan usein brasilialaiseksi kukmakiksi. Sit\u00e4 k\u00e4ytet\u00e4\u00e4n my\u00f6s Japanissa ja muissa Aasian maissa, joissa l\u00e4\u00e4kinn\u00e4llisi\u00e4 sieni\u00e4 on k\u00e4ytetty terapeuttisiin tarkoituksiin jo vuosituhansien ajan:<\/p>\n<p><span style=\"color: #000000\"> \ud83d\udc9a kasvainvastainen ja immunostimulantti,<br \/>\n\ud83d\udc9a vaikuttaa suotuisasti maksaan,<br \/>\n\ud83d\udc9a sill\u00e4 on antiviraalisia ja anti-inflammatorisia ominaisuuksia,<br \/>\n\ud83d\udc9a s\u00e4\u00e4telee verensokeria.<\/span><\/p>\n","protected":false},"featured_media":6172,"comment_status":"open","ping_status":"closed","template":"","meta":{"_acf_changed":false},"product_brand":[],"product_cat":[15,225,228,224],"product_tag":[],"class_list":{"0":"post-6171","1":"product","2":"type-product","3":"status-publish","4":"has-post-thumbnail","6":"product_cat-uncategorized","7":"product_cat-kaikki-tuotteet","8":"product_cat-laakinnalliset-sienet","9":"product_cat-tarjous","11":"first","12":"instock","13":"taxable","14":"shipping-taxable","15":"purchasable","16":"product-type-simple"},"acf":[],"_links":{"self":[{"href":"https:\/\/fengchashop.com\/fi\/wp-json\/wp\/v2\/product\/6171","targetHints":{"allow":["GET"]}}],"collection":[{"href":"https:\/\/fengchashop.com\/fi\/wp-json\/wp\/v2\/product"}],"about":[{"href":"https:\/\/fengchashop.com\/fi\/wp-json\/wp\/v2\/types\/product"}],"replies":[{"embeddable":true,"href":"https:\/\/fengchashop.com\/fi\/wp-json\/wp\/v2\/comments?post=6171"}],"wp:featuredmedia":[{"embeddable":true,"href":"https:\/\/fengchashop.com\/fi\/wp-json\/wp\/v2\/media\/6172"}],"wp:attachment":[{"href":"https:\/\/fengchashop.com\/fi\/wp-json\/wp\/v2\/media?parent=6171"}],"wp:term":[{"taxonomy":"product_brand","embeddable":true,"href":"https:\/\/fengchashop.com\/fi\/wp-json\/wp\/v2\/product_brand?post=6171"},{"taxonomy":"product_cat","embeddable":true,"href":"https:\/\/fengchashop.com\/fi\/wp-json\/wp\/v2\/product_cat?post=6171"},{"taxonomy":"product_tag","embeddable":true,"href":"https:\/\/fengchashop.com\/fi\/wp-json\/wp\/v2\/product_tag?post=6171"}],"curies":[{"name":"wp","href":"https:\/\/api.w.org\/{rel}","templated":true}]}}