{"id":6168,"date":"2022-02-22T09:44:00","date_gmt":"2022-02-22T08:44:00","guid":{"rendered":"https:\/\/fengchashop.com\/fi\/product\/onca-mix-bio-125-g\/"},"modified":"2026-04-28T11:07:33","modified_gmt":"2026-04-28T09:07:33","slug":"onca-mix-bio","status":"publish","type":"product","link":"https:\/\/fengchashop.com\/fi\/product\/onca-mix-bio\/","title":{"rendered":"Onca mix BIO 125 g"},"content":{"rendered":"<div class=\"wpb-content-wrapper\"><p>[vc_row][vc_column][vc_column_text css=&#8221;&#8221;]<\/p>\n<h2><span style=\"color: #000000\">Onca mix BIO l\u00e4\u00e4kinn\u00e4llinen sienijauhe<\/span><\/h2>\n<p><span style=\"color: #000000\">Onca mix -l\u00e4\u00e4kesienisekoitus on tarkoitettu tukemaan <strong>aggressiivisia tavanomaisia hoitoja ja toimenpiteit\u00e4 sek\u00e4 auttamaan vakavammissa kroonisissa sairauksissa.<\/strong> Onca mix tarjoaa laajimman tasapainoisen vaikutusspektrin sen sis\u00e4lt\u00e4mien satojen eri aktiivisten komponenttien ansiosta. Onca mix koostuu nelj\u00e4st\u00e4 sienilajista: Ganoderma lucidum (Reishi), Lentinula edodes (Shiitake), Coriolus ja Agaricus blazei.<\/span><\/p>\n<p><span style=\"color: #000000\">T\u00e4ll\u00e4 laajalla sienilajien kirjolla saavutetaan laaja-alainen vaikutus ja nopeutetaan ennaltaehk\u00e4isev\u00e4\u00e4 vaikutusta yleist\u00e4 heikkoutta vastaan.<\/span><\/p>\n<p><span style=\"color: #000000\">Tuotteen k\u00e4ytt\u00f6 on melko yksinkertaista eik\u00e4 vaadi valmistelua tai taitoa. Sienet jauhetaan hienoksi jauheeksi, joka ei sis\u00e4ll\u00e4 hiukkasia. Tuote on siis k\u00e4ytt\u00f6valmis. Annostele vain suoraan pakkauksesta suosikkijuomaasi, sekoita ja nauti.<\/span><\/p>\n<h2><span style=\"color: #000000\">Miksi k\u00e4ytt\u00e4\u00e4 Onca-sekoitustamme?<\/span><\/h2>\n<p><span style=\"color: #000000\">Sekoitus on laadittu huolellisesti sekoituksen k\u00e4ytt\u00e4jien ja l\u00e4\u00e4kinn\u00e4llisten sienten k\u00e4ytt\u00e4jien havaintojen ja havaintojen perusteella. Ja vaikka l\u00e4\u00e4kinn\u00e4llisill\u00e4 sienill\u00e4 on hyvin monimutkaisia vaikutusmekanismeja, joita tiede ei ole viel\u00e4 pystynyt selitt\u00e4m\u00e4\u00e4n, tied\u00e4mme, ett\u00e4 niill\u00e4 on <strong>suotuisa vaikutus immuunij\u00e4rjestelm\u00e4\u00e4mme, hyvinvointiimme ja elimist\u00f6ss\u00e4mme p\u00e4ivitt\u00e4in tapahtuviin luonnollisiin prosesseihin.<\/strong> Immuunij\u00e4rjestelm\u00e4 vastaa kehossamme olevien vieraiden elinten torjunnasta. Olipa kyseess\u00e4 sitten yksinkertainen virus, joka aiheuttaa flunssan, tai solukokoelma, joka edustaa sy\u00f6p\u00e4\u00e4. Siksi terve ja vahva immuunij\u00e4rjestelm\u00e4 on niin t\u00e4rke\u00e4. Yht\u00e4 t\u00e4rkeit\u00e4 ovat antioksidantit, jotka suojaavat meit\u00e4 hapetusstressilt\u00e4, joka aiheuttaa monia sairauksia ja ennenaikaista ik\u00e4\u00e4ntymist\u00e4.<\/span><\/p>\n<p><span style=\"color: #000000\">L\u00e4\u00e4ketieteellisten sieniemme tuotanto on tiukasti valvottua, ilman kemikaaleja tai torjunta-aineita ja <strong>100-prosenttisesti luonnonmukaista<\/strong> tuotantoa. Kaikki sienet kasvatetaan Sloveniassa.<\/span><\/p>\n<h2><span style=\"color: #000000\">Kenelle Onca mix on tarkoitettu ja mit\u00e4 vaikutuksia sill\u00e4 on?<\/span><\/h2>\n<p><span style=\"color: #000000\">Onca mix on tarkoitettu ensisijaisesti tukihoidoksi kroonisille potilaille, joita hoidetaan perinteisen l\u00e4\u00e4ketieteen menetelm\u00e4ll\u00e4. Se on tarkoitettu potilaille, joita hoidetaan vakavampien sairauksien vuoksi ja joiden hoitojakso on aggressiivinen. Se on tarkoitettu my\u00f6s niille, jotka haluavat kokeilla l\u00e4\u00e4kinn\u00e4llisten sienten vaikutusta ja tukea paranemista luonnollisella tavalla. Se on my\u00f6s erinomainen luonnollinen ravintolis\u00e4, sill\u00e4 sienill\u00e4 on korkea ravintoarvo &#8211; arvokkaita ravintoaineita, hivenaineita, vitamiineja, makrokivenn\u00e4isaineita, kuitua, proteiinia. L\u00e4\u00e4ketieteellisill\u00e4 sienill\u00e4 on rikas historia kiinalaisessa l\u00e4\u00e4ketieteess\u00e4 ja parantamisessa, ja ihminen k\u00e4\u00e4ntyy yh\u00e4 enemm\u00e4n takaisin luonnon puoleen terveyden edist\u00e4miseksi. On aina suositeltavaa konsultoida erikoisl\u00e4\u00e4k\u00e4ri\u00e4 tai yleisl\u00e4\u00e4k\u00e4ri\u00e4 ennen l\u00e4\u00e4kinn\u00e4llisten sienten nauttimista hoidon yhteydess\u00e4.<\/span><\/p>\n<h2><span style=\"color: #000000\">Pakkaus<\/span><\/h2>\n<p><span style=\"color: #000000\">L\u00e4p\u00e4isem\u00e4t\u00f6n vetoketjullinen pussi, jossa tuote s\u00e4ilytt\u00e4\u00e4 kaiken tuoreutensa ja arominsa. Pakkaus suojaa valolta ja ilmalta, sill\u00e4 se koostuu useista suojakerroksista, jotka s\u00e4ilytt\u00e4v\u00e4t sis\u00e4ll\u00f6n ominaisuudet.<\/span><\/p>\n<p><span style=\"color: #000000\">Pakkaus on eritt\u00e4in k\u00e4yt\u00e4nn\u00f6llinen ja kierr\u00e4tett\u00e4v\u00e4.<\/span><\/p>\n<h2><span style=\"color: #000000\">Varastointi ja varoitukset<\/span><\/h2>\n<p><span style=\"color: #000000\">S\u00e4ilyt\u00e4 viile\u00e4ss\u00e4 ja kuivassa paikassa. S\u00e4ilyt\u00e4 ravintolis\u00e4 lasten ulottumattomissa!<\/span><\/p>\n<p><span style=\"color: #000000\">Muista monipuolisen ruokavalion ja terveellisten el\u00e4m\u00e4ntapojen merkitys, ravintolis\u00e4 ei siis korvaa tasapainoista ja monipuolista ruokavaliota. Suositeltua p\u00e4ivitt\u00e4ist\u00e4 m\u00e4\u00e4r\u00e4\u00e4 tai annosta ei saa ylitt\u00e4\u00e4. Raskaana olevia ja imett\u00e4vi\u00e4 naisia kehotetaan aina neuvottelemaan l\u00e4\u00e4k\u00e4rin kanssa ennen k\u00e4ytt\u00f6\u00e4.<\/span><\/p>\n<h2><span style=\"color: #000000\">Hyv\u00e4 tiet\u00e4\u00e4<\/span><\/h2>\n<p><span style=\"color: #000000\">Tuote sopii my\u00f6s el\u00e4imille. Useimmissa tapauksissa l\u00e4\u00e4kinn\u00e4lliset sienet osoittautuvat eritt\u00e4in tehokkaiksi immuunij\u00e4rjestelm\u00e4n vahvistamisessa, allergioiden ja ihosairauksien sek\u00e4 virus- ja bakteeri-infektioiden poistamisessa. Kysy el\u00e4inl\u00e4\u00e4k\u00e4rilt\u00e4si ennen k\u00e4ytt\u00f6\u00e4, onko k\u00e4ytt\u00f6 suositeltavaa ja mik\u00e4 on suositeltu p\u00e4ivitt\u00e4inen m\u00e4\u00e4r\u00e4.<\/span><\/p>\n<h2><span style=\"color: #000000\">Alkuper\u00e4<\/span><\/h2>\n<p><span style=\"color: #000000\">Slovenia<\/span>[\/vc_column_text][\/vc_column][\/vc_row]<\/p>\n<\/div>","protected":false},"excerpt":{"rendered":"<p align=\"JUSTIFY\">Onca-l\u00e4\u00e4kesienisekoitus on tarkoitettu tukemaan aggressiivisia perinteisi\u00e4 hoitoja ja menettelyj\u00e4 sek\u00e4 auttamaan vakavammissa kroonisissa sairauksissa. Onca mix tarjoaa laajimman tasapainoisen vaikutusspektrin sen sis\u00e4lt\u00e4mien satojen eri aktiivisten komponenttien ansiosta.<\/p>\n<p>\ud83d\udc9a Vahvistaa immuunij\u00e4rjestelm\u00e4\u00e4.<br \/>\n\ud83d\udc9a Sill\u00e4 on suotuisa vaikutus hyvinvointiimme.<br \/>\n\ud83d\udc9a Se on tulehdusta ehk\u00e4isev\u00e4.<br \/>\n\ud83d\udc9a Antioksidantti.<\/p>\n","protected":false},"featured_media":6169,"comment_status":"open","ping_status":"closed","template":"","meta":{"_acf_changed":false},"product_brand":[],"product_cat":[15,225,228,224],"product_tag":[],"class_list":{"0":"post-6168","1":"product","2":"type-product","3":"status-publish","4":"has-post-thumbnail","6":"product_cat-uncategorized","7":"product_cat-kaikki-tuotteet","8":"product_cat-laakinnalliset-sienet","9":"product_cat-tarjous","11":"first","12":"instock","13":"sale","14":"taxable","15":"shipping-taxable","16":"purchasable","17":"product-type-simple"},"acf":[],"_links":{"self":[{"href":"https:\/\/fengchashop.com\/fi\/wp-json\/wp\/v2\/product\/6168","targetHints":{"allow":["GET"]}}],"collection":[{"href":"https:\/\/fengchashop.com\/fi\/wp-json\/wp\/v2\/product"}],"about":[{"href":"https:\/\/fengchashop.com\/fi\/wp-json\/wp\/v2\/types\/product"}],"replies":[{"embeddable":true,"href":"https:\/\/fengchashop.com\/fi\/wp-json\/wp\/v2\/comments?post=6168"}],"wp:featuredmedia":[{"embeddable":true,"href":"https:\/\/fengchashop.com\/fi\/wp-json\/wp\/v2\/media\/6169"}],"wp:attachment":[{"href":"https:\/\/fengchashop.com\/fi\/wp-json\/wp\/v2\/media?parent=6168"}],"wp:term":[{"taxonomy":"product_brand","embeddable":true,"href":"https:\/\/fengchashop.com\/fi\/wp-json\/wp\/v2\/product_brand?post=6168"},{"taxonomy":"product_cat","embeddable":true,"href":"https:\/\/fengchashop.com\/fi\/wp-json\/wp\/v2\/product_cat?post=6168"},{"taxonomy":"product_tag","embeddable":true,"href":"https:\/\/fengchashop.com\/fi\/wp-json\/wp\/v2\/product_tag?post=6168"}],"curies":[{"name":"wp","href":"https:\/\/api.w.org\/{rel}","templated":true}]}}