{"id":6159,"date":"2022-02-22T08:17:03","date_gmt":"2022-02-22T07:17:03","guid":{"rendered":"https:\/\/fengchashop.com\/fi\/product\/pleurotus-ostreatus-bio-125-g\/"},"modified":"2026-05-07T10:18:39","modified_gmt":"2026-05-07T08:18:39","slug":"pleurotus-ostreatus-bio","status":"publish","type":"product","link":"https:\/\/fengchashop.com\/fi\/product\/pleurotus-ostreatus-bio\/","title":{"rendered":"Pleurotus ostreatus (Oyster Mushroom) BIO 125 g"},"content":{"rendered":"<div class=\"wpb-content-wrapper\"><p>[vc_row][vc_column][vc_column_text css=&#8221;&#8221;]<\/p>\n<h2><span style=\"color: #000000\">Pleurotus ostreatus (Oyster Mushroom) BIO-jauhe<\/span><\/h2>\n<p><span style=\"color: #000000\">Pleurotus ostreatus (Oyster Mushroom) on hyvin tutkittu l\u00e4\u00e4kinn\u00e4llinen sieni. Se tunnetaan my\u00f6s nimell\u00e4<strong> py\u00f6kkil\u00e4inen osterisieni<\/strong>, ja se on maassamme kasvava ruokasieni. Itse asiassa se on Ganoderma lucidumin ja Cordycepsin ohella yksi <strong>maamme 6 tunnetuimmasta l\u00e4\u00e4kinn\u00e4llisest\u00e4 sienest\u00e4<\/strong>.<\/span><\/p>\n<p><span style=\"color: #000000\">Trikomeista ja myseelist\u00e4 voidaan uuttaa monia ravintoaineita. Tutkimukset ovat my\u00f6s osoittaneet antimikrobista aktiivisuutta sek\u00e4 grampositiivisia ett\u00e4 gramnegatiivisia bakteereja vastaan ja sienil\u00e4\u00e4kkeellist\u00e4 aktiivisuutta useita sienityyppej\u00e4 vastaan.<\/span><\/p>\n<p><span style=\"color: #000000\">Koska ne ovat runsas <strong>antioksidanttien<\/strong> ja muiden aktiivisten aineiden <strong>l\u00e4hde<\/strong>, niiden potentiaalinen kasvainvastainen, immunomodulatorinen, genosuoiva, tulehdusta ehk\u00e4isev\u00e4, antiviraalinen, antiplaseerinen, hypokolesteroleeminen, verenpainetta alentava ja hyperglykemiaa ehk\u00e4isev\u00e4 vaikutus on enemm\u00e4n kuin varma. \u00c4skett\u00e4in tehdyt tutkimukset ovat osoittaneet, ett\u00e4 py\u00f6kkil\u00e4isill\u00e4 osterisienill\u00e4 on <strong>bifidogeeninen vaikutus<\/strong>, mik\u00e4 tarkoittaa, ett\u00e4 ne voivat edist\u00e4\u00e4 Bifidobacterium bifidum-, B. breve-, B. animalis- ja B. longum -bakteerien kasvua. N\u00e4in ollen se on my\u00f6s <strong>prebiootti, joka<\/strong> parantaa suolistomikrobistoa ihmisen terveyden hyv\u00e4ksi. Suoliston mikro-organismien terve suhde auttaa ottamaan paremmin ja helpommin ravintoaineita sy\u00f6m\u00e4st\u00e4mme ruoasta ja s\u00e4\u00e4telem\u00e4\u00e4n energiaa. Niill\u00e4 on t\u00e4rke\u00e4 rooli ruoansulatusj\u00e4rjestelm\u00e4n terveydess\u00e4, mutta ne vaikuttavat my\u00f6s immuunij\u00e4rjestelm\u00e4\u00e4n &#8211; immuunij\u00e4rjestelm\u00e4n monimutkaisin osa sijaitsee suolistossa, mink\u00e4 vuoksi kuulemme usein, ett\u00e4 juuri suoliston terveys on niin t\u00e4rke\u00e4\u00e4 hyv\u00e4n immuunivasteen ja siten yleisen terveyden varmistamiseksi.<\/span><\/p>\n<p><span style=\"color: #000000\">L\u00e4\u00e4kesieni\u00e4 k\u00e4ytet\u00e4\u00e4n laajalti perinteisess\u00e4 kiinalaisessa l\u00e4\u00e4ketieteess\u00e4 monenlaisten vaivojen hoitoon.<\/span><\/p>\n<p><span style=\"color: #000000\">Pleurotus ostreatus -sienemme tuotanto on tiukasti valvottua, ilman kemikaaleja tai torjunta-aineita ja<strong> 100-prosenttisesti luonnonmukaista tuotant<\/strong> oa. Sloveniassa ja Yhdysvalloissa sijaitsevat riippumattomat laboratoriot valvovat s\u00e4\u00e4nn\u00f6llisesti sienten laatua.<\/span><\/p>\n<h2><span style=\"color: #000000\">Mit\u00e4 se sis\u00e4lt\u00e4\u00e4 ja kenelle se on tarkoitettu?<\/span><\/h2>\n<p><span style=\"color: #000000\">Pleurotus ostreatus koostuu monista ravintoaineista, kuten<strong> polysakkarideista, proteiineista, flavonoideista, fenoleista, beetaglukaaneista<\/strong> jne. Aktiiviset polysakkaridit ja fenolit ovat biologisesti arvokkaita organismeja. Tavallisesti py\u00f6kkipuussa kasvava py\u00f6kkikauris on my\u00f6s runsas B-, C- ja D-vitamiinien, mineraalisuolojen, antioksidanttien ja seleenin l\u00e4hde.<\/span><\/p>\n<p><span style=\"color: #000000\"><strong> Lovastatiini<\/strong>, joka on keskeinen vaikuttava aine endogeenisen kolesterolin synteesin est\u00e4misess\u00e4, vaikuttaa suotuisasti veren kokonaiskolesterolipitoisuuden s\u00e4\u00e4telyyn.<\/span><\/p>\n<p><span style=\"color: #000000\">Py\u00f6kkiosteri sis\u00e4lt\u00e4\u00e4 v\u00e4h\u00e4n rasvaa (enimm\u00e4kseen tyydyttym\u00e4tt\u00f6mi\u00e4 rasvahappoja) ja D2-vitamiinia, runsaasti ravintokuitua ja on hyv\u00e4 proteiinin ja v\u00e4ltt\u00e4m\u00e4tt\u00f6mien aminohappojen l\u00e4hde. Lis\u00e4ksi se sis\u00e4lt\u00e4\u00e4 farmakologisesti vaikuttavia aineita, jotka voivat auttaa:<\/span><\/p>\n<p><span style=\"color: #000000\"> \ud83d\udc9a s\u00e4\u00e4dell\u00e4 kokonaiskolesterolitasoja (lis\u00e4\u00e4 hyv\u00e4\u00e4 HDL-kolesterolia ja alentaa huonoa LDL-kolesterolia), verenpainetta ja verensokeria,<\/span><br \/>\n<span style=\"color: #000000\"> \ud83d\udc9a ehk\u00e4isem\u00e4\u00e4n veritulppia,<\/span><br \/>\n<span style=\"color: #000000\"> \ud83d\udc9a suojaavat vapaita radikaaleja vastaan,<\/span><br \/>\n<span style=\"color: #000000\"> \ud83d\udc9a parantavat ja est\u00e4v\u00e4t tulehduksia,<\/span><br \/>\n<span style=\"color: #000000\"> \ud83d\udc9a parantaa immuniteettia vahvistamalla immuunij\u00e4rjestelm\u00e4\u00e4,<\/span><br \/>\n<span style=\"color: #000000\"> \ud83d\udc9a est\u00e4\u00e4 ik\u00e4\u00e4ntymiseen liittyvi\u00e4 sairauksia,<\/span><br \/>\n<span style=\"color: #000000\"> \ud83d\udc9a suojaa hengitystieinfektioilta,<\/span><br \/>\n<span style=\"color: #000000\"> \ud83d\udc9a est\u00e4\u00e4 ik\u00e4\u00e4ntymist\u00e4,<\/span><br \/>\n<span style=\"color: #000000\"> \ud83d\udc9a est\u00e4\u00e4 kasvaimia.<\/span><\/p>\n<p><span style=\"color: #000000\">Kaikkia sieniss\u00e4 olevia elementtej\u00e4 esiintyy suuria m\u00e4\u00e4ri\u00e4, ja niill\u00e4 on eritt\u00e4in my\u00f6nteinen vaikutus elimist\u00f6\u00f6mme.<\/span><\/p>\n<p><span style=\"color: #000000\">Ja mik\u00e4 t\u00e4ss\u00e4 on \u00e4\u00e4rimm\u00e4isen t\u00e4rke\u00e4\u00e4, Pleurotus ostreatus on 100-prosenttisesti luonnollinen tuote, joka voi auttaa meit\u00e4 luonnollisella tavalla. Se parantaa ongelmiemme oireita ja vaikuttaa my\u00f6nteisesti yleiseen hyvinvointiimme.<\/span><\/p>\n<h2><span style=\"color: #000000\">Miksi sieni\u00e4?<\/span><\/h2>\n<p><span style=\"color: #000000\">Sienet ovat hyvin mielenkiintoisia. Ne eiv\u00e4t ole kasveja eiv\u00e4tk\u00e4 el\u00e4imi\u00e4, mutta mit\u00e4 ne ovat, ne ovat varmasti h\u00e4mm\u00e4stytt\u00e4vi\u00e4 organismeja, jotka ovat onnistuneet selviytym\u00e4\u00e4n l\u00e4hes maailman alusta l\u00e4htien. Ne ovat kehitt\u00e4neet erityisen selviytymisstrategian, joka on yll\u00e4pit\u00e4nyt niit\u00e4 t\u00e4h\u00e4n p\u00e4iv\u00e4\u00e4n asti. Ja me ihmiset voimme my\u00f6s hy\u00f6ty\u00e4 n\u00e4ist\u00e4 eduista sy\u00f6m\u00e4ll\u00e4 l\u00e4\u00e4kinn\u00e4llisi\u00e4 sieni\u00e4. Ne tuovat meille tasapainoa fyysisell\u00e4 tasolla ja suojaavat meit\u00e4 monilta sairauksilta. Ne voivat olla <strong>ennaltaehk\u00e4isev\u00e4\u00e4<\/strong> tai <strong>tukevaa hoitoa<\/strong> moniin (nykyaikaisiin) sairauksiin, olivatpa ne sitten tavanomaisia tai muuten ep\u00e4tavanomaisia. Perinteisesti sienien vaikutusten on katsottu vaikuttavan sy\u00f6p\u00e4\u00e4n, autoimmuunisairauksiin ja allergioihin. Ne ovat my\u00f6s hyvi\u00e4 terveen ja vahvan immuunij\u00e4rjestelm\u00e4n vasteen kannalta. Viime vuosikymmenin\u00e4, kun sienet ovat her\u00e4tt\u00e4neet kiinnostusta l\u00e4nsimaissa, tehdyt terveystutkimukset ovat kuitenkin vahvistaneet monia niiden terapeuttisia vaikutuksia.<\/span><\/p>\n<p><span style=\"color: #000000\">Koska tietyt luonnolliset vaikuttavat aineet ovat meille sulamattomia tai vaikeasti sulavia, on eritt\u00e4in t\u00e4rke\u00e4\u00e4 kuluttaa vain parhaita sienijauheita. Sienet on kasvatettava, kuivattava ja valmistettava asianmukaisesti. Ne on jauhettava hienoksi jauheeksi, jossa ei ole palasia. Jauheen v\u00e4ri on vaaleampi, mutta muuten se riippuu my\u00f6s kulutettavasta sienityypist\u00e4. Koska sienet ovat niin tehokkaita juuri siksi, ett\u00e4 niill\u00e4 on kyky ime\u00e4 kaikkea &#8211; hyv\u00e4\u00e4 ja pahaa &#8211; ymp\u00e4rist\u00f6st\u00e4, on t\u00e4rke\u00e4\u00e4 k\u00e4ytt\u00e4\u00e4 luonnonmukaisesti kasvatettuja sieni\u00e4.<\/span><\/p>\n<h2><span style=\"color: #000000\">Pakkaus<\/span><\/h2>\n<p><span style=\"color: #000000\">L\u00e4p\u00e4isem\u00e4t\u00f6n vetoketjullinen pussi, jossa tuote s\u00e4ilytt\u00e4\u00e4 kaiken tuoreutensa ja arominsa. Pakkaus suojaa tuotetta valolta ja ilmalta, sill\u00e4 se koostuu useista suojakerroksista, jotka s\u00e4ilytt\u00e4v\u00e4t sis\u00e4ll\u00f6n ominaisuudet.<\/span><\/p>\n<p><span style=\"color: #000000\">Pakkaus on eritt\u00e4in k\u00e4yt\u00e4nn\u00f6llinen ja kierr\u00e4tett\u00e4v\u00e4.<\/span><\/p>\n<h2><span style=\"color: #000000\">Varastointi ja varoitukset<\/span><\/h2>\n<p><span style=\"color: #000000\">S\u00e4ilyt\u00e4 viile\u00e4ss\u00e4 ja kuivassa paikassa. S\u00e4ilyt\u00e4 ravintolis\u00e4 lasten ulottumattomissa!<\/span><\/p>\n<p><span style=\"color: #000000\">Muista monipuolisen ruokavalion ja terveellisten el\u00e4m\u00e4ntapojen merkitys, ravintolis\u00e4 ei siis korvaa tasapainoista ja monipuolista ruokavaliota. Suositeltua p\u00e4ivitt\u00e4ist\u00e4 m\u00e4\u00e4r\u00e4\u00e4 tai annosta ei saa ylitt\u00e4\u00e4. Raskaana olevia ja imett\u00e4vi\u00e4 naisia kehotetaan aina neuvottelemaan l\u00e4\u00e4k\u00e4rin kanssa ennen k\u00e4ytt\u00f6\u00e4.<\/span><\/p>\n<h2><span style=\"color: #000000\">Hyv\u00e4 tiet\u00e4\u00e4<\/span><\/h2>\n<p><span style=\"color: #000000\">Tuote sopii my\u00f6s el\u00e4imille. Useimmissa tapauksissa l\u00e4\u00e4kinn\u00e4lliset sienet osoittautuvat eritt\u00e4in tehokkaiksi immuunij\u00e4rjestelm\u00e4n vahvistamisessa, allergioiden ja ihosairauksien sek\u00e4 virus- ja bakteeri-infektioiden poistamisessa. Kysy el\u00e4inl\u00e4\u00e4k\u00e4rilt\u00e4si ennen k\u00e4ytt\u00f6\u00e4, onko k\u00e4ytt\u00f6 suositeltavaa ja mik\u00e4 on suositeltu p\u00e4ivitt\u00e4inen m\u00e4\u00e4r\u00e4.<\/span><\/p>\n<h2><span style=\"color: #000000\">Alkuper\u00e4<\/span><\/h2>\n<p><span style=\"color: #000000\">Slovenia<\/span>[\/vc_column_text][\/vc_column][\/vc_row]<\/p>\n<\/div>","protected":false},"excerpt":{"rendered":"<p align=\"JUSTIFY\"><span style=\"color: #000000\">Pleurotus ostreatus (Oyster Mushroom) on hyvin tutkittu l\u00e4\u00e4kesieni. Se tunnetaan my\u00f6s nimell\u00e4 py\u00f6kkil\u00e4inen osterisieni, ja se on kulinaarinen ruokasieni, joka kasvaa t\u00e4\u00e4ll\u00e4. Itse asiassa se on Ganoderma lucidumin ja Cordycepsin ohella yksi kuudesta tunnetuimmasta l\u00e4\u00e4kinn\u00e4llisest\u00e4 sienest\u00e4, sill\u00e4 se auttaa:<\/span><\/p>\n<p><span style=\"color: #000000\"> \ud83d\udc9a s\u00e4\u00e4dell\u00e4 kokonaiskolesterolia (lis\u00e4\u00e4 hyv\u00e4\u00e4 HDL-kolesterolia ja alentaa huonoa LDL-kolesterolia), verenpainetta ja verensokeria,<br \/>\n\ud83d\udc9a suojaa vapaita radikaaleja vastaan,<br \/>\n\ud83d\udc9a parantavat ja est\u00e4v\u00e4t tulehduksia,<br \/>\n\ud83d\udc9a lis\u00e4\u00e4v\u00e4t vastustuskyky\u00e4 vahvistamalla immuunij\u00e4rjestelm\u00e4\u00e4.<\/span><\/p>\n","protected":false},"featured_media":6160,"comment_status":"open","ping_status":"closed","template":"","meta":{"_acf_changed":false},"product_brand":[],"product_cat":[15,225,228,224],"product_tag":[],"class_list":{"0":"post-6159","1":"product","2":"type-product","3":"status-publish","4":"has-post-thumbnail","6":"product_cat-uncategorized","7":"product_cat-kaikki-tuotteet","8":"product_cat-laakinnalliset-sienet","9":"product_cat-tarjous","11":"first","12":"instock","13":"taxable","14":"shipping-taxable","15":"purchasable","16":"product-type-simple"},"acf":[],"_links":{"self":[{"href":"https:\/\/fengchashop.com\/fi\/wp-json\/wp\/v2\/product\/6159","targetHints":{"allow":["GET"]}}],"collection":[{"href":"https:\/\/fengchashop.com\/fi\/wp-json\/wp\/v2\/product"}],"about":[{"href":"https:\/\/fengchashop.com\/fi\/wp-json\/wp\/v2\/types\/product"}],"replies":[{"embeddable":true,"href":"https:\/\/fengchashop.com\/fi\/wp-json\/wp\/v2\/comments?post=6159"}],"wp:featuredmedia":[{"embeddable":true,"href":"https:\/\/fengchashop.com\/fi\/wp-json\/wp\/v2\/media\/6160"}],"wp:attachment":[{"href":"https:\/\/fengchashop.com\/fi\/wp-json\/wp\/v2\/media?parent=6159"}],"wp:term":[{"taxonomy":"product_brand","embeddable":true,"href":"https:\/\/fengchashop.com\/fi\/wp-json\/wp\/v2\/product_brand?post=6159"},{"taxonomy":"product_cat","embeddable":true,"href":"https:\/\/fengchashop.com\/fi\/wp-json\/wp\/v2\/product_cat?post=6159"},{"taxonomy":"product_tag","embeddable":true,"href":"https:\/\/fengchashop.com\/fi\/wp-json\/wp\/v2\/product_tag?post=6159"}],"curies":[{"name":"wp","href":"https:\/\/api.w.org\/{rel}","templated":true}]}}