{"id":6153,"date":"2022-02-22T06:44:59","date_gmt":"2022-02-22T05:44:59","guid":{"rendered":"https:\/\/fengchashop.com\/fi\/product\/shiitake-lentinula-edodes-bio-eu-alkupera-125-g\/"},"modified":"2026-04-27T23:25:50","modified_gmt":"2026-04-27T21:25:50","slug":"shiitake-lentinula-edodes-bio-eu-alkupera","status":"publish","type":"product","link":"https:\/\/fengchashop.com\/fi\/product\/shiitake-lentinula-edodes-bio-eu-alkupera\/","title":{"rendered":"Shiitake (Lentinula edodes) BIO EU Alkuper\u00e4 125 g"},"content":{"rendered":"<div class=\"wpb-content-wrapper\"><p>[vc_row][vc_column][vc_column_text css=&#8221;&#8221;]<\/p>\n<h2><span style=\"color: #000000\">Shiitake (Lentinula edodes) BIO-jauhe<\/span><\/h2>\n<p><span style=\"color: #000000\">Lentinula edodes eli shiitake on yksi <strong>t\u00e4rkeimmist\u00e4 l\u00e4\u00e4kinn\u00e4llisist\u00e4 sienist\u00e4 perinteisess\u00e4 kiinalaisessa l\u00e4\u00e4ketieteess\u00e4<\/strong>. Sit\u00e4 on k\u00e4ytetty siell\u00e4 ainakin 2000 vuotta, ja sit\u00e4 kutsutaan usein<strong>&#8221;sienien kuningattareksi<\/strong>&#8221;. Sit\u00e4 k\u00e4ytet\u00e4\u00e4n my\u00f6s laajalti kaikkialla Aasian keitti\u00f6ss\u00e4. Slovenian kieless\u00e4 sit\u00e4 kutsutaan<strong> sy\u00f6t\u00e4v\u00e4ksi nazob\u010daneciksi<\/strong>.<\/span><\/p>\n<p><span style=\"color: #000000\">Jauhemuodossaan shiitake sis\u00e4lt\u00e4\u00e4 monia ravintoaineita, ja sen my\u00f6nteiset vaikutukset on tieteellisesti todistettu. Eri puolilla maailmaa tehdyiss\u00e4 tutkimuksissa on havaittu monia hy\u00f6dyllisi\u00e4 vaikutuksia, jotka liittyv\u00e4t shiitake-sienien s\u00e4\u00e4nn\u00f6lliseen kulutukseen. Erityisesti<strong> se vahvistaa immuunij\u00e4rjestelm\u00e4\u00e4 ja vaikuttaa ennaltaehk\u00e4isev\u00e4sti useisiin sis\u00e4elinten sairauksiin<\/strong>.<\/span><\/p>\n<p><span style=\"color: #000000\">Shiitake-sienet ovat usein tutkimusten kohteena niiden <strong>antiviraalisten vaikutusten, maksaan kohdistuvien my\u00f6nteisten vaikutusten ja verensokerin alentamisen<\/strong> vuoksi.<\/span><\/p>\n<p><span style=\"color: #000000\">Lentinula edodes -sieniemme tuotanto on tiukasti valvottua, ilman kemikaaleja tai torjunta-aineita ja<strong> 100-prosenttisesti luonnonmukaista<\/strong> tuotantoa. Sloveniassa ja Yhdysvalloissa sijaitsevat riippumattomat laboratoriot valvovat s\u00e4\u00e4nn\u00f6llisesti sienten laatua.<\/span><\/p>\n<h2><span style=\"color: #000000\">Mit\u00e4 se sis\u00e4lt\u00e4\u00e4 ja kenelle se on tarkoitettu?<\/span><\/h2>\n<p><span style=\"color: #000000\">Shiitake-sienet koostuvat aminohapoista (isoleusiini, leusiini, lysiini, metioniini, fenyylialaniini, treoniini ja valiini), vitamiineista (B1, B2, B12), kivenn\u00e4issuoloista (kalium, kalsium, fosfori, rauta ja sinkki), polysakkarideista (joista t\u00e4rkein on \u03b2-glukaani lentinan) ja muista antioksidanteista. T\u00e4st\u00e4 syyst\u00e4 sieni\u00e4 suositellaan my\u00f6s kasvissy\u00f6jille ja vegaaneille, sill\u00e4 se on runsas proteiinin l\u00e4hde, joka sis\u00e4lt\u00e4\u00e4 v\u00e4ltt\u00e4m\u00e4tt\u00f6mi\u00e4 aminohappoja, vitamiineja, kivenn\u00e4isaineita jne.<\/span><\/p>\n<p><span style=\"color: #000000\">Shiitake-sienille on<strong> ominaista yhdiste lentiniini<\/strong>, jonka uskotaan olevan virus- ja sy\u00f6p\u00e4\u00e4 ehk\u00e4isev\u00e4. Lentiniini on monimutkainen polysakkaridi, jota<strong> pidet\u00e4\u00e4n immuunij\u00e4rjestelm\u00e4\u00e4 stimuloivana aine<\/strong> ena ja joka on useiden luonnollisten immuunij\u00e4rjestelm\u00e4\u00e4 vahvistavien lis\u00e4ravinteiden (beeta-1,3-glukaani) ainesosa.<\/span><\/p>\n<p><span style=\"color: #000000\">Kaikkia sienen sis\u00e4lt\u00e4mi\u00e4 elementtej\u00e4 esiintyy suuria m\u00e4\u00e4ri\u00e4 ja niill\u00e4 on eritt\u00e4in my\u00f6nteinen vaikutus kehoomme.<\/span><\/p>\n<p><span style=\"color: #000000\">V\u00e4rikk\u00e4\u00e4n latusienen (Trametes versicolor) ohella shiitake on <strong>yksi tutkituimmista sienist\u00e4<\/strong> ja <strong>eritt\u00e4in suosittu<\/strong> monien farmakologisesti aktiivisten aineidensa ansiosta. Sen parantavat vaikutukset on my\u00f6s tieteellisesti todistettu. Sit\u00e4 k\u00e4ytet\u00e4\u00e4n p\u00e4\u00e4asiassa erilaisten sy\u00f6pien torjuntaan ja kolesterolin hallintaan.<\/span><\/p>\n<p><span style=\"color: #000000\">Sen koostumus antaa sille uskomattoman laajan vaikutusten kirjon, mm:<\/span><\/p>\n<p><span style=\"color: #000000\"> \ud83d\udc9a sy\u00f6v\u00e4n ja kasvainten vastaiset ominaisuudet,<\/span><br \/>\n<span style=\"color: #000000\"> <strong> \ud83d\udc9a vahvistaa immuunij\u00e4rjestelm\u00e4\u00e4<\/strong>,<\/span><br \/>\n<span style=\"color: #000000\"> <strong> \ud83d\udc9a alentaa verenpainetta, kolesterolia ja sokeria,<\/strong><\/span><br \/>\n<span style=\"color: #000000\"> \ud83d\udc9a a<strong>ntioksidantti ja anti-inflammatorinen<\/strong>,<\/span><br \/>\n<span style=\"color: #000000\"> <strong> \ud83d\udc9a est\u00e4\u00e4 bakteeri- ja virusinfektioiden kasvua,<\/strong><\/span><br \/>\n<span style=\"color: #000000\"> \ud83d\udc9a auttaa keuhkoputkentulehdukseen ja <strong>allergioihin<\/strong>,<\/span><br \/>\n<span style=\"color: #000000\"> \ud83d\udc9a yhdess\u00e4 perinteisen kemoterapiahoidon kanssa se tarjoaa sy\u00f6p\u00e4potilaille pidemm\u00e4n ja paremman el\u00e4m\u00e4n.<\/span><\/p>\n<p><span style=\"color: #000000\">Ja mik\u00e4 t\u00e4ss\u00e4 on \u00e4\u00e4rimm\u00e4isen t\u00e4rke\u00e4\u00e4, on se, ett\u00e4 shiitake-sieni on<strong> 100% luonnollinen tuote<\/strong>, joka voi auttaa meit\u00e4 luonnollisella tavalla. Se parantaa ongelmiemme oireita ja vaikuttaa my\u00f6nteisesti yleiseen hyvinvointiimme.<\/span><\/p>\n<h2><span style=\"color: #000000\">Miksi sieni\u00e4?<\/span><\/h2>\n<p><span style=\"color: #000000\">Sienet ovat hyvin mielenkiintoisia. Ne eiv\u00e4t ole kasveja eiv\u00e4tk\u00e4 el\u00e4imi\u00e4, mutta mit\u00e4 ne ovat, ne ovat varmasti uskomattomia organismeja, jotka ovat onnistuneet selviytym\u00e4\u00e4n itse asiassa l\u00e4hes maailman alusta l\u00e4htien. Ne ovat kehitt\u00e4neet erityisen selviytymisstrategian, joka on yll\u00e4pit\u00e4nyt niit\u00e4 t\u00e4h\u00e4n p\u00e4iv\u00e4\u00e4n asti. Ja me ihmiset voimme my\u00f6s hy\u00f6ty\u00e4 n\u00e4ist\u00e4 eduista sy\u00f6m\u00e4ll\u00e4 l\u00e4\u00e4kinn\u00e4llisi\u00e4 sieni\u00e4. Ne tuovat meille tasapainoa fyysisell\u00e4 tasolla ja suojaavat meit\u00e4 monilta sairauksilta. Ne voivat olla<strong> ennaltaehk\u00e4isev\u00e4\u00e4<\/strong> tai<strong> tukevaa hoitoa<\/strong> moniin (nykyaikaisiin) sairauksiin, olivatpa ne sitten perinteisi\u00e4 tai muuten ep\u00e4tavanomaisia. Perinteisesti sienien vaikutusten on katsottu vaikuttavan sy\u00f6p\u00e4\u00e4n, autoimmuunisairauksiin ja allergioihin. Ne ovat my\u00f6s hyvi\u00e4 terveen ja vahvan immuunij\u00e4rjestelm\u00e4n vasteen kannalta. Viime vuosikymmenin\u00e4, jolloin sienet ovat her\u00e4tt\u00e4neet kiinnostusta l\u00e4nsimaissa, tehdyt l\u00e4\u00e4ketieteelliset tutkimukset ovat kuitenkin vahvistaneet monet niiden terapeuttisista vaikutuksista.<\/span><\/p>\n<p><span style=\"color: #000000\">Koska tietyt luonnolliset vaikuttavat aineet ovat meille sulamattomia tai vaikeasti sulavia, on eritt\u00e4in t\u00e4rke\u00e4\u00e4 kuluttaa vain parhaita sienijauheita. Sienet on kasvatettava, kuivattava ja valmistettava asianmukaisesti. Ne on jauhettava hienoksi jauheeksi, jossa ei ole palasia. Jauheen v\u00e4ri on vaaleampi, mutta muuten se riippuu my\u00f6s kulutettavasta sienityypist\u00e4. Koska sienet ovat niin tehokkaita juuri siksi, ett\u00e4 niill\u00e4 on kyky ime\u00e4 kaikkea &#8211; hyv\u00e4\u00e4 ja pahaa &#8211; ymp\u00e4rist\u00f6st\u00e4, on t\u00e4rke\u00e4\u00e4 k\u00e4ytt\u00e4\u00e4 luonnonmukaisesti kasvatettuja sieni\u00e4.<\/span><\/p>\n<h2><span style=\"color: #000000\">Pakkaus<\/span><\/h2>\n<p><span style=\"color: #000000\">L\u00e4p\u00e4isem\u00e4t\u00f6n vetoketjullinen pussi, jossa tuote s\u00e4ilytt\u00e4\u00e4 kaiken tuoreutensa ja arominsa. Pakkaus suojaa tuotetta valolta ja ilmalta, sill\u00e4 se koostuu useista suojakerroksista, jotka s\u00e4ilytt\u00e4v\u00e4t sis\u00e4ll\u00f6n ominaisuudet.<\/span><\/p>\n<p><span style=\"color: #000000\">Pakkaus on eritt\u00e4in k\u00e4yt\u00e4nn\u00f6llinen ja kierr\u00e4tett\u00e4v\u00e4.<\/span><\/p>\n<h2><span style=\"color: #000000\">Varastointi ja varoitukset<\/span><\/h2>\n<p><span style=\"color: #000000\">S\u00e4ilyt\u00e4 viile\u00e4ss\u00e4 ja kuivassa paikassa. S\u00e4ilyt\u00e4 ravintolis\u00e4 lasten ulottumattomissa!<\/span><\/p>\n<p><span style=\"color: #000000\">Muista monipuolisen ruokavalion ja terveellisten el\u00e4m\u00e4ntapojen merkitys, ravintolis\u00e4 ei siis korvaa tasapainoista ja monipuolista ruokavaliota. Suositeltua p\u00e4ivitt\u00e4ist\u00e4 m\u00e4\u00e4r\u00e4\u00e4 tai annosta ei saa ylitt\u00e4\u00e4. Raskaana olevia ja imett\u00e4vi\u00e4 naisia kehotetaan aina neuvottelemaan l\u00e4\u00e4k\u00e4rin kanssa ennen k\u00e4ytt\u00f6\u00e4.<\/span><\/p>\n<h2><span style=\"color: #000000\">Hyv\u00e4 tiet\u00e4\u00e4<\/span><\/h2>\n<p><span style=\"color: #000000\">Tuote sopii my\u00f6s el\u00e4imille. Useimmissa tapauksissa l\u00e4\u00e4kinn\u00e4lliset sienet osoittautuvat eritt\u00e4in tehokkaiksi immuunij\u00e4rjestelm\u00e4n vahvistamisessa, allergioiden ja ihosairauksien sek\u00e4 virus- ja bakteeri-infektioiden poistamisessa. Kysy el\u00e4inl\u00e4\u00e4k\u00e4rilt\u00e4si ennen k\u00e4ytt\u00f6\u00e4, onko k\u00e4ytt\u00f6 suositeltavaa ja mik\u00e4 on suositeltu p\u00e4ivitt\u00e4inen m\u00e4\u00e4r\u00e4.<\/span><\/p>\n<h2><span style=\"color: #000000\">Alkuper\u00e4<\/span><\/h2>\n<p><span style=\"color: #000000\">EU<\/span>[\/vc_column_text][\/vc_column][\/vc_row]<\/p>\n<\/div>","protected":false},"excerpt":{"rendered":"<p align=\"JUSTIFY\">Lentinula edodes eli shiitake on yksi t\u00e4rkeimmist\u00e4 l\u00e4\u00e4kinn\u00e4llisist\u00e4 sienist\u00e4 perinteisess\u00e4 kiinalaisessa l\u00e4\u00e4ketieteess\u00e4. Sit\u00e4 on k\u00e4ytetty siell\u00e4 ainakin 2000 vuotta, ja sit\u00e4 kutsutaan usein &#8221;sienien kuningattareksi&#8221;, joka:<\/p>\n<p><span style=\"color: #000000\"> \ud83d\udc9a sy\u00f6p\u00e4\u00e4 ja kasvaimia ehk\u00e4isevi\u00e4 ominaisuuksia,<br \/>\n\ud83d\udc9a tehostaa immuunij\u00e4rjestelm\u00e4\u00e4,<br \/>\n\ud83d\udc9a alentaa verenpainetta, kolesterolia ja sokeria,<br \/>\n\ud83d\udc9a antioksidantti ja tulehdusta ehk\u00e4isev\u00e4,<br \/>\n\ud83d\udc9a est\u00e4\u00e4 bakteeri- ja virusinfektioiden kasvua.<\/span><\/p>\n","protected":false},"featured_media":6154,"comment_status":"open","ping_status":"closed","template":"","meta":{"_acf_changed":false},"product_brand":[],"product_cat":[15,225,228,224],"product_tag":[],"class_list":{"0":"post-6153","1":"product","2":"type-product","3":"status-publish","4":"has-post-thumbnail","6":"product_cat-uncategorized","7":"product_cat-kaikki-tuotteet","8":"product_cat-laakinnalliset-sienet","9":"product_cat-tarjous","11":"first","12":"instock","13":"taxable","14":"shipping-taxable","15":"purchasable","16":"product-type-simple"},"acf":[],"_links":{"self":[{"href":"https:\/\/fengchashop.com\/fi\/wp-json\/wp\/v2\/product\/6153","targetHints":{"allow":["GET"]}}],"collection":[{"href":"https:\/\/fengchashop.com\/fi\/wp-json\/wp\/v2\/product"}],"about":[{"href":"https:\/\/fengchashop.com\/fi\/wp-json\/wp\/v2\/types\/product"}],"replies":[{"embeddable":true,"href":"https:\/\/fengchashop.com\/fi\/wp-json\/wp\/v2\/comments?post=6153"}],"wp:featuredmedia":[{"embeddable":true,"href":"https:\/\/fengchashop.com\/fi\/wp-json\/wp\/v2\/media\/6154"}],"wp:attachment":[{"href":"https:\/\/fengchashop.com\/fi\/wp-json\/wp\/v2\/media?parent=6153"}],"wp:term":[{"taxonomy":"product_brand","embeddable":true,"href":"https:\/\/fengchashop.com\/fi\/wp-json\/wp\/v2\/product_brand?post=6153"},{"taxonomy":"product_cat","embeddable":true,"href":"https:\/\/fengchashop.com\/fi\/wp-json\/wp\/v2\/product_cat?post=6153"},{"taxonomy":"product_tag","embeddable":true,"href":"https:\/\/fengchashop.com\/fi\/wp-json\/wp\/v2\/product_tag?post=6153"}],"curies":[{"name":"wp","href":"https:\/\/api.w.org\/{rel}","templated":true}]}}