{"id":6150,"date":"2022-02-11T22:23:40","date_gmt":"2022-02-11T21:23:40","guid":{"rendered":"https:\/\/fengchashop.com\/fi\/product\/ginseng-jauhe-bio-250-g\/"},"modified":"2026-04-30T07:45:58","modified_gmt":"2026-04-30T05:45:58","slug":"ginseng-jauhe-bio","status":"publish","type":"product","link":"https:\/\/fengchashop.com\/fi\/product\/ginseng-jauhe-bio\/","title":{"rendered":"Siperian ginseng jauhe BIO 250 g"},"content":{"rendered":"<h2><span style=\"color: #000000\">Siperian ginseng jauhe luonnonmukaisesta tuotannosta.<\/span><\/h2>\n<p><span style=\"color: #000000\">Siperian ginseng kasvaa p\u00e4\u00e4asiassa Pohjois-Kiinassa ja Siperiassa (alue Ven\u00e4j\u00e4ll\u00e4), mutta sit\u00e4 esiintyy my\u00f6s Koreassa ja Japanissa. Se on monivuotinen yrtti, joka kasvaa yleens\u00e4 viile\u00e4mm\u00e4ss\u00e4 ilmastossa. Sill\u00e4 on puumainen juuri, ja se kasvaa korkeilla vuoristoalueilla, mutta my\u00f6s auringolta suojaisilla alueilla laaksossa. Se tunnetaan my\u00f6s nimell\u00e4 siperian ginseng tai elevterokokki (Eleutherococcus senticosus).<\/span><\/p>\n<p><span style=\"color: #000000\">Ginsengijuuri on yksi<strong> t\u00e4rkeimmist\u00e4 kasveista <\/strong>perinteisess\u00e4 kiinalaisessa ja ven\u00e4l\u00e4isess\u00e4 yrttitaloudessa, jossa sit\u00e4 on k\u00e4ytetty ravintolis\u00e4n\u00e4 vuosisatojen, ellei jopa vuosituhansien ajan. Kiinassa tiedet\u00e4\u00e4n hyvin, ett\u00e4 ginseng on hyv\u00e4ksi terveydellemme <strong>pitk\u00e4ik\u00e4isyyden<\/strong> (ik\u00e4\u00e4ntymisprosessin est\u00e4misen),<strong> immuunij\u00e4rjestelm\u00e4n vahvistamisen, v\u00e4symyksen ja stressin torjunnan sek\u00e4 seksuaalisen potentiaalin parantamisen<\/strong> kannalta.<\/span><\/p>\n<p><span style=\"color: #000000\">Ginsengin aktiiviset yhdisteet, joita kutsutaan elevterosideiksi (se sis\u00e4lt\u00e4\u00e4 7 erilaista), toimivat samalla tavalla kuin steroidit. Ginseng on my\u00f6s <strong>adaptogeeninen yrtti<\/strong>. N\u00e4m\u00e4 ovat kasveja, jotka auttavat kehoa sopeutumaan erilaisiin negatiivisiin ymp\u00e4rist\u00f6tekij\u00f6ihin. Sill\u00e4 on kyky s\u00e4\u00e4dell\u00e4 ja kontrolloida rauhas- ja hormonij\u00e4rjestelm\u00e4\u00e4, hermo- ja syd\u00e4n- ja verisuonij\u00e4rjestelm\u00e4\u00e4 sek\u00e4 lihaksia. Adaptogeenit auttavat tehokkaasti kehoa selviytym\u00e4\u00e4n fyysisest\u00e4, kemiallisesta ja biologisesta stressist\u00e4.<\/span><\/p>\n<p><span style=\"color: #000000\">Siperian ginsengimme on <strong>per\u00e4isin luomuviljelyst\u00e4 <\/strong><strong> eik\u00e4 sis\u00e4ll\u00e4 t\u00e4yteaineita tai lis\u00e4aineita<\/strong>. Sadonkorjuun j\u00e4lkeen ginsengjuuret kuivataan ja jauhetaan sitten jauheeksi hell\u00e4varaisella prosessilla.<\/span><\/p>\n<p><span style=\"color: #000000\">Siperian ginsengi\u00e4 (elevosidi) ei pid\u00e4 sekoittaa paremmin tunnettuun aasialaiseen ginsengiin (ginsenosidi), vaikka niill\u00e4 on samanlaisia adaptogeenisi\u00e4 ominaisuuksia.<\/span><\/p>\n<h2><span style=\"color: #000000\">Miksi k\u00e4ytt\u00e4\u00e4 sit\u00e4?<\/span><\/h2>\n<p><span style=\"color: #000000\">Ginseng voi auttaa <strong>voittamaan stressin, luomaan kehoon hyv\u00e4\u00e4 energiaa ja yleist\u00e4 elinvoimaa<\/strong>. Koska se sis\u00e4lt\u00e4\u00e4 monimutkaisia polysakkarideja, se liitet\u00e4\u00e4n usein immuunij\u00e4rjestelm\u00e4n vahvistamiseen. Tutkijat ovat havainneet, ett\u00e4 ginsengin vaikutus<strong> voimistuu<\/strong> entisest\u00e4\u00e4n, kun se yhdistet\u00e4\u00e4n muihin perinteisiin kiinalaisiin yrtteihin. Ginseng on my\u00f6s <strong>tulehdusta ja vapaita radikaaleja ehk\u00e4isev\u00e4, parantaa verenkiertoa ja alentaa verenpainetta<\/strong>. Se stimuloi aivolis\u00e4kett\u00e4 ja<strong> lis\u00e4\u00e4 libidoa<\/strong>.<\/span><\/p>\n<p><span style=\"color: #000000\">Se on eritt\u00e4in suosittu urheilijoiden keskuudessa, sill\u00e4 se lis\u00e4\u00e4 kest\u00e4vyytt\u00e4 ja v\u00e4hent\u00e4\u00e4 v\u00e4symyst\u00e4 sek\u00e4 nopeuttaa palautumista.<\/span><\/p>\n<p><span style=\"color: #000000\">Lis\u00e4ksi se auttaa parantamaan aivojen henkisi\u00e4 ja kognitiivisia toimintoja. Se vaikuttaa siis oppimiseen, muistiin ja kognitioon. Kaikki t\u00e4m\u00e4 tarkoittaa, ett\u00e4 sill\u00e4 voi olla suora vaikutus aivojen heikkenemisen est\u00e4miseen. T\u00e4m\u00e4n seurauksena se my\u00f6s parantaa unta ja torjuu masennusta.<\/span><\/p>\n<p><span style=\"color: #000000\">Sit\u00e4 k\u00e4ytet\u00e4\u00e4n perinteisesti my\u00f6s vilustumiseen ja flunssaan, sill\u00e4 joissakin tutkimuksissa on havaittu, ett\u00e4 se voi auttaa torjumaan n\u00e4it\u00e4 sairauksia aiheuttavia viruksia.<\/span><\/p>\n<p><span style=\"color: #000000\">Se voi my\u00f6s auttaa lievitt\u00e4m\u00e4\u00e4n vaihdevuosille tyypillisi\u00e4 naisten ongelmia ja suojaa samalla luuntiheyden heikkenemiselt\u00e4 (osteoporoosi), joka usein pahenee t\u00e4n\u00e4 aikana hormonaalisten muutosten vuoksi.<\/span><\/p>\n<h2><span style=\"color: #000000\">Varastointi ja varoitukset<\/span><\/h2>\n<p><span style=\"color: #000000\">S\u00e4ilyt\u00e4 viile\u00e4ss\u00e4, kuivassa paikassa. S\u00e4ilyt\u00e4 ravintolis\u00e4 lasten ulottumattomissa!<\/span><\/p>\n<p><span style=\"color: #000000\">Muista monipuolisen ruokavalion ja terveellisten el\u00e4m\u00e4ntapojen merkitys, ravintolis\u00e4 ei siis korvaa tasapainoista ja monipuolista ruokavaliota. Suositeltua p\u00e4ivitt\u00e4ist\u00e4 m\u00e4\u00e4r\u00e4\u00e4 tai annosta ei saa ylitt\u00e4\u00e4. Raskaana olevia naisia, imett\u00e4vi\u00e4 \u00e4itej\u00e4 ja l\u00e4\u00e4kkeit\u00e4 k\u00e4ytt\u00e4vi\u00e4 henkil\u00f6it\u00e4 kehotetaan aina neuvottelemaan l\u00e4\u00e4k\u00e4rin kanssa ennen k\u00e4ytt\u00f6\u00e4.<\/span><\/p>\n<h2><span style=\"color: #000000\">Pakkaus<\/span><\/h2>\n<p><span style=\"color: #000000\">L\u00e4p\u00e4isem\u00e4t\u00f6n vetoketjullinen pussi, jossa tuote s\u00e4ilytt\u00e4\u00e4 kaiken tuoreutensa ja arominsa. Pakkaus suojaa tuotetta valolta ja ilmalta, sill\u00e4 se koostuu useista suojakerroksista, jotka s\u00e4ilytt\u00e4v\u00e4t sis\u00e4ll\u00f6n ominaisuudet.<\/span><\/p>\n<p><span style=\"color: #000000\">Pakkaus on eritt\u00e4in k\u00e4yt\u00e4nn\u00f6llinen ja kierr\u00e4tett\u00e4v\u00e4.<\/span><\/p>\n<h2><span style=\"color: #000000\">Alkuper\u00e4<\/span><\/h2>\n<p><span style=\"color: #000000\">Kiina. Meill\u00e4 on eritt\u00e4in luotettavia tavarantoimittajia, jotka l\u00e4hett\u00e4v\u00e4t meille yksityiskohtaisen kemiallisen analyysin elintarvikkeista jokaisesta er\u00e4st\u00e4. Yli kymmenen vuoden aikana meill\u00e4 ei ole ollut mink\u00e4\u00e4nlaisia takaisinvetoja tai muita ongelmia t\u00e4m\u00e4n tuotteen kanssa, eik\u00e4 my\u00f6sk\u00e4\u00e4n muiden saman toimittajan tuotteiden kanssa. Tuote on 100-prosenttisesti sertifioitua luomua.<\/span><\/p>\n","protected":false},"excerpt":{"rendered":"<p align=\"JUSTIFY\">Ginsengijuuri on yksi<strong> t\u00e4rkeimmist\u00e4 kasveista<\/strong> perinteisess\u00e4 kiinalaisessa ja ven\u00e4l\u00e4isess\u00e4 yrttitaloudessa, jossa sit\u00e4 on k\u00e4ytetty ravintolis\u00e4n\u00e4 vuosisatojen, ellei jopa vuosituhansien ajan. Kiinassa tiedet\u00e4\u00e4n hyvin, ett\u00e4 ginseng on hyv\u00e4ksi terveydellemme siin\u00e4 mieless\u00e4, ett\u00e4:<\/p>\n<p align=\"JUSTIFY\">\ud83d\udc9a pitk\u00e4ik\u00e4isyys (est\u00e4\u00e4 ik\u00e4\u00e4ntymisprosesseja),<br \/>\n\ud83d\udc9a vahvistaa immuunij\u00e4rjestelm\u00e4\u00e4,<br \/>\n\ud83d\udc9a se on v\u00e4symyst\u00e4 ehk\u00e4isev\u00e4,<br \/>\n\ud83d\udc9a stressin vastainen,<br \/>\n\ud83d\udc9a vaikuttaa seksuaaliseen potenssiin.<\/p>\n","protected":false},"featured_media":6151,"comment_status":"open","ping_status":"closed","template":"","meta":{"_acf_changed":false},"product_brand":[],"product_cat":[15,225,230,224],"product_tag":[],"class_list":{"0":"post-6150","1":"product","2":"type-product","3":"status-publish","4":"has-post-thumbnail","6":"product_cat-uncategorized","7":"product_cat-kaikki-tuotteet","8":"product_cat-superruoka","9":"product_cat-tarjous","11":"first","12":"instock","13":"sale","14":"taxable","15":"shipping-taxable","16":"purchasable","17":"product-type-simple"},"acf":[],"_links":{"self":[{"href":"https:\/\/fengchashop.com\/fi\/wp-json\/wp\/v2\/product\/6150","targetHints":{"allow":["GET"]}}],"collection":[{"href":"https:\/\/fengchashop.com\/fi\/wp-json\/wp\/v2\/product"}],"about":[{"href":"https:\/\/fengchashop.com\/fi\/wp-json\/wp\/v2\/types\/product"}],"replies":[{"embeddable":true,"href":"https:\/\/fengchashop.com\/fi\/wp-json\/wp\/v2\/comments?post=6150"}],"wp:featuredmedia":[{"embeddable":true,"href":"https:\/\/fengchashop.com\/fi\/wp-json\/wp\/v2\/media\/6151"}],"wp:attachment":[{"href":"https:\/\/fengchashop.com\/fi\/wp-json\/wp\/v2\/media?parent=6150"}],"wp:term":[{"taxonomy":"product_brand","embeddable":true,"href":"https:\/\/fengchashop.com\/fi\/wp-json\/wp\/v2\/product_brand?post=6150"},{"taxonomy":"product_cat","embeddable":true,"href":"https:\/\/fengchashop.com\/fi\/wp-json\/wp\/v2\/product_cat?post=6150"},{"taxonomy":"product_tag","embeddable":true,"href":"https:\/\/fengchashop.com\/fi\/wp-json\/wp\/v2\/product_tag?post=6150"}],"curies":[{"name":"wp","href":"https:\/\/api.w.org\/{rel}","templated":true}]}}