{"id":6137,"date":"2022-02-11T21:55:28","date_gmt":"2022-02-11T20:55:28","guid":{"rendered":"https:\/\/fengchashop.com\/fi\/product\/maca-tabletit-bio-125-g\/"},"modified":"2026-04-28T09:51:24","modified_gmt":"2026-04-28T07:51:24","slug":"mac-tabletit-bio","status":"publish","type":"product","link":"https:\/\/fengchashop.com\/fi\/product\/mac-tabletit-bio\/","title":{"rendered":"Maca tabletit BIO 125 g"},"content":{"rendered":"<div class=\"wpb-content-wrapper\"><p>[vc_row][vc_column][vc_column_text css=&#8221;&#8221;]<\/p>\n<h2><span style=\"color: #000000\">Maca tabletit BIO<\/span><\/h2>\n<p><span style=\"color: #000000\">Maca on kasvi, josta on viime vuosina tullut yksi ravintolisien kantavia voimia, ja sen suosio on tuonut sen moniin koteihin. Se tunnetaan my\u00f6s nimell\u00e4 <strong>perulainen ginseng<\/strong>. Ja vaikka sit\u00e4 on perinteisesti k\u00e4ytetty parantamaan hedelm\u00e4llisyytt\u00e4 ja sukupuolivietti\u00e4, poistamaan uupumusta ja vahvistamaan fyysist\u00e4 voimaa, macan nauttiminen voi tuoda meille niin paljon muutakin.<\/span><\/p>\n<p><span style=\"color: #000000\">Se on adaptogeeninen yrtti, joka <strong>lis\u00e4\u00e4 energiaa, kest\u00e4vyytt\u00e4, elinvoimaa ja fyysist\u00e4 voimaa<\/strong>. Se auttaa meit\u00e4 reagoimaan stressiin ja sopeutumaan muutoksiin helpommin. Maca viihtyy parhaiten Keski-Perun Andeilla, ankarissa olosuhteissa ja hyvin korkealla &#8211; yli 4000 metrin korkeudessa. Se on ristikukkainen vihannes, kuten parsakaali, kukkakaali, nauriit, kaali, lehtikaali ja retiisi. Kasvin sy\u00f6t\u00e4vin osa on juuri eli mukula. Juuria on useita eri v\u00e4rej\u00e4 valkoisesta mustaan. Suosituimmat v\u00e4rit ovat<strong> keltainen, punainen ja musta<\/strong>. Tavallista keltaista macaa k\u00e4ytet\u00e4\u00e4n jokap\u00e4iv\u00e4iseen ja pitk\u00e4aikaiseen kulutukseen. Punaista ja mustaa macaa pidet\u00e4\u00e4n pyhin\u00e4 lajikkeina, ja niit\u00e4 k\u00e4ytet\u00e4\u00e4n kroonisiin terapeuttisiin ongelmiin.<\/span><\/p>\n<p><span style=\"color: #000000\">Maca-mukulaa nautitaan yleisimmin jauheena. Tablettimuotoinen maca on kuitenkin helpompi k\u00e4ytt\u00e4\u00e4 ja helpompi annostella. Meid\u00e4n maca-tablettimme ovat luonnonmukaisesti tuotettuja.<\/span><\/p>\n<p><span style=\"color: #000000\">Mihin ongelmiin se auttaa tai kenelle suosittelemme sit\u00e4?<\/span><\/p>\n<p><span style=\"color: #000000\">Maca on adaptogeeninen kasvi, mik\u00e4 tarkoittaa, ett\u00e4 se mukautuu yksil\u00f6n tarpeisiin. Adaptogeenit vahvistavat elinj\u00e4rjestelmi\u00e4 (hengityselimet, ruoansulatuselimist\u00f6, virtsatiet jne.), mutta eiv\u00e4t yl\u00f6stimuloi tai muuten h\u00e4iritse niiden toimintaa. Adaptogeenej\u00e4 suositellaan ihmisille, jotka tarvitsevat apua seuraavissa asioissa:<\/span><\/p>\n<p><span style=\"color: #000000\"> \ud83d\udc9a <strong>mielialan vaihteluihin<\/strong> liittyvien ongelmien voittamiseen,<\/span><\/p>\n<p><span style=\"color: #000000\"> \ud83d\udc9a hedelm\u00e4tt\u00f6myyteen ja <strong>vaihdevuosioireisiin<\/strong>,<\/span><\/p>\n<p><span style=\"color: #000000\"> \ud83d\udc9a paremman<strong> henkisen ja fyysisen suorituskyvyn<\/strong> saavuttamiseen,<\/span><\/p>\n<p><span style=\"color: #000000\"><strong>\ud83d\udc9a seksuaalisen potentiaalin<\/strong> lis\u00e4\u00e4minen,<\/span><\/p>\n<p><span style=\"color: #000000\"> \ud83d\udc9a moniin muihin terveysongelmiin.<\/span><\/p>\n<h2><span style=\"color: #000000\">Mitk\u00e4 ovat macan meille tarjoamat t\u00e4rkeimm\u00e4t ominaisuudet?<\/span><\/h2>\n<p><strong><span style=\"color: #000000\">Se on eritt\u00e4in ravitsevaa<\/span><\/strong><\/p>\n<p><span style=\"color: #000000\">Maca on erinomainen l\u00e4hde useille<strong> t\u00e4rkeille vitamiineille ja kivenn\u00e4isaineille<\/strong>, kuten C-, A-, E-, B2-, B6-, B12-vitamiinille, kuparille, magnesiumille, seleenille, kalsiumille, kaliumille, natriumille, fosforille, mangaanille ja raudalle. Se on hyv\u00e4 hiilihydraattien, aminohappojen ja rasvojen l\u00e4hde, ja se sis\u00e4lt\u00e4\u00e4 huomattavan m\u00e4\u00e4r\u00e4n kuitua ja muita kasviravinteita. Se sis\u00e4lt\u00e4\u00e4 my\u00f6s erilaisia kasviyhdisteit\u00e4, kuten glukosinolaatteja, polyfenoleja ja fytosteroleja, jotka est\u00e4v\u00e4t<strong> kolesterolin imeytymist\u00e4<\/strong> ja saattavat jopa alentaa sen m\u00e4\u00e4r\u00e4\u00e4 veress\u00e4.<\/span><\/p>\n<p><strong><span style=\"color: #000000\">Lis\u00e4\u00e4 libidoa<\/span><\/strong><\/p>\n<p><span style=\"color: #000000\">Lis\u00e4\u00e4 seksihaluja sek\u00e4 miehill\u00e4 ett\u00e4 naisilla. Se on luonnollinen aphrodisiac. Poistaa erektioh\u00e4iri\u00f6t. Maca <strong>parantaa <\/strong>tehokkaasti <strong>seksuaalista halukkuutta <\/strong>, ja t\u00e4t\u00e4 v\u00e4itett\u00e4 tukevat useat tutkimukset. Vuonna 2010 tehty tutkimus, johon osallistui nelj\u00e4 kliinist\u00e4 tutkimusta, joissa oli yhteens\u00e4 131 osallistujaa, osoitti, ett\u00e4 maca parantaa seksuaalista halua v\u00e4hint\u00e4\u00e4n kuuden viikon kulutuksen j\u00e4lkeen. Toinen tutkimus osoitti, ett\u00e4 maca v\u00e4hent\u00e4\u00e4 masennuksen hoitoon k\u00e4ytett\u00e4vien l\u00e4\u00e4kkeiden aiheuttamia seksuaalisia toimintah\u00e4iri\u00f6it\u00e4.<\/span><\/p>\n<p><strong><span style=\"color: #000000\">Lis\u00e4\u00e4 hedelm\u00e4llisyytt\u00e4<\/span><\/strong><\/p>\n<p><span style=\"color: #000000\">Maca lis\u00e4\u00e4 hedelm\u00e4llisyytt\u00e4 sek\u00e4 miehill\u00e4 ett\u00e4 naisilla. Viiden pienen tutkimuksen katsaus osoitti, ett\u00e4 maca <strong>lis\u00e4\u00e4 siitti\u00f6iden tuotantoa ja parantaa siemennesteen<\/strong> laatua hedelm\u00e4tt\u00f6mill\u00e4 mutta muuten terveill\u00e4 miehill\u00e4. Nelj\u00e4n kuukauden macan k\u00e4yt\u00f6n j\u00e4lkeen siitti\u00f6iden m\u00e4\u00e4r\u00e4, lukum\u00e4\u00e4r\u00e4 ja liikkuvuus lis\u00e4\u00e4ntyiv\u00e4t. Naisilla<strong> se s\u00e4\u00e4telee kuukautiskiertoa<\/strong> ja lievitt\u00e4\u00e4 my\u00f6s PMS-oireita ja kuukautiskipuja.<\/span><\/p>\n<p><strong><span style=\"color: #000000\">Pienent\u00e4\u00e4 eturauhasen kokoa<\/span><\/strong><\/p>\n<p><span style=\"color: #000000\">Jotkut tutkimukset ovat osoittaneet, ett\u00e4 punainen maca pienent\u00e4\u00e4 eturauhasen kokoa, koska se sis\u00e4lt\u00e4\u00e4 runsaasti glukosinolaatteja. Niihin liittyy my\u00f6s pienempi<strong> eturauhassy\u00f6v\u00e4n riski<\/strong> ja terveempi eturauhanen.<\/span><\/p>\n<p><strong><span style=\"color: #000000\">Hormonaalinen tasapaino<\/span><\/strong><\/p>\n<p><span style=\"color: #000000\">Tukee hormonitoimintaa, joka muun muassa kuljettaa happea ymp\u00e4ri kehoa. Se <strong>stimuloi rauhasten<\/strong> (hypotalamus, aivolis\u00e4ke, lis\u00e4munuainen, kilpirauhanen) <strong>asianmukaista toimintaa<\/strong> ja siten stimuloi hormonien (progesteroni, testosteroni, DHEA) tuotantoa ja s\u00e4\u00e4telee koko hormonij\u00e4rjestelm\u00e4n toimintaa. Hormonij\u00e4rjestelm\u00e4n moitteeton toiminta liittyy my\u00f6s immuunij\u00e4rjestelm\u00e4n moitteettomaan toimintaan. Jos tasapaino jossain kohtaa hormonitoimintaa h\u00e4iriintyy, puolustusmekanismimme kyky heikkenee.<\/span><\/p>\n<p><strong><span style=\"color: #000000\">Lievitt\u00e4\u00e4 vaihdevuosien ja andropaussin (miesten vaihdevuodet) oireita.<\/span><\/strong><\/p>\n<p><span style=\"color: #000000\">Vaihdevuosien aikana tapahtuva estrogeenin luonnollinen v\u00e4heneminen voi aiheuttaa monenlaisia ep\u00e4miellytt\u00e4vi\u00e4 oireita, kuten <strong>kuumia aaltoja, em\u00e4ttimen kuivuutta, mielialan vaihteluita, uniongelmia ja \u00e4rtyneisyytt\u00e4<\/strong>. Er\u00e4\u00e4ss\u00e4 vaihdevuosi-ik\u00e4isill\u00e4 naisilla tehdyss\u00e4 tutkimuksessa todettiin, ett\u00e4 maca auttoi lievitt\u00e4m\u00e4\u00e4n vaihdevuosioireita, kuten kuumia aaltoja ja uniongelmia. Maca auttaa my\u00f6s suojelemaan luiden terveytt\u00e4 ja v\u00e4hent\u00e4\u00e4 osteoporoosin riski\u00e4. Se hidastaa ik\u00e4\u00e4ntymisprosessia.<\/span><\/p>\n<p><strong><span style=\"color: #000000\">Parantaa mielialaa<\/span><\/strong><\/p>\n<p><span style=\"color: #000000\">Useat tutkimukset ovat jo osoittaneet, ett\u00e4 maca voi<strong> parantaa mielialaa ja henkist\u00e4 hyvinvointia<\/strong>, sill\u00e4 se sis\u00e4lt\u00e4\u00e4 flavonideja. Se v\u00e4hent\u00e4\u00e4 my\u00f6s ahdistuneisuutta ja masennusoireita erityisesti vaihdevuosi-ik\u00e4isill\u00e4 naisilla. Se auttaa v\u00e4hent\u00e4m\u00e4\u00e4n stressi\u00e4 ja hermostollista j\u00e4nnityst\u00e4 lis\u00e4\u00e4m\u00e4ll\u00e4 hapen m\u00e4\u00e4r\u00e4\u00e4 veress\u00e4.<\/span><\/p>\n<p><strong><span style=\"color: #000000\">Lis\u00e4\u00e4 energiaa ja urheilusuoritusta<\/span><\/strong><\/p>\n<p><span style=\"color: #000000\">Macaa k\u00e4ytt\u00e4v\u00e4t my\u00f6s<strong> urheilijat<\/strong>. Se auttaa saamaan lihasmassaa, lis\u00e4\u00e4m\u00e4\u00e4n voimaa, energiaa, kest\u00e4vyytt\u00e4 ja parantamaan liikuntasuoritusta. Macan nauttiminen voi parantaa <strong>liikuntasuoritusta<\/strong> erityisesti kest\u00e4vyysharjoittelun aikana. Se auttaa krooniseen v\u00e4symykseen. Se lis\u00e4\u00e4 elimist\u00f6n elinvoimaa sek\u00e4 henkist\u00e4 ja fyysist\u00e4 energiaa.<\/span><\/p>\n<p><strong><span style=\"color: #000000\">Vaikuttaa hyvin oppimiseen ja muistiin<\/span><\/strong><\/p>\n<p><span style=\"color: #000000\">Maca voi <strong>parantaa aivojen toimintaa<\/strong> ja sill\u00e4 on suotuisa vaikutus oppimiseen, keskittymiseen ja muistiin. Perun alkuper\u00e4iskansat ovat perinteisesti k\u00e4ytt\u00e4neet sit\u00e4 parantamaan lasten koulumenestyst\u00e4. T\u00e4ss\u00e4 tapauksessa musta maca on osoittautunut tehokkaimmaksi.<\/span><\/p>\n<h2><span style=\"color: #000000\">Varastointi ja varoitukset<\/span><\/h2>\n<p><span style=\"color: #000000\">S\u00e4ilyt\u00e4 viile\u00e4ss\u00e4 ja kuivassa paikassa enint\u00e4\u00e4n 25 \u00b0C. S\u00e4ilyt\u00e4 lasten ulottumattomissa!<\/span><\/p>\n<p><span style=\"color: #000000\">Muista monipuolisen ruokavalion ja terveellisten el\u00e4m\u00e4ntapojen merkitys, ravintolis\u00e4 ei siis korvaa tasapainoista ja monipuolista ruokavaliota. Suositeltua p\u00e4ivitt\u00e4ist\u00e4 m\u00e4\u00e4r\u00e4\u00e4 tai annosta ei saa ylitt\u00e4\u00e4. Raskaana olevia ja imett\u00e4vi\u00e4 naisia kehotetaan aina neuvottelemaan l\u00e4\u00e4k\u00e4rin kanssa ennen k\u00e4ytt\u00f6\u00e4.<\/span><\/p>\n<h2><span style=\"color: #000000\">Pakkaus<\/span><\/h2>\n<p><span style=\"color: #000000\">L\u00e4p\u00e4isem\u00e4t\u00f6n vetoketjullinen pussi, jossa tuote s\u00e4ilytt\u00e4\u00e4 kaiken tuoreutensa ja arominsa. Pakkaus suojaa tuotetta valolta ja ilmalta, sill\u00e4 se koostuu useista suojakerroksista, jotka s\u00e4ilytt\u00e4v\u00e4t sis\u00e4ll\u00f6n ominaisuudet.<\/span><\/p>\n<p><span style=\"color: #000000\">Pakkaus on eritt\u00e4in k\u00e4yt\u00e4nn\u00f6llinen ja kierr\u00e4tett\u00e4v\u00e4.<\/span><\/p>\n<h2><span style=\"color: #000000\">Alkuper\u00e4<\/span><\/h2>\n<p><span style=\"color: #000000\">Peru<\/span>[\/vc_column_text][\/vc_column][\/vc_row]<\/p>\n<\/div>","protected":false},"excerpt":{"rendered":"<p align=\"JUSTIFY\">Maca on juurikasvi, joka viihtyy Perun Andien yl\u00e4ng\u00f6ill\u00e4, miss\u00e4 se on alttiina<strong> \u00e4\u00e4rimm\u00e4isille s\u00e4\u00e4olosuhteille<\/strong> ja suurille l\u00e4mp\u00f6tilaeroille p\u00e4iv\u00e4n ja y\u00f6n v\u00e4lill\u00e4. Macan l\u00e4\u00e4kkeellinen osa on mukula, joka sis\u00e4lt\u00e4\u00e4 monia<strong> vitamiineja, kivenn\u00e4isaineita ja aminohappoja<\/strong>. Maca sis\u00e4lt\u00e4\u00e4 t\u00e4rkeit\u00e4 vitamiineja, kuten B1-, B12-, C- ja E-vitamiinia, sek\u00e4 rasvahappoja, kivenn\u00e4isaineita ja aminohappoja, joten se on yksi tehokkaimmista, toivotuimmista ja suositeltavimmista luonnollisista superfoodeista, joilla on tuhansia vuosia vanhat perinteet. Sit\u00e4 suositellaan ihmisille, jotka tarvitsevat apua seuraavissa asioissa:<\/p>\n<p align=\"JUSTIFY\"><span style=\"color: #000000\">\ud83d\udc9a <\/span>mielialan vaihteluiden voittamiseen,<br \/>\n<span style=\"color: #000000\">\ud83d\udc9a <\/span>hedelm\u00e4tt\u00f6myyteen ja vaihdevuosiongelmiin,<br \/>\n<span style=\"color: #000000\">\ud83d\udc9a <\/span>paremman henkisen ja fyysisen suorituskyvyn saavuttamiseen,<br \/>\n<span style=\"color: #000000\">\ud83d\udc9a <\/span>seksuaalisen potenssin lis\u00e4\u00e4miseen,<br \/>\n<span style=\"color: #000000\">\ud83d\udc9a <\/span>moniin muihin terveysongelmiin.<\/p>\n","protected":false},"featured_media":6138,"comment_status":"open","ping_status":"closed","template":"","meta":{"_acf_changed":false},"product_brand":[],"product_cat":[15,225,230,224],"product_tag":[],"class_list":{"0":"post-6137","1":"product","2":"type-product","3":"status-publish","4":"has-post-thumbnail","6":"product_cat-uncategorized","7":"product_cat-kaikki-tuotteet","8":"product_cat-superruoka","9":"product_cat-tarjous","11":"first","12":"instock","13":"sale","14":"taxable","15":"shipping-taxable","16":"purchasable","17":"product-type-simple"},"acf":[],"_links":{"self":[{"href":"https:\/\/fengchashop.com\/fi\/wp-json\/wp\/v2\/product\/6137","targetHints":{"allow":["GET"]}}],"collection":[{"href":"https:\/\/fengchashop.com\/fi\/wp-json\/wp\/v2\/product"}],"about":[{"href":"https:\/\/fengchashop.com\/fi\/wp-json\/wp\/v2\/types\/product"}],"replies":[{"embeddable":true,"href":"https:\/\/fengchashop.com\/fi\/wp-json\/wp\/v2\/comments?post=6137"}],"wp:featuredmedia":[{"embeddable":true,"href":"https:\/\/fengchashop.com\/fi\/wp-json\/wp\/v2\/media\/6138"}],"wp:attachment":[{"href":"https:\/\/fengchashop.com\/fi\/wp-json\/wp\/v2\/media?parent=6137"}],"wp:term":[{"taxonomy":"product_brand","embeddable":true,"href":"https:\/\/fengchashop.com\/fi\/wp-json\/wp\/v2\/product_brand?post=6137"},{"taxonomy":"product_cat","embeddable":true,"href":"https:\/\/fengchashop.com\/fi\/wp-json\/wp\/v2\/product_cat?post=6137"},{"taxonomy":"product_tag","embeddable":true,"href":"https:\/\/fengchashop.com\/fi\/wp-json\/wp\/v2\/product_tag?post=6137"}],"curies":[{"name":"wp","href":"https:\/\/api.w.org\/{rel}","templated":true}]}}