{"id":6131,"date":"2022-02-11T21:47:17","date_gmt":"2022-02-11T20:47:17","guid":{"rendered":"https:\/\/fengchashop.com\/fi\/product\/ashwagandha-tabletit-bio-125-g\/"},"modified":"2026-04-29T07:05:36","modified_gmt":"2026-04-29T05:05:36","slug":"ashwagandha-tabletit-bio","status":"publish","type":"product","link":"https:\/\/fengchashop.com\/fi\/product\/ashwagandha-tabletit-bio\/","title":{"rendered":"Ashwagandha tabletit BIO 125 g"},"content":{"rendered":"<div class=\"wpb-content-wrapper\"><p>[vc_row][vc_column][vc_column_text css=&#8221;&#8221;]<\/p>\n<h2><span style=\"color: #000000\">Ashwagandha (ashwagandha) BIO-tabletit<\/span><\/h2>\n<p><span style=\"color: #000000\">Ashwagandha on ayurvedassa keskeinen yrtti ja yksi kunnioitetuimmista kasveista, joka tunnetaan my\u00f6s<strong> intialaisena ginsengin\u00e4<\/strong>, sill\u00e4 sit\u00e4 k\u00e4ytet\u00e4\u00e4n ayurveda-opissa samalla tavalla kuin ginsengi\u00e4 perinteisess\u00e4 kiinalaisessa l\u00e4\u00e4ketieteess\u00e4. Sit\u00e4 on k\u00e4ytetty l\u00e4\u00e4kinn\u00e4llisiin tarkoituksiin jo tuhansia vuosia, sill\u00e4 se<strong> vaikuttaa my\u00f6nteisesti yleiseen hyvinvointiin ja antaa energiaa<\/strong>. Sit\u00e4 pidet\u00e4\u00e4n superfoodina, joka auttaa meit\u00e4 palauttamaan hormonitasapainon. Se vaikuttaa sek\u00e4 hormoneihin ett\u00e4 sukuelimiin. Se palauttaa lis\u00e4munuaisen ja kilpirauhasen toimintaa. Koska se on adaptogeeninen, sit\u00e4 k\u00e4ytet\u00e4\u00e4n ayurveda-opissa kilpirauhasen yli- ja aliaktiivisuuden hoitoon. <\/span><\/p>\n<p><span style=\"color: #000000\">Ashwagandha tableteissa on luonnonmukaisesti kasvatettua. Tabletit ovat eritt\u00e4in k\u00e4yt\u00e4nn\u00f6llisi\u00e4 k\u00e4ytt\u00e4\u00e4 ja mahdollistavat tasaisen p\u00e4ivitt\u00e4isen saannin.<\/span><\/p>\n<h2><span style=\"color: #000000\">Mit\u00e4 mahdollisia hy\u00f6tyj\u00e4 ashwagandhan ottamisesta on?<\/span><\/h2>\n<p><span style=\"color: #000000\">Ashwagandhalla uskotaan olevan positiivinen vaikutus:<\/span><\/p>\n<p><span style=\"color: #000000\">\ud83d\udc9a lis\u00e4\u00e4ntyneeseen <strong>aivokapasiteettiin,<\/strong><\/span><\/p>\n<p><span style=\"color: #000000\"> \ud83d\udc9a lis\u00e4\u00e4ntyneeseen <strong>energiaan ja kest\u00e4vyyteen,<\/strong><\/span><\/p>\n<p><span style=\"color: #000000\"><strong> \ud83d\udc9a p\u00e4ivitt\u00e4isen stressin voittamiseen ja ahdistuksen ja masennuksen oireiden lievitt\u00e4miseen,<\/strong><\/span><\/p>\n<p><span style=\"color: #000000\"> \ud83d\udc9a <strong>unettomuuden<\/strong> v\u00e4hent\u00e4minen <strong>,<\/strong><\/span><\/p>\n<p><span style=\"color: #000000\"> <strong> \ud83d\udc9a kivun ja tulehduksen lievitt\u00e4minen,<\/strong><\/span><\/p>\n<p><span style=\"color: #000000\"> <strong> \ud83d\udc9a lis\u00e4t\u00e4 sukupuolivietti\u00e4 ja hedelm\u00e4llisyytt\u00e4<\/strong> molemmilla sukupuolilla,<\/span><\/p>\n<p><span style=\"color: #000000\"> <strong> \ud83d\udc9a hidastaa<\/strong> kehon <strong> ik\u00e4\u00e4ntymisprosessia<\/strong>.<\/span><\/p>\n<p><span style=\"color: #000000\">Kasvin juuri sis\u00e4lt\u00e4\u00e4 suurimman osan vaikuttavista aineista, joilla on positiivinen vaikutus erilaisiin terveysongelmiin. Sit\u00e4 voidaan sy\u00f6d\u00e4 tai levitt\u00e4\u00e4 iholle tai sairastuneelle alueelle. Se on eritt\u00e4in monipuolinen ja siksi sit\u00e4 arvostetaan kolmessa eri perinteisess\u00e4 l\u00e4\u00e4kkeess\u00e4.<\/span><\/p>\n<p><span style=\"color: #000000\">Sit\u00e4 kutsutaan my\u00f6s intialaiseksi ginsengiksi, koska se on niin hyv\u00e4 lis\u00e4\u00e4m\u00e4\u00e4n ajattelukyky\u00e4 tai aivotoimintaa (ginsengin tapaan). Sill\u00e4 on erinomainen vaikutus koko hermostoon, joten sit\u00e4 k\u00e4ytet\u00e4\u00e4n usein stressin, ahdistuksen ja masennuksen voittamiseen. Sit\u00e4 on viime aikoina tutkittu paljon, ja se on muun muassa yhdistetty Alzheimerin taudin ja dementian hoitoon.<\/span><\/p>\n<h2><span style=\"color: #000000\">Kenelle suositellaan ashwagandhan k\u00e4ytt\u00f6\u00e4?<\/span><\/h2>\n<p><span style=\"color: #000000\">Vaikka ashwagandhalla katsotaan olevan hyvin laaja vaikutusspektri, sit\u00e4 suositellaan otettavaksi l\u00e4hinn\u00e4 niille, jotka haluavat l\u00f6yt\u00e4\u00e4 luonnollisen tavan auttaa esimerkiksi<strong> stressiin<\/strong>, sukupuoliviettien puutteeseen ja<strong> vaihdevuosioireisiin<\/strong> liittyviss\u00e4 tilanteissa. Sit\u00e4 voidaan k\u00e4ytt\u00e4\u00e4 my\u00f6s <strong>muistin, keskittymiskyvyn ja suorituskyvyn parantamiseen<\/strong>, verenkuvan parantamiseen sek\u00e4 auttamaan painonpudotuksessa ja lis\u00e4\u00e4m\u00e4\u00e4n vastustuskyky\u00e4 vilustumista ja muita infektioita vastaan. Sit\u00e4 k\u00e4ytet\u00e4\u00e4n my\u00f6s kaikenlaisten<strong> reumaattisten sairauksien <\/strong>ja tulehtuneiden nivelten aiheuttamien ongelmien lievitt\u00e4miseen sen huomattavan tulehdusta ehk\u00e4isev\u00e4n vaikutuksen vuoksi. Se auttaa my\u00f6s yll\u00e4pit\u00e4m\u00e4\u00e4n lihaskuntoa ja pit\u00e4m\u00e4\u00e4n nivelet joustavina. Vaikka ashwagandha on turvallinen elintarvike ja sit\u00e4 k\u00e4ytet\u00e4\u00e4n my\u00f6s vaihtoehtona vakavammissa terveysongelmissa, on suositeltavaa neuvotella l\u00e4\u00e4k\u00e4rin kanssa ennen k\u00e4ytt\u00f6\u00e4.<\/span><\/p>\n<h2><span style=\"color: #000000\">Varastointi ja varoitukset<\/span><\/h2>\n<p><span style=\"color: #000000\">S\u00e4ilyt\u00e4 viile\u00e4ss\u00e4, kuivassa paikassa enint\u00e4\u00e4n 25 \u00b0C. S\u00e4ilyt\u00e4 lasten ulottumattomissa!<\/span><\/p>\n<p><span style=\"color: #000000\">Muista monipuolisen ruokavalion ja terveellisten el\u00e4m\u00e4ntapojen merkitys, ravintolis\u00e4 ei siis korvaa tasapainoista ja monipuolista ruokavaliota. Suositeltua p\u00e4ivitt\u00e4ist\u00e4 m\u00e4\u00e4r\u00e4\u00e4 tai annosta ei saa ylitt\u00e4\u00e4. Raskaana olevia ja imett\u00e4vi\u00e4 naisia sek\u00e4 henkil\u00f6it\u00e4, joilla on kilpirauhasen liikatoiminta, ei suositella k\u00e4ytett\u00e4v\u00e4ksi.<\/span><\/p>\n<h2><span style=\"color: #000000\">Pakkaus<\/span><\/h2>\n<p><span style=\"color: #000000\">L\u00e4p\u00e4isem\u00e4t\u00f6n vetoketjullinen pussi, jossa tuote s\u00e4ilytt\u00e4\u00e4 kaiken tuoreuden ja aromin. Pakkaus suojaa tuotetta valolta ja ilmalta, sill\u00e4 se koostuu useista suojakerroksista, jotka s\u00e4ilytt\u00e4v\u00e4t sis\u00e4ll\u00f6n ominaisuudet.<\/span><\/p>\n<p><span style=\"color: #000000\">Pakkaus on eritt\u00e4in k\u00e4yt\u00e4nn\u00f6llinen ja kierr\u00e4tett\u00e4v\u00e4.<\/span><\/p>\n<h2><span style=\"color: #000000\">Alkuper\u00e4<\/span><\/h2>\n<p><span style=\"color: #000000\">Intia<\/span>[\/vc_column_text][\/vc_column][\/vc_row]<\/p>\n<\/div>","protected":false},"excerpt":{"rendered":"<p align=\"JUSTIFY\">Ashwagandha on ayurvedan keskeinen yrtti ja yksi kunnioitetuimmista kasveista, joka tunnetaan my\u00f6s <b>intialaisena ginsengin\u00e4<\/b>, sill\u00e4 sit\u00e4 k\u00e4ytet\u00e4\u00e4n ayurveda-k\u00e4yt\u00f6ss\u00e4 samalla tavalla kuin ginsengi\u00e4 perinteisess\u00e4 kiinalaisessa l\u00e4\u00e4ketieteess\u00e4. Sit\u00e4 on k\u00e4ytetty l\u00e4\u00e4kinn\u00e4llisiin tarkoituksiin jo tuhansia vuosia, sill\u00e4 se <b>vaikuttaa my\u00f6nteisesti yleiseen hyvinvointiin<\/b> ja antaa energiaa. Ashwagandhalla uskotaan olevan positiivinen vaikutus:<\/p>\n<p align=\"JUSTIFY\">\ud83d\udc9a lis\u00e4\u00e4ntyneeseen aivokapasiteettiin,<br \/>\n\ud83d\udc9a lis\u00e4\u00e4ntyneeseen energiaan ja kest\u00e4vyyteen,<br \/>\n\ud83d\udc9a p\u00e4ivitt\u00e4isen stressin voittamiseen,<br \/>\n\ud83d\udc9a unettomuuden v\u00e4hent\u00e4miseen.<\/p>\n","protected":false},"featured_media":6132,"comment_status":"open","ping_status":"closed","template":"","meta":{"_acf_changed":false},"product_brand":[],"product_cat":[15,231,225,230,224],"product_tag":[],"class_list":{"0":"post-6131","1":"product","2":"type-product","3":"status-publish","4":"has-post-thumbnail","6":"product_cat-uncategorized","7":"product_cat-ayurveda","8":"product_cat-kaikki-tuotteet","9":"product_cat-superruoka","10":"product_cat-tarjous","12":"first","13":"instock","14":"sale","15":"taxable","16":"shipping-taxable","17":"purchasable","18":"product-type-simple"},"acf":[],"_links":{"self":[{"href":"https:\/\/fengchashop.com\/fi\/wp-json\/wp\/v2\/product\/6131","targetHints":{"allow":["GET"]}}],"collection":[{"href":"https:\/\/fengchashop.com\/fi\/wp-json\/wp\/v2\/product"}],"about":[{"href":"https:\/\/fengchashop.com\/fi\/wp-json\/wp\/v2\/types\/product"}],"replies":[{"embeddable":true,"href":"https:\/\/fengchashop.com\/fi\/wp-json\/wp\/v2\/comments?post=6131"}],"wp:featuredmedia":[{"embeddable":true,"href":"https:\/\/fengchashop.com\/fi\/wp-json\/wp\/v2\/media\/6132"}],"wp:attachment":[{"href":"https:\/\/fengchashop.com\/fi\/wp-json\/wp\/v2\/media?parent=6131"}],"wp:term":[{"taxonomy":"product_brand","embeddable":true,"href":"https:\/\/fengchashop.com\/fi\/wp-json\/wp\/v2\/product_brand?post=6131"},{"taxonomy":"product_cat","embeddable":true,"href":"https:\/\/fengchashop.com\/fi\/wp-json\/wp\/v2\/product_cat?post=6131"},{"taxonomy":"product_tag","embeddable":true,"href":"https:\/\/fengchashop.com\/fi\/wp-json\/wp\/v2\/product_tag?post=6131"}],"curies":[{"name":"wp","href":"https:\/\/api.w.org\/{rel}","templated":true}]}}