{"id":6122,"date":"2022-02-11T21:16:38","date_gmt":"2022-02-11T20:16:38","guid":{"rendered":"https:\/\/fengchashop.com\/fi\/product\/astragalus-jauhe-bio-250-g\/"},"modified":"2026-04-29T16:04:08","modified_gmt":"2026-04-29T14:04:08","slug":"astragalus-jauhe-bio","status":"publish","type":"product","link":"https:\/\/fengchashop.com\/fi\/product\/astragalus-jauhe-bio\/","title":{"rendered":"Astragalus-jauhe BIO 250 g"},"content":{"rendered":"<div class=\"wpb-content-wrapper\"><p>[vc_row][vc_column][vc_column_text css=&#8221;&#8221;]<\/p>\n<h2><span style=\"color: #000000\">Astragalus-jauhe BIO<\/span><\/h2>\n<p><span style=\"color: #000000\">Astragalus on pensas, joka itse asiassa kuuluu<strong> palkokasvien heimoon<\/strong>. Siit\u00e4 nimi herne. Sit\u00e4 on <strong>k\u00e4ytetty l\u00e4\u00e4kekasvina<\/strong> TCM:ss\u00e4 Kiinassa <strong>yli 2000 vuotta<\/strong>. Kasvin hy\u00f6dyllinen osa eiv\u00e4t ole hedelm\u00e4t tai lehdet, vaan auringossa kuivatut juuret. Laadukkaimmat juuret ovat paksuja, kiinteit\u00e4 ja makeita.<\/span><\/p>\n<p><span style=\"color: #000000\">Kiinassa perinteisesti <strong>koko kehoa vahvistavana<\/strong> aineena k\u00e4ytettyn\u00e4 se on eritt\u00e4in voimakas antioksidantti, joka torjuu menestyksekk\u00e4\u00e4sti kaikenlaisia tulehduksia. Sit\u00e4 pidet\u00e4\u00e4n my\u00f6s adaptogeenisena yrttin\u00e4, mik\u00e4 tarkoittaa, ett\u00e4 se vahvistaa kaikkia kehon elinj\u00e4rjestelmi\u00e4. Se ei h\u00e4iritse niiden luonnollista toimintaa. Se ei my\u00f6sk\u00e4\u00e4n yl\u00f6stimuloi elimi\u00e4 ja palauttaa kehon ep\u00e4tasapainoiseen tilaan. Siksi sit\u00e4 kutsutaan joskus<strong>&#8221;suureksi suojelijaksi<\/strong>&#8221;.<\/span><\/p>\n<p><span style=\"color: #000000\">Astragalus on eritt\u00e4in rikas tiettyjen antioksidanttien ja seleenin l\u00e4hde. Adaptogeenisuutensa vuoksi sit\u00e4 k\u00e4ytet\u00e4\u00e4n erilaisissa kehon tiloissa, jotka viittaavat ep\u00e4tasapainoon. Astragalusta k\u00e4ytet\u00e4\u00e4n usein my\u00f6s ik\u00e4\u00e4ntymisen vastaisena yrttin\u00e4. Sen uskotaan my\u00f6s s\u00e4\u00e4telev\u00e4n verenpainetta, verensokeria ja kolesterolia. Se vahvistaa immuunij\u00e4rjestelm\u00e4\u00e4 ja toimii flunssaa ja vilustumista ehk\u00e4isev\u00e4n\u00e4 aineena.<\/span><\/p>\n<p><span style=\"color: #000000\">Sit\u00e4 voidaan k\u00e4ytt\u00e4\u00e4 my\u00f6s<strong> y\u00f6hikoiluun ja vaihdevuosioireisiin<\/strong>, se<strong> energisoi soluja, vahvistaa lihaksistoa ja parantaa aineenvaihduntaa, tukee lis\u00e4munuaisia ja ohentaa verta<\/strong> (kuten aspiriini). Joissakin tapauksissa sit\u00e4 voidaan k\u00e4ytt\u00e4\u00e4 my\u00f6s l\u00e4\u00e4k\u00e4rin kanssa neuvotellen s\u00e4teily- ja kemoterapiahoitoa saavien sy\u00f6p\u00e4potilaiden ja aidsia sairastavien tukemiseen.<\/span><\/p>\n<p><span style=\"color: #000000\">Jauheesta voidaan valmistaa my\u00f6s teet\u00e4 keitt\u00e4m\u00e4ll\u00e4 yksi ruokalusikallinen astragalus-jauhetta kupillisella vett\u00e4. Anna olla 1 tunti ja siivil\u00f6i sitten. Juo sit\u00e4 kulauksittain p\u00e4iv\u00e4n aikana.<\/span><\/p>\n<p><span style=\"color: #000000\">Astragalusta k\u00e4ytet\u00e4\u00e4n usein yhdess\u00e4<strong> muiden yrttien ja kasvien, kuten angelikan, kurkuman, ginsengin, ashwagandhan ja spirulinan kanssa.<\/strong><\/span><\/p>\n<p><span style=\"color: #000000\">Astragalus liitet\u00e4\u00e4n el\u00e4m\u00e4n pident\u00e4miseen, koska:<\/span><\/p>\n<p><span style=\"color: #000000\"> <strong> \ud83d\udc9a se on adaptogeeni<\/strong> &#8211; se auttaa selviytym\u00e4\u00e4n kaikenlaisesta stressist\u00e4 (fyysisest\u00e4, emotionaalisesta ja henkisest\u00e4),<\/span><\/p>\n<p><span style=\"color: #000000\"> \ud83d\udc9a se on <strong>erinomainen antioksidantti<\/strong>ja auttaa nopeampaan palautumiseen sek\u00e4 vahvistaa mielt\u00e4 ja kehoa,<\/span><\/p>\n<p><span style=\"color: #000000\"> <strong> \ud83d\udc9a suojaa kehoa<\/strong> uusien sairauksien kehittymiselt\u00e4,<\/span><\/p>\n<p><span style=\"color: #000000\"> \ud83d\udc9a stimuloi ruokahalua ja <strong>auttaa voittamaan v\u00e4symyksen,<\/strong><\/span><\/p>\n<p><span style=\"color: #000000\"> \ud83d\udc9a stimuloi <strong> immuunij\u00e4rjestelm\u00e4\u00e4<\/strong> ja siten valkosoluja,<\/span><\/p>\n<p><span style=\"color: #000000\"> <strong> \ud83d\udc9a vahvistaa elint\u00e4rkeiden elinten<\/strong>, kuten munuaisten ja syd\u00e4men <strong>toimintaa<\/strong>,<\/span><\/p>\n<p><span style=\"color: #000000\"><strong> \ud83d\udc9a vahvistaa lihaksistoa<\/strong> ja edist\u00e4\u00e4 elinten luonnollista asentoa pit\u00e4en meid\u00e4t pystyss\u00e4,<\/span><\/p>\n<p><span style=\"color: #000000\"> \ud83d\udc9a <strong>nopeuttaa myrkkyjen poistumista<\/strong> ihon kautta, toimii liev\u00e4n\u00e4 diureettina ja hillitsee liiallista hikoilua.<\/span><\/p>\n<h2><span style=\"color: #000000\">Varastointi ja varoitukset<\/span><\/h2>\n<p><span style=\"color: #000000\">S\u00e4ilyt\u00e4 viile\u00e4ss\u00e4, kuivassa paikassa. S\u00e4ilyt\u00e4 ravintolis\u00e4 lasten ulottumattomissa!<\/span><\/p>\n<p><span style=\"color: #000000\">Muista monipuolisen ruokavalion ja terveellisten el\u00e4m\u00e4ntapojen merkitys, ravintolis\u00e4 ei siis korvaa tasapainoista ja monipuolista ruokavaliota. Suositeltua p\u00e4ivitt\u00e4ist\u00e4 m\u00e4\u00e4r\u00e4\u00e4 tai annosta ei saa ylitt\u00e4\u00e4. Raskaana olevia ja imett\u00e4vi\u00e4 naisia kehotetaan aina neuvottelemaan l\u00e4\u00e4k\u00e4rin kanssa ennen k\u00e4ytt\u00f6\u00e4.<\/span><\/p>\n<h2><span style=\"color: #000000\">Pakkaus<\/span><\/h2>\n<p><span style=\"color: #000000\">L\u00e4p\u00e4isem\u00e4t\u00f6n vetoketjullinen pussi, jossa tuote s\u00e4ilytt\u00e4\u00e4 kaiken tuoreutensa ja arominsa. Pakkaus suojaa tuotetta valolta ja ilmalta, sill\u00e4 se koostuu useista suojakerroksista, jotka s\u00e4ilytt\u00e4v\u00e4t sis\u00e4ll\u00f6n ominaisuudet.<\/span><\/p>\n<p><span style=\"color: #000000\">Pakkaus on eritt\u00e4in k\u00e4yt\u00e4nn\u00f6llinen ja kierr\u00e4tett\u00e4v\u00e4.<\/span><\/p>\n<h2><span style=\"color: #000000\">Alkuper\u00e4<\/span><\/h2>\n<p><span style=\"color: #000000\">Kiina. Meill\u00e4 on eritt\u00e4in luotettavia tavarantoimittajia, jotka l\u00e4hett\u00e4v\u00e4t meille yksityiskohtaisen kemiallisen analyysin elintarvikkeista jokaisesta er\u00e4st\u00e4. Yli kymmenen vuoden aikana meill\u00e4 ei ole ollut mink\u00e4\u00e4nlaisia takaisinvetoja tai muita ongelmia t\u00e4m\u00e4n tuotteen kanssa, eik\u00e4 my\u00f6sk\u00e4\u00e4n muiden saman toimittajan tuotteiden kanssa. Tuote on 100-prosenttisesti sertifioitua luomua.<\/span>[\/vc_column_text][\/vc_column][\/vc_row]<\/p>\n<\/div>","protected":false},"excerpt":{"rendered":"<p align=\"JUSTIFY\">Kiinassa perinteisesti <strong>koko kehoa vahvistavana<\/strong> aineena k\u00e4ytettyn\u00e4 se on eritt\u00e4in voimakas antioksidantti, joka torjuu menestyksekk\u00e4\u00e4sti kaikentyyppisi\u00e4 tulehduksia. Sit\u00e4 pidet\u00e4\u00e4n my\u00f6s adaptogeenisena yrttin\u00e4, mik\u00e4 tarkoittaa, ett\u00e4 se vahvistaa kaikkia kehon elinj\u00e4rjestelmi\u00e4. Se ei h\u00e4iritse niiden luonnollista toimintaa. Se ei my\u00f6sk\u00e4\u00e4n yl\u00f6stimuloi elimi\u00e4 ja palauttaa kehon tasapainotilaan. T\u00e4m\u00e4n vuoksi sit\u00e4 kutsutaan joskus nokian<strong>&#8221;suureksi suojelijaksi&#8221;<\/strong>:<\/p>\n<p align=\"JUSTIFY\">\ud83d\udc9a se on adaptogeeni &#8211; se auttaa voittamaan kaikenlaisen stressin (fyysisen, emotionaalisen ja henkisen),<br \/>\n\ud83d\udc9a se on erinomainen antioksidantti ja auttaa nopeuttamaan toipumista sek\u00e4 vahvistaa mielt\u00e4 ja kehoa,<br \/>\n\ud83d\udc9a suojaa kehoa uusien sairauksien kehittymiselt\u00e4,<br \/>\n\ud83d\udc9a stimuloi ruokahalua ja auttaa voittamaan v\u00e4symyksen,<br \/>\n\ud83d\udc9a stimuloi immuunij\u00e4rjestelm\u00e4\u00e4 ja siten valkosoluja.<\/p>\n","protected":false},"featured_media":6123,"comment_status":"open","ping_status":"closed","template":"","meta":{"_acf_changed":false},"product_brand":[],"product_cat":[15,225,230,224],"product_tag":[],"class_list":{"0":"post-6122","1":"product","2":"type-product","3":"status-publish","4":"has-post-thumbnail","6":"product_cat-uncategorized","7":"product_cat-kaikki-tuotteet","8":"product_cat-superruoka","9":"product_cat-tarjous","11":"first","12":"instock","13":"sale","14":"taxable","15":"shipping-taxable","16":"purchasable","17":"product-type-simple"},"acf":[],"_links":{"self":[{"href":"https:\/\/fengchashop.com\/fi\/wp-json\/wp\/v2\/product\/6122","targetHints":{"allow":["GET"]}}],"collection":[{"href":"https:\/\/fengchashop.com\/fi\/wp-json\/wp\/v2\/product"}],"about":[{"href":"https:\/\/fengchashop.com\/fi\/wp-json\/wp\/v2\/types\/product"}],"replies":[{"embeddable":true,"href":"https:\/\/fengchashop.com\/fi\/wp-json\/wp\/v2\/comments?post=6122"}],"wp:featuredmedia":[{"embeddable":true,"href":"https:\/\/fengchashop.com\/fi\/wp-json\/wp\/v2\/media\/6123"}],"wp:attachment":[{"href":"https:\/\/fengchashop.com\/fi\/wp-json\/wp\/v2\/media?parent=6122"}],"wp:term":[{"taxonomy":"product_brand","embeddable":true,"href":"https:\/\/fengchashop.com\/fi\/wp-json\/wp\/v2\/product_brand?post=6122"},{"taxonomy":"product_cat","embeddable":true,"href":"https:\/\/fengchashop.com\/fi\/wp-json\/wp\/v2\/product_cat?post=6122"},{"taxonomy":"product_tag","embeddable":true,"href":"https:\/\/fengchashop.com\/fi\/wp-json\/wp\/v2\/product_tag?post=6122"}],"curies":[{"name":"wp","href":"https:\/\/api.w.org\/{rel}","templated":true}]}}