{"id":6106,"date":"2022-02-11T20:17:52","date_gmt":"2022-02-11T19:17:52","guid":{"rendered":"https:\/\/fengchashop.com\/fi\/product\/kalsium-500-g\/"},"modified":"2026-04-29T10:23:52","modified_gmt":"2026-04-29T08:23:52","slug":"kalsium","status":"publish","type":"product","link":"https:\/\/fengchashop.com\/fi\/product\/kalsium\/","title":{"rendered":"Kalsium 500 g"},"content":{"rendered":"<h2><span style=\"color: #000000\">Kalsiumkarbonaatti <\/span><\/h2>\n<p><span style=\"color: #000000\">Kalsium on yksi<strong> elimist\u00f6mme runsaimmista mineraaleista<\/strong>. Vaikka kalsium liitet\u00e4\u00e4n useimmiten luihin, sill\u00e4 on monia muitakin t\u00e4rkeit\u00e4 teht\u00e4vi\u00e4 ihmiskehossa. Kalsium on itse asiassa luukudoksen osa ja vaikuttaa siten luiden kovuuteen. Siksi kalsiumpitoisten elintarvikkeiden sy\u00f6minen on eritt\u00e4in t\u00e4rke\u00e4\u00e4 lapsuudessa, kun olemme kasvussa. Se on eritt\u00e4in t\u00e4rke\u00e4\u00e4 my\u00f6s vaihdevuosien aikana, jolloin vaihdevuosien aiheuttama hormonaalinen ep\u00e4tasapaino vaikuttaa usein kalsiumin imeytymiseen ja v\u00e4hent\u00e4\u00e4 siten luun tiheytt\u00e4. Sama p\u00e4tee enemm\u00e4n tai v\u00e4hemm\u00e4n useimpiin i\u00e4kk\u00e4isiin aikuisiin. Kalsiumilla on t\u00e4rke\u00e4 rooli my\u00f6s raskauden aikana.<\/span><\/p>\n<p><span style=\"color: #000000\"><strong>Kalsium vaikuttaa solujen ja lihasten normaaliin toimintaan, luuston ja hampaiden terveyteen, ruoansulatusentsyymien normaaliin toimintaan, veren hyytymiseen, hermoimpulssien v\u00e4littymiseen ja energian normaaliin vapautumiseen aineenvaihdunnassa.<\/strong> N\u00e4iden<strong>puute<\/strong><strong> johtaa<\/strong> usein<strong> osteoporoosiin<\/strong>, joka on toinen nykyajan eritt\u00e4in yleinen sairaus.<\/span><\/p>\n<p><span style=\"color: #000000\">Kalsium kalsiumkarbonaattina on<strong> luonnollinen ja turvallinen kalsiumin muoto<\/strong> ravintolis\u00e4n\u00e4. Se imeytyy hyvin ja sen saanto on optimaalinen.<\/span><\/p>\n<p><span style=\"color: #000000\">Kalsiumia tulisi ottaa elimist\u00f6\u00f6n s\u00e4\u00e4nn\u00f6llisesti, erityisesti kiihtyneen kasvun ja raskauden aikana. T\u00e4m\u00e4 onnistuu parhaiten monipuolisella ja tasapainoisella ruokavaliolla, jossa on luonnostaan runsaasti kalsiumia. Ravintolis\u00e4t ovat kuitenkin suositeltavia erityisesti niille, jotka k\u00e4ytt\u00e4v\u00e4t hyvin v\u00e4h\u00e4n tai eiv\u00e4t lainkaan maitotuotteita. Sit\u00e4 suositellaan my\u00f6s vaihdevuosi-ik\u00e4isille naisille ja kaikille i\u00e4kk\u00e4ille aikuisille.<\/span><\/p>\n<p><span style=\"color: #000000\">Ravintolis\u00e4 on eritt\u00e4in laadukas ja sill\u00e4 saavutetaan jopa 40 %:n alkuainepitoisuudet kalsiumia.<\/span><\/p>\n<h2><span style=\"color: #000000\">Miksi valita kalsiumkarbonaatti?<\/span><\/h2>\n<p><span style=\"color: #000000\">Kalsiumlis\u00e4ravinteita on useita eri tyyppej\u00e4 tai muotoja. Niit\u00e4 kutsutaan kalsiumsuoloiksi. Ne voivat olla kalsiumglukonaattia, kalsiumkarbonaattia, kalsiumsitraattia jne. Esimerkiksi kalsiumsitraatti sopii erinomaisesti niille, joilla on ongelmia liian v\u00e4h\u00e4isen vatsahapon kanssa tai jotka k\u00e4ytt\u00e4v\u00e4t vatsahapon est\u00e4ji\u00e4, sill\u00e4 se ei tarvitse happoa hyv\u00e4\u00e4n ja kunnolliseen imeytymiseen. Kalsiumkarbonaatti taas on yleisin kalsiumin muoto ravintolisiss\u00e4, ja sen on osoitettu olevan turvallinen ja varmistavan hyv\u00e4n imeytymisen. Sit\u00e4 suositellaan otettavaksi i\u00e4kk\u00e4ille v\u00e4litt\u00f6m\u00e4sti aterioiden j\u00e4lkeen ja nuoremmille ihmisille tuntia ennen tai kaksi tuntia aterioiden j\u00e4lkeen.<\/span><\/p>\n<h2><span style=\"color: #000000\">Mik\u00e4 on kalsiumin saannin vaikutus elimist\u00f6\u00f6n?<\/span><\/h2>\n<p><span style=\"color: #000000\">D-vitamiinilla on my\u00f6s t\u00e4rke\u00e4 rooli kalsiumin asianmukaisessa imeytymisess\u00e4 ja veren normaalissa kalsiumpitoisuudessa. Kalsium auttaa sitten:<\/span><\/p>\n<p><span style=\"color: #000000\"> <strong> \ud83d\udc9a terveiden hampaiden ja luiden<\/strong> yll\u00e4pit\u00e4misess\u00e4,<\/span><\/p>\n<p><span style=\"color: #000000\"> \ud83d\udc9a asianmukaiseen<strong> veren hyytymiseen,<\/strong><\/span><\/p>\n<p><span style=\"color: #000000\"><strong> \ud83d\udc9a energian vapautumista aineenvaihduntaa varten<\/strong>,<\/span><\/p>\n<p><span style=\"color: #000000\"><strong>\ud83d\udc9a hermoimpulssien<\/strong> normaaliin <strong>v\u00e4litt\u00e4miseen sek\u00e4 lihasten ja ruoansulatusentsyymien toimintaan,<\/strong><\/span><\/p>\n<p><span style=\"color: #000000\"><strong>\ud83d\udc9a solujen jakautuminen ja erikoistuminen<\/strong>.<\/span><\/p>\n<h2><span style=\"color: #000000\">Mit\u00e4 hy\u00f6ty\u00e4 kalsiumkarbonaatistamme on?<\/span><\/h2>\n<p><span style=\"color: #000000\">Oman tuotemerkkimme kalsiumkarbonaattijauhe on luonnollisesti louhittua. Se sis\u00e4lt\u00e4\u00e4 eritt\u00e4in puhdasta jauhetta ja korkeaa alkuainepitoisuutta kalsiumia. Samalla se ei sis\u00e4ll\u00e4 mit\u00e4\u00e4n ei-toivottuja lis\u00e4aineita, kuten sokeria, gluteenia, soijaa jne.<\/span><\/p>\n<h2><span style=\"color: #000000\">Pakkaus<\/span><\/h2>\n<p><span style=\"color: #000000\">L\u00e4p\u00e4isem\u00e4t\u00f6n vetoketjullinen pussi, jossa tuote s\u00e4ilytt\u00e4\u00e4 kaiken tuoreutensa ja arominsa. Pakkaus suojaa valolta ja ilmalta, sill\u00e4 se koostuu useista suojakerroksista, jotka s\u00e4ilytt\u00e4v\u00e4t sis\u00e4ll\u00f6n ominaisuudet.<\/span><\/p>\n<p><span style=\"color: #000000\">Pakkaus on eritt\u00e4in k\u00e4yt\u00e4nn\u00f6llinen ja kierr\u00e4tett\u00e4v\u00e4.<\/span><\/p>\n<h2><span style=\"color: #000000\">Varastointi ja varoitukset<\/span><\/h2>\n<p><span style=\"color: #000000\">S\u00e4ilyt\u00e4 viile\u00e4ss\u00e4 ja kuivassa paikassa enint\u00e4\u00e4n 25 \u00b0C:n l\u00e4mp\u00f6tilassa. S\u00e4ilyt\u00e4 ravintolis\u00e4 lasten ulottumattomissa!<\/span><\/p>\n<p><span style=\"color: #000000\">Keskustele l\u00e4\u00e4k\u00e4rin kanssa, jos k\u00e4yt\u00e4t samanaikaisesti antibiootteja tai muita l\u00e4\u00e4kkeit\u00e4.<\/span><\/p>\n<p><span style=\"color: #000000\">Muista monipuolisen ruokavalion ja terveellisten el\u00e4m\u00e4ntapojen merkitys, ravintolis\u00e4 ei korvaa tasapainoista ja monipuolista ruokavaliota. Suositeltua p\u00e4ivitt\u00e4ist\u00e4 m\u00e4\u00e4r\u00e4\u00e4 tai annosta ei saa ylitt\u00e4\u00e4. Raskaana olevia ja imett\u00e4vi\u00e4 naisia kehotetaan aina neuvottelemaan l\u00e4\u00e4k\u00e4rin kanssa ennen k\u00e4ytt\u00f6\u00e4. Ei sovellu lapsille.<\/span><\/p>\n<h2><span style=\"color: #000000\">Alkuper\u00e4<\/span><\/h2>\n<p><span style=\"color: #000000\">Italia<\/span><\/p>\n","protected":false},"excerpt":{"rendered":"<p align=\"JUSTIFY\">Kalsium on yksi <strong>elimist\u00f6mme runsaimmista kivenn\u00e4isaineista<\/strong>. Vaikka kalsium liitet\u00e4\u00e4n useimmiten luihin, sill\u00e4 on monia muitakin t\u00e4rkeit\u00e4 teht\u00e4vi\u00e4 ihmiskehossa. Kalsium on itse asiassa luukudoksen osa ja vaikuttaa siten luiden kovuuteen. Kalsium auttaa:<\/p>\n<p><span style=\"color: #000000\">\ud83d\udc9a <\/span>terveiden hampaiden ja luiden yll\u00e4pit\u00e4misess\u00e4,<br \/>\n<span style=\"color: #000000\">\ud83d\udc9a <\/span>veren oikeanlaiseen hyytymiseen,<br \/>\n<span style=\"color: #000000\">\ud83d\udc9a <\/span>energian vapautumiseen aineenvaihduntaa varten,<br \/>\n<span style=\"color: #000000\">\ud83d\udc9a <\/span>hermoimpulssien normaaliin v\u00e4littymiseen sek\u00e4 lihasten ja ruoansulatusentsyymien toimintaan,<br \/>\n<span style=\"color: #000000\">\ud83d\udc9a <\/span>solujen jakautuminen ja erikoistuminen.<\/p>\n","protected":false},"featured_media":6107,"comment_status":"open","ping_status":"closed","template":"","meta":{"_acf_changed":false},"product_brand":[],"product_cat":[15,225,229,224],"product_tag":[],"class_list":{"0":"post-6106","1":"product","2":"type-product","3":"status-publish","4":"has-post-thumbnail","6":"product_cat-uncategorized","7":"product_cat-kaikki-tuotteet","8":"product_cat-mineraalit-ja-vitamiinit","9":"product_cat-tarjous","11":"first","12":"instock","13":"sale","14":"taxable","15":"shipping-taxable","16":"purchasable","17":"product-type-simple"},"acf":[],"_links":{"self":[{"href":"https:\/\/fengchashop.com\/fi\/wp-json\/wp\/v2\/product\/6106","targetHints":{"allow":["GET"]}}],"collection":[{"href":"https:\/\/fengchashop.com\/fi\/wp-json\/wp\/v2\/product"}],"about":[{"href":"https:\/\/fengchashop.com\/fi\/wp-json\/wp\/v2\/types\/product"}],"replies":[{"embeddable":true,"href":"https:\/\/fengchashop.com\/fi\/wp-json\/wp\/v2\/comments?post=6106"}],"wp:featuredmedia":[{"embeddable":true,"href":"https:\/\/fengchashop.com\/fi\/wp-json\/wp\/v2\/media\/6107"}],"wp:attachment":[{"href":"https:\/\/fengchashop.com\/fi\/wp-json\/wp\/v2\/media?parent=6106"}],"wp:term":[{"taxonomy":"product_brand","embeddable":true,"href":"https:\/\/fengchashop.com\/fi\/wp-json\/wp\/v2\/product_brand?post=6106"},{"taxonomy":"product_cat","embeddable":true,"href":"https:\/\/fengchashop.com\/fi\/wp-json\/wp\/v2\/product_cat?post=6106"},{"taxonomy":"product_tag","embeddable":true,"href":"https:\/\/fengchashop.com\/fi\/wp-json\/wp\/v2\/product_tag?post=6106"}],"curies":[{"name":"wp","href":"https:\/\/api.w.org\/{rel}","templated":true}]}}