{"id":6103,"date":"2022-02-11T19:51:31","date_gmt":"2022-02-11T18:51:31","guid":{"rendered":"https:\/\/fengchashop.com\/fi\/product\/elixir-mix-bio-125-g\/"},"modified":"2026-04-29T01:47:09","modified_gmt":"2026-04-28T23:47:09","slug":"elixir-mix-bio","status":"publish","type":"product","link":"https:\/\/fengchashop.com\/fi\/product\/elixir-mix-bio\/","title":{"rendered":"Elixir mix BIO 125 g"},"content":{"rendered":"<h2><span style=\"color: #000000\">Elixir mix BIO l\u00e4\u00e4kinn\u00e4llinen sienijauhe<\/span><\/h2>\n<p><span style=\"color: #000000\">Elixir mixi\u00e4 k\u00e4ytet\u00e4\u00e4n<strong>immuunij\u00e4rjestelm\u00e4n stimuloinnin<\/strong> tukena<strong>, terveen syd\u00e4men ja verenkierron tukena, fyysisen energian lis\u00e4\u00e4miseksi, stressi\u00e4 vastaan, sy\u00f6p\u00e4soluja vastaan ja ik\u00e4\u00e4ntymist\u00e4 vastaan<\/strong>. <strong>T\u00e4llaisten t\u00e4rkeiden ja kaiken kattavien vaikutusten vuoksi suosittelemme sekoituksen ottamista puhtaasti kaikille, jotka haluavat t\u00e4ytt\u00e4\u00e4 pitk\u00e4n ja terveen el\u00e4m\u00e4n edellytykset.<\/strong> Sekoitus tarjoaa laajimman tasapainoisen vaikutusspektrin sen sis\u00e4lt\u00e4mien satojen eri aktiivisten komponenttien ansiosta. Se koostuu kolmesta sienilajista: Ganoderma lucidum, joka tunnetaan my\u00f6s nimell\u00e4 Reishi, Cordyceps ja Inonotus obliquus, joka tunnetaan my\u00f6s nimell\u00e4 Chaga.<\/span><\/p>\n<p><span style=\"color: #000000\">Elixir Mix tarjoaa laajimman tasapainoisen vaikutusspektrin sen sis\u00e4lt\u00e4mien satojen eri aktiivisten komponenttien ansiosta.<\/span><\/p>\n<p><span style=\"color: #000000\">T\u00e4m\u00e4 sienilajien laaja kirjo johtaa laajakirjoiseen vaikutukseen ja nopeutettuun ennaltaehk\u00e4isev\u00e4\u00e4n vaikutukseen yleist\u00e4 heikkoutta vastaan.<\/span><\/p>\n<p><span style=\"color: #000000\">Tuotteen k\u00e4ytt\u00f6 on varsin yksinkertaista eik\u00e4 vaadi valmistelua tai taitoja. Sienet jauhetaan hienoksi jauheeksi, joka ei sis\u00e4ll\u00e4 hiukkasia. Tuote on siis k\u00e4ytt\u00f6valmis. Annostele vain suoraan pakkauksesta suosikkijuomaasi, sekoita ja nauti.<\/span><\/p>\n<h2><span style=\"color: #000000\">Miksi k\u00e4ytt\u00e4\u00e4 Elixir-sekoitustamme?<\/span><\/h2>\n<p><span style=\"color: #000000\">Kuten nimikin kertoo, seos on todellinen terveyden, nuorekkuuden ja hyvinvoinnin eliksiiri. Se on laadittu huolellisesti sekoituksen k\u00e4ytt\u00e4jien ja l\u00e4\u00e4kinn\u00e4llisten sienten k\u00e4ytt\u00e4jien havaintojen ja havaintojen perusteella. My\u00f6s lukuisten kansallisten ja kansainv\u00e4listen tutkimusten tulokset on otettu huomioon t\u00e4m\u00e4n erikoissekoituksen valmistuksessa. Ja vaikka l\u00e4\u00e4kinn\u00e4llisill\u00e4 sienill\u00e4 on hyvin monimutkaisia vaikutusmekanismeja, joita tiede ei ole viel\u00e4 pystynyt selitt\u00e4m\u00e4\u00e4n, tied\u00e4mme, ett\u00e4 niill\u00e4 on suotuisa vaikutus<strong> immuunij\u00e4rjestelm\u00e4\u00e4mme, hyvinvointiimme ja elimist\u00f6ss\u00e4mme p\u00e4ivitt\u00e4in tapahtuviin luonnollisiin prosesseihin.<\/strong> Immuunij\u00e4rjestelm\u00e4 vastaa kehossamme olevien vieraiden elinten torjunnasta. Olipa kyseess\u00e4 sitten yksinkertainen virus, joka aiheuttaa flunssan, tai solukokoelma, joka edustaa sy\u00f6p\u00e4\u00e4. Siksi terve ja vahva immuunij\u00e4rjestelm\u00e4 on niin t\u00e4rke\u00e4. Yht\u00e4 <strong>t\u00e4rkeit\u00e4<\/strong> ovat <strong>antioksidantit, jotka<\/strong> suojaavat meit\u00e4 hapetusstressilt\u00e4, joka aiheuttaa monia sairauksia ja ennenaikaista ik\u00e4\u00e4ntymist\u00e4. Sekoitus sis\u00e4lt\u00e4\u00e4 my\u00f6s Chagaa, jota pidet\u00e4\u00e4n <strong>adaptogeenisena<\/strong>. Adaptogeeniset kasvit sopeuttavat aktiivisia ainesosiaan elimist\u00f6n tarpeiden mukaan. Ne antavat meille energiaa ja v\u00e4hent\u00e4v\u00e4t stressi\u00e4.<\/span><\/p>\n<p><span style=\"color: #000000\">L\u00e4\u00e4ketieteellisten sieniemme tuotanto on tiukasti valvottua, ilman kemikaaleja tai torjunta-aineita ja<strong> 100-prosenttisesti luonnonmukaista.<\/strong> Kaikki sienet kasvatetaan Sloveniassa. <\/span><\/p>\n<h2><span style=\"color: #000000\">Kenelle Elixir mix on tarkoitettu ja mit\u00e4 vaikutuksia sill\u00e4 on?<\/span><\/h2>\n<p><span style=\"color: #000000\">Elixir mix on oikeastaan kaikille, jotka haluavat<strong> parantaa yleist\u00e4 hyvinvointiaan lis\u00e4\u00e4m\u00e4ll\u00e4 vastustuskyky\u00e4 sairauksia vastaan, saamalla enemm\u00e4n fyysist\u00e4 energiaa, v\u00e4hent\u00e4m\u00e4ll\u00e4 stressin vaikutuksia ja est\u00e4m\u00e4ll\u00e4 kehon ennenaikaista vanhenemista.<\/strong> Se on tarkoitettu my\u00f6s niille, jotka haluavat kokeilla l\u00e4\u00e4kinn\u00e4llisten sienten vaikutusta ja vahvistaa kehoaan luonnollisella tavalla. Se on my\u00f6s erinomainen luonnollinen ravintolis\u00e4, sill\u00e4 sienill\u00e4 on korkea ravintoarvo &#8211; arvokkaita ravintoaineita, hivenaineita, vitamiineja, makrokivenn\u00e4isaineita, kuitua, proteiinia. L\u00e4\u00e4ketieteellisill\u00e4 sienill\u00e4 on rikas historia kiinalaisessa l\u00e4\u00e4ketieteess\u00e4 ja parantamisessa, ja ihminen k\u00e4\u00e4ntyy yh\u00e4 enemm\u00e4n takaisin luonnon puoleen terveyden hyv\u00e4ksi.<\/span><\/p>\n<p><span style=\"color: #000000\">Elixir-sekoituksemme on todellinen terveyden, hyvinvoinnin ja hyv\u00e4n energian eliksiiri. Sen positiiviset vaikutukset elimist\u00f6\u00f6n ovat seuraavat:<\/span><\/p>\n<p><span style=\"color: #000000\"> <strong> \ud83d\udc9a Stimuloi immuunij\u00e4rjestelm\u00e4\u00e4,<\/strong><\/span><\/p>\n<p><span style=\"color: #000000\"> \ud83d\udc9a toimii sy\u00f6p\u00e4soluja vastaan, <\/span><\/p>\n<p><span style=\"color: #000000\"> \ud83d\udc9a se on hy\u00f6dyllinen<strong> terveelle syd\u00e4melle ja verenkiertoj\u00e4rjestelm\u00e4lle,<\/strong><\/span><\/p>\n<p><span style=\"color: #000000\"> \ud83d\udc9a s\u00e4\u00e4telee<strong> verenpainetta,<\/strong><\/span><\/p>\n<p><span style=\"color: #000000\"> \ud83d\udc9a parantaa<strong> fyysist\u00e4 kest\u00e4vyytt\u00e4,<\/strong><\/span><\/p>\n<p><span style=\"color: #000000\"> \ud83d\udc9a lis\u00e4\u00e4<strong> fyysist\u00e4 energiaa,<\/strong><\/span><\/p>\n<p><span style=\"color: #000000\"> \ud83d\udc9a toimii <strong>stressi\u00e4 vastaan<\/strong>,<\/span><\/p>\n<p><span style=\"color: #000000\"> \ud83d\udc9a parantaa <strong>henkisi\u00e4 kykyj\u00e4,<\/strong><\/span><\/p>\n<p><span style=\"color: #000000\"> \ud83d\udc9a se toimii kehossa taistellen ja taistellen ik\u00e4\u00e4ntymist\u00e4 vastaan,<\/span><\/p>\n<p><span style=\"color: #000000\"> \ud83d\udc9a s\u00e4\u00e4telee lihasten ja hermojen toimintaa,<\/span><\/p>\n<p><span style=\"color: #000000\"><strong> \ud83d\udc9a voimakkaana antioksidanttina se eliminoi vapaita radikaaleja.<\/strong><\/span><\/p>\n<h2><span style=\"color: #000000\">Pakkaus<\/span><\/h2>\n<p><span style=\"color: #000000\">L\u00e4p\u00e4isem\u00e4t\u00f6n vetoketjullinen pussi, jossa tuote s\u00e4ilytt\u00e4\u00e4 kaiken tuoreutensa ja arominsa. Pakkaus suojaa valolta ja ilmalta, sill\u00e4 se koostuu useista suojakerroksista, jotka s\u00e4ilytt\u00e4v\u00e4t sis\u00e4ll\u00f6n ominaisuudet.<\/span><\/p>\n<p><span style=\"color: #000000\">Pakkaus on eritt\u00e4in k\u00e4yt\u00e4nn\u00f6llinen ja kierr\u00e4tett\u00e4v\u00e4.<\/span><\/p>\n<h2><span style=\"color: #000000\">Varastointi ja varoitukset<\/span><\/h2>\n<p><span style=\"color: #000000\">S\u00e4ilyt\u00e4 viile\u00e4ss\u00e4 ja kuivassa paikassa. S\u00e4ilyt\u00e4 ravintolis\u00e4 lasten ulottumattomissa!<\/span><\/p>\n<p><span style=\"color: #000000\">Muista monipuolisen ruokavalion ja terveellisten el\u00e4m\u00e4ntapojen merkitys, ravintolis\u00e4 ei siis korvaa tasapainoista ja monipuolista ruokavaliota. Suositeltua p\u00e4ivitt\u00e4ist\u00e4 m\u00e4\u00e4r\u00e4\u00e4 tai annosta ei saa ylitt\u00e4\u00e4. Raskaana olevia ja imett\u00e4vi\u00e4 naisia kehotetaan aina neuvottelemaan l\u00e4\u00e4k\u00e4rin kanssa ennen k\u00e4ytt\u00f6\u00e4.<\/span><\/p>\n<h2><span style=\"color: #000000\">Hyv\u00e4 tiet\u00e4\u00e4<\/span><\/h2>\n<p><span style=\"color: #000000\">Tuote sopii my\u00f6s el\u00e4imille. Useimmissa tapauksissa l\u00e4\u00e4kinn\u00e4lliset sienet osoittautuvat eritt\u00e4in tehokkaiksi immuunij\u00e4rjestelm\u00e4n vahvistamisessa, allergioiden ja ihosairauksien sek\u00e4 virus- ja bakteeri-infektioiden poistamisessa. Elixir mix vaikuttaa my\u00f6s el\u00e4imen yleiseen hyvinvointiin. Kysy el\u00e4inl\u00e4\u00e4k\u00e4rilt\u00e4si ennen k\u00e4ytt\u00f6\u00e4, onko sen ottaminen suositeltavaa ja mik\u00e4 on suositeltu p\u00e4ivitt\u00e4inen m\u00e4\u00e4r\u00e4.<\/span><\/p>\n<h2><span style=\"color: #000000\">Alkuper\u00e4<\/span><\/h2>\n<p><span style=\"color: #000000\">Slovenia<\/span><\/p>\n","protected":false},"excerpt":{"rendered":"<p align=\"JUSTIFY\">Elixir-sekoitus on tarkoitettu kaikille, jotka haluavat <strong>parantaa yleist\u00e4 hyvinvointiaan lis\u00e4\u00e4m\u00e4ll\u00e4 vastustuskyky\u00e4 sairauksia vastaan, lis\u00e4\u00e4m\u00e4ll\u00e4 fyysist\u00e4 energiaa, v\u00e4hent\u00e4m\u00e4ll\u00e4 stressin vaikutuksia ja est\u00e4m\u00e4ll\u00e4 kehon ennenaikaista vanhenemista. <\/strong>Se on tarkoitettu my\u00f6s niille, jotka haluavat kokeilla l\u00e4\u00e4kinn\u00e4llisten sienten vaikutusta ja vahvistaa kehoaan luonnollisella tavalla. Se on my\u00f6s erinomainen <strong>luonnollinen ravintolis\u00e4<\/strong>, sill\u00e4 sienill\u00e4 on korkea ravintoarvo &#8211; arvokkaita ravintoaineita, hivenaineita, vitamiineja, makrokivenn\u00e4isaineita, kuitua, proteiinia.<\/p>\n<p>\ud83d\udc9a Stimuloi immuunij\u00e4rjestelm\u00e4\u00e4.<br \/>\n\ud83d\udc9a Sy\u00f6p\u00e4\u00e4 ehk\u00e4isev\u00e4.<br \/>\n\ud83d\udc9a Toimii terveen syd\u00e4n- ja verisuonij\u00e4rjestelm\u00e4n hyv\u00e4ksi.<br \/>\n\ud83d\udc9a Parantaa fyysist\u00e4 kest\u00e4vyytt\u00e4.<br \/>\n\ud83d\udc9a Lis\u00e4\u00e4 fyysist\u00e4 energiaa.<br \/>\n\ud83d\udc9a Toimii stressi\u00e4 vastaan.<\/p>\n","protected":false},"featured_media":6104,"comment_status":"open","ping_status":"closed","template":"","meta":{"_acf_changed":false},"product_brand":[],"product_cat":[15,225,228,224],"product_tag":[],"class_list":{"0":"post-6103","1":"product","2":"type-product","3":"status-publish","4":"has-post-thumbnail","6":"product_cat-uncategorized","7":"product_cat-kaikki-tuotteet","8":"product_cat-laakinnalliset-sienet","9":"product_cat-tarjous","11":"first","12":"instock","13":"sale","14":"taxable","15":"shipping-taxable","16":"purchasable","17":"product-type-simple"},"acf":[],"_links":{"self":[{"href":"https:\/\/fengchashop.com\/fi\/wp-json\/wp\/v2\/product\/6103","targetHints":{"allow":["GET"]}}],"collection":[{"href":"https:\/\/fengchashop.com\/fi\/wp-json\/wp\/v2\/product"}],"about":[{"href":"https:\/\/fengchashop.com\/fi\/wp-json\/wp\/v2\/types\/product"}],"replies":[{"embeddable":true,"href":"https:\/\/fengchashop.com\/fi\/wp-json\/wp\/v2\/comments?post=6103"}],"wp:featuredmedia":[{"embeddable":true,"href":"https:\/\/fengchashop.com\/fi\/wp-json\/wp\/v2\/media\/6104"}],"wp:attachment":[{"href":"https:\/\/fengchashop.com\/fi\/wp-json\/wp\/v2\/media?parent=6103"}],"wp:term":[{"taxonomy":"product_brand","embeddable":true,"href":"https:\/\/fengchashop.com\/fi\/wp-json\/wp\/v2\/product_brand?post=6103"},{"taxonomy":"product_cat","embeddable":true,"href":"https:\/\/fengchashop.com\/fi\/wp-json\/wp\/v2\/product_cat?post=6103"},{"taxonomy":"product_tag","embeddable":true,"href":"https:\/\/fengchashop.com\/fi\/wp-json\/wp\/v2\/product_tag?post=6103"}],"curies":[{"name":"wp","href":"https:\/\/api.w.org\/{rel}","templated":true}]}}