{"id":6070,"date":"2022-02-11T19:46:11","date_gmt":"2022-02-11T18:46:11","guid":{"rendered":"https:\/\/fengchashop.com\/fi\/product\/cardio-mix-bio-125-g\/"},"modified":"2026-04-27T11:16:46","modified_gmt":"2026-04-27T09:16:46","slug":"cardio-mix-bio","status":"publish","type":"product","link":"https:\/\/fengchashop.com\/fi\/product\/cardio-mix-bio\/","title":{"rendered":"Cardio mix BIO 125 g"},"content":{"rendered":"<div class=\"wpb-content-wrapper\"><p>[vc_row][vc_column][vc_column_text css=&#8221;&#8221;]<\/p>\n<h2><span style=\"color: #000000\">Cardio mix BIO l\u00e4\u00e4kinn\u00e4llinen sienijauhe<\/span><\/h2>\n<p><span style=\"color: #000000\">Cardio mixi\u00e4 k\u00e4ytet\u00e4\u00e4n tukemaan <strong>syd\u00e4men toimintaa, verenkiertoa ja t\u00e4rkeimpi\u00e4 veriarvoja.<\/strong><\/span><\/p>\n<p><span style=\"color: #000000\">Itse asiassa se on seos, joka auttaa tai tarjoaa kaikki edellytykset, jotka on t\u00e4ytett\u00e4v\u00e4<strong> syd\u00e4nj\u00e4rjestelm\u00e4n ihanteellisen toiminnan<\/strong> kannalta.<\/span><\/p>\n<p><span style=\"color: #000000\">Seos koostuu viidest\u00e4 sienilajista, nimitt\u00e4in Lentinula edodes, Auricularia auricula, Ganoderma lucidum, Grifola frondosa ja Cordyceps. N\u00e4m\u00e4 sienet ovat useimpien maailmanlaajuisesti tehtyjen tutkimusten mukaan tehokkaimpia syd\u00e4n- ja verisuonitautien kehittymisen ehk\u00e4isemisess\u00e4.<\/span><\/p>\n<p><span style=\"color: #000000\">Cardio mix tarjoaa laajimman tasapainoisen vaikutusspektrin sen sis\u00e4lt\u00e4mien satojen erilaisten farmakologisten vaikuttavien aineiden ansiosta.<\/span><\/p>\n<p><span style=\"color: #000000\">T\u00e4m\u00e4 k\u00e4ytettyjen sienilajien laaja kirjo johtaa laaja-alaiseen vaikutukseen ja nopeutettuun ennaltaehk\u00e4isev\u00e4\u00e4n vaikutukseen yleist\u00e4 heikkoutta vastaan.<\/span><\/p>\n<p><span style=\"color: #000000\">Tuotteen k\u00e4ytt\u00f6 on varsin yksinkertaista eik\u00e4 vaadi valmistelua tai taitoa. Sienet jauhetaan hienoksi jauheeksi, joka ei sis\u00e4ll\u00e4 hiukkasia. Tuote on siis k\u00e4ytt\u00f6valmis. Annostele vain suoraan pakkauksesta suosikkijuomaasi, sekoita ja nauti.<\/span><\/p>\n<h2><span style=\"color: #000000\">Miksi k\u00e4ytt\u00e4\u00e4 Cardio Mixi\u00e4 ja mitk\u00e4 ovat sen vaikutukset?<\/span><\/h2>\n<p><span style=\"color: #000000\">Sekoituksen resepti on laadittu huolellisesti sekoituksen ja yleens\u00e4 l\u00e4\u00e4kinn\u00e4llisten sienten s\u00e4\u00e4nn\u00f6llisilt\u00e4 k\u00e4ytt\u00e4jilt\u00e4 saatujen havaintojen ja havaintojen perusteella. Lukuisien kansallisten ja kansainv\u00e4listen tutkimusten tulokset on otettu huomioon t\u00e4m\u00e4n erikoissekoituksen valmistuksessa. Ja vaikka l\u00e4\u00e4kinn\u00e4llisill\u00e4 sienill\u00e4 on hyvin monimutkaisia vaikutusmekanismeja, joita tiede ei ole viel\u00e4 pystynyt selitt\u00e4m\u00e4\u00e4n, tied\u00e4mme, ett\u00e4 niill\u00e4 on suotuisa vaikutus immuunij\u00e4rjestelm\u00e4\u00e4mme ja elimist\u00f6\u00f6mme. <\/span><\/p>\n<p><span style=\"color: #000000\">Cardio Mixin positiiviset vaikutukset, joilla on parantava vaikutus elimist\u00f6\u00f6mme, ovat seuraavat:<\/span><\/p>\n<p><span style=\"color: #000000\"> \ud83d\udc9a s\u00e4\u00e4telee<strong> verenpainetta,<\/strong><\/span><\/p>\n<p><span style=\"color: #000000\"> \ud83d\udc9a alentaa<strong> kolesterolitasoja,<\/strong><\/span><\/p>\n<p><span style=\"color: #000000\"> \ud83d\udc9a alentaa<strong> triglyseriditasoja,<\/strong><\/span><\/p>\n<p><span style=\"color: #000000\"><strong>\ud83d\udc9a ehk\u00e4isee sepelvaltimotautia<\/strong>,<\/span><\/p>\n<p><span style=\"color: #000000\"> \ud83d\udc9a alentaa verensokeria ja ehk\u00e4isee<strong> diabeteksen<\/strong> kehittymist\u00e4,<\/span><\/p>\n<p><span style=\"color: #000000\"> \ud83d\udc9a ehk\u00e4isee<strong> veritulppia<\/strong>,<\/span><\/p>\n<p><span style=\"color: #000000\"> \ud83d\udc9a edist\u00e4\u00e4 <strong>veren virtausta<\/strong>,<\/span><\/p>\n<p><span style=\"color: #000000\"> \ud83d\udc9a stimuloi<strong> immuunij\u00e4rjestelm\u00e4\u00e4<\/strong>,<\/span><\/p>\n<p><span style=\"color: #000000\"> \ud83d\udc9a toimii sy\u00f6p\u00e4soluja vastaan, <\/span><\/p>\n<p><span style=\"color: #000000\"> \ud83d\udc9a a<strong>nti-stressi,<\/strong><\/span><\/p>\n<p><span style=\"color: #000000\"> \ud83d\udc9a parantaa <strong>henkisi\u00e4 kykyj\u00e4,<\/strong><\/span><\/p>\n<p><span style=\"color: #000000\"> <strong> \ud83d\udc9a voimakkaana antioksidanttina se poistaa vapaita radikaaleja<\/strong> ja<strong> ehk\u00e4isee hapetusstressi\u00e4.<\/strong><\/span><\/p>\n<p><span style=\"color: #000000\">L\u00e4\u00e4kesieniemme tuotanto on tarkoin valvottua, ilman kemikaaleja tai torjunta-aineita ja <strong>100 % luomua<\/strong>. Kaikki sienet kasvatetaan Sloveniassa.<\/span><\/p>\n<h2><span style=\"color: #000000\">Kenelle Cardio Mix on tarkoitettu?<\/span><\/h2>\n<p><span style=\"color: #000000\">Cardio Mix on oikeastaan kaikille, jotka haluavat antaa<strong> syd\u00e4n- ja verisuonij\u00e4rjestelm\u00e4lleen<\/strong> parhaat<strong> edellytykset pitk\u00e4aikaiseen syd\u00e4n- ja verisuoniterveyteen.<\/strong> N\u00e4in ollen se vaikuttaa my\u00f6s yleiseen terveyteemme ja hyvinvointiimme sek\u00e4 vahvaan immuunij\u00e4rjestelm\u00e4\u00e4n. Se on my\u00f6s niille, jotka haluavat kokeilla l\u00e4\u00e4kinn\u00e4llisten sienten vaikutusta ja vahvistaa kehoaan luonnollisella tavalla. Se on my\u00f6s erinomainen luonnollinen ravintolis\u00e4, sill\u00e4 sienill\u00e4 on korkeat ravintoarvot &#8211; arvokkaat ravintoarvot, hivenaineet, vitamiinit, makromineraalit, kuitu, proteiini. L\u00e4\u00e4kinn\u00e4llisill\u00e4 sienill\u00e4 on rikas historia kiinalaisessa l\u00e4\u00e4ketieteess\u00e4 ja parantamisessa, ja ihminen k\u00e4\u00e4ntyy yh\u00e4 useammin takaisin luonnon puoleen terveyden hyv\u00e4ksi.<\/span><\/p>\n<p><span style=\"color: #000000\">Seoksen sis\u00e4lt\u00e4m\u00e4n Auricularia auricula -sienen vuoksi sit\u00e4 ei suositella nautittavaksi raskauden ja imetyksen aikana.<\/span><\/p>\n<h2><span style=\"color: #000000\">Pakkaus<\/span><\/h2>\n<p><span style=\"color: #000000\">L\u00e4p\u00e4isem\u00e4t\u00f6n vetoketjullinen pussi, jossa tuote s\u00e4ilytt\u00e4\u00e4 kaiken tuoreutensa ja arominsa. Pakkaus suojaa tuotetta valolta ja ilmalta, sill\u00e4 se koostuu useista suojakerroksista, jotka s\u00e4ilytt\u00e4v\u00e4t sis\u00e4ll\u00f6n ominaisuudet.<\/span><\/p>\n<p><span style=\"color: #000000\">Pakkaus on eritt\u00e4in k\u00e4yt\u00e4nn\u00f6llinen ja kierr\u00e4tett\u00e4v\u00e4.<\/span><\/p>\n<h2><span style=\"color: #000000\">Varastointi ja varoitukset<\/span><\/h2>\n<p><span style=\"color: #000000\">S\u00e4ilyt\u00e4 viile\u00e4ss\u00e4 ja kuivassa paikassa. S\u00e4ilyt\u00e4 ravintolis\u00e4 lasten ulottumattomissa!<\/span><\/p>\n<p><span style=\"color: #000000\">Muista monipuolisen ruokavalion ja terveellisten el\u00e4m\u00e4ntapojen merkitys, ravintolis\u00e4 ei siis korvaa tasapainoista ja monipuolista ruokavaliota. Suositeltua p\u00e4ivitt\u00e4ist\u00e4 m\u00e4\u00e4r\u00e4\u00e4 tai annosta ei saa ylitt\u00e4\u00e4. <\/span><\/p>\n<h2><span style=\"color: #000000\">On hyv\u00e4 tiet\u00e4\u00e4<\/span><\/h2>\n<p><span style=\"color: #000000\">Tuote sopii my\u00f6s el\u00e4imille. Useimmissa tapauksissa l\u00e4\u00e4kinn\u00e4lliset sienet osoittautuvat eritt\u00e4in tehokkaiksi immuunij\u00e4rjestelm\u00e4n vahvistamisessa, allergioiden ja ihosairauksien sek\u00e4 virus- ja bakteeri-infektioiden poistamisessa. Cardio mix vaikuttaa my\u00f6s syd\u00e4nj\u00e4rjestelm\u00e4n asianmukaiseen toimintaan. Kysy el\u00e4inl\u00e4\u00e4k\u00e4rilt\u00e4si ennen k\u00e4ytt\u00f6\u00e4, onko k\u00e4ytt\u00f6 suositeltavaa ja mik\u00e4 on suositeltu p\u00e4ivitt\u00e4inen m\u00e4\u00e4r\u00e4.<\/span><\/p>\n<h2><span style=\"color: #000000\">Alkuper\u00e4<\/span><\/h2>\n<p><span style=\"color: #000000\">Slovenia<\/span>[\/vc_column_text][\/vc_column][\/vc_row]<\/p>\n<\/div>","protected":false},"excerpt":{"rendered":"<p align=\"JUSTIFY\"><i>Cardio<\/i> mixi\u00e4 k\u00e4ytet\u00e4\u00e4n tukemaan <b>syd\u00e4men toimintaa<\/b>, <b>verenkiertoa <\/b>ja <b>t\u00e4rkeimpi\u00e4 veriarvoja<\/b>. Itse asiassa se on seos, joka auttaa tai tarjoaa kaikki edellytykset, jotka on t\u00e4ytett\u00e4v\u00e4 <b>syd\u00e4nj\u00e4rjestelm\u00e4n<\/b> ihanteellisen toiminnan kannalta.<\/p>\n<p>\ud83d\udc9a Vahvistaa immuunij\u00e4rjestelm\u00e4\u00e4.<br \/>\n\ud83d\udc9a S\u00e4\u00e4telee verenpainetta.<br \/>\n\ud83d\udc9a Alentaa kolesterolitasoja.<br \/>\n\ud83d\udc9a Alentaa triglyseriditasoja.<\/p>\n","protected":false},"featured_media":6071,"comment_status":"open","ping_status":"closed","template":"","meta":{"_acf_changed":false},"product_brand":[],"product_cat":[15,225,228,224],"product_tag":[],"class_list":{"0":"post-6070","1":"product","2":"type-product","3":"status-publish","4":"has-post-thumbnail","6":"product_cat-uncategorized","7":"product_cat-kaikki-tuotteet","8":"product_cat-laakinnalliset-sienet","9":"product_cat-tarjous","11":"first","12":"instock","13":"sale","14":"taxable","15":"shipping-taxable","16":"purchasable","17":"product-type-simple"},"acf":[],"_links":{"self":[{"href":"https:\/\/fengchashop.com\/fi\/wp-json\/wp\/v2\/product\/6070","targetHints":{"allow":["GET"]}}],"collection":[{"href":"https:\/\/fengchashop.com\/fi\/wp-json\/wp\/v2\/product"}],"about":[{"href":"https:\/\/fengchashop.com\/fi\/wp-json\/wp\/v2\/types\/product"}],"replies":[{"embeddable":true,"href":"https:\/\/fengchashop.com\/fi\/wp-json\/wp\/v2\/comments?post=6070"}],"wp:featuredmedia":[{"embeddable":true,"href":"https:\/\/fengchashop.com\/fi\/wp-json\/wp\/v2\/media\/6071"}],"wp:attachment":[{"href":"https:\/\/fengchashop.com\/fi\/wp-json\/wp\/v2\/media?parent=6070"}],"wp:term":[{"taxonomy":"product_brand","embeddable":true,"href":"https:\/\/fengchashop.com\/fi\/wp-json\/wp\/v2\/product_brand?post=6070"},{"taxonomy":"product_cat","embeddable":true,"href":"https:\/\/fengchashop.com\/fi\/wp-json\/wp\/v2\/product_cat?post=6070"},{"taxonomy":"product_tag","embeddable":true,"href":"https:\/\/fengchashop.com\/fi\/wp-json\/wp\/v2\/product_tag?post=6070"}],"curies":[{"name":"wp","href":"https:\/\/api.w.org\/{rel}","templated":true}]}}