{"id":6058,"date":"2022-03-10T08:38:09","date_gmt":"2022-03-10T07:38:09","guid":{"rendered":"https:\/\/fengchashop.com\/fi\/product\/brahmi-jauhe-bio-250-g\/"},"modified":"2026-04-29T11:43:24","modified_gmt":"2026-04-29T09:43:24","slug":"brahmi-jauhe-bio","status":"publish","type":"product","link":"https:\/\/fengchashop.com\/fi\/product\/brahmi-jauhe-bio\/","title":{"rendered":"Brahmi-jauhe BIO 250 g"},"content":{"rendered":"<div class=\"wpb-content-wrapper\"><p>[vc_row][vc_column][vc_column_text css=&#8221;&#8221;]<\/p>\n<h2><span style=\"color: #000000\">Mik\u00e4 on brahmi ja miss\u00e4 sit\u00e4 kasvaa?<\/span><\/h2>\n<p><span style=\"color: #000000\">Brahmi on yksi arvostetuimmista Ayurveda-l\u00e4\u00e4keyrteist\u00e4, jota on k\u00e4ytetty yli 3000 vuoden ajan. Brahmi on alkujaan per\u00e4isin Aasian suoalueilta, mutta nyky\u00e4\u00e4n sit\u00e4 kasvaa eri puolilla maapalloa. Brahmin voi tunnistaa sen mehevist\u00e4 vihreist\u00e4 lehdist\u00e4\u00e4n ja sinert\u00e4v\u00e4nvalkoisista kukistaan. Brahmia k\u00e4ytet\u00e4\u00e4n muun muassa tukemaan hermoston toimintaa sek\u00e4 edist\u00e4m\u00e4\u00e4n mielialaa ja kehitt\u00e4m\u00e4\u00e4n muistia. Kyseess\u00e4 on yrttil\u00e4\u00e4ke, joka valmistetaan kasvin lehdist\u00e4, varsista ja juurista. It\u00e4maisessa l\u00e4\u00e4ketieteess\u00e4 sit\u00e4 kutsutaan my\u00f6s &#8221;kaikkien aikojen yrtiksi&#8221;.<\/span><\/p>\n<h2><span style=\"color: #000000\">Miksi Brahmi on niin erityinen ja erilainen?<\/span><\/h2>\n<p><span style=\"color: #000000\">Brahmi tunnetaan sen my\u00f6nteisist\u00e4 terveysvaikutuksista. Se tarjoaa eritt\u00e4in suotuisan vaikutuksen muun muassa hiusten kasvulle, vahvistaen hiuksia ja ehk\u00e4isten niiden harmaantumista sek\u00e4 hiustenl\u00e4ht\u00f6\u00e4. Brahmi lievitt\u00e4\u00e4 lis\u00e4ksi ahdistusta ja j\u00e4nnityst\u00e4 stressitilanteissa sek\u00e4 ehk\u00e4isee masennusta alentamalla kortisolitasoja. Auttaa lis\u00e4ksi elimist\u00f6\u00e4 saavuttamaan tasapainon erilaisissa hermostosairauksissa, unettomuusongelmissa ja muissa ik\u00e4\u00e4ntymiseen liittyviss\u00e4 oireissa, koska se rauhoittaa ja vahvistaa hermokudosta, tehostaa t\u00e4m\u00e4n verenkiertoa, poistaa tukkeumia ja auttaa t\u00e4rkeiden ravintoaineiden kuljetuksessa. Lievitt\u00e4\u00e4 lis\u00e4ksi ihosairauksia ja ihon \u00e4rtyneisyytt\u00e4 sek\u00e4 tehostaa haavojen paranemista. Kaikkien n\u00e4iden lukuisten terveyshy\u00f6tyjen ansiosta Brahmi on ansainnut tittelin; &#8221;Nuoruuden Ihme-eliksiiri&#8221;.<\/span><\/p>\n<h2><span style=\"color: #000000\">Elimist\u00f6n kannalta my\u00f6nteiset terveysvaikutukset<\/span><\/h2>\n<p><span style=\"color: #000000\">\ud83d\udc9a Vahvistaa immuunij\u00e4rjestelm\u00e4\u00e4<\/span><br \/>\n<span style=\"color: #000000\">\ud83d\udc9a Tehostaa ruuansulatusta ja puhdistaa elimist\u00f6\u00e4<\/span><br \/>\n<span style=\"color: #000000\">\ud83d\udc9a Edist\u00e4\u00e4 aivotoimintaa<\/span><br \/>\n<span style=\"color: #000000\">\ud83d\udc9a Edist\u00e4\u00e4 tehokkaasti hermoston toimintaa<\/span><br \/>\n<span style=\"color: #000000\">\ud83d\udc9a Stimuloi aivoja ja kehitt\u00e4\u00e4 muistia sek\u00e4 keskittymiskyky\u00e4<\/span><br \/>\n<span style=\"color: #000000\">\ud83d\udc9a Tarjoaa apua vahnusi\u00e4n dementiaan<\/span><br \/>\n<span style=\"color: #000000\">\ud83d\udc9a Kehitt\u00e4\u00e4 pitk\u00e4- ja lyhytaikaista muistia<\/span><br \/>\n<span style=\"color: #000000\">\ud83d\udc9a Auttaa hoitamaan Parkinsonin ja Alzheimerin tautia sek\u00e4 ADHD:ta, autismia ja masennusta<\/span><br \/>\n<span style=\"color: #000000\">\ud83d\udc9a Tarjoaa kasvaimia ehk\u00e4isevi\u00e4 vaikutuksia<\/span><br \/>\n<span style=\"color: #000000\">\ud83d\udc9a Lievitt\u00e4\u00e4 ahdistusta ja rauhoittaa<\/span><br \/>\n<span style=\"color: #000000\">\ud83d\udc9a Lievitt\u00e4\u00e4 kuukautiskipuja<\/span><br \/>\n<span style=\"color: #000000\">\ud83d\udc9a Lievitt\u00e4\u00e4 stressin aiheuttamaa ummetusta<\/span><br \/>\n<span style=\"color: #000000\">\ud83d\udc9a Ehk\u00e4isee unettomuutta<\/span><br \/>\n<span style=\"color: #000000\">\ud83d\udc9a Virkist\u00e4\u00e4 ja hidastaa ik\u00e4\u00e4ntymist\u00e4<\/span><br \/>\n<span style=\"color: #000000\">\ud83d\udc9a Lievitt\u00e4\u00e4 ihosairauksia<\/span><br \/>\n<span style=\"color: #000000\">\ud83d\udc9a Auttaa sel\u00e4tt\u00e4m\u00e4\u00e4n muun muassa tupakka-, sokeri- ja alkoholiriippuvuuksia.<\/span><\/p>\n<p><span style=\"color: #000000\">Brahmia voivat k\u00e4ytt\u00e4\u00e4 lis\u00e4ksi kaikki, jotka ovat k\u00e4rsineet muun muassa aivovaurion tai ovat toipumassa aivohalvauksesta. Ei sovellu kuitenkaan lapsille!<\/span><\/p>\n<h2><span style=\"color: #000000\">S\u00e4ilytys ja varoitukset<\/span><\/h2>\n<p><span style=\"color: #000000\">S\u00e4ilyt\u00e4 kuivassa ja viile\u00e4ss\u00e4 paikassa. Ravintolis\u00e4n tulee olla poissa lasten ulottuvilta!<\/span><\/p>\n<p><span style=\"color: #000000\">\u00c4l\u00e4 unohda monipuolisen ruokavalion ja terveellisten el\u00e4m\u00e4ntapojen t\u00e4rkeytt\u00e4. T\u00e4m\u00e4 ravintolis\u00e4 ei korvaa tasapainoista ja monipuolista ruokavaliota. Suositeltua p\u00e4ivitt\u00e4isannosta ei saa ylitt\u00e4\u00e4. Raskaana olevien, imett\u00e4vien ja l\u00e4\u00e4kkeit\u00e4 k\u00e4ytt\u00e4vien tulee aina neuvotella l\u00e4\u00e4k\u00e4rins\u00e4 kanssa ennen t\u00e4m\u00e4n ravintolis\u00e4n k\u00e4ytt\u00f6\u00e4. Ei sovellu lapsille.<\/span><\/p>\n<h2><span style=\"color: #000000\">Pakkaus<\/span><\/h2>\n<p><span style=\"color: #000000\">Ilmatiivis vetoketjullinen pussi tai laatikko, jossa tuote s\u00e4ilytt\u00e4\u00e4 tuoreutensa ja arominsa. Pakkaus suojaa tuotetta valolta ja ilmalta. Pakkaus koostuu useista suojakerroksista, jotka suojaavat tuotetta.<\/span><\/p>\n<p><span style=\"color: #000000\">Pakkaus on k\u00e4yt\u00e4nn\u00f6llinen ja mahdollista kierr\u00e4tt\u00e4\u00e4.<\/span><\/p>\n<h2><span style=\"color: #000000\">Alkuper\u00e4<\/span><\/h2>\n<p><span style=\"color: #000000\">Intia<\/span>[\/vc_column_text][\/vc_column][\/vc_row]<\/p>\n<\/div>","protected":false},"excerpt":{"rendered":"<p>Brahmi on yksi arvostetuimmista Ayurveda-l\u00e4\u00e4keyrteist\u00e4, jota on k\u00e4ytetty yli 3000 vuoden ajan. Brahmi on alkujaan per\u00e4isin Aasian suoalueilta, mutta nyky\u00e4\u00e4n sit\u00e4 kasvaa eri puolilla maapalloa. Brahmin voi tunnistaa sen mehevist\u00e4 vihreist\u00e4 lehdist\u00e4\u00e4n ja sinert\u00e4v\u00e4nvalkoisista kukistaan. Brahmin lehdist\u00e4, varsista ja juurista valmistettu kasviper\u00e4inen ravintolis\u00e4 tarjoaa muun muassa seuraavia terveyshy\u00f6tyj\u00e4:<\/p>\n<p>\ud83d\udc9a Tehostaa ruuansulatusta ja puhdistaa elimist\u00f6\u00e4.<br \/>\n\ud83d\udc9a Edist\u00e4\u00e4 tehokkaasti aivotoimintaa.<br \/>\n\ud83d\udc9a Tukee hermoston toimintaa kokonaisvaltaisesti.<br \/>\n\ud83d\udc9a Stimuloi aivotoimintaa ja kehitt\u00e4\u00e4 muistia sek\u00e4 keskittymiskyky\u00e4.<br \/>\n\ud83d\udc9a Tukee hiusten kasvua.<\/p>\n","protected":false},"featured_media":6059,"comment_status":"open","ping_status":"closed","template":"","meta":{"_acf_changed":false},"product_brand":[],"product_cat":[15],"product_tag":[],"class_list":{"0":"post-6058","1":"product","2":"type-product","3":"status-publish","4":"has-post-thumbnail","6":"product_cat-uncategorized","8":"first","9":"instock","10":"sale","11":"taxable","12":"shipping-taxable","13":"purchasable","14":"product-type-simple"},"acf":[],"_links":{"self":[{"href":"https:\/\/fengchashop.com\/fi\/wp-json\/wp\/v2\/product\/6058","targetHints":{"allow":["GET"]}}],"collection":[{"href":"https:\/\/fengchashop.com\/fi\/wp-json\/wp\/v2\/product"}],"about":[{"href":"https:\/\/fengchashop.com\/fi\/wp-json\/wp\/v2\/types\/product"}],"replies":[{"embeddable":true,"href":"https:\/\/fengchashop.com\/fi\/wp-json\/wp\/v2\/comments?post=6058"}],"wp:featuredmedia":[{"embeddable":true,"href":"https:\/\/fengchashop.com\/fi\/wp-json\/wp\/v2\/media\/6059"}],"wp:attachment":[{"href":"https:\/\/fengchashop.com\/fi\/wp-json\/wp\/v2\/media?parent=6058"}],"wp:term":[{"taxonomy":"product_brand","embeddable":true,"href":"https:\/\/fengchashop.com\/fi\/wp-json\/wp\/v2\/product_brand?post=6058"},{"taxonomy":"product_cat","embeddable":true,"href":"https:\/\/fengchashop.com\/fi\/wp-json\/wp\/v2\/product_cat?post=6058"},{"taxonomy":"product_tag","embeddable":true,"href":"https:\/\/fengchashop.com\/fi\/wp-json\/wp\/v2\/product_tag?post=6058"}],"curies":[{"name":"wp","href":"https:\/\/api.w.org\/{rel}","templated":true}]}}