{"id":6052,"date":"2022-02-11T19:13:33","date_gmt":"2022-02-11T18:13:33","guid":{"rendered":"https:\/\/fengchashop.com\/fi\/product\/trametes-versicolor-coriolus-silkkivyokaapa-bio-eu-125-g\/"},"modified":"2026-04-26T20:15:18","modified_gmt":"2026-04-26T18:15:18","slug":"trametes-versicolor-coriolus-silkkivyokaapa-bio-eu","status":"publish","type":"product","link":"https:\/\/fengchashop.com\/fi\/product\/trametes-versicolor-coriolus-silkkivyokaapa-bio-eu\/","title":{"rendered":"Trametes versicolor (Coriolus) (silkkivy\u00f6k\u00e4\u00e4p\u00e4)  BIO EU 125 g"},"content":{"rendered":"<div class=\"wpb-content-wrapper\"><p>[vc_row][vc_column][vc_column_text css=&#8221;&#8221;]<\/p>\n<h2><span style=\"color: #000000\">Coriolus (silkkivy\u00f6k\u00e4\u00e4p\u00e4) <\/span><\/h2>\n<p><span style=\"color: #000000\">Coriolus eli <strong>silkkivy\u00f6k\u00e4\u00e4p\u00e4<\/strong> on tunnettu l\u00e4\u00e4kesieni, jota on k\u00e4ytetty perinteisess\u00e4 kiinalaisessa l\u00e4\u00e4ketieteess\u00e4 vuosisatojen ajan. Se on lakkak\u00e4\u00e4v\u00e4n, loisikkaan ja er\u00e4iden muiden sienten ohella yksi maamme <strong>tunnetuimmista l\u00e4\u00e4kinn\u00e4llisist\u00e4 sienist\u00e4<\/strong>. Sen farmakologisia vaikuttavia aineita on <strong>tutkittu lukuisissa kliinisiss\u00e4 tutkimuksissa<\/strong>. Silkkivy\u00f6k\u00e4\u00e4p\u00e4 on laajalle levinnyt ja yleinen puusieni, joka kasvaa lahoavissa puissa kaikkialla maailmassa.\u00a0<\/span><\/p>\n<p><span style=\"color: #000000\">L\u00e4\u00e4kinn\u00e4llisen silkkivy\u00f6k\u00e4\u00e4v\u00e4n tuotanto on tiukasti valvottua eik\u00e4 sen kasvatuksessa k\u00e4ytet\u00e4 kemikaaleja tai torjunta-aineita, vaan se on<strong> 100-prosenttisesti luonnonmukainen<\/strong>. Sloveniassa ja Yhdysvalloissa sijaitsevat riippumattomat laboratoriot valvovat s\u00e4\u00e4nn\u00f6llisesti sienien laatua.<\/span><\/p>\n<p><span style=\"color: #000000\">Coriolus koostuu useista polysakkarideista, vitamiineista, mineraalisuoloista ja antioksidanteista. Se sis\u00e4lt\u00e4\u00e4 my\u00f6s monenlaisia fenolisia ja flavonoidisia antioksidantteja, joilla uskotaan olevan monia hy\u00f6tyj\u00e4 elimist\u00f6lle. Kahta t\u00e4rke\u00e4\u00e4 <strong>polysakkaridi-proteiinikompleksia<\/strong> \u2013 <strong>PSK:ta<\/strong> (krestiini tai polysakkaridi-K) ja sit\u00e4 muodostavaa <strong>PSP:t\u00e4<\/strong> (polysakkaridipeptidi) \u2013 jotka muodostavat sen, ovat edelleen paljon tutkimusta.<\/span><\/p>\n<h2><span style=\"color: #000000\">Pakkaus<\/span><\/h2>\n<p><span style=\"color: #000000\">L\u00e4p\u00e4isem\u00e4t\u00f6n, suljettava pussi, jossa tuote s\u00e4ilytt\u00e4\u00e4 kaiken tuoreutensa ja arominsa. Pakkaus suojaa valolta ja ilmalta, sill\u00e4 se koostuu useista suojakerroksista, jotka s\u00e4ilytt\u00e4v\u00e4t sis\u00e4ll\u00f6n ominaisuudet.<\/span><\/p>\n<p><span style=\"color: #000000\">Pakkaus on eritt\u00e4in k\u00e4yt\u00e4nn\u00f6llinen ja kierr\u00e4tett\u00e4v\u00e4.<\/span><\/p>\n<h2><span style=\"color: #000000\">Alkuper\u00e4<\/span><\/h2>\n<p><span style=\"color: #000000\">EU<\/span>[\/vc_column_text][\/vc_column][\/vc_row]<\/p>\n<\/div>","protected":false},"excerpt":{"rendered":"<p align=\"JUSTIFY\">Coriolus eli silkkivy\u00f6k\u00e4\u00e4p\u00e4 on tunnettu l\u00e4\u00e4kesieni, jota on k\u00e4ytetty perinteisess\u00e4 kiinalaisessa l\u00e4\u00e4ketieteess\u00e4 vuosisatojen ajan. Se on lakkak\u00e4\u00e4v\u00e4n, loisikkaan ja er\u00e4iden muiden sienten ohella yksi maamme tunnetuimmista l\u00e4\u00e4kinn\u00e4llisist\u00e4 sienist\u00e4. Sen farmakologisia vaikuttavia aineita on tutkittu lukuisissa kliinisiss\u00e4 tutkimuksissa.<\/p>\n<p>\ud83d\udc9a Korkealuokkainen.<br \/>\n\ud83d\udc9a Luonnollinen tuote.<br \/>\n\ud83d\udc9a Eritt\u00e4in tehokas.<br \/>\n\ud83d\udc9a Suuri hinta.<\/p>\n","protected":false},"featured_media":6053,"comment_status":"open","ping_status":"closed","template":"","meta":{"_acf_changed":false},"product_brand":[],"product_cat":[15,225,228,226,224],"product_tag":[],"class_list":{"0":"post-6052","1":"product","2":"type-product","3":"status-publish","4":"has-post-thumbnail","6":"product_cat-uncategorized","7":"product_cat-kaikki-tuotteet","8":"product_cat-laakinnalliset-sienet","9":"product_cat-myydyimmat","10":"product_cat-tarjous","12":"first","13":"instock","14":"taxable","15":"shipping-taxable","16":"purchasable","17":"product-type-simple"},"acf":[],"_links":{"self":[{"href":"https:\/\/fengchashop.com\/fi\/wp-json\/wp\/v2\/product\/6052","targetHints":{"allow":["GET"]}}],"collection":[{"href":"https:\/\/fengchashop.com\/fi\/wp-json\/wp\/v2\/product"}],"about":[{"href":"https:\/\/fengchashop.com\/fi\/wp-json\/wp\/v2\/types\/product"}],"replies":[{"embeddable":true,"href":"https:\/\/fengchashop.com\/fi\/wp-json\/wp\/v2\/comments?post=6052"}],"wp:featuredmedia":[{"embeddable":true,"href":"https:\/\/fengchashop.com\/fi\/wp-json\/wp\/v2\/media\/6053"}],"wp:attachment":[{"href":"https:\/\/fengchashop.com\/fi\/wp-json\/wp\/v2\/media?parent=6052"}],"wp:term":[{"taxonomy":"product_brand","embeddable":true,"href":"https:\/\/fengchashop.com\/fi\/wp-json\/wp\/v2\/product_brand?post=6052"},{"taxonomy":"product_cat","embeddable":true,"href":"https:\/\/fengchashop.com\/fi\/wp-json\/wp\/v2\/product_cat?post=6052"},{"taxonomy":"product_tag","embeddable":true,"href":"https:\/\/fengchashop.com\/fi\/wp-json\/wp\/v2\/product_tag?post=6052"}],"curies":[{"name":"wp","href":"https:\/\/api.w.org\/{rel}","templated":true}]}}