{"id":6051,"date":"2022-02-11T18:42:21","date_gmt":"2022-02-11T17:42:21","guid":{"rendered":"https:\/\/fengchashop.com\/fi\/product\/hericium-erinaceus-siiliorakas-bio-125-g\/"},"modified":"2026-04-28T14:37:05","modified_gmt":"2026-04-28T12:37:05","slug":"hericium-erinaceus-siiliorakas-bio","status":"publish","type":"product","link":"https:\/\/fengchashop.com\/fi\/product\/hericium-erinaceus-siiliorakas-bio\/","title":{"rendered":"Hericium erinaceus (siiliorakas) BIO EU Alkuper\u00e4 125 g"},"content":{"rendered":"<h2><span style=\"color: #000000\">Hericium erinaceus (siiliorakas)<\/span><\/h2>\n<p><span style=\"color: #000000\"><strong>Hericium erinaceus<\/strong> eli <strong>siiliorakas<\/strong> on eritt\u00e4in maukas ja arvostettu sy\u00f6t\u00e4v\u00e4 ja l\u00e4\u00e4kinn\u00e4llinen sieni. Se kasvaa kaatuneiden puiden rungoissa p\u00e4\u00e4asiassa pohjoisella pallonpuoliskolla (Euroopassa, It\u00e4-Aasiassa ja Pohjois-Amerikassa). Se on muodoltaan ja koostumukseltaan erityinen, muistuttaen partaa tai leijonan harjaa. Perinteisess\u00e4 l\u00e4\u00e4ketieteess\u00e4 sit\u00e4 arvostetaan suuresti sen vaikutuksen vuoksi, ja sit\u00e4 kutsutaan &#8221;<strong>luonnon tarjoamaksi hermosolujen ravinnoksi<\/strong>&#8221;. Siksi se sopii my\u00f6s heikentyneelle hermostolle. Sienen s\u00e4\u00e4nn\u00f6llinen nauttiminen vaikuttaa suotuisasti hermostoon, auttaen ehk\u00e4isem\u00e4\u00e4n ja hoitamaan dementiaa ja MS-tautia. Sen my\u00f6nteiset ominaisuudet n\u00e4kyv\u00e4t my\u00f6s sen vaikutuksessa kahteen yh\u00e4 yleisemp\u00e4\u00e4n nykyajan sairauteen, masennukseen ja ahdistuneisuuteen. <\/span><\/p>\n<p><span style=\"color: #000000\">Siiliorakkaalla on <strong>pitk\u00e4t perinteet<\/strong> perinteisess\u00e4 kiinalaisessa l\u00e4\u00e4ketieteess\u00e4, ja se on eritt\u00e4in <strong>arvostettu sieni<\/strong>.<\/span><\/p>\n<p><span style=\"color: #000000\">Hericium erinaceus sis\u00e4lt\u00e4\u00e4 jauheena monia ravintoaineita. T\u00e4ss\u00e4 muodossa kehomme voi hy\u00f6dynt\u00e4\u00e4 niit\u00e4. Sen positiiviset vaikutukset on <strong>tieteellisesti todistettuja<\/strong>. <\/span><\/p>\n<p><span style=\"color: #000000\">Siiliorakkaan tuotanto on tiukasti valvottua eik\u00e4 sen kasvatuksessa k\u00e4ytet\u00e4 kemikaaleja tai torjunta-aineita, vaan se on <strong>100-prosenttisesti luonnonmukainen<\/strong>. Sloveniassa ja Yhdysvalloissa sijaitsevat riippumattomat laboratoriot valvovat s\u00e4\u00e4nn\u00f6llisesti sienien laatua.<\/span><\/p>\n<p><span style=\"color: #000000\">Sienen moniin my\u00f6nteisiin vaikutuksiin lukeutuu muun muassa:<\/span><\/p>\n<p><span style=\"color: #000000\"> \ud83d\udc9a antioksidanttisuus,<\/span><\/p>\n<p><span style=\"color: #000000\"> \ud83d\udc9a apua masennukseen ja ahdistukseen<\/span><\/p>\n<p><span style=\"color: #000000\"> \ud83d\udc9a unen parantaminen,<\/span><\/p>\n<p><span style=\"color: #000000\"> \ud83d\udc9a muistin toiminnan parantaminen,<\/span><\/p>\n<p><span style=\"color: #000000\"> \ud83d\udc9a immuunij\u00e4rjestelm\u00e4n stimulointi,<\/span><\/p>\n<p><span style=\"color: #000000\"> \ud83d\udc9a my\u00f6nteinen vaikutus koko hermostoon ja sen uudistumisen edist\u00e4minen,<\/span><\/p>\n<p><span style=\"color: #000000\"> \ud83d\udc9a apua ja ehk\u00e4isev\u00e4 vaikutus syd\u00e4n- ja verisuonitauteihin,<\/span><\/p>\n<p><span style=\"color: #000000\"> \ud83d\udc9a antibakteerisuus.<\/span><\/p>\n<h2><span style=\"color: #000000\">Mit\u00e4 se sis\u00e4lt\u00e4\u00e4 ja kenelle se on tarkoitettu?<\/span><\/h2>\n<p><span style=\"color: #000000\">Hericum erinaceusin aktiivisiin ainesosiin kuuluu sienille tyypillisi\u00e4 <strong>beetaglukaaneja<\/strong>. Niin sanottu HEP3 on yksi farmakologisesti kiinnostavimmista 1-3D-beetaglukaaneista. Sieniss\u00e4 on my\u00f6s <strong>polysakkarideja<\/strong> ja <strong>polypeptidej\u00e4, fytosteroleja<\/strong>, kuten beetasitosterolia ja ergosterolia, v\u00e4ltt\u00e4m\u00e4tt\u00f6mi\u00e4 kivenn\u00e4isaineita ja <strong>hivenaineita<\/strong> (Zn, Fe, Se, Ge jne.), <strong>niasiinia, biotiinia<\/strong> ja <strong>D-vitamiinia<\/strong>.<\/span><\/p>\n<p><span style=\"color: #000000\">Laadukkaan aminohappokoostumuksensa ansiosta siiliorakkaalla on <strong>korkein biologinen arvo<\/strong> verrattuna muihin sy\u00f6t\u00e4viin sieniin (valkoiset sienet, osteri- ja shiitake-sienet), ja siksi se on <strong>hyv\u00e4 lihan korvike<\/strong> kasvisruokavaliossa.<\/span><\/p>\n<p><span style=\"color: #000000\">Kaikkia sieniss\u00e4 ainesosia on suuria m\u00e4\u00e4ri\u00e4 ja niill\u00e4 on eritt\u00e4in my\u00f6nteinen vaikutus elimist\u00f6\u00f6n. Siiliorakkaan k\u00e4ytt\u00f6\u00e4 suositellaan erityisesti niille, jotka tarvitsevat tukea hermostolleen ja aivotoiminnalleen. Tieteellisten tutkimustulosten mukaan se on my\u00f6s erinomainen masennus- ja ahdistusoireiden hoidossa. Sit\u00e4 k\u00e4ytet\u00e4\u00e4n usein my\u00f6s immuunij\u00e4rjestelm\u00e4n vahvistamiseen. <\/span><\/p>\n<p><span style=\"color: #000000\">Eritt\u00e4in t\u00e4rke\u00e4\u00e4 on huomioida, ett\u00e4 Hericium erinaceus on <strong>100-prosenttisen luonnollinen tuote<\/strong>, joka auttaa siten t\u00e4ysin luonnollisella tavalla. Se parantaa vaivojen oireita ja vaikuttaa my\u00f6nteisesti yleiseen hyvinvointiin.<\/span><\/p>\n<h2><span style=\"color: #000000\">Miksi sieni\u00e4?<\/span><\/h2>\n<p><span style=\"color: #000000\">Sienet ovat hyvin mielenkiintoisia. Ne eiv\u00e4t ole kasveja eiv\u00e4tk\u00e4 el\u00e4imi\u00e4, vaan ne ovat aivan <strong>h\u00e4mm\u00e4stytt\u00e4vi\u00e4 organismeja<\/strong>, jotka ovat onnistuneet selviytym\u00e4\u00e4n l\u00e4hes maailman alusta l\u00e4htien. Ne kehittiv\u00e4t erityisen selviytymisstrategian, joka on pit\u00e4nyt ne elossa t\u00e4h\u00e4n p\u00e4iv\u00e4\u00e4n asti. Ihmisetkin voivat hy\u00f6ty\u00e4 n\u00e4ist\u00e4 eduista sy\u00f6m\u00e4ll\u00e4 l\u00e4\u00e4kinn\u00e4llisi\u00e4 sieni\u00e4. Ne tasapainottavat meit\u00e4 fyysisell\u00e4 tasolla ja suojaavat monilta sairauksilta. Ne voivat olla <strong>ennaltaehk\u00e4isevi\u00e4<\/strong>, mutta niill\u00e4 voi olla my\u00f6s <strong>tukeva ja parantava rooli<\/strong> monien (nykyaikaisten) sairauksien tavanomaisten tai vaihtoehtoisten hoitojen rinnalla. Perinteisesti sienill\u00e4 on katsottu olevan vaikutuksia sy\u00f6p\u00e4\u00e4n, autoimmuunisairauksiin ja allergioihin. Ne edist\u00e4v\u00e4t my\u00f6s tervett\u00e4 ja vahvaa immuunivastetta. Viime vuosikymmenin\u00e4 sienet ovat her\u00e4tt\u00e4neet kiinnostusta l\u00e4nsimaissakin ja niist\u00e4 tehdyt l\u00e4\u00e4ketieteelliset tutkimukset ovat vahvistaneet monet niiden terapeuttisista vaikutuksista.<\/span><\/p>\n<p><span style=\"color: #000000\">Koska tietyt luonnolliset aktiiviset ainesosat ovat sulamattomia tai vaikeasti sulavia, on eritt\u00e4in t\u00e4rke\u00e4\u00e4 k\u00e4ytt\u00e4\u00e4 vain parhaita sienijauheita. Sienet on kasvatettava, kuivattava ja valmistettava asianmukaisesti. Ne on jauhettava hienoksi jauheeksi, jossa ei ole kokkareita. Jauheen v\u00e4ri on vaalea, mutta se vaihtelee my\u00f6s k\u00e4ytetyst\u00e4 sienest\u00e4 riippuen. Sienet ovat tehokkaita imem\u00e4\u00e4n ymp\u00e4rist\u00f6st\u00e4\u00e4n kaikkea hyv\u00e4\u00e4 sek\u00e4 pahaa, jonka vuoksi on t\u00e4rke\u00e4\u00e4 k\u00e4ytt\u00e4\u00e4<strong> luonnonmukaisia sieni\u00e4<\/strong>.<\/span><\/p>\n<h2><span style=\"color: #000000\">Pakkaus<\/span><\/h2>\n<p><span style=\"color: #000000\">L\u00e4p\u00e4isem\u00e4t\u00f6n, suljettava pussi, jossa tuote s\u00e4ilytt\u00e4\u00e4 kaiken tuoreutensa ja arominsa. Pakkaus suojaa valolta ja ilmalta, sill\u00e4 se koostuu useista suojakerroksista, jotka s\u00e4ilytt\u00e4v\u00e4t sis\u00e4ll\u00f6n ominaisuudet.<\/span><\/p>\n<p><span style=\"color: #000000\">Pakkaus on eritt\u00e4in k\u00e4yt\u00e4nn\u00f6llinen ja kierr\u00e4tett\u00e4v\u00e4.<\/span><\/p>\n<h2><span style=\"color: #000000\">S\u00e4ilytys ja varoitukset<\/span><\/h2>\n<p><span style=\"color: #000000\">S\u00e4ilyt\u00e4 viile\u00e4ss\u00e4, kuivassa paikassa. Pid\u00e4 ravintolis\u00e4 poissa lasten ulottuvilta!<\/span><\/p>\n<p><span style=\"color: #000000\">Muista monipuolisen ruokavalion ja terveellisten el\u00e4m\u00e4ntapojen merkitys, sill\u00e4 ravintolis\u00e4 ei korvaa tasapainoista ja monipuolista ruokavaliota. Suositeltua p\u00e4iv\u00e4annosta ei saa ylitt\u00e4\u00e4. Raskaana olevien ja imett\u00e4vien naisten on aina keskusteltava l\u00e4\u00e4k\u00e4rin kanssa ennen k\u00e4ytt\u00f6\u00e4.<\/span><\/p>\n<h2><span style=\"color: #000000\">Hyv\u00e4 tiet\u00e4\u00e4<\/span><\/h2>\n<p><span style=\"color: #000000\">Tuote sopii my\u00f6s el\u00e4imille. Useimmissa tapauksissa l\u00e4\u00e4kinn\u00e4lliset sienet osoittautuvat eritt\u00e4in tehokkaiksi immuunij\u00e4rjestelm\u00e4n vahvistamisessa, allergioiden ja ihosairauksien sek\u00e4 virus- ja bakteeri-infektioiden hoidossa. Ota yhteytt\u00e4 el\u00e4inl\u00e4\u00e4k\u00e4riin ennen k\u00e4ytt\u00f6\u00e4, jotta voit m\u00e4\u00e4ritt\u00e4\u00e4 ravintolis\u00e4n sopivuuden ja suositellun p\u00e4ivitt\u00e4isen m\u00e4\u00e4r\u00e4n.<\/span><\/p>\n<h2><span style=\"color: #000000\">Alkuper\u00e4<\/span><\/h2>\n<p><span style=\"color: #000000\">EU<\/span><\/p>\n","protected":false},"excerpt":{"rendered":"<p align=\"JUSTIFY\"><strong>Hericium erinaceus<\/strong> on eritt\u00e4in maukas ja arvostettu sy\u00f6t\u00e4v\u00e4 ja l\u00e4\u00e4kinn\u00e4llinen sieni. Perinteisess\u00e4 l\u00e4\u00e4ketieteess\u00e4 sit\u00e4 arvostetaan suuresti sen vaikutuksen vuoksi, ja sit\u00e4 kutsutaan &#8221;<strong>luonnon hermosolujen ruoaksi<\/strong>&#8221;. Siksi se sopii my\u00f6s heikentyneelle hermostolle.<\/p>\n<p>\ud83d\udc9a Sill\u00e4 on antioksidanttisia ominaisuuksia.<br \/>\n\ud83d\udc9a Auttaa masennukseen ja ahdistukseen.<br \/>\n\ud83d\udc9a Parantaa muistin toimintaa.<br \/>\n\ud83d\udc9a Stimuloi immuunij\u00e4rjestelm\u00e4\u00e4.<br \/>\n\ud83d\udc9a Sill\u00e4 on suotuisa vaikutus koko hermostoon.<\/p>\n","protected":false},"featured_media":5945,"comment_status":"open","ping_status":"closed","template":"","meta":{"_acf_changed":false},"product_brand":[],"product_cat":[15,225,228,226,224],"product_tag":[],"class_list":{"0":"post-6051","1":"product","2":"type-product","3":"status-publish","4":"has-post-thumbnail","6":"product_cat-uncategorized","7":"product_cat-kaikki-tuotteet","8":"product_cat-laakinnalliset-sienet","9":"product_cat-myydyimmat","10":"product_cat-tarjous","12":"first","13":"instock","14":"sale","15":"taxable","16":"shipping-taxable","17":"purchasable","18":"product-type-simple"},"acf":[],"_links":{"self":[{"href":"https:\/\/fengchashop.com\/fi\/wp-json\/wp\/v2\/product\/6051","targetHints":{"allow":["GET"]}}],"collection":[{"href":"https:\/\/fengchashop.com\/fi\/wp-json\/wp\/v2\/product"}],"about":[{"href":"https:\/\/fengchashop.com\/fi\/wp-json\/wp\/v2\/types\/product"}],"replies":[{"embeddable":true,"href":"https:\/\/fengchashop.com\/fi\/wp-json\/wp\/v2\/comments?post=6051"}],"wp:featuredmedia":[{"embeddable":true,"href":"https:\/\/fengchashop.com\/fi\/wp-json\/wp\/v2\/media\/5945"}],"wp:attachment":[{"href":"https:\/\/fengchashop.com\/fi\/wp-json\/wp\/v2\/media?parent=6051"}],"wp:term":[{"taxonomy":"product_brand","embeddable":true,"href":"https:\/\/fengchashop.com\/fi\/wp-json\/wp\/v2\/product_brand?post=6051"},{"taxonomy":"product_cat","embeddable":true,"href":"https:\/\/fengchashop.com\/fi\/wp-json\/wp\/v2\/product_cat?post=6051"},{"taxonomy":"product_tag","embeddable":true,"href":"https:\/\/fengchashop.com\/fi\/wp-json\/wp\/v2\/product_tag?post=6051"}],"curies":[{"name":"wp","href":"https:\/\/api.w.org\/{rel}","templated":true}]}}