{"id":5866,"date":"2022-02-11T18:26:27","date_gmt":"2022-02-11T17:26:27","guid":{"rendered":"https:\/\/fengchashop.com\/fi\/product\/cordyceps-loisikka-bio-125-g\/"},"modified":"2026-04-14T19:29:34","modified_gmt":"2026-04-14T17:29:34","slug":"cordyceps-loisikka-bio-eu-alkupera","status":"publish","type":"product","link":"https:\/\/fengchashop.com\/fi\/product\/cordyceps-loisikka-bio-eu-alkupera\/","title":{"rendered":"Cordyceps (loisikka) BIO EU Alkuper\u00e4 125 g"},"content":{"rendered":"<h2><span style=\"color: #000000\">Cordyceps (loisikka)<\/span><\/h2>\n<p><span style=\"color: #000000\">Cordyceps-sieni on <strong>tunnettu perinteisess\u00e4 l\u00e4\u00e4ketieteess\u00e4 jo tuhansia vuosia<\/strong> ja sit\u00e4 on k\u00e4ytetty l\u00e4\u00e4kinn\u00e4llisiin tarkoituksiin v\u00e4hint\u00e4\u00e4n yht\u00e4 kauan sen my\u00f6nteisten vaikutusten ansiosta. Sieni kasvaa spontaanisti korkeilla vuoristoalueilla ja sit\u00e4 k\u00e4ytet\u00e4\u00e4n ravintolis\u00e4n\u00e4, joka tunnetaan sen <strong>kyvyst\u00e4 elvytt\u00e4\u00e4 kehoa<\/strong> ja <strong>vahvistaa immuunij\u00e4rjestelm\u00e4\u00e4<\/strong>. Kaukoid\u00e4ss\u00e4 sit\u00e4 ker\u00e4t\u00e4\u00e4n sen luonnollisesta elinymp\u00e4rist\u00f6st\u00e4, jonne on hyvin vaikea p\u00e4\u00e4st\u00e4. Sen pieni koko (yksi kuiva sieni painaa noin 0,3 grammaa), vain 14 vuorokautta kest\u00e4v\u00e4 vuodessa kest\u00e4v\u00e4 kasvu, sen sis\u00e4lt\u00e4m\u00e4t vaikuttavat aineet ja yleinen hy\u00f6dyllisyys perinteisess\u00e4 l\u00e4\u00e4ketieteess\u00e4 nostavat sen hinnan jopa 50 000 euroon kilolta. Viime aikoihin asti se olikin varattu vain Kiinan keisareiden ja hallitsijoiden k\u00e4ytt\u00f6\u00f6n.<\/span><\/p>\n<p><span style=\"color: #000000\">Cordycepsia <strong>pidet\u00e4\u00e4n vuosituhannen t\u00e4ydellisimp\u00e4n\u00e4 ravitsemuksellisena l\u00f6yt\u00f6n\u00e4<\/strong>. Se elvytt\u00e4\u00e4 energiaa ja immuunij\u00e4rjestelm\u00e4\u00e4 ja ehk\u00e4isee (rappeuttavia) sairauksia. Sit\u00e4 kutsutaan joskus superoksidantiksi ja se lis\u00e4\u00e4 hapen m\u00e4\u00e4r\u00e4\u00e4 veress\u00e4, korjaa elimist\u00f6\u00e4 ja ehk\u00e4isee happamuutta.<\/span><\/p>\n<p><span style=\"color: #000000\">T\u00e4m\u00e4n sienen tuottaminen on hyvin vaikeaa, erityisesti Euroopassa. Olemme kuitenkin ylpeit\u00e4 saavutuksestamme onnistua siin\u00e4. Cordyceps-sienemme kasvatetaan Sloveniassa suljetuissa ja valvotuissa tiloissa ilman kemikaalien k\u00e4ytt\u00f6\u00e4. <strong>Ne ovat er\u00e4it\u00e4 nykymarkkinoiden korkealaatuisimmista<\/strong>.<\/span><\/p>\n<p><span style=\"color: #000000\">Cordyceps on loissieni, joka kasvaa luonnossa loisena hy\u00f6nteisiss\u00e4, useimmiten toukissa, josta sen englanninkielinen nimi Caterpillar Fungus on per\u00e4isin. Viljeltyj\u00e4 sieni\u00e4mme ei kasvateta el\u00e4imill\u00e4, joten ne sopivat my\u00f6s kasvissy\u00f6jille ja vegaaneille.<\/span><\/p>\n<p><span style=\"color: #000000\">Loisikan tuotanto on tiukasti valvottua eik\u00e4 sen kasvatuksessa k\u00e4ytet\u00e4 kemikaaleja tai torjunta-aineita, vaan se on<strong> 100-prosenttisesti luonnonmukainen<\/strong>. Sloveniassa ja Yhdysvalloissa sijaitsevat riippumattomat laboratoriot valvovat s\u00e4\u00e4nn\u00f6llisesti sienien laatua.<\/span><\/p>\n<h2><span style=\"color: #000000\">Mit\u00e4 se sis\u00e4lt\u00e4\u00e4 ja kenelle se on tarkoitettu?<\/span><\/h2>\n<p><span style=\"color: #000000\">Loisikka koostuu monimutkaisista lipideist\u00e4, proteiineista, oligoelementeist\u00e4, polysakkarideista ja vitamiineista. Kaikkia sieniss\u00e4 ainesosia on suuria m\u00e4\u00e4ri\u00e4 ja niill\u00e4 on eritt\u00e4in my\u00f6nteinen vaikutus elimist\u00f6\u00f6n. Se sis\u00e4lt\u00e4\u00e4 beetakaroteenia sek\u00e4 E- ja C-<strong>vitamiineja<\/strong>. Se sis\u00e4lt\u00e4\u00e4 my\u00f6s <strong>kivenn\u00e4isaineita<\/strong>, kuten sinkki\u00e4 ja seleeni\u00e4, sek\u00e4 77 <strong>mikro- ja makroravintoainetta<\/strong> ja <strong>ainutlaatuisia aineita<\/strong>, kuten cordycepiini\u00e4 (adenosiinia), cordycepiinihappoa (D-mannitolia) ja immunomoduloivaa polysakkaridia (beeta-D-glukaania).<\/span><\/p>\n<p><span style=\"color: #000000\">Cordyceps-jauhe sis\u00e4lt\u00e4\u00e4 monia ravintoaineita, joiden hy\u00f6dylliset vaikutukset on tieteellisesti todistettu. Eri maissa tehdyiss\u00e4 tutkimuksissa on havaittu monia Cordycepsin s\u00e4\u00e4nn\u00f6llisen k\u00e4yt\u00f6n my\u00f6nteisi\u00e4 vaikutuksia. Cordycepsin parantavat vaikutukset, jotka ovat perinteisen l\u00e4\u00e4ketieteen tunnustamia ja my\u00f6s nykyaikaisin tutkimuksin hy\u00f6dylliseksi todistettuja, ovat seuraavat:<\/span><\/p>\n<p><span style=\"color: #000000\"> \ud83d\udc9a stimuloi <strong>immuunij\u00e4rjestelm\u00e4\u00e4<\/strong>,<\/span><\/p>\n<p><span style=\"color: #000000\"> \ud83d\udc9a parantaa <strong>fyysist\u00e4 kuntoa<\/strong>,<\/span><\/p>\n<p><span style=\"color: #000000\"> \ud83d\udc9a lis\u00e4\u00e4 <strong>kehon energiaa<\/strong>,<\/span><\/p>\n<p><span style=\"color: #000000\"> \ud83d\udc9a ehk\u00e4isee <strong>stressi\u00e4<\/strong>,<\/span><\/p>\n<p><span style=\"color: #000000\"> \ud83d\udc9a lis\u00e4\u00e4 <strong>seksuaalista aktiivisuutta<\/strong>,<\/span><\/p>\n<p><span style=\"color: #000000\"> \ud83d\udc9a auttaa korkeaan <strong>HDL-kolesteroliin, ylipainoon ja diabetekseen<\/strong>,<\/span><\/p>\n<p><span style=\"color: #000000\"> \ud83d\udc9a pit\u00e4\u00e4 <strong>syd\u00e4men<\/strong> ja <strong>verisuoniston terveen\u00e4<\/strong>.<\/span><\/p>\n<p><span style=\"color: #000000\">Cordycepsia suositellaan erityisesti <strong>urheilijoille<\/strong> ja muille aktiivisille ihmisille pitkittyneen fyysisen rasituksen j\u00e4lkeen sek\u00e4 niille, jotka kaipaavat lis\u00e4\u00e4 aktiivisuutta p\u00e4ivitt\u00e4iseen rutiiniinsa. Sit\u00e4 suositellaan my\u00f6s <strong>lis\u00e4\u00e4ntyneeseen v\u00e4symykseen , energian puutteeseen<\/strong> ja <strong>stressiin<\/strong>. Se lis\u00e4ksi <strong>lis\u00e4\u00e4 seksuaalista voimaa ja vahvistaa kehoa ja mielt\u00e4<\/strong>. Se auttaa meit\u00e4 selviytym\u00e4\u00e4n <strong>stressist\u00e4<\/strong>, joka johtuu useimmiten arkiel\u00e4m\u00e4n haasteista. Sit\u00e4 suositellaan usein my\u00f6s <strong>diabeetikoille, sy\u00f6p\u00e4potilaille<\/strong> ja henkil\u00f6ille, joilla on <strong>syd\u00e4n- ja verisuonitauteja<\/strong>, kuten syd\u00e4men vajaatoimintaa tai rytmih\u00e4iri\u00f6it\u00e4. Cordyceps on my\u00f6s hy\u00f6dyllinen hengitysteille ja se hoitaa hengityselinsairauksia kuten astmaa. Sen antiviraaliset ominaisuudet vaikuttavat virusinfektioihin, kuten influenssaan.<\/span><\/p>\n<p><span style=\"color: #000000\">Eritt\u00e4in t\u00e4rke\u00e4\u00e4 on huomioida, ett\u00e4 Cordyceps on 100-prosenttisen luonnollinen tuote, joka auttaa siten t\u00e4ysin luonnollisella tavalla. Se parantaa vaivojen oireita ja vaikuttaa my\u00f6nteisesti yleiseen hyvinvointiin.<\/span><\/p>\n<h2><span style=\"color: #000000\">Miksi sieni\u00e4?<\/span><\/h2>\n<p><span style=\"color: #000000\">Sienet ovat hyvin mielenkiintoisia. Ne eiv\u00e4t ole kasveja eiv\u00e4tk\u00e4 el\u00e4imi\u00e4, vaan ne ovat aivan <strong>h\u00e4mm\u00e4stytt\u00e4vi\u00e4 organismeja<\/strong>, jotka ovat onnistuneet selviytym\u00e4\u00e4n l\u00e4hes maailman alusta l\u00e4htien. Ne kehittiv\u00e4t erityisen selviytymisstrategian, joka on pit\u00e4nyt ne elossa t\u00e4h\u00e4n p\u00e4iv\u00e4\u00e4n asti. Ihmisetkin voivat hy\u00f6ty\u00e4 n\u00e4ist\u00e4 eduista sy\u00f6m\u00e4ll\u00e4 l\u00e4\u00e4kinn\u00e4llisi\u00e4 sieni\u00e4. Ne tasapainottavat meit\u00e4 fyysisell\u00e4 tasolla ja suojaavat monilta sairauksilta. Ne voivat olla <strong>ennaltaehk\u00e4isevi\u00e4<\/strong>, mutta niill\u00e4 voi olla my\u00f6s <strong>tukeva ja parantava rooli<\/strong> monien (nykyaikaisten) sairauksien tavanomaisten tai vaihtoehtoisten hoitojen rinnalla. Perinteisesti sienill\u00e4 on katsottu olevan vaikutuksia sy\u00f6p\u00e4\u00e4n, autoimmuunisairauksiin ja allergioihin. Ne edist\u00e4v\u00e4t my\u00f6s tervett\u00e4 ja vahvaa immuunivastetta. Viime vuosikymmenin\u00e4 sienet ovat her\u00e4tt\u00e4neet kiinnostusta l\u00e4nsimaissakin ja niist\u00e4 tehdyt l\u00e4\u00e4ketieteelliset tutkimukset ovat vahvistaneet monet niiden terapeuttisista vaikutuksista.<\/span><\/p>\n<p><span style=\"color: #000000\">Koska tietyt luonnolliset aktiiviset ainesosat ovat sulamattomia tai vaikeasti sulavia, on eritt\u00e4in t\u00e4rke\u00e4\u00e4 k\u00e4ytt\u00e4\u00e4 vain parhaita sienijauheita. Sienet on kasvatettava, kuivattava ja valmistettava asianmukaisesti. Ne on jauhettava hienoksi jauheeksi, jossa ei ole kokkareita. Jauheen v\u00e4ri on vaalea, mutta se vaihtelee my\u00f6s k\u00e4ytetyst\u00e4 sienest\u00e4 riippuen. Sienet ovat tehokkaita imem\u00e4\u00e4n ymp\u00e4rist\u00f6st\u00e4\u00e4n kaikkea hyv\u00e4\u00e4 sek\u00e4 pahaa, jonka vuoksi on t\u00e4rke\u00e4\u00e4 k\u00e4ytt\u00e4\u00e4 <strong>luonnonmukaisia sieni\u00e4<\/strong>.<\/span><\/p>\n<h2><span style=\"color: #000000\">Pakkaus<\/span><\/h2>\n<p><span style=\"color: #000000\">L\u00e4p\u00e4isem\u00e4t\u00f6n, suljettava pussi, jossa tuote s\u00e4ilytt\u00e4\u00e4 kaiken tuoreutensa ja arominsa. Pakkaus suojaa valolta ja ilmalta, sill\u00e4 se koostuu useista suojakerroksista, jotka s\u00e4ilytt\u00e4v\u00e4t sis\u00e4ll\u00f6n ominaisuudet.<\/span><\/p>\n<p><span style=\"color: #000000\">Pakkaus on eritt\u00e4in k\u00e4yt\u00e4nn\u00f6llinen ja kierr\u00e4tett\u00e4v\u00e4.<\/span><\/p>\n<h2><span style=\"color: #000000\">S\u00e4ilytys ja varoitukset<\/span><\/h2>\n<p><span style=\"color: #000000\">S\u00e4ilyt\u00e4 viile\u00e4ss\u00e4, kuivassa paikassa. Pid\u00e4 ravintolis\u00e4 poissa lasten ulottuvilta!<\/span><\/p>\n<p><span style=\"color: #000000\">Muista monipuolisen ruokavalion ja terveellisten el\u00e4m\u00e4ntapojen merkitys, sill\u00e4 ravintolis\u00e4 ei korvaa tasapainoista ja monipuolista ruokavaliota. Suositeltua p\u00e4iv\u00e4annosta ei saa ylitt\u00e4\u00e4. Raskaana olevien ja imett\u00e4vien naisten on aina keskusteltava l\u00e4\u00e4k\u00e4rin kanssa ennen k\u00e4ytt\u00f6\u00e4.<\/span><\/p>\n<p><span style=\"color: #000000\">K\u00e4ytt\u00f6\u00e4 ei suositella lapsille eik\u00e4 verenohennusl\u00e4\u00e4kkeit\u00e4 tai immunosuppressiivisia l\u00e4\u00e4kkeit\u00e4 k\u00e4ytt\u00e4ville henkil\u00f6ille.<\/span><\/p>\n<h2><span style=\"color: #000000\">Hyv\u00e4 tiet\u00e4\u00e4<\/span><\/h2>\n<p><span style=\"color: #000000\">Tuote sopii my\u00f6s el\u00e4imille. Useimmissa tapauksissa l\u00e4\u00e4kinn\u00e4lliset sienet osoittautuvat eritt\u00e4in tehokkaiksi immuunij\u00e4rjestelm\u00e4n vahvistamisessa, allergioiden ja ihosairauksien sek\u00e4 virus- ja bakteeri-infektioiden hoidossa. Ota yhteytt\u00e4 el\u00e4inl\u00e4\u00e4k\u00e4riin ennen k\u00e4ytt\u00f6\u00e4, jotta voit m\u00e4\u00e4ritt\u00e4\u00e4 ravintolis\u00e4n sopivuuden ja suositellun p\u00e4ivitt\u00e4isen m\u00e4\u00e4r\u00e4n.<\/span><\/p>\n<h2><span style=\"color: #000000\">Alkuper\u00e4<\/span><\/h2>\n<p><span style=\"color: #000000\">EU<\/span><\/p>\n","protected":false},"excerpt":{"rendered":"<p align=\"JUSTIFY\">Cordyceps-sieni on <strong>tunnettu perinteisess\u00e4 l\u00e4\u00e4ketieteess\u00e4 jo tuhansia vuosia<\/strong> ja sit\u00e4 on k\u00e4ytetty l\u00e4\u00e4kinn\u00e4llisiin tarkoituksiin v\u00e4hint\u00e4\u00e4n yht\u00e4 kauan sen my\u00f6nteisten vaikutusten ansiosta. Sieni kasvaa spontaanisti korkeilla vuoristoalueilla ja sit\u00e4 k\u00e4ytet\u00e4\u00e4n ravintolis\u00e4n\u00e4, joka tunnetaan sen kyvyst\u00e4 elvytt\u00e4\u00e4 kehoa ja vahvistaa immuunij\u00e4rjestelm\u00e4\u00e4.<\/p>\n<p align=\"JUSTIFY\">\ud83d\udc9a Stimuloi immuunij\u00e4rjestelm\u00e4\u00e4.<br \/>\n\ud83d\udc9a Parantaa fyysist\u00e4 kuntoa.<br \/>\n\ud83d\udc9a Lis\u00e4\u00e4 kehon energiaa.<br \/>\n\ud83d\udc9a Sill\u00e4 on stressi\u00e4 v\u00e4hent\u00e4v\u00e4 vaikutus.<br \/>\n\ud83d\udc9a Sill\u00e4 on my\u00f6nteinen vaikutus useisiin terveysongelmiin.<\/p>\n","protected":false},"featured_media":5867,"comment_status":"open","ping_status":"closed","template":"","meta":{"_acf_changed":false},"product_brand":[],"product_cat":[15,225,228,226,224],"product_tag":[],"class_list":{"0":"post-5866","1":"product","2":"type-product","3":"status-publish","4":"has-post-thumbnail","6":"product_cat-uncategorized","7":"product_cat-kaikki-tuotteet","8":"product_cat-laakinnalliset-sienet","9":"product_cat-myydyimmat","10":"product_cat-tarjous","12":"first","13":"instock","14":"sale","15":"taxable","16":"shipping-taxable","17":"purchasable","18":"product-type-simple"},"acf":[],"_links":{"self":[{"href":"https:\/\/fengchashop.com\/fi\/wp-json\/wp\/v2\/product\/5866","targetHints":{"allow":["GET"]}}],"collection":[{"href":"https:\/\/fengchashop.com\/fi\/wp-json\/wp\/v2\/product"}],"about":[{"href":"https:\/\/fengchashop.com\/fi\/wp-json\/wp\/v2\/types\/product"}],"replies":[{"embeddable":true,"href":"https:\/\/fengchashop.com\/fi\/wp-json\/wp\/v2\/comments?post=5866"}],"wp:featuredmedia":[{"embeddable":true,"href":"https:\/\/fengchashop.com\/fi\/wp-json\/wp\/v2\/media\/5867"}],"wp:attachment":[{"href":"https:\/\/fengchashop.com\/fi\/wp-json\/wp\/v2\/media?parent=5866"}],"wp:term":[{"taxonomy":"product_brand","embeddable":true,"href":"https:\/\/fengchashop.com\/fi\/wp-json\/wp\/v2\/product_brand?post=5866"},{"taxonomy":"product_cat","embeddable":true,"href":"https:\/\/fengchashop.com\/fi\/wp-json\/wp\/v2\/product_cat?post=5866"},{"taxonomy":"product_tag","embeddable":true,"href":"https:\/\/fengchashop.com\/fi\/wp-json\/wp\/v2\/product_tag?post=5866"}],"curies":[{"name":"wp","href":"https:\/\/api.w.org\/{rel}","templated":true}]}}