{"id":5817,"date":"2022-01-21T05:20:50","date_gmt":"2022-01-21T04:20:50","guid":{"rendered":"https:\/\/fengchashop.com\/fi\/product\/zeoliitti-klinoptiloliittijauhe-500-g\/"},"modified":"2026-04-29T19:29:51","modified_gmt":"2026-04-29T17:29:51","slug":"zeoliitti-klinoptiloliittijauhe","status":"publish","type":"product","link":"https:\/\/fengchashop.com\/fi\/product\/zeoliitti-klinoptiloliittijauhe\/","title":{"rendered":"Zeoliitti-klinoptiloliittijauhe 500 g"},"content":{"rendered":"<div class=\"wpb-content-wrapper\"><p>[vc_row][vc_column][vc_column_text css=&#8221;&#8221;]<\/p>\n<h2><span style=\"color: #000000\">Zeoliitti-klinoptiloliittijauhe<\/span><\/h2>\n<p><span style=\"color: #000000\">Tulivuoriper\u00e4inen zeoliitti on yksi <strong>maailman tehokkaimmista luonnollisista puhdistusaineista<\/strong>. Luonnonkivi zeoliitti sy\u00f6t\u00e4v\u00e4ksi kelpaavan vulkaanisen mineraalin klinoptiloliitin muodossa <strong>auttaa puhdistamaan<\/strong> elimist\u00f6\u00e4 ymp\u00e4rist\u00f6st\u00e4 ja ravinnosta per\u00e4isin <strong>olevista<\/strong> myrkyist\u00e4.<\/span><\/p>\n<p><span style=\"color: #000000\">Se on muodostunut suurten tulivuorenpurkausten aikana ja sill\u00e4 on <strong>kyky sitoa itseens\u00e4 myrkkyj\u00e4<\/strong>, torjunta-ainej\u00e4\u00e4mi\u00e4 ja raskasmetalleja. Se voi my\u00f6s olla erinomainen vaihtoehto tietyille l\u00e4\u00e4kkeille. Zeoliitteja on useita eri tyyppej\u00e4, joista aktivoitu kiteinen <strong>klinoptiloliitti<\/strong> on <strong>arvostetuin ja tutkituin<\/strong>. Kiteet sis\u00e4lt\u00e4v\u00e4t elint\u00e4rkeit\u00e4 <strong>kivenn\u00e4isaineita<\/strong>: natriumia, kalsiumia, kaliumia, magnesiumia, rautaa ja muita elementtej\u00e4.<\/span><\/p>\n<p><span style=\"color: #000000\">Sill\u00e4 on erityinen ominaisuus, joka johtuu negatiivisesta ioninvaihdosta. Klinoptiloliitti-zeoliittia <strong>k\u00e4ytet\u00e4\u00e4n poistamaan myrkkyj\u00e4 ja haitallisia aineita<\/strong>, jotka varastavat energiamme: lyijy\u00e4, arsenikkia, kadmiumia, nikkeli\u00e4, uraania, elohopeaa, ammoniakkia jne. Mutta my\u00f6s l\u00e4\u00e4kej\u00e4\u00e4mi\u00e4, patogeenisi\u00e4 bakteereja ja viruksia.<\/span><\/p>\n<p><span style=\"color: #000000\">Zeoliitti on <strong>jo aktivoitu<\/strong> erityisell\u00e4 prosessilla. Se kuumennetaan 250\u2013400 celsiusasteeseen. Sen j\u00e4lkeen se jauhetaan useita kertoja kivimyllyill\u00e4 haluttuun rakeisuuteen. Se on rakeisuudeltaan <strong>vain 5 \u00b5m<\/strong>. Se on huomattavasti hienompaa kuin useimmat muut markkinoiden zeoliitit.<\/span><\/p>\n<p><img decoding=\"async\" class=\"aligncenter wp-image-3942 \" src=\"https:\/\/fengchashop.com\/fi\/wp-content\/uploads\/2025\/07\/31-1.jpg\" alt=\"\" width=\"641\" height=\"537\" \/><\/p>\n<h2><span style=\"color: #000000\">Vaikutukset<\/span><\/h2>\n<p><span style=\"color: #000000\">Sill\u00e4 on \u00e4llistytt\u00e4v\u00e4 kyky puhdistaa kehoa ja palauttaa koko elimist\u00f6n tasapaino:<\/span><\/p>\n<p><span style=\"color: #000000\">\ud83d\udc9a Parantamalla <strong>ty\u00f6- ja urheilukyky\u00e4 <\/strong><\/span><\/p>\n<p><span style=\"color: #000000\"> \ud83d\udc9a Vahvistamalla <strong>immuunij\u00e4rjestelm\u00e4\u00e4<\/strong> ja suojaamalla vapailta radikaaleilta<\/span><\/p>\n<p><span style=\"color: #000000\"> \ud83d\udc9a <strong>Lis\u00e4\u00e4m\u00e4ll\u00e4 energiaa<\/strong> ja poistamalla uupumusta<\/span><\/p>\n<p><span style=\"color: #000000\"> \ud83d\udc9a <strong>Nuorentamalla<\/strong>: tekee ihosta kirkkaamman ja kauniimman<\/span><\/p>\n<p><span style=\"color: #000000\"> \ud83d\udc9a Auttaa <strong>korkean verenpaineen<\/strong>, kolesterolin ja verensokerin alentamisessa<\/span><\/p>\n<p><span style=\"color: #000000\"> \ud83d\udc9a Auttaa <strong>maksan, vatsan ja suoliston sairauksiin<\/strong><\/span><\/p>\n<p><span style=\"color: #000000\"> \ud83d\udc9a Auttaa <strong>parantamaan haavoja<\/strong> ja ihosairauksia (herpes)<\/span><\/p>\n<p><span style=\"color: #000000\"> \ud83d\udc9a Auttaa <strong>vaihdevuosioireissa<\/strong><\/span><\/p>\n<p><span style=\"color: #000000\"> \ud83d\udc9a Ehk\u00e4isee <strong>happamuutta<\/strong> ja tasapainottaa happoja ja em\u00e4ksi\u00e4<\/span><\/p>\n<p><span style=\"color: #000000\"> \ud83d\udc9a Lievitt\u00e4\u00e4 <strong>kemoterapian<\/strong> sivuvaikutuksia<\/span><\/p>\n<p><img decoding=\"async\" class=\"aligncenter wp-image-3943 \" src=\"https:\/\/fengchashop.com\/fi\/wp-content\/uploads\/2025\/07\/30-1.jpg\" alt=\"\" width=\"641\" height=\"537\" \/><\/p>\n<p>&nbsp;<\/p>\n<h2><span style=\"color: #000000\">Miksi ostaa zeoliittiamme?<\/span><\/h2>\n<p><span style=\"color: #000000\">Vulkaaninen mineraali zeoliitti on <strong>100-prosenttisesti luonnollista ja eik\u00e4 sis\u00e4ll\u00e4 keinotekoisia lis\u00e4aineita<\/strong>. <\/span><\/p>\n<p><span style=\"color: #000000\">Se on jo <strong>aktivoitu.<\/strong><\/span><\/p>\n<p><span style=\"color: #000000\">Rakeisuus on vain<strong> 5 \u00b5m<\/strong>.<\/span><\/p>\n<p><span style=\"color: #000000\">Tarjoamme <strong>100 %:n tyytyv\u00e4isyystakuun<\/strong>.<\/span><\/p>\n<p><span style=\"color: #000000\">Tarjoamme sen <strong>hyv\u00e4\u00e4n hintaan<\/strong>, erityisesti kilopakkausta kohden.<\/span><\/p>\n<p><span style=\"color: #000000\">Tuotteen <strong>s\u00e4ilyvyysaika on rajoittamaton<\/strong>.<\/span><\/p>\n<p><img decoding=\"async\" class=\"aligncenter wp-image-3944 \" src=\"https:\/\/fengchashop.com\/fi\/wp-content\/uploads\/2025\/07\/27-1.jpg\" alt=\"\" width=\"640\" height=\"536\" \/><\/p>\n<h2><span style=\"color: #000000\">Pakkaus<\/span><\/h2>\n<p><span style=\"color: #000000\">L\u00e4p\u00e4isem\u00e4t\u00f6n, suljettava pussi, jossa tuote s\u00e4ilytt\u00e4\u00e4 kaiken tuoreutensa ja arominsa. Pakkaus suojaa valolta ja ilmalta, sill\u00e4 se koostuu useista suojakerroksista, jotka s\u00e4ilytt\u00e4v\u00e4t sis\u00e4ll\u00f6n ominaisuudet.<\/span><\/p>\n<p><span style=\"color: #000000\">Pakkaus on eritt\u00e4in k\u00e4yt\u00e4nn\u00f6llinen ja kierr\u00e4tett\u00e4v\u00e4<\/span><\/p>\n<h2><span style=\"color: #000000\">S\u00e4ilytys ja varoitukset<\/span><\/h2>\n<p><span style=\"color: #000000\">S\u00e4ilyt\u00e4 viile\u00e4ss\u00e4, kuivassa paikassa.<\/span><\/p>\n<h2><span style=\"color: #000000\">Alkuper\u00e4<\/span><\/h2>\n<p><span style=\"color: #000000\">EU<\/span><\/p>\n<h2><span style=\"color: #000000\">Sertifikaatit<\/span><\/h2>\n<p><span style=\"color: #000000\">Meill\u00e4 on raskasmetalli-, radioaktiivisuus- ja muut tarvittavat kemialliset analyysit. Tuote on turvallinen kaikkien n\u00e4iden kriteerien perusteella.<\/span><\/p>\n<h2><span style=\"color: #000000\">Onko zeoliitti aktivoitu?<\/span><\/h2>\n<p><span style=\"color: #000000\">Kyll\u00e4 vain. Zeoliitti on jo <strong>aktivoitu<\/strong>. T\u00e4m\u00e4 tarkoittaa, ett\u00e4 voit sekoittaa sen veteen ja juoda sen v\u00e4litt\u00f6m\u00e4sti. Zeoliitissamme on l\u00e4pik\u00e4ynyt my\u00f6s erityisen aktivointiprosessin. Tarkalleen ottaen se on kuumennettu 250\u2013400 celsiusasteeseen. Sen j\u00e4lkeen se jauhetaan useita kertoja kivimyllyill\u00e4 haluttuun rakeisuuteen. Se on rakeisuudeltaan <strong>vain 5 \u00b5m<\/strong>. Se on huomattavasti pienempi kuin useimmat muut markkinoiden zeoliitit.<\/span><\/p>\n<h2><span style=\"color: #000000\">Onko zeoliitilla sertifikaatteja?<\/span><\/h2>\n<p><span style=\"color: #000000\">Meill\u00e4 on <strong>raskasmetalli-, radioaktiivisuus- ja muut tarvittavat kemialliset analyysit<\/strong>. Tuote on turvallinen kaikkien n\u00e4iden kriteerien perusteella. Zeoliitille ollaan my\u00f6s hankkimassa CE-sertifiointia. Se saatetaan my\u00f6nt\u00e4\u00e4 jo t\u00e4n\u00e4 vuonna.<\/span><\/p>\n<p><img decoding=\"async\" class=\"alignleft wp-image-3945 \" src=\"https:\/\/fengchashop.com\/fi\/wp-content\/uploads\/2025\/07\/29-1.jpg\" alt=\"\" width=\"530\" height=\"444\" \/> <img decoding=\"async\" class=\"alignright wp-image-3946 \" src=\"https:\/\/fengchashop.com\/fi\/wp-content\/uploads\/2025\/07\/28-1.jpg\" alt=\"\" width=\"530\" height=\"444\" \/>[\/vc_column_text][\/vc_column][\/vc_row]<\/p>\n<\/div>","protected":false},"excerpt":{"rendered":"<p>Tulivuoriper\u00e4inen zeoliitti on yksi <strong>maailman tehokkaimmista luonnollisista puhdistusaineista<\/strong>. Luonnonkivi zeoliitti sy\u00f6t\u00e4v\u00e4ksi kelpaavan vulkaanisen mineraalin klinoptiloliitin muodossa auttaa puhdistamaan elimist\u00f6\u00e4 ymp\u00e4rist\u00f6st\u00e4 ja ravinnosta per\u00e4isin olevista myrkyist\u00e4. Kuluttamalla t\u00e4t\u00e4 arvokasta kive\u00e4 saamme <strong>voimaa jokap\u00e4iv\u00e4iseen el\u00e4m\u00e4\u00e4n, ty\u00f6h\u00f6n ja urheiluun<\/strong>.<\/p>\n<p>\ud83d\udc9a Sill\u00e4 on huomattava kyky puhdistaa kehoa ja palauttaa tasapaino koko elimist\u00f6\u00f6n.<br \/>\n\ud83d\udc9a Lis\u00e4\u00e4 henkil\u00f6kohtaista ty\u00f6- ja urheilukyky\u00e4.<br \/>\n\ud83d\udc9a Se vahvistaa immuunij\u00e4rjestelm\u00e4\u00e4 ja suojaa vapailta radikaaleilta.<br \/>\n\ud83d\udc9a Se parantaa energiaa ja poistaa uupumusta.<br \/>\n\ud83d\udc9a Sill\u00e4 on my\u00f6nteinen vaikutus useisiin terveysongelmiin.<\/p>\n","protected":false},"featured_media":5823,"comment_status":"open","ping_status":"closed","template":"","meta":{"_acf_changed":false},"product_brand":[],"product_cat":[15,225,226,224,227],"product_tag":[],"class_list":{"0":"post-5817","1":"product","2":"type-product","3":"status-publish","4":"has-post-thumbnail","6":"product_cat-uncategorized","7":"product_cat-kaikki-tuotteet","8":"product_cat-myydyimmat","9":"product_cat-tarjous","10":"product_cat-zeoliitti","12":"first","13":"instock","14":"sale","15":"taxable","16":"shipping-taxable","17":"purchasable","18":"product-type-simple"},"acf":[],"_links":{"self":[{"href":"https:\/\/fengchashop.com\/fi\/wp-json\/wp\/v2\/product\/5817","targetHints":{"allow":["GET"]}}],"collection":[{"href":"https:\/\/fengchashop.com\/fi\/wp-json\/wp\/v2\/product"}],"about":[{"href":"https:\/\/fengchashop.com\/fi\/wp-json\/wp\/v2\/types\/product"}],"replies":[{"embeddable":true,"href":"https:\/\/fengchashop.com\/fi\/wp-json\/wp\/v2\/comments?post=5817"}],"wp:featuredmedia":[{"embeddable":true,"href":"https:\/\/fengchashop.com\/fi\/wp-json\/wp\/v2\/media\/5823"}],"wp:attachment":[{"href":"https:\/\/fengchashop.com\/fi\/wp-json\/wp\/v2\/media?parent=5817"}],"wp:term":[{"taxonomy":"product_brand","embeddable":true,"href":"https:\/\/fengchashop.com\/fi\/wp-json\/wp\/v2\/product_brand?post=5817"},{"taxonomy":"product_cat","embeddable":true,"href":"https:\/\/fengchashop.com\/fi\/wp-json\/wp\/v2\/product_cat?post=5817"},{"taxonomy":"product_tag","embeddable":true,"href":"https:\/\/fengchashop.com\/fi\/wp-json\/wp\/v2\/product_tag?post=5817"}],"curies":[{"name":"wp","href":"https:\/\/api.w.org\/{rel}","templated":true}]}}