{"id":3991,"date":"2025-03-11T17:42:37","date_gmt":"2025-03-11T16:42:37","guid":{"rendered":"https:\/\/test-fengcha.dweb.si\/?page_id=3991"},"modified":"2025-10-06T09:49:21","modified_gmt":"2025-10-06T07:49:21","slug":"keita-me-olemme-ja-mita-tavoitteemme-ovat","status":"publish","type":"page","link":"https:\/\/fengchashop.com\/fi\/keita-me-olemme-ja-mita-tavoitteemme-ovat\/","title":{"rendered":"Keit\u00e4 me olemme ja mit\u00e4 tavoitteemme ovat?"},"content":{"rendered":"<div class=\"wpb-content-wrapper\"><p>[vc_row][vc_column][vc_column_text css=&#8221;&#8221;]<\/p>\r\n<p>Aloitimme myym\u00e4ll\u00e4 teet\u00e4. Ja t\u00e4ll\u00e4 tarkoitamme ep\u00e4tavallisia (aitoja) teelaatuja, joita me harrastajat olemme aina kaivanneet Slovenian markkinoiden nykyiseen tarjontaan. Myymme edelleen teet\u00e4 ja tarjoamme vain korkealaatuisia teelaatuja, jotka ovat <strong>t\u00e4ynn\u00e4 aromia, tuoreutta<\/strong> ja <strong>t\u00e4ytel\u00e4ist\u00e4 makua<\/strong>. Vuosien mittaan olemme kuitenkin laajentaneet tuotevalikoimaamme s\u00e4\u00e4nn\u00f6llisesti markkinoiden tarpeiden mukaan. Ensin aromikkailla <strong>mausteilla, kaakaolla<\/strong> ja <strong>kahvilla<\/strong>, sek\u00e4 tietysti <strong>superfoodeiksi <\/strong>kutsutuilla elintarvikkeilla. Asiakkaiden tarpeiden ja mieltymysten muuttuessa pyrimme aina tarjoamaan jotain uutta. Samalla pid\u00e4mme suosittuja tuotteita valikoimassamme. Olemme viime aikoina pyrkineet tarjoamaan mahdollisimman laajan valikoiman tuotteita <strong>elintarvike<\/strong>&#8211; ja <strong>ravintolis\u00e4kategorioissa<\/strong>, joita olemme harkitusti lis\u00e4nneet valikoimaamme.<\/p>\r\n<!-- \/wp:post-content -->\r\n<p>&nbsp;<\/p>\r\n<!-- wp:paragraph -->\r\n<p><strong>Laadukkaiden tuotteiden lis\u00e4ksi l\u00f6yd\u00e4t ideoita ja vinkkej\u00e4 terveellisemp\u00e4\u00e4n el\u00e4m\u00e4\u00e4n.<\/strong><\/p>\r\n<!-- \/wp:paragraph -->\r\n<p>&nbsp;<\/p>\r\n<!-- wp:paragraph -->\r\n<p>Koska olemme myyneet laajaa valikoimaa teet\u00e4 ja elintarvikkeita jo yli 10 vuoden ajan (vuodesta 2010), olemme oppineet tunnistamaan elintarvikkeiden laadun aivan erityisell\u00e4 tavalla, mink\u00e4 vuoksi <strong>l\u00f6yd\u00e4t valikoimastamme vain parhaita makuja<\/strong> ja <strong>tuotteita pitk\u00e4\u00e4n ja terveelliseen el\u00e4m\u00e4\u00e4n<\/strong>. Nykytrendien ja terveellisen ruokavalion t\u00e4rkeyden tiedostamisen vuoksi lis\u00e4\u00e4mme mahdollisuuksien mukaan valikoimaamme vain <strong>luonnonmukaisesti tuotettuja<\/strong> tuotteita.<\/p>\r\n<!-- \/wp:paragraph -->\r\n<p>&nbsp;<\/p>\r\n<!-- wp:heading -->\r\n<h2 class=\"wp-block-heading\">Feng Cha -tiimiin kuuluvat<\/h2>\r\n<!-- \/wp:heading -->\r\n<p>&nbsp;<\/p>\r\n<!-- wp:list -->\r\n<ul>\r\n<li style=\"list-style-type: none;\">\r\n<ul><!-- wp:list-item -->\r\n<li><strong>Layla H\u00f6nn<\/strong>\u00a0\u2013 Johtaja<\/li>\r\n<\/ul>\r\n<\/li>\r\n<\/ul>\r\n<!-- \/wp:list-item -->\r\n<p>&nbsp;<\/p>\r\n<!-- \/wp:list -->\r\n<p>&nbsp;<\/p>\r\n<!-- wp:list -->\r\n<ul>\r\n<li style=\"list-style-type: none;\">\r\n<ul><!-- wp:list-item -->\r\n<li><strong>Miha H\u00f6nn<\/strong>\u00a0\u2013 Perustaja<\/li>\r\n<\/ul>\r\n<\/li>\r\n<\/ul>\r\n<!-- \/wp:list-item -->\r\n<p>&nbsp;<\/p>\r\n<!-- \/wp:list -->\r\n<p>&nbsp;<\/p>\r\n<!-- wp:list -->\r\n<ul>\r\n<li style=\"list-style-type: none;\">\r\n<ul><!-- wp:list-item -->\r\n<li><strong><strong>Selma Seyoun<\/strong> Simon\u010di\u010d <\/strong>&#8211; Digitaalinen markkinointi<\/li>\r\n<\/ul>\r\n<\/li>\r\n<\/ul>\r\n<!-- \/wp:list-item -->\r\n<p>&nbsp;<\/p>\r\n<!-- \/wp:list -->\r\n<p>&nbsp;<\/p>\r\n<!-- wp:paragraph -->\r\n<p>FENG CHA d.o.o.<\/p>\r\n<!-- \/wp:paragraph -->\r\n<p>&nbsp;<\/p>\r\n<!-- wp:paragraph -->\r\n<p>Rej\u010deva ulica 5<\/p>\r\n<!-- \/wp:paragraph -->\r\n<p>&nbsp;<\/p>\r\n<!-- wp:paragraph -->\r\n<p>5000 Nova Gorica<\/p>\r\n<!-- \/wp:paragraph -->\r\n<p>&nbsp;<\/p>\r\n<!-- wp:paragraph -->\r\n<p>Slovenija \u2013 EU<\/p>\r\n<!-- \/wp:paragraph -->\r\n<p>&nbsp;<\/p>\r\n<!-- wp:paragraph -->\r\n<p>VAT: SI77642562<\/p>\r\n<!-- \/wp:paragraph -->\r\n<p>&nbsp;<\/p>\r\n<!-- wp:paragraph -->\r\n<p>Email:\u00a0<a href=\"mailto:info@fengchashop.com\" target=\"_blank\" rel=\"noreferrer noopener\">info@fengchashop.com<\/a><\/p>\r\n<!-- \/wp:paragraph -->\r\n<p>&nbsp;<\/p>\r\n<!-- wp:paragraph -->\r\n<p>Web shops:<\/p>\r\n<!-- \/wp:paragraph -->\r\n<p>&nbsp;<\/p>\r\n<!-- wp:paragraph -->\r\n<p><a href=\"http:\/\/fengchashop.com\/\" target=\"_blank\" rel=\"noreferrer noopener\">fengchashop.com<\/a><\/p>\r\n<!-- \/wp:paragraph -->\r\n<p>&nbsp;<\/p>\r\n<!-- wp:paragraph -->\r\n<p><a href=\"https:\/\/fengchashop.com\/fi\/\">fengchashop.com\/fi\/<\/a><\/p>\r\n<!-- \/wp:paragraph -->\r\n<p>&nbsp;<\/p>\r\n<!-- wp:paragraph \/-->\r\n<p><img decoding=\"async\" class=\"size-medium wp-image-3992\" src=\"https:\/\/fengchashop.com\/fi\/wp-content\/uploads\/2025\/03\/Prodaja-po-Evropi-333x300.jpg\" alt=\"\" width=\"333\" height=\"300\" srcset=\"https:\/\/fengchashop.com\/fi\/wp-content\/uploads\/2025\/03\/Prodaja-po-Evropi-333x300.jpg 333w, https:\/\/fengchashop.com\/fi\/wp-content\/uploads\/2025\/03\/Prodaja-po-Evropi-595x536.jpg 595w, https:\/\/fengchashop.com\/fi\/wp-content\/uploads\/2025\/03\/Prodaja-po-Evropi-150x135.jpg 150w, https:\/\/fengchashop.com\/fi\/wp-content\/uploads\/2025\/03\/Prodaja-po-Evropi-768x691.jpg 768w, https:\/\/fengchashop.com\/fi\/wp-content\/uploads\/2025\/03\/Prodaja-po-Evropi-1536x1382.jpg 1536w, https:\/\/fengchashop.com\/fi\/wp-content\/uploads\/2025\/03\/Prodaja-po-Evropi-2048x1843.jpg 2048w, https:\/\/fengchashop.com\/fi\/wp-content\/uploads\/2025\/03\/Prodaja-po-Evropi-450x405.jpg 450w, https:\/\/fengchashop.com\/fi\/wp-content\/uploads\/2025\/03\/Prodaja-po-Evropi-350x315.jpg 350w\" sizes=\"(max-width: 333px) 100vw, 333px\" \/><\/p>\r\n<p><!-- \/wp:paragraph -->\u00a0<\/p>\r\n<p>[\/vc_column_text][\/vc_column][\/vc_row]<\/p><\/div>","protected":false},"excerpt":{"rendered":"<p>[vc_row][vc_column][vc_column_text css=&#8221;&#8221;] Aloitimme myym\u00e4ll\u00e4 teet\u00e4. Ja t\u00e4ll\u00e4 tarkoitamme ep\u00e4tavallisia (aitoja) teelaatuja, joita me harrastajat olemme aina kaivanneet Slovenian markkinoiden nykyiseen tarjontaan. Myymme edelleen teet\u00e4 ja tarjoamme vain korkealaatuisia teelaatuja, jotka ovat t\u00e4ynn\u00e4 aromia, tuoreutta ja t\u00e4ytel\u00e4ist\u00e4 makua. Vuosien mittaan olemme kuitenkin laajentaneet tuotevalikoimaamme s\u00e4\u00e4nn\u00f6llisesti markkinoiden tarpeiden mukaan. Ensin aromikkailla mausteilla, kaakaolla ja kahvilla, sek\u00e4 tietysti [&hellip;]<\/p>\n","protected":false},"author":2,"featured_media":0,"parent":0,"menu_order":0,"comment_status":"closed","ping_status":"closed","template":"page-visual-composer.php","meta":{"_acf_changed":false,"footnotes":""},"class_list":["post-3991","page","type-page","status-publish","hentry"],"acf":[],"_links":{"self":[{"href":"https:\/\/fengchashop.com\/fi\/wp-json\/wp\/v2\/pages\/3991","targetHints":{"allow":["GET"]}}],"collection":[{"href":"https:\/\/fengchashop.com\/fi\/wp-json\/wp\/v2\/pages"}],"about":[{"href":"https:\/\/fengchashop.com\/fi\/wp-json\/wp\/v2\/types\/page"}],"author":[{"embeddable":true,"href":"https:\/\/fengchashop.com\/fi\/wp-json\/wp\/v2\/users\/2"}],"replies":[{"embeddable":true,"href":"https:\/\/fengchashop.com\/fi\/wp-json\/wp\/v2\/comments?post=3991"}],"version-history":[{"count":6,"href":"https:\/\/fengchashop.com\/fi\/wp-json\/wp\/v2\/pages\/3991\/revisions"}],"predecessor-version":[{"id":6998,"href":"https:\/\/fengchashop.com\/fi\/wp-json\/wp\/v2\/pages\/3991\/revisions\/6998"}],"wp:attachment":[{"href":"https:\/\/fengchashop.com\/fi\/wp-json\/wp\/v2\/media?parent=3991"}],"curies":[{"name":"wp","href":"https:\/\/api.w.org\/{rel}","templated":true}]}}