{"id":3987,"date":"2025-03-11T17:29:15","date_gmt":"2025-03-11T16:29:15","guid":{"rendered":"https:\/\/test-fengcha.dweb.si\/?page_id=3987"},"modified":"2026-02-09T08:51:57","modified_gmt":"2026-02-09T07:51:57","slug":"toimitus-maksut","status":"publish","type":"page","link":"https:\/\/fengchashop.com\/fi\/toimitus-maksut\/","title":{"rendered":"Toimitus &#8211; Maksut"},"content":{"rendered":"<div class=\"wpb-content-wrapper\"><p>[vc_row][vc_column][vc_row_inner][vc_column_inner][vc_column_text css=&#8221;&#8221;]<\/p>\r\n<h2 class=\"wp-block-heading\">Millaiset toimituskulut ovat?<\/h2>\r\n<p><!-- \/wp:post-content -->\u00a0<\/p>\r\n<!-- wp:list -->\r\n<ul class=\"wp-block-list\">\r\n<li style=\"list-style-type: none;\">\r\n<ul class=\"wp-block-list\"><!-- wp:list-item -->\r\n<li>Toimitus GLS-kuriiripalvelun kautta: <strong>enint\u00e4\u00e4n 58,99 \u20ac:n<\/strong> ostoksille <strong>toimitusmaksu on 6,90 \u20ac<\/strong>.<\/li>\r\n<!-- \/wp:list-item -->\r\n\r\n<!-- wp:list-item -->\r\n<li>Toimitus kirjattuna kirjeen\u00e4: <strong>enint\u00e4\u00e4n 58,99 \u20ac:n<\/strong> ostoksille <strong>toimitusmaksu on 6,90 \u20ac<\/strong>.<\/li>\r\n<!-- \/wp:list-item -->\r\n\r\n<!-- wp:list-item -->\r\n<li><strong>Yli 59,00 \u20ac:n<\/strong> ostoksille tarjoamme <strong>ilmaisen toimituksen.*<\/strong><\/li>\r\n<\/ul>\r\n<\/li>\r\n<\/ul>\r\n<!-- \/wp:list-item -->\r\n<p><!-- \/wp:list -->\u00a0<\/p>\r\n<p><!-- wp:paragraph --><strong>Ilmainen toimitus yli 59,00 \u20ac:n ostoksille<\/strong><\/p>\r\n<p><!-- \/wp:paragraph -->\u00a0<\/p>\r\n<!-- wp:heading -->\r\n<h2 class=\"wp-block-heading\">Miten voin maksaa?<\/h2>\r\n<p><!-- \/wp:heading -->\u00a0<\/p>\r\n<!-- wp:heading {\"level\":4} -->\r\n<h4 class=\"wp-block-heading\"><strong>Paypal<\/strong><\/h4>\r\n<p><!-- \/wp:heading -->\u00a0<\/p>\r\n<!-- wp:heading {\"level\":4} -->\r\n<h4 class=\"wp-block-heading\">Luottokortti<\/h4>\r\n<p><!-- \/wp:heading -->\u00a0<\/p>\r\n<!-- wp:heading -->\r\n<h2 class=\"wp-block-heading\">Miten teen ostoksen?<\/h2>\r\n<p><!-- \/wp:heading -->\u00a0<\/p>\r\n<!-- wp:list -->\r\n<ul class=\"wp-block-list\">\r\n<li style=\"list-style-type: none;\">\r\n<ul class=\"wp-block-list\"><!-- wp:list-item -->\r\n<li><strong>Kolme yksinkertaista vaihetta<\/strong>: tuotteiden lis\u00e4\u00e4minen ostoskoriin, ostoksen vahvistaminen ja yksinkertaisten lomakkeiden t\u00e4ytt\u00e4minen.<\/li>\r\n<!-- \/wp:list-item -->\r\n\r\n<!-- wp:list-item -->\r\n<li>S\u00e4hk\u00f6postitse:<strong> info@fengchashop.com<\/strong><\/li>\r\n<\/ul>\r\n<\/li>\r\n<\/ul>\r\n<!-- \/wp:list-item -->\r\n<p><!-- \/wp:list -->\u00a0<\/p>\r\n<!-- wp:heading -->\r\n<h2 class=\"wp-block-heading\">Milloin saan l\u00e4hetykseni?<\/h2>\r\n<p><!-- \/wp:heading -->\u00a0<\/p>\r\n<!-- wp:list -->\r\n<ul class=\"wp-block-list\">\r\n<li style=\"list-style-type: none;\">\r\n<ul class=\"wp-block-list\"><!-- wp:list-item -->\r\n<li>Kaikki ennen klo 10 tehdyt tilaukset l\u00e4hetet\u00e4\u00e4n samana arkip\u00e4iv\u00e4n\u00e4. Paketin odotetaan saapuvan osoitteeseesi muutaman p\u00e4iv\u00e4n kuluessa.<\/li>\r\n<!-- \/wp:list-item -->\r\n\r\n<!-- wp:list-item -->\r\n<li>Jos tilaamaasi tuotetta ei poikkeuksellisesti ole varastossa, ilmoitamme sinulle s\u00e4hk\u00f6postitse, milloin toimitus on odotettavissa.<\/li>\r\n<!-- \/wp:list-item -->\r\n\r\n<!-- wp:list-item -->\r\n<li>Kaikki l\u00e4hetykset toimitetaan luotettavasti GLS:ll\u00e4 tai kirjattuna kirjeen\u00e4.<\/li>\r\n<\/ul>\r\n<\/li>\r\n<\/ul>\r\n<!-- \/wp:list-item -->\r\n<p><!-- \/wp:list -->\u00a0<\/p>\r\n<p><!-- wp:paragraph --><strong>Luotettava ja nopea toimitus GLS-kuriirilla tai kirjattuna kirjeen\u00e4.<\/strong><\/p>\r\n<!-- \/wp:paragraph -->\r\n<p>&nbsp;<\/p>\r\n<p>[\/vc_column_text][\/vc_column_inner][\/vc_row_inner][\/vc_column][\/vc_row]<\/p><\/div>","protected":false},"excerpt":{"rendered":"<p>[vc_row][vc_column][vc_row_inner][vc_column_inner][vc_column_text css=&#8221;&#8221;] Millaiset toimituskulut ovat? \u00a0 Toimitus GLS-kuriiripalvelun kautta: enint\u00e4\u00e4n 58,99 \u20ac:n ostoksille toimitusmaksu on 6,90 \u20ac. Toimitus kirjattuna kirjeen\u00e4: enint\u00e4\u00e4n 58,99 \u20ac:n ostoksille toimitusmaksu on 6,90 \u20ac. Yli 59,00 \u20ac:n ostoksille tarjoamme ilmaisen toimituksen.* \u00a0 Ilmainen toimitus yli 59,00 \u20ac:n ostoksille \u00a0 Miten voin maksaa? \u00a0 Paypal \u00a0 Luottokortti \u00a0 Miten teen ostoksen? \u00a0 [&hellip;]<\/p>\n","protected":false},"author":2,"featured_media":0,"parent":0,"menu_order":0,"comment_status":"closed","ping_status":"closed","template":"","meta":{"_acf_changed":false,"footnotes":""},"class_list":["post-3987","page","type-page","status-publish","hentry"],"acf":[],"_links":{"self":[{"href":"https:\/\/fengchashop.com\/fi\/wp-json\/wp\/v2\/pages\/3987","targetHints":{"allow":["GET"]}}],"collection":[{"href":"https:\/\/fengchashop.com\/fi\/wp-json\/wp\/v2\/pages"}],"about":[{"href":"https:\/\/fengchashop.com\/fi\/wp-json\/wp\/v2\/types\/page"}],"author":[{"embeddable":true,"href":"https:\/\/fengchashop.com\/fi\/wp-json\/wp\/v2\/users\/2"}],"replies":[{"embeddable":true,"href":"https:\/\/fengchashop.com\/fi\/wp-json\/wp\/v2\/comments?post=3987"}],"version-history":[{"count":5,"href":"https:\/\/fengchashop.com\/fi\/wp-json\/wp\/v2\/pages\/3987\/revisions"}],"predecessor-version":[{"id":7159,"href":"https:\/\/fengchashop.com\/fi\/wp-json\/wp\/v2\/pages\/3987\/revisions\/7159"}],"wp:attachment":[{"href":"https:\/\/fengchashop.com\/fi\/wp-json\/wp\/v2\/media?parent=3987"}],"curies":[{"name":"wp","href":"https:\/\/api.w.org\/{rel}","templated":true}]}}