{"id":7207,"date":"2026-04-15T04:52:11","date_gmt":"2026-04-15T02:52:11","guid":{"rendered":"https:\/\/fengchashop.com\/es\/product\/kurkumin-c3-kompleks-v-tekocini-150-ml\/"},"modified":"2026-05-04T18:07:02","modified_gmt":"2026-05-04T16:07:02","slug":"complejo-de-curcumina-c3-en-liquido","status":"publish","type":"product","link":"https:\/\/fengchashop.com\/es\/product\/complejo-de-curcumina-c3-en-liquido\/","title":{"rendered":"Complejo de curcumina C3 en l\u00edquido 150 ml"},"content":{"rendered":"<h2><strong>Complejo de curcumina C3 en l\u00edquido<\/strong><\/h2>\n<p><strong>El Complejo de curcumina C3 en l\u00edquido<\/strong> es un complemento alimenticio moderno, dise\u00f1ado para apoyar al organismo, proteger las c\u00e9lulas y favorecer la vitalidad general. Contiene curcumina de alta calidad en una forma avanzada que permite una buena biodisponibilidad y un funcionamiento eficaz en el organismo.<\/p>\n<p>La curcumina act\u00faa como antioxidante y ayuda a proteger las c\u00e9lulas del estr\u00e9s oxidativo, al tiempo que refuerza el sistema inmunitario y el equilibrio general del organismo. La vitamina C a\u00f1adida contribuye adicionalmente al funcionamiento del sistema inmunitario y mejora la absorci\u00f3n del hierro.<\/p>\n<p>La forma l\u00edquida permite un uso sencillo y una buena absorci\u00f3n, mientras que el agradable sabor a manzana garantiza un consumo diario placentero.<\/p>\n<h2><strong>C\u00f3mo funciona?<\/strong><\/h2>\n<p>La curcumina colabora en la protecci\u00f3n de las c\u00e9lulas frente a los radicales libres y favorece los procesos naturales del organismo. En combinaci\u00f3n con la vitamina C, contribuye a un mayor bienestar, refuerza el sistema inmunitario y protege el organismo.<\/p>\n<h2><strong>Qu\u00e9 contiene?<\/strong><\/h2>\n<p><strong><span class=\"ml-1\"><span style=\"color: #000000\">\ud83d\udc9a <\/span><\/span>Curcumin C3 Complex\u00ae<\/strong><\/p>\n<p><strong><span class=\"ml-1\"><span style=\"color: #000000\">\ud83d\udc9a <\/span><\/span>Vitamina C<\/strong><\/p>\n<ul>\n<li>contribuye al funcionamiento normal del sistema inmunitario<\/li>\n<li>contribuye a la protecci\u00f3n de las c\u00e9lulas frente al estr\u00e9s oxidativo<\/li>\n<li>contribuye a reducir el cansancio y la fatiga<\/li>\n<li>contribuye al metabolismo normal para la obtenci\u00f3n de energ\u00eda<\/li>\n<li>contribuye al funcionamiento normal del sistema nervioso<\/li>\n<li>contribuye al funcionamiento psicol\u00f3gico normal<\/li>\n<li>contribuye al funcionamiento normal del sistema inmunitario durante y despu\u00e9s de un ejercicio f\u00edsico intenso<\/li>\n<li>contribuye a la formaci\u00f3n normal de col\u00e1geno para<\/li>\n<li>contribuye a la regeneraci\u00f3n de la forma reducida de la vitamina E<\/li>\n<li>aumenta la absorci\u00f3n de hierro<\/li>\n<\/ul>\n<p><strong><span class=\"ml-1\"><span style=\"color: #000000\">\ud83d\udc9a <\/span><\/span>Vitamina D3<\/strong><\/p>\n<ul>\n<li>contribuye a la absorci\u00f3n\/utilizaci\u00f3n normal del calcio y el f\u00f3sforo<\/li>\n<li>contribuye a unos niveles normales de calcio en sangre<\/li>\n<li>contribuye al mantenimiento de unos huesos sanos<\/li>\n<li>contribuye al mantenimiento del funcionamiento normal de los m\u00fasculos<\/li>\n<li>contribuye al mantenimiento de unos dientes sanos<\/li>\n<li>contribuye al funcionamiento normal del sistema inmunitario<\/li>\n<li>desempe\u00f1a un papel en la divisi\u00f3n celular<\/li>\n<\/ul>\n<h2><strong>Por qu\u00e9 elegir el complejo de curcumina l\u00edquida C3?<\/strong><\/h2>\n<ul>\n<li>formula avanzada para una buena biodisponibilidad<\/li>\n<li>contribuye al funcionamiento normal del sistema inmunitario<\/li>\n<li>apoyo al sistema inmunitario y a la protecci\u00f3n celular<\/li>\n<li>contiene vitamina C a\u00f1adida<\/li>\n<li>formato l\u00edquido para un uso sencillo<\/li>\n<li>agradable sabor a manzana<\/li>\n<li>apto para veganos<\/li>\n<li>sin gluten, lactosa ni OMG<\/li>\n<\/ul>\n<h2 style=\"text-align: justify\"><span style=\"color: #000000\">Conservaci\u00f3n y advertencias<\/span><\/h2>\n<p>Conservar en un lugar seco y oscuro a una temperatura de hasta 25 \u00b0C. Una vez abierto, conservar en el frigor\u00edfico.<\/p>\n<p>No olvide la importancia de una dieta variada y un estilo de vida saludable. Los complementos alimenticios no sustituyen una dieta equilibrada y variada. No se debe exceder la dosis diaria recomendada. Mant\u00e9ngalo fuera del alcance de los ni\u00f1os.<\/p>\n<h2><span style=\"color: #000000\">Envase<\/span><\/h2>\n<p>El frasco de pl\u00e1stico oscuro de alta calidad est\u00e1 dise\u00f1ado para proteger al m\u00e1ximo las vitaminas y minerales l\u00edquidos. Protege el contenido de la luz, el aire y las influencias externas, y ayuda a mantener la frescura, la estabilidad y la eficacia durante todo el periodo de uso.<\/p>\n<p>El envase es muy pr\u00e1ctico y permite el reciclaje.<\/p>\n<h2>Origen<\/h2>\n<p>UE<\/p>\n","protected":false},"excerpt":{"rendered":"<p><strong>Kurkumin C3 Complex en l\u00edquido<\/strong> es un avanzado complemento alimenticio con una forma de curcumina de alta biodisponibilidad, dise\u00f1ado para favorecer la protecci\u00f3n celular, el sistema inmunitario y el bienestar general.<\/p>\n<p><span class=\"ml-1\"><span style=\"color: #000000\">\ud83d\udc9a <\/span><\/span>alta biodisponibilidad para un funcionamiento eficaz<\/p>\n<p><span class=\"ml-1\"><span style=\"color: #000000\">\ud83d\udc9a <\/span><\/span>contribuye al funcionamiento normal del sistema inmunitario<\/p>\n<p><span class=\"ml-1\"><span style=\"color: #000000\">\ud83d\udc9a <\/span><\/span>contribuye a la protecci\u00f3n de las c\u00e9lulas frente al estr\u00e9s oxidativo<\/p>\n<p><span class=\"ml-1\"><span style=\"color: #000000\">\ud83d\udc9a <\/span><\/span>formato l\u00edquido para un uso sencillo y una buena absorci\u00f3n<\/p>\n<p><span class=\"ml-1\"><span style=\"color: #000000\">\ud83d\udc9a <\/span><\/span>apto para veganos<\/p>\n<p><span class=\"ml-1\"><span style=\"color: #000000\">\ud83d\udc9a <\/span><\/span>sin gluten, lactosa ni OMG<\/p>\n","protected":false},"featured_media":7206,"comment_status":"open","ping_status":"closed","template":"","meta":{"_acf_changed":false},"product_brand":[],"product_cat":[15,203,219,217,216],"product_tag":[],"class_list":{"0":"post-7207","1":"product","2":"type-product","3":"status-publish","4":"has-post-thumbnail","6":"product_cat-uncategorized","7":"product_cat-minerales-y-vitaminas","8":"product_cat-nuevo","9":"product_cat-oferta","10":"product_cat-todos-los-productos","12":"first","13":"instock","14":"sale","15":"taxable","16":"shipping-taxable","17":"purchasable","18":"product-type-simple"},"acf":[],"_links":{"self":[{"href":"https:\/\/fengchashop.com\/es\/wp-json\/wp\/v2\/product\/7207","targetHints":{"allow":["GET"]}}],"collection":[{"href":"https:\/\/fengchashop.com\/es\/wp-json\/wp\/v2\/product"}],"about":[{"href":"https:\/\/fengchashop.com\/es\/wp-json\/wp\/v2\/types\/product"}],"replies":[{"embeddable":true,"href":"https:\/\/fengchashop.com\/es\/wp-json\/wp\/v2\/comments?post=7207"}],"wp:featuredmedia":[{"embeddable":true,"href":"https:\/\/fengchashop.com\/es\/wp-json\/wp\/v2\/media\/7206"}],"wp:attachment":[{"href":"https:\/\/fengchashop.com\/es\/wp-json\/wp\/v2\/media?parent=7207"}],"wp:term":[{"taxonomy":"product_brand","embeddable":true,"href":"https:\/\/fengchashop.com\/es\/wp-json\/wp\/v2\/product_brand?post=7207"},{"taxonomy":"product_cat","embeddable":true,"href":"https:\/\/fengchashop.com\/es\/wp-json\/wp\/v2\/product_cat?post=7207"},{"taxonomy":"product_tag","embeddable":true,"href":"https:\/\/fengchashop.com\/es\/wp-json\/wp\/v2\/product_tag?post=7207"}],"curies":[{"name":"wp","href":"https:\/\/api.w.org\/{rel}","templated":true}]}}