{"id":7205,"date":"2026-04-15T04:37:10","date_gmt":"2026-04-15T02:37:10","guid":{"rendered":"https:\/\/fengchashop.com\/es\/product\/selen-v-tekocini-150-ml\/"},"modified":"2026-04-25T13:29:29","modified_gmt":"2026-04-25T11:29:29","slug":"selenio-en-liquido","status":"publish","type":"product","link":"https:\/\/fengchashop.com\/es\/product\/selenio-en-liquido\/","title":{"rendered":"Selenio en l\u00edquido 150 ml"},"content":{"rendered":"<h2><strong>Selenio en l\u00edquido<\/strong><\/h2>\n<p><strong>El selenio l\u00edquido <\/strong>es un complemento alimenticio moderno destinado a reforzar el sistema inmunitario, la tiroides y la protecci\u00f3n celular. Contiene el oligoelemento esencial selenio, que participa en procesos importantes del organismo, desde el funcionamiento del sistema inmunitario hasta la protecci\u00f3n frente al estr\u00e9s oxidativo.<\/p>\n<p>El selenio contribuye al funcionamiento normal de la gl\u00e1ndula tiroides, al mantenimiento de la salud del cabello y las u\u00f1as, y a la protecci\u00f3n de las c\u00e9lulas frente a los radicales libres.<\/p>\n<p>Su formato l\u00edquido facilita su uso y garantiza una buena absorci\u00f3n, mientras que su agradable sabor a mango hace que sea f\u00e1cil de tomar a diario.<\/p>\n<h2><strong>C\u00f3mo funciona?<\/strong><\/h2>\n<p>El selenio desempe\u00f1a un papel importante en la defensa del organismo frente al estr\u00e9s oxidativo y favorece el funcionamiento normal del sistema inmunitario. Tambi\u00e9n participa en el funcionamiento de la gl\u00e1ndula tiroides, que regula numerosos procesos en el organismo.<\/p>\n<h2><strong>Qu\u00e9 contiene?<\/strong><\/h2>\n<p><strong><span class=\"ml-1\"><span style=\"color: #000000\">\ud83d\udc9a <\/span><\/span>Selenio<\/strong><\/p>\n<ul>\n<li>contribuye a la <strong>espermatog\u00e9nesis normal<\/strong><\/li>\n<li>contribuye al <strong>mantenimiento de un cabello sano<\/strong><\/li>\n<li>contribuye al <strong>mantenimiento de unas u\u00f1as sanas<\/strong><\/li>\n<li>contribuye al <strong>funcionamiento normal del sistema inmunitario<\/strong><\/li>\n<li>contribuye al <strong>funcionamiento normal de la gl\u00e1ndula tiroides<\/strong><\/li>\n<li>contribuye a la <strong>protecci\u00f3n de las c\u00e9lulas frente al estr\u00e9s oxidativo<\/strong><\/li>\n<\/ul>\n<h2><strong>Por qu\u00e9 elegir selenio l\u00edquido?<\/strong><\/h2>\n<ul>\n<li>contribuye al funcionamiento normal del sistema inmunitario y de la gl\u00e1ndula tiroides<\/li>\n<li>contribuye a la protecci\u00f3n de las c\u00e9lulas frente al estr\u00e9s oxidativo<\/li>\n<li>contribuye al mantenimiento de la salud del cabello y las u\u00f1as<\/li>\n<li>formato l\u00edquido para un uso sencillo<\/li>\n<li>agradable sabor a mango<\/li>\n<li>apto para veganos<\/li>\n<li>sin gluten, lactosa ni OMG<\/li>\n<\/ul>\n<h2 style=\"text-align: justify\"><span style=\"color: #000000\">Conservaci\u00f3n y advertencias<\/span><\/h2>\n<p>Conservar en un lugar seco y oscuro a una temperatura de hasta 25 \u00b0C. Una vez abierto, conservar en el frigor\u00edfico.<\/p>\n<p>No olvide la importancia de una dieta variada y un estilo de vida saludable. Los complementos alimenticios no sustituyen una dieta equilibrada y variada. No se debe exceder la dosis diaria recomendada. Mant\u00e9ngalo fuera del alcance de los ni\u00f1os.<\/p>\n<h2><span style=\"color: #000000\">Envase<\/span><\/h2>\n<p>El frasco de pl\u00e1stico oscuro de alta calidad est\u00e1 dise\u00f1ado para proteger al m\u00e1ximo las vitaminas y minerales l\u00edquidos. Protege el contenido de la luz, el aire y las influencias externas, y ayuda a mantener la frescura, la estabilidad y la eficacia durante todo el periodo de uso.<\/p>\n<p>El envase es muy pr\u00e1ctico y permite el reciclaje.<\/p>\n<h2>Origen<\/h2>\n<p>UE<\/p>\n","protected":false},"excerpt":{"rendered":"<p><strong>Selenio l\u00edquido con sabor a mango<\/strong> es un complemento alimenticio con un alto contenido en selenio (182 % del VNR) que favorece el funcionamiento de la gl\u00e1ndula tiroides, el sistema inmunitario y la protecci\u00f3n celular.<\/p>\n<p><span class=\"ml-1\"><span style=\"color: #000000\">\ud83d\udc9a <\/span><\/span>contribuye al funcionamiento normal del sistema inmunitario y de la gl\u00e1ndula tiroides<\/p>\n<p><span class=\"ml-1\"><span style=\"color: #000000\">\ud83d\udc9a <\/span><\/span>protege las c\u00e9lulas contra el estr\u00e9s oxidativo<\/p>\n<p><span class=\"ml-1\"><span style=\"color: #000000\">\ud83d\udc9a <\/span><\/span>contribuye al mantenimiento de la salud del cabello y las u\u00f1as, as\u00ed como a la fertilidad<\/p>\n<p><span class=\"ml-1\"><span style=\"color: #000000\">\ud83d\udc9a <\/span><\/span>formato l\u00edquido para un consumo f\u00e1cil y una buena absorci\u00f3n<\/p>\n<p><span class=\"ml-1\"><span style=\"color: #000000\">\ud83d\udc9a <\/span><\/span>agradable sabor a mango,<\/p>\n<p><span class=\"ml-1\"><span style=\"color: #000000\">\ud83d\udc9a <\/span><\/span>apto para veganos<\/p>\n<p><span class=\"ml-1\"><span style=\"color: #000000\">\ud83d\udc9a <\/span><\/span>sin gluten, lactosa ni OMG<\/p>\n","protected":false},"featured_media":7204,"comment_status":"open","ping_status":"closed","template":"","meta":{"_acf_changed":false},"product_brand":[],"product_cat":[15,203,219,217,216],"product_tag":[],"class_list":{"0":"post-7205","1":"product","2":"type-product","3":"status-publish","4":"has-post-thumbnail","6":"product_cat-uncategorized","7":"product_cat-minerales-y-vitaminas","8":"product_cat-nuevo","9":"product_cat-oferta","10":"product_cat-todos-los-productos","12":"first","13":"instock","14":"sale","15":"taxable","16":"shipping-taxable","17":"purchasable","18":"product-type-simple"},"acf":[],"_links":{"self":[{"href":"https:\/\/fengchashop.com\/es\/wp-json\/wp\/v2\/product\/7205","targetHints":{"allow":["GET"]}}],"collection":[{"href":"https:\/\/fengchashop.com\/es\/wp-json\/wp\/v2\/product"}],"about":[{"href":"https:\/\/fengchashop.com\/es\/wp-json\/wp\/v2\/types\/product"}],"replies":[{"embeddable":true,"href":"https:\/\/fengchashop.com\/es\/wp-json\/wp\/v2\/comments?post=7205"}],"wp:featuredmedia":[{"embeddable":true,"href":"https:\/\/fengchashop.com\/es\/wp-json\/wp\/v2\/media\/7204"}],"wp:attachment":[{"href":"https:\/\/fengchashop.com\/es\/wp-json\/wp\/v2\/media?parent=7205"}],"wp:term":[{"taxonomy":"product_brand","embeddable":true,"href":"https:\/\/fengchashop.com\/es\/wp-json\/wp\/v2\/product_brand?post=7205"},{"taxonomy":"product_cat","embeddable":true,"href":"https:\/\/fengchashop.com\/es\/wp-json\/wp\/v2\/product_cat?post=7205"},{"taxonomy":"product_tag","embeddable":true,"href":"https:\/\/fengchashop.com\/es\/wp-json\/wp\/v2\/product_tag?post=7205"}],"curies":[{"name":"wp","href":"https:\/\/api.w.org\/{rel}","templated":true}]}}